{"id":77,"date":"2015-01-05T11:46:36","date_gmt":"2015-01-05T10:46:36","guid":{"rendered":"http:\/\/blogs.univ-jfc.fr\/projetcroixrouge\/?page_id=77"},"modified":"2015-04-04T09:53:40","modified_gmt":"2015-04-04T08:53:40","slug":"histoire-du-risque","status":"publish","type":"page","link":"https:\/\/blogs.univ-jfc.fr\/projetcroixrouge\/risque-urgence-guerre\/histoire-du-risque\/","title":{"rendered":"Histoire du risque"},"content":{"rendered":"<p><span style=\"font-family: Arial,sans-serif\"><span style=\"font-size: large\">\u00a0\u00a0 <\/span><\/span><\/p>\n<figure id=\"attachment_3772\" aria-describedby=\"caption-attachment-3772\" style=\"width: 240px\" class=\"wp-caption alignright\"><a href=\"http:\/\/blogs.univ-jfc.fr\/projetcroixrouge\/wp-content\/uploads\/sites\/40\/2015\/04\/Montauban-Le-Vieux-Pont-Les-Inondations-de-Mars-1930.jpg\"><img loading=\"lazy\" class=\" wp-image-3772 \" alt=\"Montauban - Le Vieux Pont - Les Inondations de Mars 1930\" src=\"http:\/\/blogs.univ-jfc.fr\/projetcroixrouge\/wp-content\/uploads\/sites\/40\/2015\/04\/Montauban-Le-Vieux-Pont-Les-Inondations-de-Mars-1930-300x202.jpg\" width=\"240\" height=\"162\" srcset=\"https:\/\/blogs.univ-jfc.fr\/projetcroixrouge\/wp-content\/uploads\/sites\/40\/2015\/04\/Montauban-Le-Vieux-Pont-Les-Inondations-de-Mars-1930-300x202.jpg 300w, https:\/\/blogs.univ-jfc.fr\/projetcroixrouge\/wp-content\/uploads\/sites\/40\/2015\/04\/Montauban-Le-Vieux-Pont-Les-Inondations-de-Mars-1930-1024x692.jpg 1024w, https:\/\/blogs.univ-jfc.fr\/projetcroixrouge\/wp-content\/uploads\/sites\/40\/2015\/04\/Montauban-Le-Vieux-Pont-Les-Inondations-de-Mars-1930.jpg 1071w\" sizes=\"(max-width: 240px) 100vw, 240px\" \/><\/a><figcaption id=\"caption-attachment-3772\" class=\"wp-caption-text\">Montauban &#8211; Le Vieux Pont &#8211; Les Inondations de Mars 1930<\/figcaption><\/figure>\n<p><span style=\"color: #000000\">\u00a0 <span style=\"font-family: Comic Sans MS,cursive\"><span style=\"font-size: medium\"><span style=\"font-family: Arial,sans-serif\">Au cours de la seconde moiti\u00e9 du XIXe si\u00e8cle, \u00e0 la veille de la Premi\u00e8re Guerre mondiale, l&rsquo;organisation de la Croix-Rouge sert surtout \u00e0 prot\u00e9ger les bless\u00e9s et les malades. Cependant tout au long du si\u00e8cle, le comit\u00e9 se r\u00e9forme et commence \u00e0 prot\u00e9ger l&rsquo;ensemble des populations civiles contre les guerres, les p\u00e9riodes de famine, les maladies, ainsi que <a href=\"http:\/\/blogs.univ-jfc.fr\/projetcroixrouge\/risque-urgence-guerre\/histoire-du-risque\/les-catastrophes-naturelles\/\">les catastrophes naturelles<\/a><\/span><span style=\"font-family: Arial,sans-serif\"> fr\u00e9quentes au cours du si\u00e8cle.\u00a0<\/span><\/span><\/span><\/span><\/p>\n<p align=\"JUSTIFY\"><span style=\"font-family: Arial,sans-serif\"><span style=\"font-size: medium\"><br \/>\nLa volont\u00e9 de la Croix-Rouge de se lancer dans l&rsquo;aide aux populations civiles a n\u00e9cessit\u00e9 <a href=\"http:\/\/blogs.univ-jfc.fr\/projetcroixrouge\/risque-urgence-guerre\/histoire-du-risque\/2373-2\/\">la mise au point de formations<\/a><\/span><\/span><span style=\"font-family: Arial,sans-serif\"><span style=\"font-size: medium\"> et la pr\u00e9sence de b\u00e9n\u00e9voles. Les b\u00e9n\u00e9voles jouent donc un r\u00f4le crucial dans la r\u00e9ussite de la mise en place des actions men\u00e9es sur le terrain.<\/span><\/span><\/p>\n<figure id=\"attachment_2326\" aria-describedby=\"caption-attachment-2326\" style=\"width: 265px\" class=\"wp-caption aligncenter\"><a href=\"http:\/\/blogs.univ-jfc.fr\/projetcroixrouge\/wp-content\/uploads\/sites\/40\/2015\/03\/Carte-dadh\u00e9rent-de-la-Croix-Rouge-fran\u00e7aise.1951..jpg\"><img loading=\"lazy\" class=\"size-medium wp-image-2326 \" alt=\"Carte d'adh\u00e9rent de la Croix-Rouge fran\u00e7aise.(1951).\" src=\"http:\/\/blogs.univ-jfc.fr\/projetcroixrouge\/wp-content\/uploads\/sites\/40\/2015\/03\/Carte-dadh\u00e9rent-de-la-Croix-Rouge-fran\u00e7aise.1951.-300x300.jpg\" width=\"265\" height=\"265\" srcset=\"https:\/\/blogs.univ-jfc.fr\/projetcroixrouge\/wp-content\/uploads\/sites\/40\/2015\/03\/Carte-dadh\u00e9rent-de-la-Croix-Rouge-fran\u00e7aise.1951.-300x300.jpg 300w, https:\/\/blogs.univ-jfc.fr\/projetcroixrouge\/wp-content\/uploads\/sites\/40\/2015\/03\/Carte-dadh\u00e9rent-de-la-Croix-Rouge-fran\u00e7aise.1951.-150x150.jpg 150w, https:\/\/blogs.univ-jfc.fr\/projetcroixrouge\/wp-content\/uploads\/sites\/40\/2015\/03\/Carte-dadh\u00e9rent-de-la-Croix-Rouge-fran\u00e7aise.1951..jpg 600w\" sizes=\"(max-width: 265px) 100vw, 265px\" \/><\/a><figcaption id=\"caption-attachment-2326\" class=\"wp-caption-text\">Carte d&rsquo;adh\u00e9rent de la Croix-Rouge fran\u00e7aise.(1951).<\/figcaption><\/figure>\n<p align=\"JUSTIFY\">\u00a0R\u00e9dacteurs: Br\u00e9maud El\u00e9a \/ Magre Th\u00e9ophile<\/p>\n<p align=\"JUSTIFY\"><span style=\"font-family: Arial,sans-serif\"><span style=\"font-size: large\">\u00a0<\/span><\/span><\/p>\n","protected":false},"excerpt":{"rendered":"<p>\u00a0\u00a0 \u00a0 Au cours de la seconde moiti\u00e9 du XIXe si\u00e8cle, \u00e0 la veille de la Premi\u00e8re Guerre mondiale, l&rsquo;organisation de la Croix-Rouge sert surtout \u00e0 prot\u00e9ger les bless\u00e9s et les malades. Cependant tout au long du si\u00e8cle, le comit\u00e9 se r\u00e9forme et commence \u00e0 prot\u00e9ger l&rsquo;ensemble des populations civiles contre les guerres, les p\u00e9riodes &hellip; <a href=\"https:\/\/blogs.univ-jfc.fr\/projetcroixrouge\/risque-urgence-guerre\/histoire-du-risque\/\" class=\"more-link\">Continuer la lecture de <span class=\"screen-reader-text\">Histoire du risque<\/span> <span class=\"meta-nav\">&rarr;<\/span><\/a><\/p>\n","protected":false},"author":15,"featured_media":0,"parent":16,"menu_order":2,"comment_status":"closed","ping_status":"open","template":"","meta":[],"_links":{"self":[{"href":"https:\/\/blogs.univ-jfc.fr\/projetcroixrouge\/wp-json\/wp\/v2\/pages\/77"}],"collection":[{"href":"https:\/\/blogs.univ-jfc.fr\/projetcroixrouge\/wp-json\/wp\/v2\/pages"}],"about":[{"href":"https:\/\/blogs.univ-jfc.fr\/projetcroixrouge\/wp-json\/wp\/v2\/types\/page"}],"author":[{"embeddable":true,"href":"https:\/\/blogs.univ-jfc.fr\/projetcroixrouge\/wp-json\/wp\/v2\/users\/15"}],"replies":[{"embeddable":true,"href":"https:\/\/blogs.univ-jfc.fr\/projetcroixrouge\/wp-json\/wp\/v2\/comments?post=77"}],"version-history":[{"count":26,"href":"https:\/\/blogs.univ-jfc.fr\/projetcroixrouge\/wp-json\/wp\/v2\/pages\/77\/revisions"}],"predecessor-version":[{"id":3854,"href":"https:\/\/blogs.univ-jfc.fr\/projetcroixrouge\/wp-json\/wp\/v2\/pages\/77\/revisions\/3854"}],"up":[{"embeddable":true,"href":"https:\/\/blogs.univ-jfc.fr\/projetcroixrouge\/wp-json\/wp\/v2\/pages\/16"}],"wp:attachment":[{"href":"https:\/\/blogs.univ-jfc.fr\/projetcroixrouge\/wp-json\/wp\/v2\/media?parent=77"}],"curies":[{"name":"wp","href":"https:\/\/api.w.org\/{rel}","templated":true}]}}