{"id":785,"date":"2015-03-05T10:23:46","date_gmt":"2015-03-05T09:23:46","guid":{"rendered":"http:\/\/blogs.univ-jfc.fr\/projetcroixrouge\/?page_id=785"},"modified":"2015-04-01T10:53:51","modified_gmt":"2015-04-01T09:53:51","slug":"la-croix-rouge-dans-un-monde-humanitaire-globalise","status":"publish","type":"page","link":"https:\/\/blogs.univ-jfc.fr\/projetcroixrouge\/la-croix-rouge-et-le-monde\/une-pionniere-de-laction-humanitaire\/la-croix-rouge-dans-un-monde-humanitaire-globalise\/","title":{"rendered":"La Croix-Rouge dans un monde humanitaire globalis\u00e9"},"content":{"rendered":"<p align=\"justify\"><span style=\"font-family: Arial,serif\">Les stigmates laiss\u00e9s par la Seconde Guerre mondiale ainsi que la superposition des crises li\u00e9es \u00e0 la Guerre froide, \u00e0 la d\u00e9colonisation, puis l\u2019effondrement de l\u2019URSS seront pour le monde humanitaire le vecteur de profonds bouleversements et de remise en question de ses actions. Le monopole de la Croix-Rouge va \u00eatre contest\u00e9 et <a href=\"http:\/\/www.observatoire-humanitaire.org\/fr\/index.php?page=ong.php\" target=\"_blank\">d\u2019autres organisations<\/a> vont prendre une part importante dans le paysage humanitaire international, en venant en aide aux populations victimes de conflits ou de crises. C\u2019est notamment le cas de M\u00e9decins Sans Fronti\u00e8res, Amnesty International ou encore Handicap International, pour ne citer qu\u2019elles. Outre <a href=\"https:\/\/books.google.fr\/books?id=G6rYAgAAQBAJ&amp;pg=PP1&amp;lpg=PP1&amp;dq=woods+ad%C3%A8le,+%C3%A9tudes+centre+de+d%C3%A9veloppement&amp;source=bl&amp;ots=SXain7_YFC&amp;sig=XnwwYcsGx0HjeftMRYsZqrNOzXc&amp;hl=fr&amp;sa=X&amp;ei=8DTTVMTSEMnzUO_Sg5gE&amp;ved=0CCoQ6AEwAQ#v=onepage&amp;q&amp;f=false\" target=\"_blank\">la multiplication du nombre de ces organisations non gouvernementales sur la sc\u00e8ne internationale<\/a>, leurs actions vont peu \u00e0 peu se diversifier. En effet, l\u2019aide humanitaire ne se porte plus exclusivement sur l\u2019aide d\u2019urgence \u2013 qui, aujourd\u2019hui, repr\u00e9sente 37% des activit\u00e9s des ONG \u2013 mais davantage sur les soins apport\u00e9s aux populations civiles ou encore \u00e0 la protection de l\u2019environnement.<\/span><\/p>\n<p align=\"justify\"><span style=\"font-family: Arial,serif\">Aujourd\u2019hui, la Croix-Rouge est confront\u00e9e \u00e0 une concurrence accrue de nouvelles organisations non gouvernementales, qui agissent presque toutes sur les m\u00eames domaines. Cela n\u2019emp\u00eache n\u00e9anmoins pas une coop\u00e9ration dans le but de mission humanitaire\u00a0: on peut citer par exemple <a href=\"http:\/\/www.croix-rouge.fr\/Actualite\/Lutte-contre-Ebola\/Le-centre-de-traitement-Ebola-de-Macenta-accueille-ses-premiers-patients-1819\" target=\"_blank\">l\u2019ouverture d\u2019un centre de traitement contre Ebola \u00e0 Macenta en novembre 2014<\/a>, construit par M\u00e9decins Sans Fronti\u00e8res, qui a form\u00e9 une partie du personnel, et qui est d\u00e9sormais g\u00e9r\u00e9 par la Croix-Rouge fran\u00e7aise. Mais, pour pouvoir r\u00e9inventer son statut de pionni\u00e8re de l\u2019action humanitaire, la Croix-Rouge fran\u00e7aise tente d\u00e9sormais de se d\u00e9marquer en privil\u00e9giant une intervention sur le plan local. Elle ne se pr\u00e9pare plus \u00e0 la guerre m\u00eame si cette organisation a \u00e9t\u00e9 cr\u00e9\u00e9e \u00e0 l\u2019origine dans ce but. En effet, il faut bien se souvenir qu\u2019elle s\u2019appelait au d\u00e9part Soci\u00e9t\u00e9 de Secours aux bless\u00e9s militaires alors qu&rsquo;aujourd\u2019hui, elle se pr\u00e9sente comme une auxiliaire du service et de la sant\u00e9 des Arm\u00e9es, de la Sant\u00e9, et des Affaires sociales. Elle tente donc d\u00e9sormais d\u2019agir continuellement en temps de paix en mettant en place des actions sociales. A l\u2019\u00e9chelle locale, la Croix-Rouge fran\u00e7aise agit sur trois p\u00f4les principaux\u00a0: l\u2019urgence et le secourisme, l\u2019action sociale, la sant\u00e9 et l\u2019aide \u00e0 l\u2019autonomie. <a href=\"http:\/\/www.cairn.info\/revue-le-journal-de-l-ecole-de-paris-du-management-2011-2-page-27.htm\" target=\"_blank\">Elle accorde plus d\u2019importance \u00e0 ses actions locales<\/a>. Par exemple, en 2011, sur le milliard d\u2019euros dont disposait la Croix-Rouge fran\u00e7aise, 900 millions ont \u00e9taient consacr\u00e9s aux \u00e9tablissements locaux, contre 40 millions pour l\u2019international. A la diff\u00e9rence d\u2019autres ONG, la Croix-Rouge n\u2019est ni th\u00e9matique comme les Restos du C\u0153ur, ni communautaire comme Le Secours Populaire ou l\u2019Arm\u00e9e du Salut. Cependant, elle se doit d\u2019\u00eatre r\u00e9organis\u00e9e en profondeur pour continuer de perdurer, notamment sur le plan international.<\/span><\/p>\n<p align=\"justify\"><span style=\"font-family: Arial,serif\">Le CICR r\u00e9agit en consolidant les domaines construits depuis sa cr\u00e9ation, tout en \u00e9largissant ses actions sur ces champs nouveaux pour demeurer pionni\u00e8re de l\u2019action humanitaire. Sp\u00e9cialiste de l\u2019humanitaire d\u2019urgence, <a href=\"https:\/\/www.icrc.org\/fre\/resources\/maps\/\" target=\"_blank\">ses actions<\/a> se portent sur l\u2019aide et les soins apport\u00e9s aux militaires comme aux civils. Son efficacit\u00e9 est bas\u00e9e sur ses diff\u00e9rentes d\u00e9clinaisons au sein m\u00eame des \u00c9tats en f\u00e9d\u00e9ration de soci\u00e9t\u00e9s nationales. Ainsi, ceci lui conf\u00e8re rapidit\u00e9 et efficacit\u00e9 d\u2019action mais aussi neutralit\u00e9, qui lui permet notamment d\u2019intervenir dans des situations complexes comme par exemple pour la lib\u00e9ration d\u2019otage. Sa notori\u00e9t\u00e9 lui ouvre les portes d\u2019un contact privil\u00e9gi\u00e9 avec les \u00c9tats qui se traduit dans les faits par l\u2019\u00e9laboration du <a title=\"Droit International Humanitaire\" href=\"http:\/\/blogs.univ-jfc.fr\/projetcroixrouge\/lhumanitaire-en-questions\/la-philosophie-le-droit-et-laction-humanitaire\/philosophie-droit-et-action-humanitaire\/\" target=\"_blank\">droit international humanitaire<\/a>. Cependant, elle est aujourd\u2019hui pluridisciplinaire en agissant dans de nombreux domaines et sort du cadre \u00ab\u00a0classique\u00a0\u00bb de ses activit\u00e9s. On peut citer <a href=\"https:\/\/www.icrc.org\/fre\/resources\/documents\/update\/kenya-update-210108.htm\" target=\"_blank\">l\u2019aide aux populations comme au <\/a><\/span><span style=\"color: #000000\"><span style=\"font-family: Arial,serif\"><a href=\"https:\/\/www.icrc.org\/fre\/resources\/documents\/update\/kenya-update-210108.htm\" target=\"_blank\">Kenya en 2008<\/a> o\u00f9 le CICR mit en place des unit\u00e9s de d\u00e9salinisation de l\u2019eau de mer proche de la fronti\u00e8re somalienne en guerre. Le CICR supervise \u00e9galement des programmes d\u2019\u00e9vacuation des ordures, de nettoyage des bidonvilles, de lutte contre la pollution, de reboisement ou de gestion des ressources naturelles.<\/span><\/span><\/p>\n<p style=\"text-align: center\"><a href=\"http:\/\/blogs.univ-jfc.fr\/projetcroixrouge\/wp-content\/uploads\/sites\/40\/2015\/03\/6779843564_934ea67bcb_z.jpg\"><img loading=\"lazy\" class=\"size-medium wp-image-2563 aligncenter\" alt=\"6779843564_934ea67bcb_z\" src=\"http:\/\/blogs.univ-jfc.fr\/projetcroixrouge\/wp-content\/uploads\/sites\/40\/2015\/03\/6779843564_934ea67bcb_z-300x200.jpg\" width=\"300\" height=\"200\" srcset=\"https:\/\/blogs.univ-jfc.fr\/projetcroixrouge\/wp-content\/uploads\/sites\/40\/2015\/03\/6779843564_934ea67bcb_z-300x200.jpg 300w, https:\/\/blogs.univ-jfc.fr\/projetcroixrouge\/wp-content\/uploads\/sites\/40\/2015\/03\/6779843564_934ea67bcb_z.jpg 640w\" sizes=\"(max-width: 300px) 100vw, 300px\" \/><\/a><span style=\"font-family: Arial,sans-serif\"><span style=\"font-size: small\">R\u00e9habilitation de puits d&rsquo;eau par des agents de la Croix-Rouge dans l&rsquo;Ouest ivoirien, d\u00e9cembre 2011<\/span><\/span><\/p>\n<p align=\"justify\"><span style=\"color: #000000\"><span style=\"font-family: Arial,serif\">Le CICR n\u2019a donc pas \u00e9t\u00e9 d\u00e9pass\u00e9 par les mutations de l\u2019humanitaire et a su se r\u00e9inventer pour rester une ONG incontournable.<\/span><\/span><\/p>\n<p align=\"justify\"><a title=\"Bibliographie\" href=\"http:\/\/blogs.univ-jfc.fr\/projetcroixrouge\/bibliographie-2\/\" target=\"_blank\">En savoir plus&#8230;<\/a><\/p>\n","protected":false},"excerpt":{"rendered":"<p>Les stigmates laiss\u00e9s par la Seconde Guerre mondiale ainsi que la superposition des crises li\u00e9es \u00e0 la Guerre froide, \u00e0 la d\u00e9colonisation, puis l\u2019effondrement de l\u2019URSS seront pour le monde humanitaire le vecteur de profonds bouleversements et de remise en question de ses actions. Le monopole de la Croix-Rouge va \u00eatre contest\u00e9 et d\u2019autres organisations &hellip; <a href=\"https:\/\/blogs.univ-jfc.fr\/projetcroixrouge\/la-croix-rouge-et-le-monde\/une-pionniere-de-laction-humanitaire\/la-croix-rouge-dans-un-monde-humanitaire-globalise\/\" class=\"more-link\">Continuer la lecture de <span class=\"screen-reader-text\">La Croix-Rouge dans un monde humanitaire globalis\u00e9<\/span> <span class=\"meta-nav\">&rarr;<\/span><\/a><\/p>\n","protected":false},"author":57,"featured_media":0,"parent":108,"menu_order":2,"comment_status":"closed","ping_status":"open","template":"","meta":[],"_links":{"self":[{"href":"https:\/\/blogs.univ-jfc.fr\/projetcroixrouge\/wp-json\/wp\/v2\/pages\/785"}],"collection":[{"href":"https:\/\/blogs.univ-jfc.fr\/projetcroixrouge\/wp-json\/wp\/v2\/pages"}],"about":[{"href":"https:\/\/blogs.univ-jfc.fr\/projetcroixrouge\/wp-json\/wp\/v2\/types\/page"}],"author":[{"embeddable":true,"href":"https:\/\/blogs.univ-jfc.fr\/projetcroixrouge\/wp-json\/wp\/v2\/users\/57"}],"replies":[{"embeddable":true,"href":"https:\/\/blogs.univ-jfc.fr\/projetcroixrouge\/wp-json\/wp\/v2\/comments?post=785"}],"version-history":[{"count":14,"href":"https:\/\/blogs.univ-jfc.fr\/projetcroixrouge\/wp-json\/wp\/v2\/pages\/785\/revisions"}],"predecessor-version":[{"id":3619,"href":"https:\/\/blogs.univ-jfc.fr\/projetcroixrouge\/wp-json\/wp\/v2\/pages\/785\/revisions\/3619"}],"up":[{"embeddable":true,"href":"https:\/\/blogs.univ-jfc.fr\/projetcroixrouge\/wp-json\/wp\/v2\/pages\/108"}],"wp:attachment":[{"href":"https:\/\/blogs.univ-jfc.fr\/projetcroixrouge\/wp-json\/wp\/v2\/media?parent=785"}],"curies":[{"name":"wp","href":"https:\/\/api.w.org\/{rel}","templated":true}]}}