{"id":792,"date":"2015-03-05T09:33:26","date_gmt":"2015-03-05T08:33:26","guid":{"rendered":"http:\/\/blogs.univ-jfc.fr\/projetcroixrouge\/?page_id=792"},"modified":"2015-03-05T09:33:26","modified_gmt":"2015-03-05T08:33:26","slug":"tableau-chronologique","status":"publish","type":"page","link":"https:\/\/blogs.univ-jfc.fr\/projetcroixrouge\/formations-et-professions\/former-des-benevoles\/ressourcescomplementaires\/tableau-chronologique\/","title":{"rendered":"Tableau chronologique"},"content":{"rendered":"<p>Il se peut que nous n&rsquo;ayons pas trouv\u00e9 de date pr\u00e9cise pour certaines formations bien que nous les ayons situ\u00e9 dans le temps, elles seront marqu\u00e9es d&rsquo;un \u00ab\u00a0?\u00a0\u00bb.<\/p>\n<table width=\"100%\" border=\"1\" cellspacing=\"0\" cellpadding=\"4\">\n<col width=\"76*\" \/>\n<col width=\"76*\" \/>\n<col width=\"23*\" \/>\n<col width=\"81*\" \/>\n<tbody>\n<tr valign=\"top\">\n<td width=\"30%\">\n<p align=\"center\"><b>Type de formation<\/b><\/p>\n<\/td>\n<td width=\"30%\">\n<p align=\"center\"><b>Intitul\u00e9 de la formation<\/b><\/p>\n<\/td>\n<td width=\"9%\">\n<p align=\"center\"><b>Date<\/b><\/p>\n<\/td>\n<td width=\"32%\">\n<p align=\"center\"><b>Descriptif de la formation<\/b><\/p>\n<\/td>\n<\/tr>\n<tr valign=\"top\">\n<td width=\"30%\">Formation de base.<\/td>\n<td width=\"30%\">Autrefois : Brancardier<\/td>\n<td width=\"9%\">1864<\/td>\n<td width=\"32%\">Consiste \u00e0 transporter le bless\u00e9, l&rsquo;accompagner et assure son transport.<\/td>\n<\/tr>\n<tr valign=\"top\">\n<td width=\"30%\">Formation sp\u00e9cifique.<\/td>\n<td width=\"30%\">Formation de secours en montagne.<\/td>\n<td width=\"9%\">1897<\/td>\n<td width=\"32%\">Savoir secourir une personne dans la montagne , ce qui n\u00e9cessite des connaissances et techniques particuli\u00e8re. Et permet d&rsquo;encadrer des sorties en montagne.<\/td>\n<\/tr>\n<tr valign=\"top\">\n<td width=\"30%\">Formation particuli\u00e8re.<\/td>\n<td width=\"30%\">Licence d&rsquo;op\u00e9rateur radio.<\/td>\n<td width=\"9%\">?<\/td>\n<td width=\"32%\">Peut installer un poste radio-t\u00e9l\u00e9ph\u00e9rique et g\u00e9rer les radios-communications.<\/td>\n<\/tr>\n<tr valign=\"top\">\n<td width=\"30%\">Formation particuli\u00e8re.<\/td>\n<td width=\"30%\">Chef d&rsquo;intervention<\/td>\n<td width=\"9%\">\u00a0 ?<\/td>\n<td width=\"32%\">Prendre la responsabilit\u00e9 d&rsquo;un poste de secours, savoir g\u00e9rer une \u00e9quipe. \u00catre en contact avec les autorit\u00e9s.<\/td>\n<\/tr>\n<tr valign=\"top\">\n<td width=\"30%\">Formation p\u00e9dagogique.<\/td>\n<td width=\"30%\">Brevets sp\u00e9cifique de la Croix-Rouge pour devenir formateur.<\/td>\n<td width=\"9%\">&nbsp;<\/p>\n<p>?<\/td>\n<td width=\"32%\">Diff\u00e9rents brevets existent pour former une personne qui pourra former d&rsquo;autres personnes selon sa sp\u00e9cificit\u00e9.<\/td>\n<\/tr>\n<tr valign=\"top\">\n<td width=\"30%\">Formation p\u00e9dagogique.<\/td>\n<td width=\"30%\">Brevet national d&rsquo;instructeur de secourisme.<\/td>\n<td width=\"9%\">\u00a0 ?<\/td>\n<td width=\"32%\">Il est charg\u00e9 de former les moniteurs de secourisme<\/td>\n<\/tr>\n<tr valign=\"top\">\n<td width=\"30%\">Formation p\u00e9dagogique.<\/td>\n<td width=\"30%\">Brevet national de moniteur de premier secours<\/td>\n<td width=\"9%\">?<\/td>\n<td width=\"32%\">Il est charg\u00e9 de former les personnes voulant obtenir le B.N.S.<\/td>\n<\/tr>\n<tr valign=\"top\">\n<td width=\"30%\">Formation de base.<\/td>\n<td width=\"30%\">Infirmi\u00e8re<\/td>\n<td width=\"9%\">Avant la Premi\u00e8re Guerre Mondiale<\/td>\n<td width=\"32%\">L\u2019infirmi\u00e8re est alors l&rsquo;aide-soignante de nos jours. Elle n&rsquo;assiste pas le m\u00e9decin mais le malade.<\/td>\n<\/tr>\n<tr valign=\"top\">\n<td width=\"30%\">Formation sp\u00e9cifique.<\/td>\n<td width=\"30%\">Pr\u00e9vention et secours du sport<\/td>\n<td width=\"9%\">\u00a0 ?<\/td>\n<td width=\"32%\">Permet d&rsquo;assurer sa s\u00e9curit\u00e9 et celle des autres lors de toutes activit\u00e9s sportive.<\/td>\n<\/tr>\n<tr valign=\"top\">\n<td width=\"30%\">Formation de base.<\/td>\n<td width=\"30%\">Attestation de formation aux premiers secours.<\/td>\n<td width=\"9%\">1947<\/td>\n<td width=\"32%\">Savoir s\u00e9curiser, pr\u00e9venir et agir et savoir intervenir et prot\u00e9ger le bless\u00e9 an cas d&rsquo;urgence.<\/td>\n<\/tr>\n<tr valign=\"top\">\n<td width=\"30%\">Formation sp\u00e9cifique.<\/td>\n<td width=\"30%\">Brevet national de s\u00e9curit\u00e9 et de sauvetage sportif.<\/td>\n<td width=\"9%\">?<\/td>\n<td width=\"32%\">Permet de surveiller tous espaces de baignade et de pouvoir sauver une personne de l&rsquo;eau.<\/td>\n<\/tr>\n<tr valign=\"top\">\n<td width=\"30%\">Formation sp\u00e9cifique.<\/td>\n<td width=\"30%\">Secours en milieu rural, besoin du B.N.S.<\/td>\n<td width=\"9%\">?<\/td>\n<td width=\"32%\">Savoir secourir une personne, g\u00e9rer un accident en milieu rural.<\/td>\n<\/tr>\n<tr valign=\"top\">\n<td width=\"30%\">Formation particuli\u00e8re.<\/td>\n<td width=\"30%\">Certificat de formation aux activit\u00e9s des premiers secours routiers.<\/td>\n<td width=\"9%\">&nbsp;<\/p>\n<p>?<\/td>\n<td width=\"32%\">Savoir identifier les mati\u00e8res dangereuses autour de l&rsquo;accident, baliser l&rsquo;accident prot\u00e9ger la victime, alerter puis la secourir.<\/td>\n<\/tr>\n<tr valign=\"top\">\n<td width=\"30%\">Formation sp\u00e9cifique.<\/td>\n<td width=\"30%\">Sauveteur-secouriste du travail.<\/td>\n<td width=\"9%\">1962<\/td>\n<td width=\"32%\">Salari\u00e9 d&rsquo;une entreprise, son r\u00f4le est de porter secours aux salari\u00e9s en danger, \u00e9vanouit, en \u00e9tat d&rsquo;urgence etc.<\/td>\n<\/tr>\n<tr valign=\"top\">\n<td width=\"30%\">Formation de base.<\/td>\n<td width=\"30%\">Ranimation ou Certificat formation aptitude pratique des secours en \u00e9quipe.<\/td>\n<td width=\"9%\">1978 puis 1991<\/td>\n<td width=\"32%\">La formation de ranimation a \u00e9t\u00e9 remplac\u00e9 par le CFAPSE en 1991. Savoir travailler en \u00e9quipe dans les situations d&rsquo;urgence et participer activement dans les postes de secours.<\/td>\n<\/tr>\n<tr valign=\"top\">\n<td width=\"30%\">Formation tr\u00e8s sp\u00e9cifique.<\/td>\n<td width=\"30%\">Secours en situation d&rsquo;exception.<\/td>\n<td width=\"9%\">?<\/td>\n<td width=\"32%\">Il faut pourvoir s&rsquo;occuper des sinistr\u00e9s, aider les pouvoirs publics et soutenir la population. Cette formation prend en charge diff\u00e9rents domaines comme le secours m\u00e9dical et psychologique, l&rsquo;aide mat\u00e9rielle, la reconstruction de certains b\u00e2timents etc.<\/td>\n<\/tr>\n<tr valign=\"top\">\n<td width=\"30%\">Formation particuli\u00e8re.<\/td>\n<td width=\"30%\">Premiers secours psychosociologique<\/td>\n<td width=\"9%\">1997<\/td>\n<td width=\"32%\">Savoir rassurer, calmer, g\u00e9rer la victime ou la population dans des situations d&rsquo;urgence.<\/p>\n<p>&nbsp;<\/td>\n<\/tr>\n<\/tbody>\n<\/table>\n","protected":false},"excerpt":{"rendered":"<p>Il se peut que nous n&rsquo;ayons pas trouv\u00e9 de date pr\u00e9cise pour certaines formations bien que nous les ayons situ\u00e9 dans le temps, elles seront marqu\u00e9es d&rsquo;un \u00ab\u00a0?\u00a0\u00bb. Type de formation Intitul\u00e9 de la formation Date Descriptif de la formation Formation de base. Autrefois : Brancardier 1864 Consiste \u00e0 transporter le bless\u00e9, l&rsquo;accompagner et assure &hellip; <a href=\"https:\/\/blogs.univ-jfc.fr\/projetcroixrouge\/formations-et-professions\/former-des-benevoles\/ressourcescomplementaires\/tableau-chronologique\/\" class=\"more-link\">Continuer la lecture de <span class=\"screen-reader-text\">Tableau chronologique<\/span> <span class=\"meta-nav\">&rarr;<\/span><\/a><\/p>\n","protected":false},"author":140,"featured_media":0,"parent":671,"menu_order":0,"comment_status":"closed","ping_status":"open","template":"","meta":[],"_links":{"self":[{"href":"https:\/\/blogs.univ-jfc.fr\/projetcroixrouge\/wp-json\/wp\/v2\/pages\/792"}],"collection":[{"href":"https:\/\/blogs.univ-jfc.fr\/projetcroixrouge\/wp-json\/wp\/v2\/pages"}],"about":[{"href":"https:\/\/blogs.univ-jfc.fr\/projetcroixrouge\/wp-json\/wp\/v2\/types\/page"}],"author":[{"embeddable":true,"href":"https:\/\/blogs.univ-jfc.fr\/projetcroixrouge\/wp-json\/wp\/v2\/users\/140"}],"replies":[{"embeddable":true,"href":"https:\/\/blogs.univ-jfc.fr\/projetcroixrouge\/wp-json\/wp\/v2\/comments?post=792"}],"version-history":[{"count":1,"href":"https:\/\/blogs.univ-jfc.fr\/projetcroixrouge\/wp-json\/wp\/v2\/pages\/792\/revisions"}],"predecessor-version":[{"id":795,"href":"https:\/\/blogs.univ-jfc.fr\/projetcroixrouge\/wp-json\/wp\/v2\/pages\/792\/revisions\/795"}],"up":[{"embeddable":true,"href":"https:\/\/blogs.univ-jfc.fr\/projetcroixrouge\/wp-json\/wp\/v2\/pages\/671"}],"wp:attachment":[{"href":"https:\/\/blogs.univ-jfc.fr\/projetcroixrouge\/wp-json\/wp\/v2\/media?parent=792"}],"curies":[{"name":"wp","href":"https:\/\/api.w.org\/{rel}","templated":true}]}}