{"id":800,"date":"2015-03-05T09:39:00","date_gmt":"2015-03-05T08:39:00","guid":{"rendered":"http:\/\/blogs.univ-jfc.fr\/projetcroixrouge\/?page_id=800"},"modified":"2015-04-04T08:36:29","modified_gmt":"2015-04-04T07:36:29","slug":"les-porteurs-de-valeurs-ancrees-2","status":"publish","type":"page","link":"https:\/\/blogs.univ-jfc.fr\/projetcroixrouge\/la-croix-rouge-tarnaise-des-hommes-et-des-femmes\/figures-tarn\/les-porteurs-de-valeurs-ancrees-2\/","title":{"rendered":"Les porteurs de valeurs ancr\u00e9es"},"content":{"rendered":"<h1><span style=\"font-family: Arial, sans-serif;font-size: medium;line-height: 1.5\">La solidarit\u00e9 et l&rsquo;engagement\u00a0<\/span><\/h1>\n<p align=\"JUSTIFY\"><span style=\"font-family: Arial, sans-serif\"><span style=\"font-size: medium\">Des valeurs et des principes sont souvent indispensables d\u00e8s lors qu&rsquo;on s&rsquo;engage au sein d&rsquo;une association. Ainsi, face aux plus d\u00e9munis, face aux in\u00e9galit\u00e9s \u00e9conomiques et sociales creusant un foss\u00e9 de plus en plus large entre les individus, l&rsquo;engagement dans une association devient une forme de combat contre tout cela. Toutefois, les valeurs ne s&rsquo;arr\u00eatent pas qu&rsquo;\u00e0 un individu mais peuvent aussi s&rsquo;inclure dans l&rsquo;association, notamment lorsqu&rsquo;il s&rsquo;agit de la faire fonctionner et \u00e9voluer. Elles s&rsquo;illustrent tout d&rsquo;abord au sein de l&rsquo;association, mises en \u0153uvre par les responsables charg\u00e9s d&rsquo;assurer la bonne marche et le d\u00e9veloppement des secteurs desquels ils sont charg\u00e9s.\u00a0<\/span><\/span><\/p>\n<p align=\"JUSTIFY\"><span style=\"font-family: Arial, sans-serif\"><span style=\"font-size: medium\">Les liens inter-associations sont aussi essentiels pour la Croix-Rouge, \u00e0 la fois pour s&rsquo;imposer en tant qu&rsquo;association, mais \u00e9galement pour mieux travailler en collaboration avec les autres associations\u00a0: ainsi, en 1996, lors d&rsquo;une <a href=\"https:\/\/www.dropbox.com\/sh\/72asefq9mmc0hja\/AAA1PK199bgxHbEdSCbwsvtDa\/Fonds%20Carensac\/CR%20tarnaise%20dans%20la%20presse\/1990-2004\/s%C3%A9rie%201\/DSC02226.JPG?dl=0\" target=\"_blank\">Assembl\u00e9e g\u00e9n\u00e9rale<\/a>, Jean Carensac, s&rsquo;est attard\u00e9 sur les solidarit\u00e9s entre associations et leur projets communs qui mettent en route une \u00ab\u00a0longue cha\u00eene d&rsquo;amiti\u00e9, de solidarit\u00e9 et de tol\u00e9rance\u00a0\u00bb. A cette m\u00eame assembl\u00e9e, des membres des Pouvoirs publics \u00e9taient pr\u00e9sents, ce qui t\u00e9moigne d&rsquo;une v\u00e9ritable confiance envers l&rsquo;association.<\/span><\/span><\/p>\n<p align=\"JUSTIFY\"><span style=\"font-family: Arial, sans-serif\"><span style=\"font-size: medium\">A l&rsquo;ext\u00e9rieur de l&rsquo;association, il s&rsquo;agit de faire circuler ces valeurs et de faire conna\u00eetre l&rsquo;association\u00a0: ainsi, la collecte nationale pour la Banque Alimentaire est un des vecteurs. Cet exemple n&rsquo;est qu&rsquo;un cas isol\u00e9 parmi tant d&rsquo;autres mais ce genre d&rsquo;action est particuli\u00e8rement int\u00e9ressant\u00a0: en effet, gr\u00e2ce au contact avec les gens, des points de vue sur l&rsquo;association sont visibles. Positifs ou n\u00e9gatifs, ils sont les repr\u00e9sentations du v\u00e9cu de chacun mais sont aussi une pr\u00e9cieuse source d&rsquo;informations sur la mani\u00e8re dont l&rsquo;association a agi ces derni\u00e8res d\u00e9cennies et sur l&rsquo;impact que ses actions ont eu sur le grand public.<\/span><\/span><\/p>\n<p align=\"JUSTIFY\"><span style=\"font-family: Arial, sans-serif\"><span style=\"font-size: medium\">Enfin, les valeurs de chacun sont les moteurs de l&rsquo;engagement\u00a0: elles repr\u00e9sentent d\u00e8s le d\u00e9part les bases de l&rsquo;engagement. Elles sont les moteurs de l&rsquo;implication au sein d&rsquo;une association et permettent l&rsquo;engagement \u00e0 long terme et la formation de carri\u00e8re \u00e0 la Croix-Rouge\u00a0: c&rsquo;est le cas de <a title=\"Les figures\" href=\"http:\/\/blogs.univ-jfc.fr\/projetcroixrouge\/la-croix-rouge-tarnaise-des-hommes-et-des-femmes\/figures-tarn\/les-figures\/\" target=\"_blank\">M\u00e9lanie Ramade<\/a>, figure de cet engagement.<\/span><\/span><\/p>\n<p align=\"JUSTIFY\"><strong>Des formateurs comme relais des gestes de secourisme<\/strong><\/p>\n<p align=\"JUSTIFY\"><span style=\"font-family: Arial, sans-serif\"><span style=\"font-size: medium\">Le secourisme repr\u00e9sente une activit\u00e9 essentielle \u00e0 la Croix-Rouge\u00a0: il faut tout d&rsquo;abord former les futurs moniteurs secouristes aptes \u00e0 transmettre les premiers gestes de secours au plus grand nombre. Ainsi, un des vecteurs de ces comp\u00e9tences fut l&rsquo;<a href=\"https:\/\/www.dropbox.com\/sh\/72asefq9mmc0hja\/AAB5IEEgjx3Y8fxZZd8nYCdKa\/Fonds%20Carensac\/CR%20tarnaise%20dans%20la%20presse\/1979-1992\/s%C3%A9rie%201\/DSC02141.JPG?dl=0\" target=\"_blank\">Ecole Saint-Jean<\/a> \u00e0 Albi sous la direction de <a href=\"http:\/\/blogs.univ-jfc.fr\/projetcroixrouge\/la-croix-rouge-tarnaise-des-hommes-et-des-femmes\/figures-tarn\/les-figures\/\">Jacques Caminade<\/a>.\u00a0Il s&rsquo;agissait, gr\u00e2ce \u00e0 deux professionnels, de r\u00e9aliser un stage de huit jours afin d&rsquo;\u00eatre form\u00e9 aux gestes \u00e9l\u00e9mentaires de secours.<\/span><\/span><\/p>\n<figure id=\"attachment_1127\" aria-describedby=\"caption-attachment-1127\" style=\"width: 180px\" class=\"wp-caption alignright\"><a href=\"http:\/\/blogs.univ-jfc.fr\/projetcroixrouge\/wp-content\/uploads\/sites\/40\/2015\/03\/Image-pour-le-II.jpg\"><img loading=\"lazy\" class=\" wp-image-1127 \" alt=\"\" src=\"http:\/\/blogs.univ-jfc.fr\/projetcroixrouge\/wp-content\/uploads\/sites\/40\/2015\/03\/Image-pour-le-II-225x300.jpg\" width=\"180\" height=\"240\" srcset=\"https:\/\/blogs.univ-jfc.fr\/projetcroixrouge\/wp-content\/uploads\/sites\/40\/2015\/03\/Image-pour-le-II-225x300.jpg 225w, https:\/\/blogs.univ-jfc.fr\/projetcroixrouge\/wp-content\/uploads\/sites\/40\/2015\/03\/Image-pour-le-II.jpg 400w\" sizes=\"(max-width: 180px) 100vw, 180px\" \/><\/a><figcaption id=\"caption-attachment-1127\" class=\"wp-caption-text\">Affiche Croix-Rouge : \u00ab\u00a04 gestes pour 1 vie\u00a0\u00bb (1966)<\/figcaption><\/figure>\n<p align=\"JUSTIFY\"><span style=\"font-family: Arial, sans-serif\"><span style=\"font-size: medium\">Les formations concernent diff\u00e9rents domaines (social, routier, secourisme&#8230;) ce qui t\u00e9moigne de l&rsquo;implication des moniteurs comp\u00e9tents et impliqu\u00e9s, capables de former le plus grand nombre dans divers secteurs. En ce qui concerne la formation en accueil\/\u00e9coute, les formateurs mettent en \u00e9vidence les difficult\u00e9s qui s&rsquo;imposent et la mani\u00e8re d&rsquo;y faire face. On peut \u00eatre confront\u00e9 \u00e0 des personnes d\u00e9sesp\u00e9r\u00e9es, qui viennent se confier et trouver du r\u00e9confort. Pour cela, le volontaire doit rester neutre et essayer d&rsquo;aider la personne sans sortir d&rsquo;un cadre sp\u00e9cifique, en suivant des moyens qui lui sont donn\u00e9s et en se prot\u00e9geant lui-m\u00eame d&rsquo;une douleur psychologique, qui, accumul\u00e9e, pourrait faire perdre de la qualit\u00e9 \u00e0 l&rsquo;objectif vis\u00e9. Les formateurs ont donc un r\u00f4le majeur, \u00e0 la fois dans la transmission des gestes et des fa\u00e7ons d&rsquo;agir que dans l&rsquo;information aux candidats des probl\u00e8mes auxquels ils peuvent \u00eatre confront\u00e9s. <\/span><\/span><\/p>\n<p align=\"JUSTIFY\"><a title=\"Bibliographie\" href=\"http:\/\/blogs.univ-jfc.fr\/projetcroixrouge\/bibliographie-2\/\">Pour en savoir plus&#8230;<\/a><\/p>\n","protected":false},"excerpt":{"rendered":"<p>La solidarit\u00e9 et l&rsquo;engagement\u00a0 Des valeurs et des principes sont souvent indispensables d\u00e8s lors qu&rsquo;on s&rsquo;engage au sein d&rsquo;une association. Ainsi, face aux plus d\u00e9munis, face aux in\u00e9galit\u00e9s \u00e9conomiques et sociales creusant un foss\u00e9 de plus en plus large entre les individus, l&rsquo;engagement dans une association devient une forme de combat contre tout cela. Toutefois, &hellip; <a href=\"https:\/\/blogs.univ-jfc.fr\/projetcroixrouge\/la-croix-rouge-tarnaise-des-hommes-et-des-femmes\/figures-tarn\/les-porteurs-de-valeurs-ancrees-2\/\" class=\"more-link\">Continuer la lecture de <span class=\"screen-reader-text\">Les porteurs de valeurs ancr\u00e9es<\/span> <span class=\"meta-nav\">&rarr;<\/span><\/a><\/p>\n","protected":false},"author":128,"featured_media":0,"parent":66,"menu_order":0,"comment_status":"closed","ping_status":"open","template":"","meta":[],"_links":{"self":[{"href":"https:\/\/blogs.univ-jfc.fr\/projetcroixrouge\/wp-json\/wp\/v2\/pages\/800"}],"collection":[{"href":"https:\/\/blogs.univ-jfc.fr\/projetcroixrouge\/wp-json\/wp\/v2\/pages"}],"about":[{"href":"https:\/\/blogs.univ-jfc.fr\/projetcroixrouge\/wp-json\/wp\/v2\/types\/page"}],"author":[{"embeddable":true,"href":"https:\/\/blogs.univ-jfc.fr\/projetcroixrouge\/wp-json\/wp\/v2\/users\/128"}],"replies":[{"embeddable":true,"href":"https:\/\/blogs.univ-jfc.fr\/projetcroixrouge\/wp-json\/wp\/v2\/comments?post=800"}],"version-history":[{"count":15,"href":"https:\/\/blogs.univ-jfc.fr\/projetcroixrouge\/wp-json\/wp\/v2\/pages\/800\/revisions"}],"predecessor-version":[{"id":3827,"href":"https:\/\/blogs.univ-jfc.fr\/projetcroixrouge\/wp-json\/wp\/v2\/pages\/800\/revisions\/3827"}],"up":[{"embeddable":true,"href":"https:\/\/blogs.univ-jfc.fr\/projetcroixrouge\/wp-json\/wp\/v2\/pages\/66"}],"wp:attachment":[{"href":"https:\/\/blogs.univ-jfc.fr\/projetcroixrouge\/wp-json\/wp\/v2\/media?parent=800"}],"curies":[{"name":"wp","href":"https:\/\/api.w.org\/{rel}","templated":true}]}}