{"id":804,"date":"2015-03-05T09:35:51","date_gmt":"2015-03-05T08:35:51","guid":{"rendered":"http:\/\/blogs.univ-jfc.fr\/projetcroixrouge\/?page_id=804"},"modified":"2015-04-01T18:45:29","modified_gmt":"2015-04-01T17:45:29","slug":"la-16eme-region-militaire","status":"publish","type":"page","link":"https:\/\/blogs.univ-jfc.fr\/projetcroixrouge\/la-croix-rouge-tarnaise-hommes-et-institutions\/la-croix-rouge-action-sociale-et-interventions-medicales\/hopital-auxiliaire-et-hopitaux-complementaires-de-castres\/la-16eme-region-militaire\/","title":{"rendered":"La 16\u00e8me r\u00e9gion militaire"},"content":{"rendered":"<p style=\"text-align: justify\">Durant la Premi\u00e8re Guerre Mondiale, le territoire fran\u00e7ais est d\u00e9coup\u00e9 en r\u00e9gions militaires, le Tarn except\u00e9 la ville de Lavaur fait partie int\u00e9grante de la 16<sup>\u00e8me<\/sup> r\u00e9gion militaire. Cette partie du territoire est dirig\u00e9e en 1914 par le g\u00e9n\u00e9ral Fran\u00e7ois Durand. L\u2019organisation des secours suit le sch\u00e9ma de la r\u00e9gion militaire puisque cinq villes disposant de gares ferroviaires sont d\u00e9sign\u00e9es pour l\u2019acheminement des bless\u00e9s en provenance du front. Un personnage tr\u00e8s important fait son apparition d\u00e8s le d\u00e9but de la guerre, c\u2019est l\u2019infirmi\u00e8re de gare. Dans la 16<sup>\u00e8me<\/sup> r\u00e9gion militaire, une infirmi\u00e8re est pr\u00e9sente dans chaque gare, son r\u00f4le est tr\u00e8s important puisqu&rsquo;elle est en charge de l\u2019arriv\u00e9e et du d\u00e9part des bless\u00e9s mais \u00e9galement du ravitaillement des h\u00f4pitaux auxiliaires et compl\u00e9mentaires de la r\u00e9gion. Pour la gare de Castres, le Dr Paulin en charge de l\u2019h\u00f4pital auxiliaire n\u00b0 8 est souvent pr\u00e9sent en gare puisqu\u2019un fl\u00e9au appara\u00eet rapidement, les bless\u00e9s \u00e0 leur arriv\u00e9e son atteints de la tuberculose du fait des conditions de vie dans les tranch\u00e9es.<\/p>\n<figure id=\"attachment_2305\" aria-describedby=\"caption-attachment-2305\" style=\"width: 270px\" class=\"wp-caption aligncenter\"><a href=\"http:\/\/blogs.univ-jfc.fr\/projetcroixrouge\/wp-content\/uploads\/sites\/40\/2015\/03\/16\u00e8me-r\u00e9gion-militaire1.png\"><img loading=\"lazy\" class=\"wp-image-2305 \" alt=\"16\u00e8me r\u00e9gion militaire\" src=\"http:\/\/blogs.univ-jfc.fr\/projetcroixrouge\/wp-content\/uploads\/sites\/40\/2015\/03\/16\u00e8me-r\u00e9gion-militaire1-300x254.png\" width=\"270\" height=\"229\" srcset=\"https:\/\/blogs.univ-jfc.fr\/projetcroixrouge\/wp-content\/uploads\/sites\/40\/2015\/03\/16\u00e8me-r\u00e9gion-militaire1-300x254.png 300w, https:\/\/blogs.univ-jfc.fr\/projetcroixrouge\/wp-content\/uploads\/sites\/40\/2015\/03\/16\u00e8me-r\u00e9gion-militaire1.png 462w\" sizes=\"(max-width: 270px) 100vw, 270px\" \/><\/a><figcaption id=\"caption-attachment-2305\" class=\"wp-caption-text\">R\u00e9partition des cinq gares de la 16\u00e8me r\u00e9gion militaire<\/figcaption><\/figure>\n","protected":false},"excerpt":{"rendered":"<p>Durant la Premi\u00e8re Guerre Mondiale, le territoire fran\u00e7ais est d\u00e9coup\u00e9 en r\u00e9gions militaires, le Tarn except\u00e9 la ville de Lavaur fait partie int\u00e9grante de la 16\u00e8me r\u00e9gion militaire. Cette partie du territoire est dirig\u00e9e en 1914 par le g\u00e9n\u00e9ral Fran\u00e7ois Durand. L\u2019organisation des secours suit le sch\u00e9ma de la r\u00e9gion militaire puisque cinq villes disposant &hellip; <a href=\"https:\/\/blogs.univ-jfc.fr\/projetcroixrouge\/la-croix-rouge-tarnaise-hommes-et-institutions\/la-croix-rouge-action-sociale-et-interventions-medicales\/hopital-auxiliaire-et-hopitaux-complementaires-de-castres\/la-16eme-region-militaire\/\" class=\"more-link\">Continuer la lecture de <span class=\"screen-reader-text\">La 16\u00e8me r\u00e9gion militaire<\/span> <span class=\"meta-nav\">&rarr;<\/span><\/a><\/p>\n","protected":false},"author":56,"featured_media":0,"parent":731,"menu_order":0,"comment_status":"closed","ping_status":"open","template":"","meta":[],"_links":{"self":[{"href":"https:\/\/blogs.univ-jfc.fr\/projetcroixrouge\/wp-json\/wp\/v2\/pages\/804"}],"collection":[{"href":"https:\/\/blogs.univ-jfc.fr\/projetcroixrouge\/wp-json\/wp\/v2\/pages"}],"about":[{"href":"https:\/\/blogs.univ-jfc.fr\/projetcroixrouge\/wp-json\/wp\/v2\/types\/page"}],"author":[{"embeddable":true,"href":"https:\/\/blogs.univ-jfc.fr\/projetcroixrouge\/wp-json\/wp\/v2\/users\/56"}],"replies":[{"embeddable":true,"href":"https:\/\/blogs.univ-jfc.fr\/projetcroixrouge\/wp-json\/wp\/v2\/comments?post=804"}],"version-history":[{"count":7,"href":"https:\/\/blogs.univ-jfc.fr\/projetcroixrouge\/wp-json\/wp\/v2\/pages\/804\/revisions"}],"predecessor-version":[{"id":3643,"href":"https:\/\/blogs.univ-jfc.fr\/projetcroixrouge\/wp-json\/wp\/v2\/pages\/804\/revisions\/3643"}],"up":[{"embeddable":true,"href":"https:\/\/blogs.univ-jfc.fr\/projetcroixrouge\/wp-json\/wp\/v2\/pages\/731"}],"wp:attachment":[{"href":"https:\/\/blogs.univ-jfc.fr\/projetcroixrouge\/wp-json\/wp\/v2\/media?parent=804"}],"curies":[{"name":"wp","href":"https:\/\/api.w.org\/{rel}","templated":true}]}}