{"id":809,"date":"2015-03-05T09:37:13","date_gmt":"2015-03-05T08:37:13","guid":{"rendered":"http:\/\/blogs.univ-jfc.fr\/projetcroixrouge\/?page_id=809"},"modified":"2015-03-25T22:46:07","modified_gmt":"2015-03-25T21:46:07","slug":"lettres-de-remerciement-pour-les-colis-recus","status":"publish","type":"page","link":"https:\/\/blogs.univ-jfc.fr\/projetcroixrouge\/lettres-de-remerciement-pour-les-colis-recus\/","title":{"rendered":"Lettres de remerciement pour les colis re\u00e7us"},"content":{"rendered":"<ul>\n<li style=\"text-align: justify\">Lettres de remerciement de combattants en Indochine. Elles datent de 1951, les \u00e9metteurs remercient la ville de Castres et le comit\u00e9 Croix-Rouge.\u00a0\u00a9 Archives de la biblioth\u00e8que de Castres.<\/li>\n<\/ul>\n<p>&nbsp;<\/p>\n<p><a href=\"http:\/\/blogs.univ-jfc.fr\/projetcroixrouge\/wp-content\/uploads\/sites\/40\/2015\/03\/photo-lettre-6.jpg\"><img loading=\"lazy\" class=\"wp-image-2087 alignleft\" alt=\"photo lettre 6\" src=\"http:\/\/blogs.univ-jfc.fr\/projetcroixrouge\/wp-content\/uploads\/sites\/40\/2015\/03\/photo-lettre-6-300x202.jpg\" width=\"270\" height=\"182\" srcset=\"https:\/\/blogs.univ-jfc.fr\/projetcroixrouge\/wp-content\/uploads\/sites\/40\/2015\/03\/photo-lettre-6-300x202.jpg 300w, https:\/\/blogs.univ-jfc.fr\/projetcroixrouge\/wp-content\/uploads\/sites\/40\/2015\/03\/photo-lettre-6-1024x692.jpg 1024w\" sizes=\"(max-width: 270px) 100vw, 270px\" \/><\/a><a href=\"http:\/\/blogs.univ-jfc.fr\/projetcroixrouge\/wp-content\/uploads\/sites\/40\/2015\/03\/photo-lettre-4.jpg\"><img loading=\"lazy\" class=\"wp-image-2084 alignright\" alt=\"photo lettre 4\" src=\"http:\/\/blogs.univ-jfc.fr\/projetcroixrouge\/wp-content\/uploads\/sites\/40\/2015\/03\/photo-lettre-4-300x203.jpg\" width=\"270\" height=\"183\" srcset=\"https:\/\/blogs.univ-jfc.fr\/projetcroixrouge\/wp-content\/uploads\/sites\/40\/2015\/03\/photo-lettre-4-300x203.jpg 300w, https:\/\/blogs.univ-jfc.fr\/projetcroixrouge\/wp-content\/uploads\/sites\/40\/2015\/03\/photo-lettre-4-1024x695.jpg 1024w\" sizes=\"(max-width: 270px) 100vw, 270px\" \/><\/a><img loading=\"lazy\" class=\"wp-image-2086 alignleft\" alt=\"PHOTO LETTRE 3\" src=\"http:\/\/blogs.univ-jfc.fr\/projetcroixrouge\/wp-content\/uploads\/sites\/40\/2015\/03\/PHOTO-LETTRE-3-300x194.jpg\" width=\"270\" height=\"175\" srcset=\"https:\/\/blogs.univ-jfc.fr\/projetcroixrouge\/wp-content\/uploads\/sites\/40\/2015\/03\/PHOTO-LETTRE-3-300x194.jpg 300w, https:\/\/blogs.univ-jfc.fr\/projetcroixrouge\/wp-content\/uploads\/sites\/40\/2015\/03\/PHOTO-LETTRE-3-1024x664.jpg 1024w\" sizes=\"(max-width: 270px) 100vw, 270px\" \/><img loading=\"lazy\" class=\"wp-image-2085 alignright\" alt=\"photo lettre 5\" src=\"http:\/\/blogs.univ-jfc.fr\/projetcroixrouge\/wp-content\/uploads\/sites\/40\/2015\/03\/photo-lettre-5-300x204.jpg\" width=\"270\" height=\"184\" srcset=\"https:\/\/blogs.univ-jfc.fr\/projetcroixrouge\/wp-content\/uploads\/sites\/40\/2015\/03\/photo-lettre-5-300x204.jpg 300w, https:\/\/blogs.univ-jfc.fr\/projetcroixrouge\/wp-content\/uploads\/sites\/40\/2015\/03\/photo-lettre-5-1024x697.jpg 1024w\" sizes=\"(max-width: 270px) 100vw, 270px\" \/><\/p>\n<p style=\"text-align: justify;padding-left: 180px\"><img loading=\"lazy\" class=\"wp-image-2082\" alt=\"photo lettre\" src=\"http:\/\/blogs.univ-jfc.fr\/projetcroixrouge\/wp-content\/uploads\/sites\/40\/2015\/03\/photo-lettre--300x203.jpg\" width=\"270\" height=\"183\" srcset=\"https:\/\/blogs.univ-jfc.fr\/projetcroixrouge\/wp-content\/uploads\/sites\/40\/2015\/03\/photo-lettre--300x203.jpg 300w, https:\/\/blogs.univ-jfc.fr\/projetcroixrouge\/wp-content\/uploads\/sites\/40\/2015\/03\/photo-lettre--1024x695.jpg 1024w\" sizes=\"(max-width: 270px) 100vw, 270px\" \/><\/p>\n<ul>\n<li style=\"text-align: justify\">Lettres datant de 1957 et 1958, les combattants fran\u00e7ais durant la guerre d&rsquo;Alg\u00e9rie remercient le comit\u00e9 Croix-Rouge de Graulhet pour l&rsquo;envoi de colis d&rsquo;approvisionnement. Ces lettres nous ont \u00e9t\u00e9 d\u00e9livr\u00e9es par M. Mialet, pr\u00e9sident actuel du comit\u00e9 Croix-Rouge de Graulhet. \u00a9 Archives personnelles du comit\u00e9 Croix-Rouge de Graulhet.<\/li>\n<\/ul>\n<p><a href=\"http:\/\/blogs.univ-jfc.fr\/projetcroixrouge\/wp-content\/uploads\/sites\/40\/2015\/03\/Alg\u00e9rie-3.jpg\"><img loading=\"lazy\" class=\"wp-image-2215 alignleft\" alt=\"Alg\u00e9rie 3\" src=\"http:\/\/blogs.univ-jfc.fr\/projetcroixrouge\/wp-content\/uploads\/sites\/40\/2015\/03\/Alg\u00e9rie-3-300x186.jpg\" width=\"270\" height=\"167\" srcset=\"https:\/\/blogs.univ-jfc.fr\/projetcroixrouge\/wp-content\/uploads\/sites\/40\/2015\/03\/Alg\u00e9rie-3-300x186.jpg 300w, https:\/\/blogs.univ-jfc.fr\/projetcroixrouge\/wp-content\/uploads\/sites\/40\/2015\/03\/Alg\u00e9rie-3-1024x635.jpg 1024w\" sizes=\"(max-width: 270px) 100vw, 270px\" \/><img loading=\"lazy\" class=\"wp-image-2216 aligncenter\" alt=\"Alg\u00e9rie 4\" src=\"http:\/\/blogs.univ-jfc.fr\/projetcroixrouge\/wp-content\/uploads\/sites\/40\/2015\/03\/Alg\u00e9rie-4-227x300.jpg\" width=\"204\" height=\"270\" srcset=\"https:\/\/blogs.univ-jfc.fr\/projetcroixrouge\/wp-content\/uploads\/sites\/40\/2015\/03\/Alg\u00e9rie-4-227x300.jpg 227w, https:\/\/blogs.univ-jfc.fr\/projetcroixrouge\/wp-content\/uploads\/sites\/40\/2015\/03\/Alg\u00e9rie-4-777x1024.jpg 777w, https:\/\/blogs.univ-jfc.fr\/projetcroixrouge\/wp-content\/uploads\/sites\/40\/2015\/03\/Alg\u00e9rie-4.jpg 1738w\" sizes=\"(max-width: 204px) 100vw, 204px\" \/><\/a><a href=\"http:\/\/blogs.univ-jfc.fr\/projetcroixrouge\/wp-content\/uploads\/sites\/40\/2015\/03\/Alg\u00e9rie-6.jpg\"><img loading=\"lazy\" class=\"wp-image-2218 alignnone\" alt=\"Alg\u00e9rie 6\" src=\"http:\/\/blogs.univ-jfc.fr\/projetcroixrouge\/wp-content\/uploads\/sites\/40\/2015\/03\/Alg\u00e9rie-6-291x300.jpg\" width=\"233\" height=\"240\" srcset=\"https:\/\/blogs.univ-jfc.fr\/projetcroixrouge\/wp-content\/uploads\/sites\/40\/2015\/03\/Alg\u00e9rie-6-291x300.jpg 291w, https:\/\/blogs.univ-jfc.fr\/projetcroixrouge\/wp-content\/uploads\/sites\/40\/2015\/03\/Alg\u00e9rie-6-995x1024.jpg 995w, https:\/\/blogs.univ-jfc.fr\/projetcroixrouge\/wp-content\/uploads\/sites\/40\/2015\/03\/Alg\u00e9rie-6.jpg 2032w\" sizes=\"(max-width: 233px) 100vw, 233px\" \/><img loading=\"lazy\" class=\"wp-image-2214 alignright\" alt=\"Alg\u00e9rie 2\" src=\"http:\/\/blogs.univ-jfc.fr\/projetcroixrouge\/wp-content\/uploads\/sites\/40\/2015\/03\/Alg\u00e9rie-2-300x177.jpg\" width=\"270\" height=\"159\" srcset=\"https:\/\/blogs.univ-jfc.fr\/projetcroixrouge\/wp-content\/uploads\/sites\/40\/2015\/03\/Alg\u00e9rie-2-300x177.jpg 300w, https:\/\/blogs.univ-jfc.fr\/projetcroixrouge\/wp-content\/uploads\/sites\/40\/2015\/03\/Alg\u00e9rie-2-1024x604.jpg 1024w\" sizes=\"(max-width: 270px) 100vw, 270px\" \/><\/a><img loading=\"lazy\" class=\"wp-image-2220 alignleft\" alt=\"Alg\u00e9rie 8\" src=\"http:\/\/blogs.univ-jfc.fr\/projetcroixrouge\/wp-content\/uploads\/sites\/40\/2015\/03\/Alg\u00e9rie-8-191x300.jpg\" width=\"172\" height=\"270\" srcset=\"https:\/\/blogs.univ-jfc.fr\/projetcroixrouge\/wp-content\/uploads\/sites\/40\/2015\/03\/Alg\u00e9rie-8-191x300.jpg 191w, https:\/\/blogs.univ-jfc.fr\/projetcroixrouge\/wp-content\/uploads\/sites\/40\/2015\/03\/Alg\u00e9rie-8-652x1024.jpg 652w, https:\/\/blogs.univ-jfc.fr\/projetcroixrouge\/wp-content\/uploads\/sites\/40\/2015\/03\/Alg\u00e9rie-8.jpg 1588w\" sizes=\"(max-width: 172px) 100vw, 172px\" \/><a href=\"http:\/\/blogs.univ-jfc.fr\/projetcroixrouge\/wp-content\/uploads\/sites\/40\/2015\/03\/Alg\u00e9rie-7.jpg\"><img loading=\"lazy\" class=\"wp-image-2219 aligncenter\" alt=\"Alg\u00e9rie 7\" src=\"http:\/\/blogs.univ-jfc.fr\/projetcroixrouge\/wp-content\/uploads\/sites\/40\/2015\/03\/Alg\u00e9rie-7-300x231.jpg\" width=\"270\" height=\"208\" srcset=\"https:\/\/blogs.univ-jfc.fr\/projetcroixrouge\/wp-content\/uploads\/sites\/40\/2015\/03\/Alg\u00e9rie-7-300x231.jpg 300w, https:\/\/blogs.univ-jfc.fr\/projetcroixrouge\/wp-content\/uploads\/sites\/40\/2015\/03\/Alg\u00e9rie-7-1024x789.jpg 1024w\" sizes=\"(max-width: 270px) 100vw, 270px\" \/><\/a><\/p>\n","protected":false},"excerpt":{"rendered":"<p>Lettres de remerciement de combattants en Indochine. Elles datent de 1951, les \u00e9metteurs remercient la ville de Castres et le comit\u00e9 Croix-Rouge.\u00a0\u00a9 Archives de la biblioth\u00e8que de Castres. &nbsp; Lettres datant de 1957 et 1958, les combattants fran\u00e7ais durant la guerre d&rsquo;Alg\u00e9rie remercient le comit\u00e9 Croix-Rouge de Graulhet pour l&rsquo;envoi de colis d&rsquo;approvisionnement. Ces lettres &hellip; <a href=\"https:\/\/blogs.univ-jfc.fr\/projetcroixrouge\/lettres-de-remerciement-pour-les-colis-recus\/\" class=\"more-link\">Continuer la lecture de <span class=\"screen-reader-text\">Lettres de remerciement pour les colis re\u00e7us<\/span> <span class=\"meta-nav\">&rarr;<\/span><\/a><\/p>\n","protected":false},"author":56,"featured_media":0,"parent":0,"menu_order":0,"comment_status":"closed","ping_status":"open","template":"","meta":[],"_links":{"self":[{"href":"https:\/\/blogs.univ-jfc.fr\/projetcroixrouge\/wp-json\/wp\/v2\/pages\/809"}],"collection":[{"href":"https:\/\/blogs.univ-jfc.fr\/projetcroixrouge\/wp-json\/wp\/v2\/pages"}],"about":[{"href":"https:\/\/blogs.univ-jfc.fr\/projetcroixrouge\/wp-json\/wp\/v2\/types\/page"}],"author":[{"embeddable":true,"href":"https:\/\/blogs.univ-jfc.fr\/projetcroixrouge\/wp-json\/wp\/v2\/users\/56"}],"replies":[{"embeddable":true,"href":"https:\/\/blogs.univ-jfc.fr\/projetcroixrouge\/wp-json\/wp\/v2\/comments?post=809"}],"version-history":[{"count":17,"href":"https:\/\/blogs.univ-jfc.fr\/projetcroixrouge\/wp-json\/wp\/v2\/pages\/809\/revisions"}],"predecessor-version":[{"id":3020,"href":"https:\/\/blogs.univ-jfc.fr\/projetcroixrouge\/wp-json\/wp\/v2\/pages\/809\/revisions\/3020"}],"wp:attachment":[{"href":"https:\/\/blogs.univ-jfc.fr\/projetcroixrouge\/wp-json\/wp\/v2\/media?parent=809"}],"curies":[{"name":"wp","href":"https:\/\/api.w.org\/{rel}","templated":true}]}}