{"id":82,"date":"2015-01-05T11:51:20","date_gmt":"2015-01-05T10:51:20","guid":{"rendered":"http:\/\/blogs.univ-jfc.fr\/projetcroixrouge\/?page_id=82"},"modified":"2015-04-12T10:32:54","modified_gmt":"2015-04-12T09:32:54","slug":"laction-aupres-des-populations-civiles-pendant-la-premiere-guerre-mondiale","status":"publish","type":"page","link":"https:\/\/blogs.univ-jfc.fr\/projetcroixrouge\/la-croix-rouge-dans-les-guerres-mondiales\/laction-aupres-des-populations-civiles-pendant-la-premiere-guerre-mondiale\/","title":{"rendered":"L&rsquo;action aupr\u00e8s des populations civiles pendant la Premi\u00e8re Guerre mondiale"},"content":{"rendered":"<p style=\"text-align: justify\">\u00a0\u00a0\u00a0\u00a0\u00a0<a href=\"http:\/\/blogs.univ-jfc.fr\/projetcroixrouge\/wp-content\/uploads\/sites\/40\/2015\/01\/images-3.jpg\"><img loading=\"lazy\" class=\"size-full wp-image-3175 alignright\" alt=\"images (3)\" src=\"http:\/\/blogs.univ-jfc.fr\/projetcroixrouge\/wp-content\/uploads\/sites\/40\/2015\/01\/images-3.jpg\" width=\"266\" height=\"190\" \/><\/a> La Premi\u00e8re Guerre mondiale est un conflit militaire qui s&rsquo;est principalement d\u00e9roul\u00e9 en\u00a0Europe de 1914 \u00e0 1918. Cette guerre est un \u00e9v\u00e9nement marquant du vingti\u00e8me si\u00e8cle. En effet elle a mobilis\u00e9 plus de soldats, m\u00e9decins, infirmi\u00e8res et b\u00e9n\u00e9voles et a provoqu\u00e9 plus de d\u00e9c\u00e8s et caus\u00e9 plus de destructions mat\u00e9rielles que toutes les guerres ant\u00e9rieures. Plus de 60 millions de soldats, infirmi\u00e8res et autres civils y ont pris part. Pendant cette guerre, environ 10 millions de personnes sont d\u00e9c\u00e9d\u00e9es et environ 20 millions sont devenues invalides. D\u00e8s la d\u00e9claration de guerre, les trois soci\u00e9t\u00e9s d\u2019assistance constitutives de la Croix Rouge fran\u00e7aise SSBM (Soci\u00e9t\u00e9 de Secours aux Bless\u00e9s Militaires, 1864), ADF (Association des Dames Fran\u00e7aises, 1879), UFF (Union des Femmes de France, 1881), qui fusionneront en 1940, mobilisent leurs forces et\u00a0apportent l\u2019aide aux soldats comme aux civils. C&rsquo;est le d\u00e9but de\u00a0<a style=\"line-height: 1.5;color: #ea9629;text-decoration: underline\" title=\"1914, La croix rouge en premi\u00e8re ligne et une mobilisation g\u00e9n\u00e9rale\" href=\"http:\/\/blogs.univ-jfc.fr\/projetcroixrouge\/la-croix-rouge-dans-les-guerres-mondiales\/laction-aupres-des-populations-civiles-pendant-la-premiere-guerre-mondiale\/1914-la-croix-rouge-en-premiere-ligne-et-une-mobilisation-generale\/\" target=\"_blank\">la mobilisation de la Croix Rouge au d\u00e9but de la guerre<\/a>.<\/p>\n<figure id=\"attachment_3873\" aria-describedby=\"caption-attachment-3873\" style=\"width: 300px\" class=\"wp-caption alignleft\"><a href=\"http:\/\/blogs.univ-jfc.fr\/projetcroixrouge\/wp-content\/uploads\/sites\/40\/2015\/01\/453_001.jpg\"><img loading=\"lazy\" class=\"size-medium wp-image-3873 \" title=\"Photo d'une \u00e9cole d'infirmi\u00e8res de la Croix-Rouge, Vaux-le-Vicomte, 1914-1915\" alt=\"\" src=\"http:\/\/blogs.univ-jfc.fr\/projetcroixrouge\/wp-content\/uploads\/sites\/40\/2015\/01\/453_001-300x195.jpg\" width=\"300\" height=\"195\" srcset=\"https:\/\/blogs.univ-jfc.fr\/projetcroixrouge\/wp-content\/uploads\/sites\/40\/2015\/01\/453_001-300x195.jpg 300w, https:\/\/blogs.univ-jfc.fr\/projetcroixrouge\/wp-content\/uploads\/sites\/40\/2015\/01\/453_001.jpg 1020w\" sizes=\"(max-width: 300px) 100vw, 300px\" \/><\/a><figcaption id=\"caption-attachment-3873\" class=\"wp-caption-text\">Photo prise devant une \u00e9cole d&rsquo;infirmi\u00e8re montrant l&rsquo;ascension et la mobilisation des femmes<\/figcaption><\/figure>\n<p style=\"text-align: justify\">De plus, la mort et la maladie n\u2019\u00e9pargnent pas le personnel de la Croix Rouge fran\u00e7aise tant \u00e0 l\u2019arri\u00e8re qu\u2019au front. C\u2019est pendant ces durs mois de guerre que se forge l\u2019image de \u00ab l\u2019ange blanc \u00bb et que les fran\u00e7ais d\u00e9couvrent un peu plus ce qu\u2019est la Croix Rouge, ainsi que sa capacit\u00e9 de mobilisation et\u00a0<a title=\"Une Croix Rouge fran\u00e7aise face aux probl\u00e8mes et aux nouveaux d\u00e9fis rencontr\u00e9s pendant la premi\u00e8re guerre mondiale\" href=\"http:\/\/blogs.univ-jfc.fr\/projetcroixrouge\/la-croix-rouge-dans-les-guerres-mondiales\/laction-aupres-des-populations-civiles-pendant-la-premiere-guerre-mondiale\/une-croix-rouge-francaise-face-aux-problemes-et-aux-nouveaux-defis-rencontres-pendant-la-premiere-guerre-mondiale\/\" target=\"_blank\">les nouveaux d\u00e9fis<\/a> \u00e0 relever.<\/p>\n<figure id=\"attachment_3249\" aria-describedby=\"caption-attachment-3249\" style=\"width: 176px\" class=\"wp-caption alignright\"><a style=\"color: #ea9629;text-decoration: underline;text-align: center\" href=\"http:\/\/blogs.univ-jfc.fr\/projetcroixrouge\/wp-content\/uploads\/sites\/40\/2015\/01\/images-conf\u00e9rence-de-la-haye.jpg\"><img loading=\"lazy\" class=\"size-full wp-image-3249 \" title=\"Regroupement de plusieurs comit\u00e9s pour la conf\u00e9rence de la Haye en 1918\" alt=\"Conf\u00e9rence de la Haye\" src=\"http:\/\/blogs.univ-jfc.fr\/projetcroixrouge\/wp-content\/uploads\/sites\/40\/2015\/01\/images-conf\u00e9rence-de-la-haye.jpg\" width=\"176\" height=\"122\" \/><\/a><figcaption id=\"caption-attachment-3249\" class=\"wp-caption-text\">Conf\u00e9rence de la Haye<\/figcaption><\/figure>\n<p style=\"text-align: justify\">Enfin, la Croix Rouge Fran\u00e7aise sort grandie de cette guerre. Malgr\u00e9 un\u00a0<a title=\"Bilan acharn\u00e9 favorisant le comit\u00e9 international de la croix rouge\" href=\"http:\/\/blogs.univ-jfc.fr\/projetcroixrouge\/la-croix-rouge-dans-les-guerres-mondiales\/laction-aupres-des-populations-civiles-pendant-la-premiere-guerre-mondiale\/bilan-acharne-favorisant-le-comite-international-de-la-croix-rouge\/\" target=\"_blank\">\u00a0bilan de la Croix Rouge \u00e0 la fin de la Premi\u00e8re Guerre mondiale<\/a>\u00a0affolant, celle ci acquiert beaucoup de notori\u00e9t\u00e9, gr\u00e2ce au soutien et aux aides de nombreux comit\u00e9s comme le comit\u00e9 international de la Croix Rouge (CICR).<\/p>\n","protected":false},"excerpt":{"rendered":"<p>\u00a0\u00a0\u00a0\u00a0\u00a0 La Premi\u00e8re Guerre mondiale est un conflit militaire qui s&rsquo;est principalement d\u00e9roul\u00e9 en\u00a0Europe de 1914 \u00e0 1918. Cette guerre est un \u00e9v\u00e9nement marquant du vingti\u00e8me si\u00e8cle. En effet elle a mobilis\u00e9 plus de soldats, m\u00e9decins, infirmi\u00e8res et b\u00e9n\u00e9voles et a provoqu\u00e9 plus de d\u00e9c\u00e8s et caus\u00e9 plus de destructions mat\u00e9rielles que toutes les guerres &hellip; <a href=\"https:\/\/blogs.univ-jfc.fr\/projetcroixrouge\/la-croix-rouge-dans-les-guerres-mondiales\/laction-aupres-des-populations-civiles-pendant-la-premiere-guerre-mondiale\/\" class=\"more-link\">Continuer la lecture de <span class=\"screen-reader-text\">L&rsquo;action aupr\u00e8s des populations civiles pendant la Premi\u00e8re Guerre mondiale<\/span> <span class=\"meta-nav\">&rarr;<\/span><\/a><\/p>\n","protected":false},"author":15,"featured_media":0,"parent":10,"menu_order":2,"comment_status":"closed","ping_status":"open","template":"","meta":[],"_links":{"self":[{"href":"https:\/\/blogs.univ-jfc.fr\/projetcroixrouge\/wp-json\/wp\/v2\/pages\/82"}],"collection":[{"href":"https:\/\/blogs.univ-jfc.fr\/projetcroixrouge\/wp-json\/wp\/v2\/pages"}],"about":[{"href":"https:\/\/blogs.univ-jfc.fr\/projetcroixrouge\/wp-json\/wp\/v2\/types\/page"}],"author":[{"embeddable":true,"href":"https:\/\/blogs.univ-jfc.fr\/projetcroixrouge\/wp-json\/wp\/v2\/users\/15"}],"replies":[{"embeddable":true,"href":"https:\/\/blogs.univ-jfc.fr\/projetcroixrouge\/wp-json\/wp\/v2\/comments?post=82"}],"version-history":[{"count":40,"href":"https:\/\/blogs.univ-jfc.fr\/projetcroixrouge\/wp-json\/wp\/v2\/pages\/82\/revisions"}],"predecessor-version":[{"id":3934,"href":"https:\/\/blogs.univ-jfc.fr\/projetcroixrouge\/wp-json\/wp\/v2\/pages\/82\/revisions\/3934"}],"up":[{"embeddable":true,"href":"https:\/\/blogs.univ-jfc.fr\/projetcroixrouge\/wp-json\/wp\/v2\/pages\/10"}],"wp:attachment":[{"href":"https:\/\/blogs.univ-jfc.fr\/projetcroixrouge\/wp-json\/wp\/v2\/media?parent=82"}],"curies":[{"name":"wp","href":"https:\/\/api.w.org\/{rel}","templated":true}]}}