{"id":84,"date":"2015-01-05T11:51:54","date_gmt":"2015-01-05T10:51:54","guid":{"rendered":"http:\/\/blogs.univ-jfc.fr\/projetcroixrouge\/?page_id=84"},"modified":"2015-04-04T10:06:50","modified_gmt":"2015-04-04T09:06:50","slug":"la-croix-rouge-sur-le-front-1914-1918","status":"publish","type":"page","link":"https:\/\/blogs.univ-jfc.fr\/projetcroixrouge\/la-croix-rouge-dans-les-guerres-mondiales\/la-croix-rouge-sur-le-front-1914-1918\/","title":{"rendered":"La Croix-Rouge sur le front (1914-1918)"},"content":{"rendered":"<p align=\"justify\"><span style=\"color: #000000\"><span style=\"font-family: Arial, sans-serif\"><span>\u00a0 \u00a0 \u00a0 \u00a0<\/span><\/span><\/span><\/p>\n<figure id=\"attachment_1917\" aria-describedby=\"caption-attachment-1917\" style=\"width: 150px\" class=\"wp-caption alignright\"><a href=\"http:\/\/www.parisenimages.fr\/fr\/galerie-collections\/73718-2-guerre-1914-1918-paris-hotel-astoria-hotel-astoria-formation-japonaise-grand-salle-fetes-ou-devait-avoir-lieu-dejeuner-offert-guillaume-ii-a-ses-generaux-apres-prise-paris-photographie-charles-lansiaux-1855-1939-septembre-1915\" target=\"_blank\"><img loading=\"lazy\" class=\"size-thumbnail wp-image-1917              \" style=\"margin: 0px;border: 0px\" title=\"Hotel Astoria, 1915, Paris. \u00a9 Charles Lansiaux \/ BHVP \/ Roger-Viollet\" alt=\"Hotel Astoria, 1915, Paris\" src=\"http:\/\/blogs.univ-jfc.fr\/projetcroixrouge\/wp-content\/uploads\/sites\/40\/2015\/01\/ertyuiop-150x150.jpg\" width=\"150\" height=\"150\" \/><\/a><figcaption id=\"caption-attachment-1917\" class=\"wp-caption-text\">Hotel Astoria<\/figcaption><\/figure>\n<p align=\"justify\"><span style=\"color: #000000\"><span style=\"font-family: Arial, sans-serif\">\u00a0 \u00a0 \u00a0 \u00a0Au cour de ce conflit, <a title=\"Intensification des liens internationaux de la Croix-Rouge\" href=\"http:\/\/blogs.univ-jfc.fr\/projetcroixrouge\/la-croix-rouge-dans-les-guerres-mondiales\/la-croix-rouge-sur-le-front-1914-1918\/intensification-des-liens-internationaux-de-la-croix-rouge\/\" target=\"_blank\">la Croix-Rouge utilise diff\u00e9rentes conventions<\/a>, notamment la convention de Gen\u00e8ve pour appuyer son action au niveau international. Elle d\u00e9veloppe aussi des ramifications nationales et r\u00e9gionales. L\u2019un de ses principaux champs d\u2019actions est l\u2019intervention pour les prisonniers de guerre.\u00a0<\/span><\/span><\/p>\n<p><span style=\"color: #ffffff\"><span style=\"font-family: 'Times New Roman', serif\"><span>,<\/span><\/span><\/span><\/p>\n<figure id=\"attachment_1921\" aria-describedby=\"caption-attachment-1921\" style=\"width: 150px\" class=\"wp-caption alignleft\"><a href=\"http:\/\/lagrandeguerre.blog.lemonde.fr\/2014\/01\/08\/limperial-war-museum-livre-ses-photographies-les-plus-marquantes-de-la-grande-guerre\/\" target=\"_blank\"><img loading=\"lazy\" class=\"size-thumbnail wp-image-1921   \" title=\"Soldats britanniques et allemands, bataille de la cr\u00eate, 19 juillet 1916\" alt=\"Soldats bless\u00e9s, bataille de la cr\u00eate\" src=\"http:\/\/blogs.univ-jfc.fr\/projetcroixrouge\/wp-content\/uploads\/sites\/40\/2015\/01\/sqetyui-111111-150x150.jpg\" width=\"150\" height=\"150\" \/><\/a><figcaption id=\"caption-attachment-1921\" class=\"wp-caption-text\">Soldats bless\u00e9s<\/figcaption><\/figure>\n<p align=\"justify\"><span><span><span style=\"color: #000000;font-family: Arial, sans-serif\">Conflit sanglant, la Premi\u00e8re Guerre mondiale fait de nombreux <a title=\"Les secours apport\u00e9s aux soldats en toute circonstance\" href=\"http:\/\/blogs.univ-jfc.fr\/projetcroixrouge\/la-croix-rouge-dans-les-guerres-mondiales\/la-croix-rouge-sur-le-front-1914-1918\/les-secours-apportes-aux-soldats-en-toute-circonstance-corps-de-texte\/\" target=\"_blank\">bless\u00e9s sur le champ de bataille<\/a>. La\u00a0<\/span><\/span><\/span><span style=\"font-family: 'Times New Roman', serif\"><span style=\"font-family: Arial, sans-serif\">Croix-<\/span><span style=\"font-family: Arial, sans-serif\">Rouge\u00a0<\/span><\/span><span style=\"color: #000000;font-family: Arial, sans-serif\">aide ces soldats directement sur le champ de bataille et ensuite les transporte et les soigne dans divers h\u00f4pitaux mis \u00e0 leur disposition. Elle porte aussi secours aux prisonniers de guerre jusqu&rsquo;alors coup\u00e9s du monde\u00a0<\/span><span style=\"color: #000000\">ext\u00e9rieur<\/span><span style=\"color: #000000;font-family: Arial, sans-serif\">.<\/span><\/p>\n<p><span style=\"color: #ffffff\"><span style=\"font-family: 'Times New Roman', serif\"><span>,<\/span><\/span><\/span><\/p>\n<figure id=\"attachment_1924\" aria-describedby=\"caption-attachment-1924\" style=\"width: 150px\" class=\"wp-caption alignright\"><a href=\"https:\/\/www.icrc.org\/fre\/resources\/documents\/photo-gallery\/2014\/150-years-aipg-ww1.htm\" target=\"_blank\"><img loading=\"lazy\" class=\"size-thumbnail wp-image-1924   \" title=\"Rapatriement de soldats prussiens, 1920. \u00a9 Phototh\u00e8que CICR (DR) \/ hist-03064-26\" alt=\"Rapatriement de soldats prussiens, 1920\" src=\"http:\/\/blogs.univ-jfc.fr\/projetcroixrouge\/wp-content\/uploads\/sites\/40\/2015\/01\/tyjukye-150x150.jpg\" width=\"150\" height=\"150\" \/><\/a><figcaption id=\"caption-attachment-1924\" class=\"wp-caption-text\">Rapatriement de soldats<\/figcaption><\/figure>\n<p align=\"justify\"><span style=\"color: #000000\"><span style=\"font-family: Arial, sans-serif\">Lors de la Grande Guerre, la Croix-Rouge s&rsquo;est vue confront\u00e9e \u00e0 un obstacle auquel elle ne s&rsquo;attendait pas : l&rsquo;afflux massif de bless\u00e9s et de prisonniers de guerre. Cet afflux l&rsquo;a pouss\u00e9 \u00e0 se moderniser, ainsi qu&rsquo;a cr\u00e9er de nouveaux services tels que l&rsquo;Association Internationale des Prisonniers de Guerre (AIPG). <a title=\"Les mutations de la Croix-Rouge et son avenir apr\u00e8s la Grande Guerre\" href=\"http:\/\/blogs.univ-jfc.fr\/projetcroixrouge\/la-croix-rouge-dans-les-guerres-mondiales\/la-croix-rouge-sur-le-front-1914-1918\/les-mutations-de-la-croix-rouge-et-son-avenir-apres-la-grande-guerre\/\" target=\"_blank\">Ces mutations pr\u00e9sageaient un avenir radicalement diff\u00e9rent<\/a>, et marqu\u00e8rent un avant\/apr\u00e8s au sein de la Croix-Rouge.<\/span><\/span><\/p>\n<p><span style=\"color: #ffffff\">h<\/span><\/p>\n<p style=\"text-align: center\"><span style=\"color: #ffffff\">h<\/span>R\u00e9dacteurs : Moularat Romain, Lemaire Alexis, Boyer Cl\u00e9ment<\/p>\n","protected":false},"excerpt":{"rendered":"<p>\u00a0 \u00a0 \u00a0 \u00a0 \u00a0 \u00a0 \u00a0 \u00a0Au cour de ce conflit, la Croix-Rouge utilise diff\u00e9rentes conventions, notamment la convention de Gen\u00e8ve pour appuyer son action au niveau international. Elle d\u00e9veloppe aussi des ramifications nationales et r\u00e9gionales. L\u2019un de ses principaux champs d\u2019actions est l\u2019intervention pour les prisonniers de guerre.\u00a0 , Conflit sanglant, la Premi\u00e8re &hellip; <a href=\"https:\/\/blogs.univ-jfc.fr\/projetcroixrouge\/la-croix-rouge-dans-les-guerres-mondiales\/la-croix-rouge-sur-le-front-1914-1918\/\" class=\"more-link\">Continuer la lecture de <span class=\"screen-reader-text\">La Croix-Rouge sur le front (1914-1918)<\/span> <span class=\"meta-nav\">&rarr;<\/span><\/a><\/p>\n","protected":false},"author":15,"featured_media":0,"parent":10,"menu_order":1,"comment_status":"closed","ping_status":"open","template":"","meta":[],"_links":{"self":[{"href":"https:\/\/blogs.univ-jfc.fr\/projetcroixrouge\/wp-json\/wp\/v2\/pages\/84"}],"collection":[{"href":"https:\/\/blogs.univ-jfc.fr\/projetcroixrouge\/wp-json\/wp\/v2\/pages"}],"about":[{"href":"https:\/\/blogs.univ-jfc.fr\/projetcroixrouge\/wp-json\/wp\/v2\/types\/page"}],"author":[{"embeddable":true,"href":"https:\/\/blogs.univ-jfc.fr\/projetcroixrouge\/wp-json\/wp\/v2\/users\/15"}],"replies":[{"embeddable":true,"href":"https:\/\/blogs.univ-jfc.fr\/projetcroixrouge\/wp-json\/wp\/v2\/comments?post=84"}],"version-history":[{"count":28,"href":"https:\/\/blogs.univ-jfc.fr\/projetcroixrouge\/wp-json\/wp\/v2\/pages\/84\/revisions"}],"predecessor-version":[{"id":3860,"href":"https:\/\/blogs.univ-jfc.fr\/projetcroixrouge\/wp-json\/wp\/v2\/pages\/84\/revisions\/3860"}],"up":[{"embeddable":true,"href":"https:\/\/blogs.univ-jfc.fr\/projetcroixrouge\/wp-json\/wp\/v2\/pages\/10"}],"wp:attachment":[{"href":"https:\/\/blogs.univ-jfc.fr\/projetcroixrouge\/wp-json\/wp\/v2\/media?parent=84"}],"curies":[{"name":"wp","href":"https:\/\/api.w.org\/{rel}","templated":true}]}}