{"id":842,"date":"2015-03-05T09:46:39","date_gmt":"2015-03-05T08:46:39","guid":{"rendered":"http:\/\/blogs.univ-jfc.fr\/projetcroixrouge\/?page_id=842"},"modified":"2015-03-19T10:15:42","modified_gmt":"2015-03-19T09:15:42","slug":"financer-laction-internationale-transparence","status":"publish","type":"page","link":"https:\/\/blogs.univ-jfc.fr\/projetcroixrouge\/lhumanitaire-en-questions\/financer-laction-humanitaire\/financer-laction-internationale-transparence\/","title":{"rendered":"Transparence"},"content":{"rendered":"<p style=\"text-align: justify\">Malgr\u00e9 les efforts mis en \u0153uvre pour r\u00e9soudre les probl\u00e8mes de gestion, les donateurs sont exigeants et demandent un droit de regard pour contr\u00f4ler par eux-m\u00eames la gestion financi\u00e8re des ONG.<\/p>\n<p style=\"text-align: justify\">Afin de r\u00e9pondre aux attentes des donateurs, des organismes ind\u00e9pendants mettent alors en place des crit\u00e8res de classement des ONG, notamment bas\u00e9s sur la transparence. Outre la Cour des Comptes, organisme public qui contr\u00f4le les finances, des associations collaborent avec les ONG pour \u00e9tablir un contr\u00f4le et fournir ainsi aux donateurs un aper\u00e7u du parcours de leurs dons. Par exemple la fondation Prometheus propose un barom\u00e8tre de la transparence pour classifier les ONG selon les informations qu\u2019elles fournissent.<\/p>\n<p align=\"center\"><strong>Transparence moyenne des ONG ayant r\u00e9pondu, selon les crit\u00e8res \u00e9tablis<\/strong><\/p>\n<figure id=\"attachment_1510\" aria-describedby=\"caption-attachment-1510\" style=\"width: 619px\" class=\"wp-caption alignnone\"><a href=\"http:\/\/blogs.univ-jfc.fr\/projetcroixrouge\/wp-content\/uploads\/sites\/40\/2015\/03\/Transparence-moyenne-des-ONG-ayant-r\u00e9pondu-selon-les-crit\u00e8res-\u00e9tablis.png\"><img loading=\"lazy\" class=\" wp-image-1510\" alt=\"Transparence moyenne des ONG ayant r\u00e9pondu, selon les crit\u00e8res \u00e9tablis\" src=\"http:\/\/blogs.univ-jfc.fr\/projetcroixrouge\/wp-content\/uploads\/sites\/40\/2015\/03\/Transparence-moyenne-des-ONG-ayant-r\u00e9pondu-selon-les-crit\u00e8res-\u00e9tablis.png\" width=\"619\" height=\"285\" srcset=\"https:\/\/blogs.univ-jfc.fr\/projetcroixrouge\/wp-content\/uploads\/sites\/40\/2015\/03\/Transparence-moyenne-des-ONG-ayant-r\u00e9pondu-selon-les-crit\u00e8res-\u00e9tablis.png 619w, https:\/\/blogs.univ-jfc.fr\/projetcroixrouge\/wp-content\/uploads\/sites\/40\/2015\/03\/Transparence-moyenne-des-ONG-ayant-r\u00e9pondu-selon-les-crit\u00e8res-\u00e9tablis-300x138.png 300w\" sizes=\"(max-width: 619px) 100vw, 619px\" \/><\/a><figcaption id=\"caption-attachment-1510\" class=\"wp-caption-text\">\u00a0 \u00a0 \u00a0 \u00a0 \u00a0 \u00a0 \u00a0 \u00a0 \u00a0 \u00a0 \u00a0 \u00a0Graphique tir\u00e9 du<a href=\"http:\/\/www.fondation-prometheus.org\/wsite\/wp-content\/uploads\/Barometre_ONG_2012_2013.pdf\" target=\"_blank\"> site internet de la Fondation Prometheus<\/a><\/figcaption><\/figure>\n<p style=\"text-align: justify\">En participant \u00e0 ces initiatives et <a href=\"http:\/\/www.croix-rouge.fr\/La-Croix-Rouge\/La-Croix-Rouge-francaise\/Ressources-et-transparence\/Transparence\" target=\"_blank\">en collaborant aux diff\u00e9rents organismes de contr\u00f4le, les ONG \u00ab\u00a0jouent le jeu\u00a0\u00bb<\/a>, en prenant leurs responsabilit\u00e9s face aux enjeux \u00e9thiques auxquels elles sont confront\u00e9es. Les classements propos\u00e9s cr\u00e9ent alors une \u00e9mulation qui conduit encore une fois \u00e0 la recherche d\u2019une\u00a0 gestion id\u00e9ale sans questionnements ni probl\u00e8mes.<\/p>\n<p style=\"text-align: justify\">Cependant une transparence totale n\u2019est pas souhaitable ni r\u00e9alisable pour des syst\u00e8mes financiers complexes. Pour une meilleure efficacit\u00e9, les strat\u00e9gies de gestion sont d\u00e9velopp\u00e9es sur du long terme. Les dons ne sont alors pas imm\u00e9diatement investis dans les missions sociales. Mais comprenons bien que si de telles strat\u00e9gies sont mises en place, c\u2019est que l\u2019objectif est de faire fructifier l\u2019argent donn\u00e9. C\u2019est pourquoi, face au risque d\u2019incompr\u00e9hension des donateurs, la transparence totale des actions financi\u00e8res peut pr\u00e9senter des effets paradoxaux.<\/p>\n<p style=\"text-align: justify\">Les ONG doivent donc pouvoir garder un contr\u00f4le sur les donn\u00e9es financi\u00e8res qu\u2019elles souhaitent publier. Toutefois, elles restent responsables de la gestion de leurs finances, et se doivent d\u2019inscrire leur politique budg\u00e9taire et financi\u00e8re dans l\u2019environnement moral des valeurs d\u00e9fendues. En somme, la complexit\u00e9 du fonctionnement des ONG, difficilement compr\u00e9hensible par le grand public, permet de justifier, dans une certaine mesure, un manque de transparence dont on peut penser qu\u2019il constitue ici un \u00ab\u00a0mal n\u00e9cessaire\u00a0\u00bb.<\/p>\n<p style=\"text-align: justify\">Finalement, face \u00e0 ces enjeux \u00e9thiques, engageant leur responsabilit\u00e9, les ONG tentent d\u2019apporter des solutions permettant une gestion financi\u00e8re respectant les valeurs morales de l\u2019action humanitaire. Mais celle-ci ne doit pas \u00eatre entrav\u00e9e, c\u2019est pourquoi certaines libert\u00e9s sont prises en mati\u00e8re de financement. Face aux probl\u00e8mes qui sont alors soulev\u00e9s, une nouvelle \u00e9thique de gestion de l\u2019argent est mise en place. Ce n\u2019est pas la r\u00e9solution de ces probl\u00e8mes qui est recherch\u00e9e, mais plut\u00f4t l\u2019amoindrissement de leur impact. La pr\u00e9tention n\u2019est pas d\u2019avoir un comportement en tout point parfait et indiscutable, mais de tendre \u00e0 diminuer les aspects immoraux pr\u00e9sents dans la gestion de l\u2019argent. De cette mani\u00e8re, alors que les apparences peuvent parfois montrer le contraire, la plupart des ONG assument les responsabilit\u00e9s qui leur incombent et s\u2019\u00e9vertuent \u00e0 trouver et appliquer des solutions pour une meilleure gestion de l\u2019argent.<\/p>\n<p style=\"text-align: justify\"><a title=\"Bibliographie\" href=\"http:\/\/blogs.univ-jfc.fr\/projetcroixrouge\/bibliographie-2\/\" target=\"_blank\">Pour en savoir plus<\/a><\/p>\n","protected":false},"excerpt":{"rendered":"<p>Malgr\u00e9 les efforts mis en \u0153uvre pour r\u00e9soudre les probl\u00e8mes de gestion, les donateurs sont exigeants et demandent un droit de regard pour contr\u00f4ler par eux-m\u00eames la gestion financi\u00e8re des ONG. Afin de r\u00e9pondre aux attentes des donateurs, des organismes ind\u00e9pendants mettent alors en place des crit\u00e8res de classement des ONG, notamment bas\u00e9s sur la &hellip; <a href=\"https:\/\/blogs.univ-jfc.fr\/projetcroixrouge\/lhumanitaire-en-questions\/financer-laction-humanitaire\/financer-laction-internationale-transparence\/\" class=\"more-link\">Continuer la lecture de <span class=\"screen-reader-text\">Transparence<\/span> <span class=\"meta-nav\">&rarr;<\/span><\/a><\/p>\n","protected":false},"author":75,"featured_media":0,"parent":238,"menu_order":0,"comment_status":"closed","ping_status":"open","template":"","meta":[],"_links":{"self":[{"href":"https:\/\/blogs.univ-jfc.fr\/projetcroixrouge\/wp-json\/wp\/v2\/pages\/842"}],"collection":[{"href":"https:\/\/blogs.univ-jfc.fr\/projetcroixrouge\/wp-json\/wp\/v2\/pages"}],"about":[{"href":"https:\/\/blogs.univ-jfc.fr\/projetcroixrouge\/wp-json\/wp\/v2\/types\/page"}],"author":[{"embeddable":true,"href":"https:\/\/blogs.univ-jfc.fr\/projetcroixrouge\/wp-json\/wp\/v2\/users\/75"}],"replies":[{"embeddable":true,"href":"https:\/\/blogs.univ-jfc.fr\/projetcroixrouge\/wp-json\/wp\/v2\/comments?post=842"}],"version-history":[{"count":10,"href":"https:\/\/blogs.univ-jfc.fr\/projetcroixrouge\/wp-json\/wp\/v2\/pages\/842\/revisions"}],"predecessor-version":[{"id":2665,"href":"https:\/\/blogs.univ-jfc.fr\/projetcroixrouge\/wp-json\/wp\/v2\/pages\/842\/revisions\/2665"}],"up":[{"embeddable":true,"href":"https:\/\/blogs.univ-jfc.fr\/projetcroixrouge\/wp-json\/wp\/v2\/pages\/238"}],"wp:attachment":[{"href":"https:\/\/blogs.univ-jfc.fr\/projetcroixrouge\/wp-json\/wp\/v2\/media?parent=842"}],"curies":[{"name":"wp","href":"https:\/\/api.w.org\/{rel}","templated":true}]}}