{"id":86,"date":"2015-01-05T11:53:27","date_gmt":"2015-01-05T10:53:27","guid":{"rendered":"http:\/\/blogs.univ-jfc.fr\/projetcroixrouge\/?page_id=86"},"modified":"2015-04-12T12:07:07","modified_gmt":"2015-04-12T11:07:07","slug":"laction-sanitaire-et-sociale-de-la-croix-rouge-pendant-la-seconde-guerre-mondiale","status":"publish","type":"page","link":"https:\/\/blogs.univ-jfc.fr\/projetcroixrouge\/la-croix-rouge-dans-les-guerres-mondiales\/laction-sanitaire-et-sociale-de-la-croix-rouge-pendant-la-seconde-guerre-mondiale\/","title":{"rendered":"L&rsquo;action sanitaire et sociale de la Croix-Rouge pendant la Seconde Guerre mondiale"},"content":{"rendered":"<p align=\"JUSTIFY\"><span style=\"font-family: Arial,sans-serif\"><span style=\"font-size: small\"><span style=\"font-size: medium\">\u00a0 \u00a0 La Croix-Rouge fran\u00e7aise f\u00eate aujourd&rsquo;hui ses cent cinquante ans d&rsquo;action sanitaire et sociale aupr\u00e8s de la population. Nous allons nous int\u00e9resser en d\u00e9tail \u00e0 l&rsquo;action sanitaire et sociale de la Croix-Rouge fran\u00e7aise aupr\u00e8s des populations civiles pendant la Seconde Guerre Mondiale. <\/span><\/span><\/span><\/p>\n<figure id=\"attachment_1656\" aria-describedby=\"caption-attachment-1656\" style=\"width: 230px\" class=\"wp-caption alignleft\"><a href=\"http:\/\/blogs.univ-jfc.fr\/projetcroixrouge\/wp-content\/uploads\/sites\/40\/2015\/01\/d014dcee977acf6f1b3e2c4de8eedb76.jpg\"><img loading=\"lazy\" class=\"size-medium wp-image-1656 \" title=\"Distribution de lait pasteuris\u00e9 pendant la Secnonde Guerre Mondiale ( Site de la CRF )\" alt=\"\" src=\"http:\/\/blogs.univ-jfc.fr\/projetcroixrouge\/wp-content\/uploads\/sites\/40\/2015\/01\/d014dcee977acf6f1b3e2c4de8eedb76-230x300.jpg\" width=\"230\" height=\"300\" srcset=\"https:\/\/blogs.univ-jfc.fr\/projetcroixrouge\/wp-content\/uploads\/sites\/40\/2015\/01\/d014dcee977acf6f1b3e2c4de8eedb76-230x300.jpg 230w, https:\/\/blogs.univ-jfc.fr\/projetcroixrouge\/wp-content\/uploads\/sites\/40\/2015\/01\/d014dcee977acf6f1b3e2c4de8eedb76.jpg 236w\" sizes=\"(max-width: 230px) 100vw, 230px\" \/><\/a><figcaption id=\"caption-attachment-1656\" class=\"wp-caption-text\">L&rsquo;action sanitaire et sociale de la CRF aupr\u00e8s des populations civiles<\/figcaption><\/figure>\n<p align=\"JUSTIFY\"><span style=\"font-family: Arial,sans-serif\"><span style=\"font-size: small\"><span style=\"font-size: medium\">\u00a0 \u00a0 La Seconde Guerre Mondiale est un conflit particulier pour la Croix-Rouge fran\u00e7aise, car son domaine d&rsquo;action tend \u00e0 s&rsquo;\u00e9largir. En effet, l&rsquo;action sociale d\u00e9finit l&rsquo;aide apport\u00e9e aux populations les plus pauvres, pour les aider \u00e0 devenir autonomes, mais aussi pour que leur int\u00e9gration \u00e0 la soci\u00e9t\u00e9 soit plus efficace. Une action sociale peut \u00e9galement \u00eatre mise en place \u00e0 des moments sp\u00e9cifiques, lors de catastrophes naturelles ou de guerres afin de venir en aide et soutenir les populations civiles touch\u00e9es par le conflit. L&rsquo;action sanitaire vise quant \u00e0 elle \u00e0 prot\u00e9ger et pr\u00e9server la sant\u00e9 des populations pr\u00e9caires.\u00a0 Comme nous l&rsquo;avons dit pr\u00e9c\u00e9demment, l&rsquo;action sanitaire et sociale vise \u00e0 prot\u00e9ger les populations les plus pauvres pour la Croix-Rouge. Or, en temps de guerre, et plus particuli\u00e8rement pendant la Seconde Guerre Mondiale, cette aide sanitaire et sociale ne s\u2019arr\u00eate plus seulement aux populations pauvres, mais s\u2019\u00e9tend \u00e0 toute la population civile touch\u00e9e par le conflit. <\/span><\/span><\/span><\/p>\n<p align=\"JUSTIFY\"><span style=\"font-family: Arial,sans-serif\"><span style=\"font-size: medium\">\u00a0 \u00a0 La Croix-Rouge fran\u00e7aise \u00e0 t-elle r\u00e9ussi \u00e0 assumer son r\u00f4le, face \u00e0 de nombreux enjeux, dans les circonstances dramatiques de la Seconde Guerre Mondiale ? <\/span><\/span><\/p>\n<p align=\"JUSTIFY\"><span style=\"font-family: Arial,sans-serif\"><span style=\"font-size: medium\">\u00a0 \u00a0 Des 1939, la <a title=\"Une Croix-Rouge ind\u00e9cise mais dynamique\" href=\"http:\/\/blogs.univ-jfc.fr\/projetcroixrouge\/la-croix-rouge-dans-les-guerres-mondiales\/laction-sanitaire-et-sociale-de-la-croix-rouge-pendant-la-seconde-guerre-mondiale\/une-croix-rouge-indecise-mais-dynamique\/\" target=\"_blank\">Croix-Rouge fran\u00e7aise est dynamique mais aussi incertaine<\/a> : elle voit ses d\u00e9fis se multiplier dans un champ d&rsquo;action difficile marqu\u00e9 par un manque de b\u00e9n\u00e9voles. Elle centre alors son action sur <a title=\"Des populations civiles en difficult\u00e9\" href=\"http:\/\/blogs.univ-jfc.fr\/projetcroixrouge\/la-croix-rouge-dans-les-guerres-mondiales\/laction-sanitaire-et-sociale-de-la-croix-rouge-pendant-la-seconde-guerre-mondiale\/des-populations-civiles-en-difficulte\/\" target=\"_blank\">les populations civiles en difficult\u00e9 <\/a>et notamment les enfants. Une question importante se pose cependant : celle des secours aux intern\u00e9s civils dans les camps d&rsquo;internement. D&rsquo;ailleurs l&rsquo;intervention aupr\u00e8s de ces intern\u00e9s montre une certaine ambigu\u00eft\u00e9 dans les actions de la Croix-Rouge fran\u00e7aise. Au moment de la <a title=\"Lib\u00e9ration et premi\u00e8res reconstructions\" href=\"http:\/\/blogs.univ-jfc.fr\/projetcroixrouge\/la-croix-rouge-dans-les-guerres-mondiales\/laction-sanitaire-et-sociale-de-la-croix-rouge-pendant-la-seconde-guerre-mondiale\/liberation-et-premieres-reconstructions\/\" target=\"_blank\">Lib\u00e9ration et des premi\u00e8res reconstructions<\/a> en 1944, la Croix-Rouge fran\u00e7aise met en place de nombreux dispositifs, dont la formation de nouveaux secouristes, d&rsquo;aide et de reconstruction afin d&rsquo;aider les populations civiles \u00e0 se reconstruire. En effet, c&rsquo;est un moment particulier pour la Croix-Rouge fran\u00e7aise car les combats reprennent sur le sol fran\u00e7ais et des populations sont d\u00e9plac\u00e9es. <\/span><\/span><\/p>\n<p><span style=\"font-family: Arial,sans-serif\"><span style=\"font-family: Arial,sans-serif\"><span style=\"font-size: small\"><b>R\u00e9dacteurs<\/b><\/span><\/span><span style=\"font-family: Arial,sans-serif\"><span style=\"font-size: small\"> : BELLONCLE Marine, BLATCHE Ludovic et LACASSAGNE Robin <\/span><\/span><\/span><\/p>\n","protected":false},"excerpt":{"rendered":"<p>\u00a0 \u00a0 La Croix-Rouge fran\u00e7aise f\u00eate aujourd&rsquo;hui ses cent cinquante ans d&rsquo;action sanitaire et sociale aupr\u00e8s de la population. Nous allons nous int\u00e9resser en d\u00e9tail \u00e0 l&rsquo;action sanitaire et sociale de la Croix-Rouge fran\u00e7aise aupr\u00e8s des populations civiles pendant la Seconde Guerre Mondiale. \u00a0 \u00a0 La Seconde Guerre Mondiale est un conflit particulier pour la &hellip; <a href=\"https:\/\/blogs.univ-jfc.fr\/projetcroixrouge\/la-croix-rouge-dans-les-guerres-mondiales\/laction-sanitaire-et-sociale-de-la-croix-rouge-pendant-la-seconde-guerre-mondiale\/\" class=\"more-link\">Continuer la lecture de <span class=\"screen-reader-text\">L&rsquo;action sanitaire et sociale de la Croix-Rouge pendant la Seconde Guerre mondiale<\/span> <span class=\"meta-nav\">&rarr;<\/span><\/a><\/p>\n","protected":false},"author":15,"featured_media":0,"parent":10,"menu_order":3,"comment_status":"closed","ping_status":"open","template":"","meta":[],"_links":{"self":[{"href":"https:\/\/blogs.univ-jfc.fr\/projetcroixrouge\/wp-json\/wp\/v2\/pages\/86"}],"collection":[{"href":"https:\/\/blogs.univ-jfc.fr\/projetcroixrouge\/wp-json\/wp\/v2\/pages"}],"about":[{"href":"https:\/\/blogs.univ-jfc.fr\/projetcroixrouge\/wp-json\/wp\/v2\/types\/page"}],"author":[{"embeddable":true,"href":"https:\/\/blogs.univ-jfc.fr\/projetcroixrouge\/wp-json\/wp\/v2\/users\/15"}],"replies":[{"embeddable":true,"href":"https:\/\/blogs.univ-jfc.fr\/projetcroixrouge\/wp-json\/wp\/v2\/comments?post=86"}],"version-history":[{"count":35,"href":"https:\/\/blogs.univ-jfc.fr\/projetcroixrouge\/wp-json\/wp\/v2\/pages\/86\/revisions"}],"predecessor-version":[{"id":1962,"href":"https:\/\/blogs.univ-jfc.fr\/projetcroixrouge\/wp-json\/wp\/v2\/pages\/86\/revisions\/1962"}],"up":[{"embeddable":true,"href":"https:\/\/blogs.univ-jfc.fr\/projetcroixrouge\/wp-json\/wp\/v2\/pages\/10"}],"wp:attachment":[{"href":"https:\/\/blogs.univ-jfc.fr\/projetcroixrouge\/wp-json\/wp\/v2\/media?parent=86"}],"curies":[{"name":"wp","href":"https:\/\/api.w.org\/{rel}","templated":true}]}}