{"id":868,"date":"2015-03-05T09:47:20","date_gmt":"2015-03-05T08:47:20","guid":{"rendered":"http:\/\/blogs.univ-jfc.fr\/projetcroixrouge\/?page_id=868"},"modified":"2015-03-26T14:20:02","modified_gmt":"2015-03-26T13:20:02","slug":"les-delegations-regionales-le-prolongement-du-controle-national","status":"publish","type":"page","link":"https:\/\/blogs.univ-jfc.fr\/projetcroixrouge\/la-croix-rouge-tarnaise-hommes-et-institutions\/dans-le-reseau-national\/les-delegations-regionales-le-prolongement-du-controle-national\/","title":{"rendered":"Les d\u00e9l\u00e9gations r\u00e9gionales, le prolongement du contr\u00f4le national"},"content":{"rendered":"<h5>Un jeune \u00e9chelon, tremplin entre le national et le d\u00e9partemental<\/h5>\n<p style=\"text-align: justify\"><span style=\"color: #000000\"><span style=\"font-family: Times New Roman,serif\"><span style=\"font-size: medium\">La d\u00e9l\u00e9gation r\u00e9gionale a notamment pour principal but de coordonner la strat\u00e9gie de l&rsquo;association dans sa circonscription par rapport aux orientations d\u00e9finies par les instances nationales. Elle a pour mission de contr\u00f4ler les activit\u00e9s des d\u00e9l\u00e9gations d\u00e9partementales et territoriales qui lui rendent compte de leurs missions. Ici, la d\u00e9l\u00e9gation r\u00e9gionale est comptable de ce que r\u00e9alisent les d\u00e9l\u00e9gations d\u00e9partementales qui sont sur le terrain. Elle suit les avanc\u00e9es en termes d&rsquo;objectifs et de missions. Elle assure la coordination entre les d\u00e9l\u00e9gations et les \u00e9tablissements de la r\u00e9gion au cas o\u00f9 il y ait des actions collectives, entre d\u00e9partements. Par exemple, si une catastrophe naturelle se produit au sein d\u2019un d\u00e9partement, d\u2019autres d\u00e9partements peuvent intervenir pour renforcer les \u00e9quipes locales d&rsquo;intervention. <\/span><\/span><\/span><\/p>\n<p style=\"text-align: justify\"><span style=\"color: #000000\"><span style=\"font-family: Times New Roman,serif\"><span style=\"font-size: medium\">Outre son r\u00f4le de coordinateur g\u00e9n\u00e9ral, la d\u00e9l\u00e9gation r\u00e9gionale a aussi pour mission de veiller \u00e0 ce qu&rsquo;il n&rsquo;y ait pas de conflit. On pourrait imaginer comme exemple qu&rsquo;il y ait un d\u00e9saccord au sein d\u2019un bureau et que cette d\u00e9l\u00e9gation r\u00e9gionale fasse cesser le litige en remettant clairement en avant les objectifs et le statut initialement pr\u00e9vus pour le bureau en question. Dans chaque r\u00e9gion, il y a donc une commission de m\u00e9diation compos\u00e9e de trois membres \u00e9lus qui s&rsquo;occupent de g\u00e9rer\u00a0 les \u00e9ventuels conflits. Elle rend compte se son action au pr\u00e9sident et au conseil r\u00e9gional. La d\u00e9l\u00e9gation r\u00e9gionale dispose aussi des conseils de surveillance dans les \u00e9tablissements Croix-Rouge.<\/span><\/span><\/span><\/p>\n<figure id=\"attachment_2953\" aria-describedby=\"caption-attachment-2953\" style=\"width: 220px\" class=\"wp-caption alignright\"><a href=\"http:\/\/blogs.univ-jfc.fr\/projetcroixrouge\/wp-content\/uploads\/sites\/40\/2015\/03\/Journee-Portes-Ouvertes-a-Aix-en-Provence-le-24-juin-2015_news_top_image.png\"><img loading=\"lazy\" class=\"size-full wp-image-2953   \" title=\"Journee-Portes-Ouvertes-a-Aix-en-Provence-le-24-juin-2015, d\u00e9l\u00e9gation r\u00e9gionale du Sud Ouest site de formation de provence Cote d'Azur\" alt=\"\" src=\"http:\/\/blogs.univ-jfc.fr\/projetcroixrouge\/wp-content\/uploads\/sites\/40\/2015\/03\/Journee-Portes-Ouvertes-a-Aix-en-Provence-le-24-juin-2015_news_top_image.png\" width=\"220\" height=\"193\" \/><\/a><figcaption id=\"caption-attachment-2953\" class=\"wp-caption-text\">Pr\u00e9sentation pour une journ\u00e9e porte ouverte dans la d\u00e9l\u00e9gation r\u00e9gionale de la r\u00e9gion Sud-Est \u00e0 Aix-en-Provence.<\/figcaption><\/figure>\n<p style=\"text-align: justify\">Les d\u00e9l\u00e9gations r\u00e9gionales sont \u00e9galement\u00a0 l\u00e0 pour aider les instances nationales \u00e0 veiller \u00e0 ce que les actions au niveau local soient en total conformit\u00e9s avec le projet associatif. Cet \u00e9chelon est important, car il permet de coordonner plus facilement les actions. Les d\u00e9l\u00e9gations r\u00e9gionales ont une meilleure connaissance des sp\u00e9cificit\u00e9s de leurs circonscriptions et peuvent proposer des id\u00e9es d&rsquo;adaptation. Elle aide le national \u00e0 surveiller que le cap soit bien suivi. Ce contr\u00f4le est n\u00e9cessaire pour fixer un cadre g\u00e9n\u00e9ral et donner une chance aux politiques qui ont \u00e9t\u00e9 mises en \u0153uvre d&rsquo;\u00eatre plus efficaces.<\/p>\n<h5>Un fonctionnement, interaction entre les diff\u00e9rents \u00e9chelons<\/h5>\n<p align=\"justify\"><span style=\"color: #000000\"><span style=\"font-family: Times New Roman,serif\"><span style=\"font-size: medium\">Pour ce qui est de son fonctionnement, la d\u00e9l\u00e9gation r\u00e9gionale est administr\u00e9e par un conseil d&rsquo;au moins sept membres. Dans ce conseil, il y a une distinction de deux coll\u00e8ges. Dans le premier coll\u00e8ge, il s&rsquo;agit de repr\u00e9sentants des d\u00e9l\u00e9gations d\u00e9partementales (deux par d\u00e9partement : le pr\u00e9sident d\u00e9partemental et un autre adh\u00e9rent \u00e9lu au sein du d\u00e9partement.) Dans le second coll\u00e8ge, il s&rsquo;agit d&rsquo;au moins deux adh\u00e9rents de la r\u00e9gion ayant des comp\u00e9tences particuli\u00e8res. Ils sont \u00e9lus par le premier coll\u00e8ge. Le conseil \u00e9lit ensuite un bureau qui est compos\u00e9 de cinq \u00e0 sept membres, o\u00f9 il y a au moins le pr\u00e9sident r\u00e9gional, un tr\u00e9sorier, un secr\u00e9taire et \u00e9ventuellement les adjoints. Les \u00e9lections g\u00e9n\u00e9rales de la Croix- Rouge fran\u00e7aise ont lieu tous les quatre ans et sont soumises au r\u00e8glement int\u00e9rieur. Avec ces deux organes, la d\u00e9l\u00e9gation r\u00e9gionale peut alors exercer ses missions. <\/span><\/span><\/span><\/p>\n<figure id=\"attachment_2725\" aria-describedby=\"caption-attachment-2725\" style=\"width: 597px\" class=\"wp-caption aligncenter\"><a href=\"http:\/\/blogs.univ-jfc.fr\/projetcroixrouge\/wp-content\/uploads\/sites\/40\/2015\/03\/Capture3.png\"><img loading=\"lazy\" class=\"size-full wp-image-2725 \" title=\"La structure r\u00e9gionale de la Croix-Rouge fran\u00e7aise, 2015, auteurs : Nabil Ousseni, Trystan Simon, M\u00e9lanie Vottero, Cyril Xipolitakis, Benjamin Vigreux.\" alt=\"La structure r\u00e9gionale de la Croix-Rouge fran\u00e7aise\" src=\"http:\/\/blogs.univ-jfc.fr\/projetcroixrouge\/wp-content\/uploads\/sites\/40\/2015\/03\/Capture3.png\" width=\"597\" height=\"885\" srcset=\"https:\/\/blogs.univ-jfc.fr\/projetcroixrouge\/wp-content\/uploads\/sites\/40\/2015\/03\/Capture3.png 597w, https:\/\/blogs.univ-jfc.fr\/projetcroixrouge\/wp-content\/uploads\/sites\/40\/2015\/03\/Capture3-202x300.png 202w\" sizes=\"(max-width: 597px) 100vw, 597px\" \/><\/a><figcaption id=\"caption-attachment-2725\" class=\"wp-caption-text\">La structure r\u00e9gionale de la Croix-Rouge fran\u00e7aise<\/figcaption><\/figure>\n","protected":false},"excerpt":{"rendered":"<p>Un jeune \u00e9chelon, tremplin entre le national et le d\u00e9partemental La d\u00e9l\u00e9gation r\u00e9gionale a notamment pour principal but de coordonner la strat\u00e9gie de l&rsquo;association dans sa circonscription par rapport aux orientations d\u00e9finies par les instances nationales. Elle a pour mission de contr\u00f4ler les activit\u00e9s des d\u00e9l\u00e9gations d\u00e9partementales et territoriales qui lui rendent compte de leurs &hellip; <a href=\"https:\/\/blogs.univ-jfc.fr\/projetcroixrouge\/la-croix-rouge-tarnaise-hommes-et-institutions\/dans-le-reseau-national\/les-delegations-regionales-le-prolongement-du-controle-national\/\" class=\"more-link\">Continuer la lecture de <span class=\"screen-reader-text\">Les d\u00e9l\u00e9gations r\u00e9gionales, le prolongement du contr\u00f4le national<\/span> <span class=\"meta-nav\">&rarr;<\/span><\/a><\/p>\n","protected":false},"author":143,"featured_media":0,"parent":68,"menu_order":5,"comment_status":"closed","ping_status":"open","template":"","meta":[],"_links":{"self":[{"href":"https:\/\/blogs.univ-jfc.fr\/projetcroixrouge\/wp-json\/wp\/v2\/pages\/868"}],"collection":[{"href":"https:\/\/blogs.univ-jfc.fr\/projetcroixrouge\/wp-json\/wp\/v2\/pages"}],"about":[{"href":"https:\/\/blogs.univ-jfc.fr\/projetcroixrouge\/wp-json\/wp\/v2\/types\/page"}],"author":[{"embeddable":true,"href":"https:\/\/blogs.univ-jfc.fr\/projetcroixrouge\/wp-json\/wp\/v2\/users\/143"}],"replies":[{"embeddable":true,"href":"https:\/\/blogs.univ-jfc.fr\/projetcroixrouge\/wp-json\/wp\/v2\/comments?post=868"}],"version-history":[{"count":24,"href":"https:\/\/blogs.univ-jfc.fr\/projetcroixrouge\/wp-json\/wp\/v2\/pages\/868\/revisions"}],"predecessor-version":[{"id":3484,"href":"https:\/\/blogs.univ-jfc.fr\/projetcroixrouge\/wp-json\/wp\/v2\/pages\/868\/revisions\/3484"}],"up":[{"embeddable":true,"href":"https:\/\/blogs.univ-jfc.fr\/projetcroixrouge\/wp-json\/wp\/v2\/pages\/68"}],"wp:attachment":[{"href":"https:\/\/blogs.univ-jfc.fr\/projetcroixrouge\/wp-json\/wp\/v2\/media?parent=868"}],"curies":[{"name":"wp","href":"https:\/\/api.w.org\/{rel}","templated":true}]}}