{"id":900,"date":"2015-03-12T10:16:04","date_gmt":"2015-03-12T09:16:04","guid":{"rendered":"http:\/\/blogs.univ-jfc.fr\/projetcroixrouge\/?page_id=900"},"modified":"2015-03-30T14:42:19","modified_gmt":"2015-03-30T13:42:19","slug":"philosophie-droit-et-action-humanitaire","status":"publish","type":"page","link":"https:\/\/blogs.univ-jfc.fr\/projetcroixrouge\/lhumanitaire-en-questions\/la-philosophie-le-droit-et-laction-humanitaire\/philosophie-droit-et-action-humanitaire\/","title":{"rendered":"Droit International Humanitaire"},"content":{"rendered":"<p><!--\np { margin-bottom: 0.21cm; }\n--><\/p>\n<p align=\"justify\"><span style=\"color: #000000\"><span style=\"font-size: medium\"> La cr\u00e9ation d&rsquo;un droit permet d&rsquo;acqu\u00e9rir une l\u00e9gitimit\u00e9 juridique et sociale. Elle donne du pouvoir au sein de l&rsquo;appareil gouvernemental. Par cons\u00e9quent elle organise la soci\u00e9t\u00e9 et le rapport des hommes entre eux, ces \u00e9l\u00e9ments \u00e9tant n\u00e9cessaires pour transformer des id\u00e9aux en quelque chose d&rsquo;applicable l\u00e9galement. Ainsi en 1864, <a title=\"Dunant apr\u00e8s Dunant\" href=\"http:\/\/blogs.univ-jfc.fr\/projetcroixrouge\/risque-urgence-guerre\/henry-dunant-introduction\/dunant-apres-dunant-2\/\">Henry\u00a0Dunant<\/a> et quatre de ses collaborateurs, Guillaume\u00a0Henri-Dufour, Gustave\u00a0Moynier, Louis\u00a0Appia et Th\u00e9odore\u00a0Maunoir, se r\u00e9unissent lors de la <a href=\"https:\/\/www.icrc.org\/fr\/guerre-et-droit\/traites-et-droit-coutumier\/conventions-de-geneve\">Convention de Gen\u00e8ve<\/a> afin de traduire leurs id\u00e9aux en droit, ils cr\u00e9ent le Droit International Humanitaire (DIH). <\/span><\/span><\/p>\n<p align=\"justify\"><span style=\"color: #000000\"><span style=\"font-size: medium\"> Cette Convention \u00e9tablit les premi\u00e8res r\u00e8gles devant encadrer l\u2019action humanitaire\u00a0; elle officialise \u00e9galement le symbole de la Croix-Rouge sur fond blanc. C\u2019est \u00e0 cette m\u00eame occasion qu&rsquo;est cr\u00e9e le Comit\u00e9 International de secours aux bless\u00e9s militaires. De cette fa\u00e7on le DIH est indissociable de ce comit\u00e9 qui, en 1880, changera son nom pour celui de CICR (Comit\u00e9 International de la Croix-Rouge). La Croix-Rouge va s&rsquo;efforcer d&rsquo;ajuster ces principes moraux lors de ses interventions tout en \u00e9tant encadr\u00e9e juridiquement par le DIH. Ces id\u00e9aux qui sont d\u00e9finis tout au long de l&rsquo;histoire de la Croix-Rouge sont au nombre de sept : humanit\u00e9, impartialit\u00e9, neutralit\u00e9, ind\u00e9pendance, volontariat, unit\u00e9 et universalit\u00e9.<\/span><\/span><\/p>\n<p align=\"justify\"><span style=\"color: #000000\"><span style=\"font-size: medium\">Le droit international humanitaire implique tout d\u2019abord l\u2019obligation de dispenser des soins \u00e0 tous les bless\u00e9s militaires sans distinction de race, de couleur, de camp ou de religion. Le personnel sanitaire et ses installations doivent \u00eatre prot\u00e9g\u00e9s, la protection du personnel, du mat\u00e9riel et des moyens de transports sanitaires devient obligatoire et les installations -qu\u2019elles soient mobiles ou fixes- ne doivent pas \u00eatre d\u00e9tourn\u00e9es de leur fonction principale. En cas de conflit ces installations b\u00e9n\u00e9ficient d\u2019un des principes fondamentaux de la Croix-Rouge\u00a0: la neutralit\u00e9. <\/span><\/span><\/p>\n<p align=\"justify\"><span style=\"color: #000000\"><span style=\"font-size: medium\">Depuis sa cr\u00e9ation le DIH a \u00e9t\u00e9 en constante \u00e9volution ; de nouveaux textes sont venus s\u2019ajouter comme la Convention de Gen\u00e8ve <\/span><span style=\"font-size: medium\">de<\/span><span style=\"font-size: medium\"> 1949 et le Premier protocole additionnel de 1977, qui r\u00e9gissent les conflits arm\u00e9s internationaux. Avec ces ajouts <\/span><span style=\"font-size: medium\">le DIH<\/span><span style=\"font-size: medium\"> prot\u00e8ge d\u00e9sormais les civils.<\/span> <span style=\"font-size: medium\">L\u2019objectif <\/span><span style=\"font-size: medium\">est <\/span><span style=\"font-size: medium\">de <\/span><span style=\"font-size: medium\">limiter<\/span><span style=\"font-size: medium\"> la barbarie de la guerre, ainsi le DIH doit s\u2019adapter aux \u00e9volutions des conflits. <\/span><\/span><\/p>\n<p align=\"justify\"><span style=\"color: #000000\"><span style=\"font-size: medium\">Malgr\u00e9 l\u2019assistance qu&rsquo;elle d\u00e9livre aux populations en danger, l\u2019action humanitaire ne va pas \u00eatre exempte de critiques. Tr\u00e8s t\u00f4t on remet en cause sa l\u00e9gitimit\u00e9 et ses repr\u00e9sentants sont pris pour cible au c\u0153ur m\u00eame des conflits. Son efficacit\u00e9 elle-m\u00eame va \u00eatre sujette \u00e0 d\u00e9bat ; l\u2019exemple le plus flagrant \u00e9tant celui de la <a title=\"La Croix-Rouge dans la Seconde Guerre Mondiale\" href=\"http:\/\/blogs.univ-jfc.fr\/projetcroixrouge\/la-croix-rouge-dans-les-guerres-mondiales\/la-croix-rouge-dans-loccupation\/\">seconde Guerre mondiale<\/a>, lorsque son principe de neutralit\u00e9 emp\u00eache le CICR de d\u00e9noncer les camps de concentration et d\u2019extermination nazis. Cet \u00e9v\u00e9nement va lui valoir, \u00e0 la fin de la guerre, d\u2019\u00eatre tax\u00e9 d\u2019immobilisme.<\/span><\/span><\/p>\n<p align=\"justify\"><span style=\"color: #000000\"><span style=\"font-size: medium\">On cherche alors \u00e0 th\u00e9oriser un nouveau principe moral sur le plan juridique, qui permettrait d\u2019intervenir n\u2019importe o\u00f9 quand les populations sont en d\u00e9tresse\u00a0: c\u2019est dans ce contexte que na\u00eet le <a title=\"Droit d\u2019Ing\u00e9rence\" href=\"http:\/\/blogs.univ-jfc.fr\/projetcroixrouge\/lhumanitaire-en-questions\/la-philosophie-le-droit-et-laction-humanitaire\/droit-dingerence\/\">droit d\u2019ing\u00e9rence<\/a>. <\/span><\/span><\/p>\n<p align=\"justify\"><strong>Pour en savoir plus sur: <a title=\"En savoir plus: Droit International Humanitaire\" href=\"http:\/\/blogs.univ-jfc.fr\/projetcroixrouge\/lhumanitaire-en-questions\/la-philosophie-le-droit-et-laction-humanitaire\/philosophie-droit-et-action-humanitaire\/en-savoir-plus-droit-international-humanitaire\/\" target=\"_blank\">Le Droit International Humanitaire.<\/a><\/strong><\/p>\n<p><!--\np { margin-bottom: 0.25cm; line-height: 120%; }\n--><\/p>\n","protected":false},"excerpt":{"rendered":"<p>La cr\u00e9ation d&rsquo;un droit permet d&rsquo;acqu\u00e9rir une l\u00e9gitimit\u00e9 juridique et sociale. Elle donne du pouvoir au sein de l&rsquo;appareil gouvernemental. Par cons\u00e9quent elle organise la soci\u00e9t\u00e9 et le rapport des hommes entre eux, ces \u00e9l\u00e9ments \u00e9tant n\u00e9cessaires pour transformer des id\u00e9aux en quelque chose d&rsquo;applicable l\u00e9galement. Ainsi en 1864, Henry\u00a0Dunant et quatre de ses collaborateurs, &hellip; <a href=\"https:\/\/blogs.univ-jfc.fr\/projetcroixrouge\/lhumanitaire-en-questions\/la-philosophie-le-droit-et-laction-humanitaire\/philosophie-droit-et-action-humanitaire\/\" class=\"more-link\">Continuer la lecture de <span class=\"screen-reader-text\">Droit International Humanitaire<\/span> <span class=\"meta-nav\">&rarr;<\/span><\/a><\/p>\n","protected":false},"author":132,"featured_media":0,"parent":677,"menu_order":0,"comment_status":"closed","ping_status":"open","template":"","meta":[],"_links":{"self":[{"href":"https:\/\/blogs.univ-jfc.fr\/projetcroixrouge\/wp-json\/wp\/v2\/pages\/900"}],"collection":[{"href":"https:\/\/blogs.univ-jfc.fr\/projetcroixrouge\/wp-json\/wp\/v2\/pages"}],"about":[{"href":"https:\/\/blogs.univ-jfc.fr\/projetcroixrouge\/wp-json\/wp\/v2\/types\/page"}],"author":[{"embeddable":true,"href":"https:\/\/blogs.univ-jfc.fr\/projetcroixrouge\/wp-json\/wp\/v2\/users\/132"}],"replies":[{"embeddable":true,"href":"https:\/\/blogs.univ-jfc.fr\/projetcroixrouge\/wp-json\/wp\/v2\/comments?post=900"}],"version-history":[{"count":18,"href":"https:\/\/blogs.univ-jfc.fr\/projetcroixrouge\/wp-json\/wp\/v2\/pages\/900\/revisions"}],"predecessor-version":[{"id":3578,"href":"https:\/\/blogs.univ-jfc.fr\/projetcroixrouge\/wp-json\/wp\/v2\/pages\/900\/revisions\/3578"}],"up":[{"embeddable":true,"href":"https:\/\/blogs.univ-jfc.fr\/projetcroixrouge\/wp-json\/wp\/v2\/pages\/677"}],"wp:attachment":[{"href":"https:\/\/blogs.univ-jfc.fr\/projetcroixrouge\/wp-json\/wp\/v2\/media?parent=900"}],"curies":[{"name":"wp","href":"https:\/\/api.w.org\/{rel}","templated":true}]}}