{"id":918,"date":"2015-03-05T10:15:24","date_gmt":"2015-03-05T09:15:24","guid":{"rendered":"http:\/\/blogs.univ-jfc.fr\/projetcroixrouge\/?page_id=918"},"modified":"2015-04-01T21:22:25","modified_gmt":"2015-04-01T20:22:25","slug":"dons-prives-et-investissements-publics-des-inegalites-dinvestissement-sur-le-terrain","status":"publish","type":"page","link":"https:\/\/blogs.univ-jfc.fr\/projetcroixrouge\/lhumanitaire-en-questions\/financer-laction-humanitaire\/dons-prives-et-investissements-publics-des-inegalites-dinvestissement-sur-le-terrain\/","title":{"rendered":"Dons priv\u00e9s et investissements publics\u00a0: des in\u00e9galit\u00e9s d&rsquo;investissement sur le terrain"},"content":{"rendered":"<figure id=\"attachment_961\" aria-describedby=\"caption-attachment-961\" style=\"width: 300px\" class=\"wp-caption alignleft\"><a href=\"http:\/\/blogs.univ-jfc.fr\/projetcroixrouge\/wp-content\/uploads\/sites\/40\/2015\/03\/Vignette-partie-financement.jpg\"><img loading=\"lazy\" class=\"size-medium wp-image-961 \" style=\"margin: 5px 10px;border: 1px solid black\" alt=\"Avion chargeant l'ade humanitaire europ\u00e9enne.\" src=\"http:\/\/blogs.univ-jfc.fr\/projetcroixrouge\/wp-content\/uploads\/sites\/40\/2015\/03\/Vignette-partie-financement-300x200.jpg\" width=\"300\" height=\"200\" srcset=\"https:\/\/blogs.univ-jfc.fr\/projetcroixrouge\/wp-content\/uploads\/sites\/40\/2015\/03\/Vignette-partie-financement-300x200.jpg 300w, https:\/\/blogs.univ-jfc.fr\/projetcroixrouge\/wp-content\/uploads\/sites\/40\/2015\/03\/Vignette-partie-financement.jpg 800w\" sizes=\"(max-width: 300px) 100vw, 300px\" \/><\/a><figcaption id=\"caption-attachment-961\" class=\"wp-caption-text\">Avion chargeant l&rsquo;aide humanitaire europ\u00e9enne.<\/figcaption><\/figure>\n<p align=\"JUSTIFY\"><span style=\"font-family: Arial,sans-serif\">Le <a title=\"Les origines des financements\" href=\"http:\/\/blogs.univ-jfc.fr\/projetcroixrouge\/les-origines-des-financements\/\">financement de l&rsquo;action humanitaire <\/a>est une hi\u00e9rarchie complexe et tr\u00e8s structur\u00e9e o\u00f9 l&rsquo;on distingue d&rsquo;abord deux parties publique et priv\u00e9e. Les fonds d&rsquo;origines publique ou APD se couplent aux fonds d&rsquo;origine priv\u00e9e se nommant IED et comprenant la philanthropie ainsi que le financement par des entreprises multinationales.<\/span><\/p>\n<p align=\"JUSTIFY\"><span style=\"color: #ffffff\">.<\/span><\/p>\n<p align=\"JUSTIFY\"><span style=\"color: #ffffff\">.<\/span><\/p>\n<figure id=\"attachment_963\" aria-describedby=\"caption-attachment-963\" style=\"width: 300px\" class=\"wp-caption alignright\"><a href=\"http:\/\/blogs.univ-jfc.fr\/projetcroixrouge\/wp-content\/uploads\/sites\/40\/2015\/03\/Vignette-financement-part_B.jpg\"><img loading=\"lazy\" class=\"size-medium wp-image-963 \" style=\"margin: 20px 10px;border: 1px solid black\" alt=\"Camp de r\u00e9fugi\u00e9es dress\u00e9 en r\u00e9ponse \u00e0 la crise en Syrie\" src=\"http:\/\/blogs.univ-jfc.fr\/projetcroixrouge\/wp-content\/uploads\/sites\/40\/2015\/03\/Vignette-financement-part_B-300x199.jpg\" width=\"300\" height=\"199\" srcset=\"https:\/\/blogs.univ-jfc.fr\/projetcroixrouge\/wp-content\/uploads\/sites\/40\/2015\/03\/Vignette-financement-part_B-300x199.jpg 300w, https:\/\/blogs.univ-jfc.fr\/projetcroixrouge\/wp-content\/uploads\/sites\/40\/2015\/03\/Vignette-financement-part_B.jpg 1024w\" sizes=\"(max-width: 300px) 100vw, 300px\" \/><\/a><figcaption id=\"caption-attachment-963\" class=\"wp-caption-text\">Camp de r\u00e9fugi\u00e9s dress\u00e9 en r\u00e9ponse \u00e0 la crise en Syrie<\/figcaption><\/figure>\n<p align=\"JUSTIFY\"><span style=\"color: #ffffff\">&#8230;&#8230;&#8230;&#8230;<\/span><\/p>\n<p align=\"JUSTIFY\"><span style=\"font-family: Arial,sans-serif\">Mais les capitaux disponibles et les secteurs d&#8217;emploi sont variables, du fait de la multitude d&rsquo;\u00e9chelles\u00a0 et d&rsquo;acteurs de financement mais aussi du <a title=\"L\u2019influence des crises sur la r\u00e9partition des capitaux\" href=\"http:\/\/blogs.univ-jfc.fr\/projetcroixrouge\/lhumanitaire-en-questions\/financer-laction-humanitaire\/dons-prives-et-investissements-publics-des-inegalites-dinvestissement-sur-le-terrain\/linfluence-des-crises-sur-la-repartition-des-capitaux\/\">poids que les crises soudaines <\/a>occupent parmi les diff\u00e9rents budgets. <\/span><\/p>\n<p>&nbsp;<\/p>\n","protected":false},"excerpt":{"rendered":"<p>Le financement de l&rsquo;action humanitaire est une hi\u00e9rarchie complexe et tr\u00e8s structur\u00e9e o\u00f9 l&rsquo;on distingue d&rsquo;abord deux parties publique et priv\u00e9e. Les fonds d&rsquo;origines publique ou APD se couplent aux fonds d&rsquo;origine priv\u00e9e se nommant IED et comprenant la philanthropie ainsi que le financement par des entreprises multinationales. . . &#8230;&#8230;&#8230;&#8230; Mais les capitaux disponibles &hellip; <a href=\"https:\/\/blogs.univ-jfc.fr\/projetcroixrouge\/lhumanitaire-en-questions\/financer-laction-humanitaire\/dons-prives-et-investissements-publics-des-inegalites-dinvestissement-sur-le-terrain\/\" class=\"more-link\">Continuer la lecture de <span class=\"screen-reader-text\">Dons priv\u00e9s et investissements publics\u00a0: des in\u00e9galit\u00e9s d&rsquo;investissement sur le terrain<\/span> <span class=\"meta-nav\">&rarr;<\/span><\/a><\/p>\n","protected":false},"author":55,"featured_media":0,"parent":238,"menu_order":0,"comment_status":"closed","ping_status":"open","template":"","meta":[],"_links":{"self":[{"href":"https:\/\/blogs.univ-jfc.fr\/projetcroixrouge\/wp-json\/wp\/v2\/pages\/918"}],"collection":[{"href":"https:\/\/blogs.univ-jfc.fr\/projetcroixrouge\/wp-json\/wp\/v2\/pages"}],"about":[{"href":"https:\/\/blogs.univ-jfc.fr\/projetcroixrouge\/wp-json\/wp\/v2\/types\/page"}],"author":[{"embeddable":true,"href":"https:\/\/blogs.univ-jfc.fr\/projetcroixrouge\/wp-json\/wp\/v2\/users\/55"}],"replies":[{"embeddable":true,"href":"https:\/\/blogs.univ-jfc.fr\/projetcroixrouge\/wp-json\/wp\/v2\/comments?post=918"}],"version-history":[{"count":10,"href":"https:\/\/blogs.univ-jfc.fr\/projetcroixrouge\/wp-json\/wp\/v2\/pages\/918\/revisions"}],"predecessor-version":[{"id":962,"href":"https:\/\/blogs.univ-jfc.fr\/projetcroixrouge\/wp-json\/wp\/v2\/pages\/918\/revisions\/962"}],"up":[{"embeddable":true,"href":"https:\/\/blogs.univ-jfc.fr\/projetcroixrouge\/wp-json\/wp\/v2\/pages\/238"}],"wp:attachment":[{"href":"https:\/\/blogs.univ-jfc.fr\/projetcroixrouge\/wp-json\/wp\/v2\/media?parent=918"}],"curies":[{"name":"wp","href":"https:\/\/api.w.org\/{rel}","templated":true}]}}