{"id":96,"date":"2015-01-05T11:57:53","date_gmt":"2015-01-05T10:57:53","guid":{"rendered":"http:\/\/blogs.univ-jfc.fr\/projetcroixrouge\/?page_id=96"},"modified":"2015-03-26T09:50:58","modified_gmt":"2015-03-26T08:50:58","slug":"pauvrete-action-sanitaire-et-sociale-au-xixe-siecle","status":"publish","type":"page","link":"https:\/\/blogs.univ-jfc.fr\/projetcroixrouge\/pauvrete-action-sanitaire-et-sociale\/pauvrete-action-sanitaire-et-sociale-au-xixe-siecle\/","title":{"rendered":"Pauvret\u00e9, action sanitaire et sociale au XIXe si\u00e8cle"},"content":{"rendered":"<figure id=\"attachment_1291\" aria-describedby=\"caption-attachment-1291\" style=\"width: 367px\" class=\"wp-caption alignleft\"><a href=\"http:\/\/blogs.univ-jfc.fr\/projetcroixrouge\/wp-content\/uploads\/sites\/40\/2015\/03\/Mendicit\u00e9-interdite-dans-lOise.jpg\"><img loading=\"lazy\" class=\" wp-image-1291   \" title=\"Mendicit\u00e9 interdite dans la Seine &amp; Oise (fr.topic.topos)\" alt=\"Des panneaux tels que celui-ci \u00e9taient affich\u00e9s dans toute la France\" src=\"http:\/\/blogs.univ-jfc.fr\/projetcroixrouge\/wp-content\/uploads\/sites\/40\/2015\/03\/Mendicit\u00e9-interdite-dans-lOise.jpg\" width=\"367\" height=\"130\" srcset=\"https:\/\/blogs.univ-jfc.fr\/projetcroixrouge\/wp-content\/uploads\/sites\/40\/2015\/03\/Mendicit\u00e9-interdite-dans-lOise.jpg 524w, https:\/\/blogs.univ-jfc.fr\/projetcroixrouge\/wp-content\/uploads\/sites\/40\/2015\/03\/Mendicit\u00e9-interdite-dans-lOise-300x106.jpg 300w\" sizes=\"(max-width: 367px) 100vw, 367px\" \/><\/a><figcaption id=\"caption-attachment-1291\" class=\"wp-caption-text\">Des panneaux tels que celui-ci \u00e9taient affich\u00e9s dans toute la France<\/figcaption><\/figure>\n<p dir=\"ltr\" style=\"text-align: justify\">Le XIXe si\u00e8cle voit les Fran\u00e7ais envisager diff\u00e9remment la probl\u00e9matique que repr\u00e9sentent les pauvres et l&rsquo;importance de les aider. Devant la Chambre des d\u00e9put\u00e9s, Lamartine tient un discours dans lequel il encourage l&rsquo;homme qui \u00ab se m\u00e9nage les moyens de ne pas recourir \u00e0 la bienfaisance publique \u00bb \u00e0 aider les pauvres, et qualifie les caisses d&rsquo;\u00e9pargne de \u00ab\u00a0compl\u00e9ment de moyens d&rsquo;\u00e9teindre la mendicit\u00e9\u00a0\u00bb. La charit\u00e9 chr\u00e9tienne, \u00ab\u00a0qui entretient le pauvre dans une d\u00e9pendance mat\u00e9rielle et morale\u00a0\u00bb, est parfois mise \u00e0 mal par des propos qui vont dans ce sens et qui se font plus courants. La population a peur des vagabonds, qui sont certes rares mais sont plus visibles au cours de ce si\u00e8cle, et voit \u00e9galement la pauvret\u00e9 se rapprocher dans les rues et dans les campagnes. La limitation de la pauvret\u00e9 devient donc une question importante \u00e0 l&rsquo;\u00e9chelle nationale, que ce soit dans le domaine public ou dans les \u0153uvres priv\u00e9es. Le contexte est donc tendu et il devient essentiel d&rsquo;agir pour beaucoup de monde.<\/p>\n<figure id=\"attachment_419\" aria-describedby=\"caption-attachment-419\" style=\"width: 295px\" class=\"wp-caption alignright\"><a href=\"http:\/\/blogs.univ-jfc.fr\/projetcroixrouge\/wp-content\/uploads\/sites\/40\/2015\/01\/depot_de_mendicite_villers_cotterets_dortoir.jpg\"><img loading=\"lazy\" class=\"wp-image-419      \" title=\"D\u00e9p\u00f4t de mendicit\u00e9 de Villers-Cotter\u00eats (prisons-cherche-midi-mauzac.com)\" alt=\"Reconstitution du dortoir d'un d\u00e9p\u00f4t de mendicit\u00e9\" src=\"http:\/\/blogs.univ-jfc.fr\/projetcroixrouge\/wp-content\/uploads\/sites\/40\/2015\/01\/depot_de_mendicite_villers_cotterets_dortoir.jpg\" width=\"295\" height=\"175\" srcset=\"https:\/\/blogs.univ-jfc.fr\/projetcroixrouge\/wp-content\/uploads\/sites\/40\/2015\/01\/depot_de_mendicite_villers_cotterets_dortoir.jpg 615w, https:\/\/blogs.univ-jfc.fr\/projetcroixrouge\/wp-content\/uploads\/sites\/40\/2015\/01\/depot_de_mendicite_villers_cotterets_dortoir-300x178.jpg 300w\" sizes=\"(max-width: 295px) 100vw, 295px\" \/><\/a><figcaption id=\"caption-attachment-419\" class=\"wp-caption-text\">Reconstitution du dortoir d&rsquo;un d\u00e9p\u00f4t de mendicit\u00e9<\/figcaption><\/figure>\n<p dir=\"ltr\" style=\"text-align: justify\">Comment l\u2019\u00c9tat a-t-il fait muter sa politique contre la pauvret\u00e9, allant d&rsquo;une r\u00e9pression\u00a0affich\u00e9e et s\u00e9v\u00e8re \u00e0 une lutte plus ouverte et visant plus \u00e0 aider les pauvres qu&rsquo;\u00e0 les \u00e9loigner\u00a0? Quelle est l&rsquo;association entre l&rsquo;Etat et les \u0153uvres priv\u00e9es et comment la politique publique a-t-elle men\u00e9 \u00e0 une modification radicale de l&rsquo;assistance priv\u00e9e\u00a0? Et, enfin, quelles sont les transformations lanc\u00e9es par la Troisi\u00e8me R\u00e9publique pour am\u00e9liorer l&rsquo;assistance au pauvre \u00e0 partir de 1870\u00a0?<\/p>\n<p style=\"text-align: justify\">Pour r\u00e9pondre \u00e0 ces questions, nous commencerons par \u00e9tudier <a title=\"L'action de l'Etat au XIXe si\u00e8cle\" href=\"http:\/\/blogs.univ-jfc.fr\/projetcroixrouge\/pauvrete-action-sanitaire-et-sociale\/pauvrete-action-sanitaire-et-sociale-au-xixe-siecle\/pauvrete-et-action-privee-au-xixe-siecle\/\" target=\"_blank\">l&rsquo;action de l&rsquo;Etat au XIXe si\u00e8cle<\/a>, \u00e0 travers la mutation des h\u00f4pitaux et la mutation des bureaux de charit\u00e9 en bureaux de bienfaisance, puis par la vision que le peuple a de ces aides et, enfin, par la tentative de la\u00efcisation de l&rsquo;assistance civile men\u00e9e d\u00e8s le d\u00e9but du si\u00e8cle.<\/p>\n<figure id=\"attachment_1288\" aria-describedby=\"caption-attachment-1288\" style=\"width: 278px\" class=\"wp-caption alignleft\"><a href=\"http:\/\/blogs.univ-jfc.fr\/projetcroixrouge\/wp-content\/uploads\/sites\/40\/2015\/03\/Bureau-de-bienfaisance.jpg\"><img loading=\"lazy\" class=\" wp-image-1288   \" title=\"Bureau de bienfaisance \/ Tableau de Ferdinand-Joseph Gueldry (artvalue.com)\" alt=\"Un bureau de bienfaisance \u00e0 la fin du XIXe si\u00e8cle\" src=\"http:\/\/blogs.univ-jfc.fr\/projetcroixrouge\/wp-content\/uploads\/sites\/40\/2015\/03\/Bureau-de-bienfaisance.jpg\" width=\"278\" height=\"186\" srcset=\"https:\/\/blogs.univ-jfc.fr\/projetcroixrouge\/wp-content\/uploads\/sites\/40\/2015\/03\/Bureau-de-bienfaisance.jpg 580w, https:\/\/blogs.univ-jfc.fr\/projetcroixrouge\/wp-content\/uploads\/sites\/40\/2015\/03\/Bureau-de-bienfaisance-300x200.jpg 300w\" sizes=\"(max-width: 278px) 100vw, 278px\" \/><\/a><figcaption id=\"caption-attachment-1288\" class=\"wp-caption-text\">Un bureau de bienfaisance \u00e0 la fin du XIXe si\u00e8cle<\/figcaption><\/figure>\n<p style=\"text-align: justify\">Ensuite, nous verrons <a title=\"Les diff\u00e9rentes actions priv\u00e9es et leur prolif\u00e9ration au XIXe si\u00e8cle\" href=\"http:\/\/blogs.univ-jfc.fr\/projetcroixrouge\/pauvrete-action-sanitaire-et-sociale\/pauvrete-action-sanitaire-et-sociale-au-xixe-siecle\/pauvrete-et-action-publique-au-xixe-siecle\/\" target=\"_blank\">les diff\u00e9rentes actions priv\u00e9es et leur prolif\u00e9ration au XIXe si\u00e8cle<\/a>, d&rsquo;abord par les quelques \u0153uvres qui se maintiennent sur la m\u00eame ligne au cours du si\u00e8cle, puis par les nouvelles \u0153uvres, soit proches d&rsquo;anciennes, soit novatrices et, enfin, par celles qui ont observ\u00e9 une mutation pendant celui-ci. Finalement, nous verrons <a title=\"La mutation des actions sous la IIIe R\u00e9publique\" href=\"http:\/\/blogs.univ-jfc.fr\/projetcroixrouge\/pauvrete-action-sanitaire-et-sociale\/pauvrete-action-sanitaire-et-sociale-au-xixe-siecle\/pauvrete-et-assistance-durant-la-iiie-republique\/\" target=\"_blank\">la mutation des actions sous la IIIe R\u00e9publique<\/a>, sous l&rsquo;angle d&rsquo;abord du logement et de la nourriture, deux grandes probl\u00e9matiques de la fin de si\u00e8cle, puis sous l&rsquo;angle de la port\u00e9e de plus en plus souvent obligatoire des \u0153uvres \u00e0 cette \u00e9poque.<\/p>\n","protected":false},"excerpt":{"rendered":"<p>Le XIXe si\u00e8cle voit les Fran\u00e7ais envisager diff\u00e9remment la probl\u00e9matique que repr\u00e9sentent les pauvres et l&rsquo;importance de les aider. Devant la Chambre des d\u00e9put\u00e9s, Lamartine tient un discours dans lequel il encourage l&rsquo;homme qui \u00ab se m\u00e9nage les moyens de ne pas recourir \u00e0 la bienfaisance publique \u00bb \u00e0 aider les pauvres, et qualifie les &hellip; <a href=\"https:\/\/blogs.univ-jfc.fr\/projetcroixrouge\/pauvrete-action-sanitaire-et-sociale\/pauvrete-action-sanitaire-et-sociale-au-xixe-siecle\/\" class=\"more-link\">Continuer la lecture de <span class=\"screen-reader-text\">Pauvret\u00e9, action sanitaire et sociale au XIXe si\u00e8cle<\/span> <span class=\"meta-nav\">&rarr;<\/span><\/a><\/p>\n","protected":false},"author":15,"featured_media":0,"parent":14,"menu_order":1,"comment_status":"closed","ping_status":"open","template":"","meta":[],"_links":{"self":[{"href":"https:\/\/blogs.univ-jfc.fr\/projetcroixrouge\/wp-json\/wp\/v2\/pages\/96"}],"collection":[{"href":"https:\/\/blogs.univ-jfc.fr\/projetcroixrouge\/wp-json\/wp\/v2\/pages"}],"about":[{"href":"https:\/\/blogs.univ-jfc.fr\/projetcroixrouge\/wp-json\/wp\/v2\/types\/page"}],"author":[{"embeddable":true,"href":"https:\/\/blogs.univ-jfc.fr\/projetcroixrouge\/wp-json\/wp\/v2\/users\/15"}],"replies":[{"embeddable":true,"href":"https:\/\/blogs.univ-jfc.fr\/projetcroixrouge\/wp-json\/wp\/v2\/comments?post=96"}],"version-history":[{"count":19,"href":"https:\/\/blogs.univ-jfc.fr\/projetcroixrouge\/wp-json\/wp\/v2\/pages\/96\/revisions"}],"predecessor-version":[{"id":3344,"href":"https:\/\/blogs.univ-jfc.fr\/projetcroixrouge\/wp-json\/wp\/v2\/pages\/96\/revisions\/3344"}],"up":[{"embeddable":true,"href":"https:\/\/blogs.univ-jfc.fr\/projetcroixrouge\/wp-json\/wp\/v2\/pages\/14"}],"wp:attachment":[{"href":"https:\/\/blogs.univ-jfc.fr\/projetcroixrouge\/wp-json\/wp\/v2\/media?parent=96"}],"curies":[{"name":"wp","href":"https:\/\/api.w.org\/{rel}","templated":true}]}}