{"id":967,"date":"2015-03-05T11:17:51","date_gmt":"2015-03-05T10:17:51","guid":{"rendered":"http:\/\/blogs.univ-jfc.fr\/projetcroixrouge\/?page_id=967"},"modified":"2015-03-26T10:01:46","modified_gmt":"2015-03-26T09:01:46","slug":"les-origines-des-financements","status":"publish","type":"page","link":"https:\/\/blogs.univ-jfc.fr\/projetcroixrouge\/lhumanitaire-en-questions\/financer-laction-humanitaire\/dons-prives-et-investissements-publics-des-inegalites-dinvestissement-sur-le-terrain\/les-origines-des-financements\/","title":{"rendered":"Les origines des financements"},"content":{"rendered":"<p align=\"JUSTIFY\"><span style=\"font-family: Arial,sans-serif\">\u00a0 \u00a0 \u00a0 \u00a0 A l&rsquo;\u00e9chelle internationale, <\/span><span style=\"font-family: Arial,sans-serif\">diff\u00e9rents acteurs financent l&rsquo;action humanitaire. L&rsquo;<\/span><span style=\"font-family: Arial,sans-serif\">OCDE comprend le CAD, <\/span><span style=\"font-family: Arial,sans-serif\">qui d\u00e9cide <\/span><span style=\"font-family: Arial,sans-serif\">de la r\u00e9partition des fonds. Ces fonds s&rsquo;\u00e9talent sous la forme de dons, de pr\u00eats et de contributions aux institutions telles que l&rsquo;ONU ou le FMI. Apr\u00e8s la guerre froide, les d\u00e9ficits budg\u00e9taires des pays membres et la mont\u00e9e des capitaux priv\u00e9s ont conduit \u00e0 un manque de motivation et ainsi provoqu\u00e9 une baisse des APD.<\/span><\/p>\n<p align=\"JUSTIFY\"><span style=\"font-family: Arial,sans-serif\">L<\/span><span style=\"font-family: Arial,sans-serif\">e MAEDI joue un grand r\u00f4le \u00e0 travers ses diff\u00e9rents op\u00e9rateurs dans le monde. Il assure la repr\u00e9sentation ext\u00e9rieure de la France <\/span><span style=\"font-family: Arial,sans-serif\">en tenant compte des<\/span><span style=\"font-family: Arial,sans-serif\"> contraintes <\/span><span style=\"font-family: Arial,sans-serif\">et les<\/span><span style=\"font-family: Arial,sans-serif\"> liens qu&rsquo;<\/span><span style=\"font-family: Arial,sans-serif\">elle<\/span><span style=\"font-family: Arial,sans-serif\"> entretient avec l&rsquo;Union Europ\u00e9enne. Le MAEDI est charg\u00e9 de mettre en place des Centres de Crise (CDC) \u00e0 travers ses ambassades dans le monde avec le soutien de la Direction G\u00e9n\u00e9rale de la Mondialisation qui agit sous ses ordres et <\/span><span style=\"font-family: Arial,sans-serif\">dans la m\u00eame direction<\/span><span style=\"font-family: Arial,sans-serif\">. La <\/span><span style=\"font-family: Arial,sans-serif\">d<\/span><span style=\"font-family: Arial,sans-serif\">irection des Nations Unies et des Organisations Internationales agit elle aussi au nom de la politique ext\u00e9rieure de la France <\/span><span style=\"font-family: Arial,sans-serif\">ainsi qu&rsquo;au nom<\/span><span style=\"font-family: Arial,sans-serif\"> de l&rsquo;ONU et des autres organisations intergouvernementales qui lui sont li\u00e9es. On trouve \u00e9galement sur la sc\u00e8ne internationale la Banque Internationale pour la Reconstruction et le D\u00e9veloppement (BIRD) qui se situe aux premiers rangs de la Banque Mondiale avec ses 188 pays membres. Elle agit dans le cadre de pr\u00eats \u00e0 faibles taux d&rsquo;int\u00e9r\u00eat afin de soutenir les \u00e9tats et entreprises publiques en difficult\u00e9 en exigeant en retour de leur part des efforts de gouvernance.<\/span><\/p>\n<p align=\"JUSTIFY\"><span style=\"font-family: Arial,sans-serif\"> La notion de garantie de pr\u00eat se retrouve \u00e9galement \u00e0 l&rsquo;\u00e9chelle nationale o\u00f9 l&rsquo;Agence Fran\u00e7aise pour le D\u00e9veloppement (AFD) mobilise des fonds en faveur principalement des Pays les Moins Avanc\u00e9s (PMA) \u00e0 condition qu&rsquo;ils acceptent de contribuer aux ressources \u00e9conomies et au d\u00e9veloppement d&rsquo;infrastructures sociales telles que la sant\u00e9 ou l&rsquo;\u00e9ducation. Enfin \u00e0 l&rsquo;\u00e9chelle locale, on trouve en France plusieurs r\u00e9gions \u0153uvrant pour le financement d&rsquo;actions humanitaires \u00e0 travers le monde. L<span style=\"color: #000000\">a r\u00e9gion <\/span><span style=\"color: #000000\">C<\/span><span style=\"color: #000000\">entre est l&rsquo;une des r\u00e9gions fran\u00e7aise \u00e9tant l<\/span><span style=\"color: #000000\">a<\/span><span style=\"color: #000000\"> plus ouvert<\/span><span style=\"color: #000000\">e <\/span><span style=\"color: #000000\">sur<\/span><span style=\"color: #000000\"> l&rsquo;international en finan\u00e7ant de nombreux projets \u00e0 diff\u00e9rentes \u00e9chelles (<\/span><span style=\"color: #000000\">e<\/span><span style=\"color: #000000\">urop\u00e9en<\/span><span style=\"color: #000000\">ne<\/span><span style=\"color: #000000\"> et <\/span><span style=\"color: #000000\">i<\/span><span style=\"color: #000000\">nternation<\/span><span style=\"color: #000000\">ale<\/span><span style=\"color: #000000\">) dans plusieurs domaines.<br \/>\n<\/span><\/span><\/p>\n<p style=\"text-align: center\" align=\"JUSTIFY\"><span style=\"font-family: Arial,sans-serif\"><span style=\"color: #000000\"><a href=\"http:\/\/blogs.univ-jfc.fr\/projetcroixrouge\/wp-content\/uploads\/sites\/40\/2015\/03\/Lexique-page-001-1.jpg\" target=\"_blank\">Cliquez ici pour acc\u00e9der au lexique.<\/a><\/span><\/span><\/p>\n<p>&nbsp;<\/p>\n<p align=\"JUSTIFY\">\n","protected":false},"excerpt":{"rendered":"<p>\u00a0 \u00a0 \u00a0 \u00a0 A l&rsquo;\u00e9chelle internationale, diff\u00e9rents acteurs financent l&rsquo;action humanitaire. L&rsquo;OCDE comprend le CAD, qui d\u00e9cide de la r\u00e9partition des fonds. Ces fonds s&rsquo;\u00e9talent sous la forme de dons, de pr\u00eats et de contributions aux institutions telles que l&rsquo;ONU ou le FMI. Apr\u00e8s la guerre froide, les d\u00e9ficits budg\u00e9taires des pays membres et &hellip; <a href=\"https:\/\/blogs.univ-jfc.fr\/projetcroixrouge\/lhumanitaire-en-questions\/financer-laction-humanitaire\/dons-prives-et-investissements-publics-des-inegalites-dinvestissement-sur-le-terrain\/les-origines-des-financements\/\" class=\"more-link\">Continuer la lecture de <span class=\"screen-reader-text\">Les origines des financements<\/span> <span class=\"meta-nav\">&rarr;<\/span><\/a><\/p>\n","protected":false},"author":55,"featured_media":0,"parent":918,"menu_order":4,"comment_status":"closed","ping_status":"closed","template":"","meta":[],"_links":{"self":[{"href":"https:\/\/blogs.univ-jfc.fr\/projetcroixrouge\/wp-json\/wp\/v2\/pages\/967"}],"collection":[{"href":"https:\/\/blogs.univ-jfc.fr\/projetcroixrouge\/wp-json\/wp\/v2\/pages"}],"about":[{"href":"https:\/\/blogs.univ-jfc.fr\/projetcroixrouge\/wp-json\/wp\/v2\/types\/page"}],"author":[{"embeddable":true,"href":"https:\/\/blogs.univ-jfc.fr\/projetcroixrouge\/wp-json\/wp\/v2\/users\/55"}],"replies":[{"embeddable":true,"href":"https:\/\/blogs.univ-jfc.fr\/projetcroixrouge\/wp-json\/wp\/v2\/comments?post=967"}],"version-history":[{"count":5,"href":"https:\/\/blogs.univ-jfc.fr\/projetcroixrouge\/wp-json\/wp\/v2\/pages\/967\/revisions"}],"predecessor-version":[{"id":3385,"href":"https:\/\/blogs.univ-jfc.fr\/projetcroixrouge\/wp-json\/wp\/v2\/pages\/967\/revisions\/3385"}],"up":[{"embeddable":true,"href":"https:\/\/blogs.univ-jfc.fr\/projetcroixrouge\/wp-json\/wp\/v2\/pages\/918"}],"wp:attachment":[{"href":"https:\/\/blogs.univ-jfc.fr\/projetcroixrouge\/wp-json\/wp\/v2\/media?parent=967"}],"curies":[{"name":"wp","href":"https:\/\/api.w.org\/{rel}","templated":true}]}}