{"id":1022,"date":"2014-03-19T14:27:39","date_gmt":"2014-03-19T13:27:39","guid":{"rendered":"http:\/\/blogs.univ-jfc.fr\/projetlaperouse\/?page_id=1022"},"modified":"2014-03-27T17:13:31","modified_gmt":"2014-03-27T16:13:31","slug":"la-naissance-le-milieu-familial-la-premiere-education","status":"publish","type":"page","link":"https:\/\/blogs.univ-jfc.fr\/projetlaperouse\/un-gentilhomme-provincial\/la-naissance-le-milieu-familial-la-premiere-education\/","title":{"rendered":"La naissance, le milieu familial, l&rsquo;enfance"},"content":{"rendered":"<p>&nbsp;<\/p>\n<p><a href=\"http:\/\/blogs.univ-jfc.fr\/projetlaperouse\/wp-content\/uploads\/sites\/9\/2014\/03\/Plaque-du-Manoir-du-G\u00f4.jpg\"><img loading=\"lazy\" class=\"wp-image-1207 alignright\" title=\"Plaque du G\u00f4\" alt=\"Plaque du manoir du G\u00f4\" src=\"http:\/\/blogs.univ-jfc.fr\/projetlaperouse\/wp-content\/uploads\/sites\/9\/2014\/03\/Plaque-du-Manoir-du-G\u00f4.jpg\" width=\"127\" height=\"169\" \/><\/a><\/p>\n<p align=\"JUSTIFY\"><a title=\"Les origines familiales\" href=\"http:\/\/blogs.univ-jfc.fr\/projetlaperouse\/un-gentilhomme-provincial\/la-naissance-le-milieu-familial-la-premiere-education\/les-origines-familiales\/\">Les origines familiales<\/a><span style=\"color: #000000\"><span style=\"font-family: Arial,sans-serif\"><span style=\"font-size: medium\"> de Lap\u00e9rouse se situent dans l&rsquo;Albigeois et dans l\u2019Aveyron. Victor-Joseph de Galaup et Marguerite de Resseguier, ses parents, se sont mari\u00e9s le 4 octobre 1740. Le couple s&rsquo;installe \u00e0 Albi et donne naissance \u00e0 Jean-Fran\u00e7ois de Galaup (futur comte de Lap\u00e9rouse) \u00e0 proximit\u00e9 de la ville, au manoir du G\u00f4, propri\u00e9t\u00e9 de la famille de son mari. <\/span><\/span><\/span><\/p>\n<p align=\"JUSTIFY\"><a title=\"L\u2019enfance\" href=\"http:\/\/blogs.univ-jfc.fr\/projetlaperouse\/un-gentilhomme-provincial\/la-naissance-le-milieu-familial-la-premiere-education\/lenfance\/\">L&rsquo;enfance <\/a><span style=\"color: #000000\"><span style=\"font-family: Arial,sans-serif\"><span style=\"font-size: medium\">de Jean-Fran\u00e7ois de Galaup, s&rsquo;est d\u00e9roul\u00e9e jusqu&rsquo;\u00e0 ses 9 ans au sein de la maison familiale. L&rsquo;\u00e9ducation qu&rsquo;il y a re\u00e7ue s&rsquo;est faite sur des bases <\/span><\/span><\/span><span style=\"color: #000000\"><span style=\"font-family: Arial,sans-serif\"><span style=\"font-size: medium\">religieuses. <\/span><\/span><\/span><a href=\"http:\/\/blogs.univ-jfc.fr\/projetlaperouse\/wp-content\/uploads\/sites\/9\/2014\/03\/Cour-int\u00e9rieure.jpg\"><img loading=\"lazy\" class=\"alignright  wp-image-1204\" title=\"Cour int\u00e9rieure du manoir\" alt=\"Cour int\u00e9rieure\" src=\"http:\/\/blogs.univ-jfc.fr\/projetlaperouse\/wp-content\/uploads\/sites\/9\/2014\/03\/Cour-int\u00e9rieure.jpg\" width=\"182\" height=\"141\" \/><\/a><span style=\"color: #000000\"><span style=\"font-family: Arial,sans-serif\"><span style=\"font-size: medium\">Cette p\u00e9riode de sa vie est marqu\u00e9e par l&rsquo;importance de sa nourrice, par les relations qu&rsquo;il entretenait avec son p\u00e8re, qui n&rsquo;\u00e9taient pas toujours simples, contrairement \u00e0 celles qu&rsquo;il entretenait avec d&rsquo;autres membres de sa famille, et enfin, par l&rsquo;apparition des premiers traits de son caract\u00e8re humaniste. <\/span><\/span><\/span><\/p>\n<p align=\"JUSTIFY\"><a title=\"La premi\u00e8re \u00e9ducation\" href=\"http:\/\/blogs.univ-jfc.fr\/projetlaperouse\/un-gentilhomme-provincial\/la-naissance-le-milieu-familial-la-premiere-education\/la-premiere-education\/\">La premi\u00e8re \u00e9ducation<\/a> <a href=\"http:\/\/blogs.univ-jfc.fr\/projetlaperouse\/wp-content\/uploads\/sites\/9\/2014\/03\/kkk.jpg\"><img loading=\"lazy\" class=\"alignright  wp-image-1213\" title=\"Programme scolaire\" alt=\"\" src=\"http:\/\/blogs.univ-jfc.fr\/projetlaperouse\/wp-content\/uploads\/sites\/9\/2014\/03\/kkk.jpg\" width=\"156\" height=\"209\" \/><\/a><span style=\"color: #000000\"><span style=\"font-family: Arial,sans-serif\"><span style=\"font-size: medium\">de Lap\u00e9rouse <span style=\"color: #252525\">d\u00e9bute chez les j\u00e9suites \u00e0 Albi en 1750 quand il a neuf ans. Il reste six ans dans cette \u00e9cole, jusqu&rsquo;en 1756. Le choix de cette <\/span>institution, le coll\u00e8ge Delbene (actuel lyc\u00e9e Lap\u00e9rouse) est conforme au statut social nobiliaire de la famille de Galaup. C&rsquo;est pendant cette p\u00e9riode que sa vocation s&rsquo;affirme. Il choisira donc de poursuivre sa scolarit\u00e9 \u00e0 l&rsquo;\u00e9cole de la marine de Brest.<\/span><\/span><\/span><\/p>\n<p><strong>R\u00e9dacteurs<\/strong> : Lucas Rivet, Julien Triaire, Dylan Parreira, Th\u00e9ophile Bru<\/p>\n","protected":false},"excerpt":{"rendered":"<p>&nbsp; Les origines familiales de Lap\u00e9rouse se situent dans l&rsquo;Albigeois et dans l\u2019Aveyron. Victor-Joseph de Galaup et Marguerite de Resseguier, ses parents, se sont mari\u00e9s le 4 octobre 1740. Le couple s&rsquo;installe \u00e0 Albi et donne naissance \u00e0 Jean-Fran\u00e7ois de &hellip; <a href=\"https:\/\/blogs.univ-jfc.fr\/projetlaperouse\/un-gentilhomme-provincial\/la-naissance-le-milieu-familial-la-premiere-education\/\">Lire la suite <span class=\"meta-nav\">&rarr;<\/span><\/a><\/p>\n","protected":false},"author":19,"featured_media":375,"parent":8,"menu_order":1,"comment_status":"closed","ping_status":"open","template":"","meta":[],"_links":{"self":[{"href":"https:\/\/blogs.univ-jfc.fr\/projetlaperouse\/wp-json\/wp\/v2\/pages\/1022"}],"collection":[{"href":"https:\/\/blogs.univ-jfc.fr\/projetlaperouse\/wp-json\/wp\/v2\/pages"}],"about":[{"href":"https:\/\/blogs.univ-jfc.fr\/projetlaperouse\/wp-json\/wp\/v2\/types\/page"}],"author":[{"embeddable":true,"href":"https:\/\/blogs.univ-jfc.fr\/projetlaperouse\/wp-json\/wp\/v2\/users\/19"}],"replies":[{"embeddable":true,"href":"https:\/\/blogs.univ-jfc.fr\/projetlaperouse\/wp-json\/wp\/v2\/comments?post=1022"}],"version-history":[{"count":24,"href":"https:\/\/blogs.univ-jfc.fr\/projetlaperouse\/wp-json\/wp\/v2\/pages\/1022\/revisions"}],"predecessor-version":[{"id":1039,"href":"https:\/\/blogs.univ-jfc.fr\/projetlaperouse\/wp-json\/wp\/v2\/pages\/1022\/revisions\/1039"}],"up":[{"embeddable":true,"href":"https:\/\/blogs.univ-jfc.fr\/projetlaperouse\/wp-json\/wp\/v2\/pages\/8"}],"wp:featuredmedia":[{"embeddable":true,"href":"https:\/\/blogs.univ-jfc.fr\/projetlaperouse\/wp-json\/wp\/v2\/media\/375"}],"wp:attachment":[{"href":"https:\/\/blogs.univ-jfc.fr\/projetlaperouse\/wp-json\/wp\/v2\/media?parent=1022"}],"curies":[{"name":"wp","href":"https:\/\/api.w.org\/{rel}","templated":true}]}}