{"id":1025,"date":"2014-03-19T14:31:30","date_gmt":"2014-03-19T13:31:30","guid":{"rendered":"http:\/\/blogs.univ-jfc.fr\/projetlaperouse\/?page_id=1025"},"modified":"2014-04-19T14:03:31","modified_gmt":"2014-04-19T13:03:31","slug":"les-origines-familiales","status":"publish","type":"page","link":"https:\/\/blogs.univ-jfc.fr\/projetlaperouse\/un-gentilhomme-provincial\/la-naissance-le-milieu-familial-la-premiere-education\/les-origines-familiales\/","title":{"rendered":"Les origines familiales"},"content":{"rendered":"<p align=\"JUSTIFY\"><strong><span style=\"color: #000000\"><span style=\"font-family: Arial,sans-serif\"><span style=\"font-size: medium\">Origines g\u00e9ographiques et sociales<\/span><\/span><\/span><\/strong><\/p>\n<p align=\"JUSTIFY\"><span style=\"color: #000000\"><span style=\"font-family: Arial,sans-serif\"><span style=\"font-size: large\"><span style=\"font-size: medium\">Les origines familiales de Lap\u00e9rouse se situent dans l&rsquo;Albigeois et dans l\u2019Aveyron, notamment \u00e0 Sauveterre de Rouergue. Du c\u00f4t\u00e9 paternel, l<\/span><span style=\"font-size: medium\">es de Galaup forment une famille noble depuis le XVI<\/span><sup><span style=\"font-size: medium\">e<\/span><\/sup><span style=\"font-size: medium\"> si\u00e8cle, enrichie gr\u00e2ce au commerce du pastel.<\/span><\/span><\/span><\/span><\/p>\n<p align=\"JUSTIFY\"><span style=\"color: #000000\"><span style=\"font-family: Arial,sans-serif\"><span style=\"font-size: medium\">Victor-Joseph de Galaup, son p\u00e8re fut, premier consul (\u00e9quivalent du maire d&rsquo;aujourd&rsquo;hui) de la ville. Il fut \u00e9galement d\u00e9l\u00e9gu\u00e9 aux \u00c9tats particuliers albigeois, c&rsquo;est-\u00e0-dire qu&rsquo;il \u00e9tait un des repr\u00e9sentants de son ordre. Les grand-parents paternels de Jean-Fran\u00e7ois de Galaup sont Claire de Metge et Jean-Antoine de Galaup, chanoine \u00e0 l&rsquo;\u00e9glise coll\u00e9giale Saint-Salvi d&rsquo;Albi. Marguerite de R\u00e9sseguier, sa m\u00e8re, noble elle aussi, \u00e9tait la fille du commandant de bataillon de Cond\u00e9, de Sauveterre de Rouergue Jean-Jacques de Resseguier et de Fran\u00e7oise de Moly, elle-m\u00eame descendante de docteur en m\u00e9decine ou d&rsquo;avocat. Victor-Joseph de Galaup et Marguerite de Resseguier se sont mari\u00e9s le 4 octobre 1740 et le couple s&rsquo;est install\u00e9 \u00e0 Albi.<\/span><\/span><\/span><\/p>\n<p align=\"JUSTIFY\"><span style=\"color: #000000\"><span style=\"font-family: Arial,sans-serif\"><span style=\"font-size: medium\">Victor-Joseph de Galaup avait une grande maison de ville et poss\u00e9dait \u00e9galement <span style=\"color: #0000ff\"><span style=\"text-decoration: underline\"><a title=\"Projet Lap\u00e9rouse : Naissance, milieu familial, enfance.\" href=\"http:\/\/www.youtube.com\/watch?v=DWI1Fb35WGc\" target=\"_blank\">le domaine du G\u00f4<\/a> <\/span><\/span>(<em>Cf<\/em>. film disponible via ce lien) situ\u00e9 dans une boucle du Tarn, \u00e0 environ une heure de marche d&rsquo;Albi. Le nom de G\u00f4, parfois orthographi\u00e9 Guo ou Gau, viendrait du nom \u00ab\u00a0Gu\u00e9\u00a0\u00bb, qui en langue occitane se dit \u00ab\u00a0ga ou gua\u00a0\u00bb, en r\u00e9f\u00e9rence au gu\u00e9 du fleuve jouxtant le manoir. Il pourrait aussi venir du nom germanique de Got ou Gaud (Wisigoths) d&rsquo;un propri\u00e9taire lointain.<\/span><\/span><\/span><\/p>\n<div id=\"attachment_1205\" style=\"width: 590px\" class=\"wp-caption alignnone\"><a href=\"http:\/\/blogs.univ-jfc.fr\/projetlaperouse\/wp-content\/uploads\/sites\/9\/2014\/03\/Entr\u00e9e-Principale.jpg\"><img aria-describedby=\"caption-attachment-1205\" loading=\"lazy\" class=\" wp-image-1205  \" alt=\"Photographie\u00a0: Lucas Rivet, 2013.\" src=\"http:\/\/blogs.univ-jfc.fr\/projetlaperouse\/wp-content\/uploads\/sites\/9\/2014\/03\/Entr\u00e9e-Principale.jpg\" width=\"580\" height=\"488\" \/><\/a><p id=\"caption-attachment-1205\" class=\"wp-caption-text\">Entr\u00e9e principale du manoir du G\u00f4<br \/>Photographie : Lucas Rivet, 2013.<\/p><\/div>\n<p align=\"JUSTIFY\"><strong><span style=\"color: #000000\"><span style=\"font-family: Arial,sans-serif\"><span style=\"font-size: medium\">La venue au monde de Lap\u00e9rouse<\/span><\/span><\/span><\/strong><\/p>\n<p align=\"JUSTIFY\"><span style=\"color: #000000\"><span style=\"font-family: Arial,sans-serif\"><span style=\"font-size: medium\">Marguerite de Resseguier a accouch\u00e9 au manoir du G\u00f4, \u00e0 l&rsquo;\u00e9tage, dans une chambre et dans un lit. Habituellement sous l&rsquo;Ancien R\u00e9gime, les femmes du peuple enfantaient dans la pi\u00e8ce commune du domicile, devant l&rsquo;\u00e2tre de la chemin\u00e9e, \u00e0 m\u00eame le sol, sur de la paille. Ce n&rsquo;est pas le cas de la m\u00e8re de Lap\u00e9rouse. Une matrone l&rsquo;assistait probablement pendant l&rsquo;accouchement. Il s&rsquo;agit d&rsquo;une femme, g\u00e9n\u00e9ralement \u00e2g\u00e9e d&rsquo;une cinquantaine d&rsquo;ann\u00e9es, exp\u00e9riment\u00e9e, poss\u00e9dant un savoir-faire ancestral, connue pour avoir r\u00e9ussi plusieurs accouchements, mais elle n&rsquo;a pas de formation professionnelle s\u00e9rieuse. En g\u00e9n\u00e9ral, les matrones ne savent ni lire ni \u00e9crire. C&rsquo;est le cur\u00e9 de la paroisse, en l\u2019occurrence ici, celle de Saint-Julien, qui veille sur la matrone et ses comp\u00e9tences. On attend d&rsquo;elle qu&rsquo;elle fasse preuve de beaucoup de patience et qu&rsquo;elle prodigue des conseils.<\/span><\/span><\/span><\/p>\n<p align=\"JUSTIFY\"><span style=\"font-family: Arial,sans-serif\"><span style=\"font-size: large\"><span style=\"color: #000000\"><span style=\"font-size: medium\">Lors de l&rsquo;accouchement la parturiente est toujours v\u00eatue et \u00ab\u00a0\u00e0 couvert\u00a0\u00bb, car il ne faut pas qu&rsquo;elle se montre nue. Avant que le b\u00e9b\u00e9 n&rsquo;arrive, la matrone pr\u00e9pare les lieux, fait le lit, rassemble le mat\u00e9riel n\u00e9cessaire, s&rsquo;assure que le feu est aliment\u00e9 et qu&rsquo;il y a de l&rsquo;eau chaude. C&rsquo;est elle qui pr\u00e9vient les femmes de l&rsquo;entourage et le mari.<\/span><\/span><\/span><\/span><\/p>\n<p align=\"JUSTIFY\"><span style=\"font-family: Arial,sans-serif\"><span style=\"font-size: large\"><span style=\"font-size: medium\">Le mat\u00e9riel, utilis\u00e9 lors de la mise au monde d&rsquo;un nouveau-n\u00e9 reste tr\u00e8s sommaire, contrairement \u00e0 ce que nous connaissons aujourd\u2019hui. Toutefois, il est plus sophistiqu\u00e9 dans la sph\u00e8re de la noblesse ou celle de la haute bourgeoisie que dans les autres sph\u00e8res sociales. G\u00e9n\u00e9ralement, une matrone \u00ab\u00a0de base\u00a0\u00bb, poss\u00e9dait une simple paire de ciseaux ou un couteau, pour couper le cordon ombilical et d&rsquo;un fil de lin pour assurer un bandage. En plus de ses \u00e9l\u00e9ments, la pharmacop\u00e9e d&rsquo;une dame de la haute soci\u00e9t\u00e9 comprend des \u00ab <\/span><span style=\"font-size: medium\"><i>compresses, bandes, alaise, chauffoirs et autres toiles cir\u00e9es pour le ventre et les seins<\/i><\/span><span style=\"font-size: medium\">\u00a0\u00bb. Ainsi Mme <\/span><span style=\"font-size: medium\">de Galaup, a d\u00fb b\u00e9n\u00e9ficier de ce mat\u00e9riel assez \u00e9labor\u00e9 pour l&rsquo;\u00e9poque moderne<\/span><span style=\"color: #000000\"><span style=\"font-size: medium\">.<\/span><\/span><\/span><\/span><\/p>\n<p align=\"JUSTIFY\"><span style=\"color: #000000\"><span style=\"font-family: Arial,sans-serif\"><span style=\"font-size: large\"><span style=\"font-size: medium\">Pendant l&rsquo;accouchement, portes et fen\u00eatres sont g\u00e9n\u00e9ralement ferm\u00e9es pour ne pas laisser les mauvais esprits p\u00e9n\u00e9trer les lieux. Le jour de sa naissance, Jean-Fran\u00e7ois de Galaup \u00e9tant consid\u00e9r\u00e9 comme fragile, est ondoy\u00e9 avec la permission de l&rsquo;Archev\u00eaque d&rsquo;Albi, Mgr de Castres. L\u2019ondoiement est un rite simplifi\u00e9 du bapt\u00eame r\u00e9alis\u00e9 en cas de danger de mort. Le proc\u00e9d\u00e9 consiste \u00e0 verser de l&rsquo;eau sur la t\u00eate du nouveau n\u00e9 en pronon\u00e7ant ces paroles\u00a0: \u00ab<em>J<\/em><\/span><span style=\"font-size: medium\"><i>e te baptise\u00a0; au nom du p\u00e8re\u00a0; du fils et du Saint-Esprit<\/i><\/span><span style=\"font-size: medium\">\u00a0\u00bb. <\/span><span style=\"font-size: medium\">Il fut par la suite baptis\u00e9 le 3 octobre de la m\u00eame ann\u00e9e dans l&rsquo;\u00c9glise Saint-Julien d&rsquo;Albi. Issu d&rsquo;une famille de dix enfants, seul trois seulement surv\u00e9curent \u00e0 cause de la forte mortalit\u00e9 infantile qui s\u00e9vissait \u00e0 l&rsquo;\u00e9poque.<br \/>\n<\/span><\/span><\/span><\/span><\/p>\n<p align=\"JUSTIFY\"><span style=\"color: #000000\"><span style=\"font-family: Arial,sans-serif\"><span style=\"font-size: medium\">Le fait de na\u00eetre dans une famille noble disposant d&rsquo;un niveau de revenu honorable est un des \u00e9l\u00e9ments qui plus tard permettra \u00e0 Jean-Fran\u00e7ois de Galaup de pouvoir pr\u00e9tendre \u00e0 une carri\u00e8re maritime, puisqu&rsquo;en effet, entrer dans la marine au XVIII<sup>e<\/sup> si\u00e8cle n\u00e9cessite une certaine somme d&rsquo;argent per\u00e7ue sur les rentes. <\/span><\/span><\/span><\/p>\n<div id=\"attachment_1202\" style=\"width: 695px\" class=\"wp-caption alignnone\"><a href=\"http:\/\/blogs.univ-jfc.fr\/projetlaperouse\/wp-content\/uploads\/sites\/9\/2014\/03\/Chambre-naissance-1.jpg\"><img aria-describedby=\"caption-attachment-1202\" loading=\"lazy\" class=\" wp-image-1202  \" alt=\"\" src=\"http:\/\/blogs.univ-jfc.fr\/projetlaperouse\/wp-content\/uploads\/sites\/9\/2014\/03\/Chambre-naissance-1.jpg\" width=\"685\" height=\"512\" \/><\/a><p id=\"caption-attachment-1202\" class=\"wp-caption-text\">Chambre actuelle o\u00f9 Lap\u00e9rouse \u00e0 vu le jour le 23 ao\u00fbt 1741<br \/>Photographie : Lucas Rivet, 2013.<\/p><\/div>\n","protected":false},"excerpt":{"rendered":"<p>Origines g\u00e9ographiques et sociales Les origines familiales de Lap\u00e9rouse se situent dans l&rsquo;Albigeois et dans l\u2019Aveyron, notamment \u00e0 Sauveterre de Rouergue. Du c\u00f4t\u00e9 paternel, les de Galaup forment une famille noble depuis le XVIe si\u00e8cle, enrichie gr\u00e2ce au commerce du &hellip; <a href=\"https:\/\/blogs.univ-jfc.fr\/projetlaperouse\/un-gentilhomme-provincial\/la-naissance-le-milieu-familial-la-premiere-education\/les-origines-familiales\/\">Lire la suite <span class=\"meta-nav\">&rarr;<\/span><\/a><\/p>\n","protected":false},"author":19,"featured_media":0,"parent":1022,"menu_order":1,"comment_status":"closed","ping_status":"open","template":"","meta":[],"_links":{"self":[{"href":"https:\/\/blogs.univ-jfc.fr\/projetlaperouse\/wp-json\/wp\/v2\/pages\/1025"}],"collection":[{"href":"https:\/\/blogs.univ-jfc.fr\/projetlaperouse\/wp-json\/wp\/v2\/pages"}],"about":[{"href":"https:\/\/blogs.univ-jfc.fr\/projetlaperouse\/wp-json\/wp\/v2\/types\/page"}],"author":[{"embeddable":true,"href":"https:\/\/blogs.univ-jfc.fr\/projetlaperouse\/wp-json\/wp\/v2\/users\/19"}],"replies":[{"embeddable":true,"href":"https:\/\/blogs.univ-jfc.fr\/projetlaperouse\/wp-json\/wp\/v2\/comments?post=1025"}],"version-history":[{"count":16,"href":"https:\/\/blogs.univ-jfc.fr\/projetlaperouse\/wp-json\/wp\/v2\/pages\/1025\/revisions"}],"predecessor-version":[{"id":1094,"href":"https:\/\/blogs.univ-jfc.fr\/projetlaperouse\/wp-json\/wp\/v2\/pages\/1025\/revisions\/1094"}],"up":[{"embeddable":true,"href":"https:\/\/blogs.univ-jfc.fr\/projetlaperouse\/wp-json\/wp\/v2\/pages\/1022"}],"wp:attachment":[{"href":"https:\/\/blogs.univ-jfc.fr\/projetlaperouse\/wp-json\/wp\/v2\/media?parent=1025"}],"curies":[{"name":"wp","href":"https:\/\/api.w.org\/{rel}","templated":true}]}}