{"id":1029,"date":"2014-03-19T14:33:40","date_gmt":"2014-03-19T13:33:40","guid":{"rendered":"http:\/\/blogs.univ-jfc.fr\/projetlaperouse\/?page_id=1029"},"modified":"2014-04-19T13:49:45","modified_gmt":"2014-04-19T12:49:45","slug":"la-premiere-education","status":"publish","type":"page","link":"https:\/\/blogs.univ-jfc.fr\/projetlaperouse\/un-gentilhomme-provincial\/la-naissance-le-milieu-familial-la-premiere-education\/la-premiere-education\/","title":{"rendered":"La premi\u00e8re \u00e9ducation"},"content":{"rendered":"<p align=\"JUSTIFY\"><strong><span style=\"font-family: Arial,sans-serif\"><span style=\"font-size: medium\">L&rsquo;\u00e9ducation scolaire<\/span><\/span><\/strong><\/p>\n<p style=\"text-align: justify\"><span style=\"color: #252525\"><span style=\"font-family: Arial,sans-serif\"><span style=\"font-size: medium\"> En 1750, \u00e0 neuf ans, le jeune Lap\u00e9rouse entre \u00e0 l&rsquo;\u00e9cole j\u00e9suite Delbene d&rsquo;Albi pour d\u00e9buter son \u00e9ducation scolaire. Il y restera six ann\u00e9es. Le choix familial de cette \u00e9cole n&rsquo;est en aucun cas un hasard\u00a0 ; il\u00a0 correspond aux normes de son milieu. <\/span><\/span><\/span><\/p>\n<p style=\"text-align: justify\"><span style=\"font-family: Arial,sans-serif\"><span style=\"font-size: medium\"><span style=\"color: #252525\">\u00c0 partir de 1534, les coll\u00e8ges j\u00e9suites accueillent, en effet, de plus en plus d&rsquo;enfants issus de la noblesse fran\u00e7aise et forment d\u00e8s lors, la fine fleur de l&rsquo;\u00e9lite fran\u00e7aise. Pour Ignace de Loyola, fondateur de la Compagnie, il est primordial que les enfants aient une grande culture g\u00e9n\u00e9rale. <\/span><\/span><\/span><\/p>\n<p style=\"text-align: justify\"><span style=\"color: #252525\"> <span style=\"font-family: Arial,sans-serif\"><span style=\"font-size: medium\">Pour entrer dans une \u00e9cole j\u00e9suite, le crit\u00e8re de s\u00e9lection est alors de taille puisque les \u00e9l\u00e8ves devaient d\u00e9j\u00e0 savoir lire et \u00e9crire. La rentr\u00e9e s\u2019effectuait le 8 octobre. Au temps de Lap\u00e9rouse, un \u00e9l\u00e8ve du coll\u00e8ge Delbene travaille 2h30 le matin et autant l&rsquo;apr\u00e8s-midi. Cinq ans, c&rsquo;est la dur\u00e9e moyenne pass\u00e9e dans les \u00e9coles pour terminer l&rsquo;apprentissage.<br \/>\n<\/span><\/span><\/span><\/p>\n<p style=\"text-align: justify\"><span style=\"color: #252525\"><span style=\"font-family: Arial,sans-serif\"><span style=\"font-size: medium\">Lap\u00e9rouse et ses camarades ont acc\u00e8s aux dictionnaires royaux et de synonymes pour apprendre les langues. L&rsquo;\u00e9cole comprend trois classes de grammaire, une classe des humanit\u00e9s et une classe de rh\u00e9torique. Les \u00e9l\u00e8ves ont des cours d&rsquo;histoire sainte et religieuse mais aussi des cours de philosophie, mati\u00e8re qui englobe alors, la physique et les math\u00e9matiques. L&rsquo;apprentissage effectu\u00e9 en cours \u00e9tait tr\u00e8s minimaliste puisque la g\u00e9ographie se limite \u00e0 l&rsquo;\u00e9tude des nomenclatures et l&rsquo;histoire ancienne \u00e0 une simple chronologie des \u00e9v\u00e9nements.<\/span><\/span><\/span><\/p>\n<div id=\"attachment_1206\" style=\"width: 2213px\" class=\"wp-caption alignnone\"><a href=\"http:\/\/blogs.univ-jfc.fr\/projetlaperouse\/wp-content\/uploads\/sites\/9\/2014\/03\/plan.jpg\"><img aria-describedby=\"caption-attachment-1206\" loading=\"lazy\" class=\" wp-image-1206  \" alt=\"\" src=\"http:\/\/blogs.univ-jfc.fr\/projetlaperouse\/wp-content\/uploads\/sites\/9\/2014\/03\/plan.jpg\" width=\"2203\" height=\"2938\" \/><\/a><p id=\"caption-attachment-1206\" class=\"wp-caption-text\">Plan du coll\u00e8ge Delbene (actuel lyc\u00e9e Lap\u00e9rouse)<br \/>Source : GUY Marcel, \u00ab\u00a0Du college Delbene au lyc\u00e9e Lap\u00e9rouse\u00a0\u00bb, archives d\u00e9partementales du Tarn, B6439, Toulouse, 1979.<br \/>Photographie : Lucas Rivet, 2013.<\/p><\/div>\n<p style=\"text-align: justify\"><span style=\"color: #000000\"><span style=\"font-family: Arial,sans-serif\"><span style=\"font-size: medium\"><span style=\"color: #252525\">Les cours sont dispens\u00e9s uniquement en latin et fr\u00e9quemment, les professeurs contr\u00f4lent les connaissances des \u00e9l\u00e8ves avec quelques \u00ab\u00a0interrogations-surprise\u00a0\u00bb. Les bonnes mani\u00e8res et la politesse sont \u00e9galement de rigueur, car elles sont consid\u00e9r\u00e9es utiles pour la future vie de noble. Le programme impose \u00e9galement aux \u00e9l\u00e8ves des exercices de manipulation de la langue tel que, l&rsquo;exercice de d\u00e9veloppement d&rsquo;une citation, la composition d&rsquo;un discours en prose ou encore la r\u00e9daction d&rsquo;une sc\u00e8ne dramatique. L&rsquo;art th\u00e9\u00e2tral est aussi enseign\u00e9.<\/span>L&rsquo;\u00e9loquence \u00e9tait tr\u00e8s importante chez les j\u00e9suites, leur but \u00e9tant de parler le latin et \u00ab\u00a0le bien parler\u00a0\u00bb, \u00e0 l&rsquo;int\u00e9rieur de l&rsquo;\u00e9cole dans le monde. <span style=\"color: #252525\">En bref, l&rsquo;\u00e9ducation dispens\u00e9e par les j\u00e9suites met en avant la formation litt\u00e9raire et rh\u00e9torique.<\/span><\/span><\/span><\/span><\/p>\n<p style=\"text-align: justify\"><span style=\"font-family: Times New Roman,serif\"><span style=\"color: #000000\"><span style=\"font-family: Arial,sans-serif\"><span style=\"font-size: medium\"> Les classes j\u00e9suites sont plac\u00e9es sous la direction d&rsquo;un seul professeur qui a, \u00e0 sa charge, une seule et unique classe avec un groupe d&rsquo;\u00e2ge homog\u00e8ne. Il veille strictement \u00e0 l&rsquo;application du programme mais poss\u00e8de une grande autonomie pour s&rsquo;organiser. Il est en effet libre de d\u00e9cider de la meilleure progression des \u00e9tudes et d&rsquo;\u00e9tablir sa propre discipline. <\/span><\/span><\/span><span style=\"color: #252525\"><span style=\"font-family: Arial,sans-serif\"><span style=\"font-size: medium\">Les j\u00e9suites pratiquent le principe de la m\u00e9ritocratie, les meilleurs devoirs \u00e9taient affich\u00e9s sur les murs pour favoriser l&rsquo;\u00e9mulation. Les j\u00e9suites <\/span><\/span><\/span><span style=\"color: #000000\"><span style=\"font-family: Arial,sans-serif\"><span style=\"font-size: medium\">cherchent \u00e0 <\/span><\/span><\/span><span style=\"color: #000000\"><span style=\"font-family: Arial,sans-serif\"><span style=\"font-size: medium\">responsabiliser les \u00e9l\u00e8ves <\/span><\/span><\/span><span style=\"color: #000000\"><span style=\"font-family: Arial,sans-serif\"><span style=\"font-size: medium\">dans leur prise en charge au niveau du cadre scolaire et extra-scolaire. Pour cela ils valorisent l&rsquo;apprentissage de l\u2019autonomie et de la vie collective, le soutien, l&rsquo;entraide. Le succ\u00e8s des J\u00e9suites en tant qu&rsquo;\u00e9ducateurs est incontestable. Il est d\u00fb \u00e0 l&rsquo;important soutien de l\u2019\u00c9glise catholique, \u00e0 la qualit\u00e9 des enseignements et \u00e0 la discipline impos\u00e9e.<\/span><\/span><\/span><\/span><\/p>\n<p style=\"text-align: justify\"><span style=\"font-family: Times New Roman,serif\"><span style=\"font-family: Arial,sans-serif\">Jean-Fran\u00e7ois de Galaup est un enfant tr\u00e8s intelligent mais jug\u00e9 turbulent suite \u00e0 son passage chez les j\u00e9suites. Il y a en effet le statut d&rsquo;un leader assez populaire. Il compte parmi ses amis Henri-Pascal de Rochegude devenu officier de marine par la suite. <\/span><span style=\"color: #000000\"><span style=\"font-family: Arial,sans-serif\"><span style=\"font-size: medium\">Son passage \u00e0 l&rsquo;\u00e9cole j\u00e9suite a jou\u00e9 un r\u00f4le important sur son envie de s&rsquo;engager dans une carri\u00e8re maritime. <\/span><\/span><\/span><\/span><\/p>\n<p style=\"text-align: justify\"><span style=\"font-family: Arial,sans-serif\"><span style=\"color: #000000\"><span style=\"font-size: medium\">En 1756 ayant termin\u00e9 son cursus scolaire chez les j\u00e9suites, le jeune Jean-Fran\u00e7ois de Galaup alors \u00e2g\u00e9 de 15 ans, s&rsquo;engage dans l&rsquo;\u00e9cole des gardes de la marine \u00e0 Brest. Pour cela, les r\u00e8glements exigent de lui un revenu suffisant pour l&rsquo;aider \u00e0 tenir un rang convenable. Sa famille lui donne alors un domaine, qui lui appartient depuis peu, le domaine de Lapeyrouse. Jean-Fran\u00e7ois de Galaup, d\u00e8s lors, se fait nommer Lap\u00e9rouse et signe les actes officiels ainsi.<\/span><\/span><\/span><\/p>\n","protected":false},"excerpt":{"rendered":"<p>L&rsquo;\u00e9ducation scolaire En 1750, \u00e0 neuf ans, le jeune Lap\u00e9rouse entre \u00e0 l&rsquo;\u00e9cole j\u00e9suite Delbene d&rsquo;Albi pour d\u00e9buter son \u00e9ducation scolaire. Il y restera six ann\u00e9es. Le choix familial de cette \u00e9cole n&rsquo;est en aucun cas un hasard\u00a0 ; il\u00a0 &hellip; <a href=\"https:\/\/blogs.univ-jfc.fr\/projetlaperouse\/un-gentilhomme-provincial\/la-naissance-le-milieu-familial-la-premiere-education\/la-premiere-education\/\">Lire la suite <span class=\"meta-nav\">&rarr;<\/span><\/a><\/p>\n","protected":false},"author":19,"featured_media":0,"parent":1022,"menu_order":3,"comment_status":"closed","ping_status":"open","template":"","meta":[],"_links":{"self":[{"href":"https:\/\/blogs.univ-jfc.fr\/projetlaperouse\/wp-json\/wp\/v2\/pages\/1029"}],"collection":[{"href":"https:\/\/blogs.univ-jfc.fr\/projetlaperouse\/wp-json\/wp\/v2\/pages"}],"about":[{"href":"https:\/\/blogs.univ-jfc.fr\/projetlaperouse\/wp-json\/wp\/v2\/types\/page"}],"author":[{"embeddable":true,"href":"https:\/\/blogs.univ-jfc.fr\/projetlaperouse\/wp-json\/wp\/v2\/users\/19"}],"replies":[{"embeddable":true,"href":"https:\/\/blogs.univ-jfc.fr\/projetlaperouse\/wp-json\/wp\/v2\/comments?post=1029"}],"version-history":[{"count":17,"href":"https:\/\/blogs.univ-jfc.fr\/projetlaperouse\/wp-json\/wp\/v2\/pages\/1029\/revisions"}],"predecessor-version":[{"id":4370,"href":"https:\/\/blogs.univ-jfc.fr\/projetlaperouse\/wp-json\/wp\/v2\/pages\/1029\/revisions\/4370"}],"up":[{"embeddable":true,"href":"https:\/\/blogs.univ-jfc.fr\/projetlaperouse\/wp-json\/wp\/v2\/pages\/1022"}],"wp:attachment":[{"href":"https:\/\/blogs.univ-jfc.fr\/projetlaperouse\/wp-json\/wp\/v2\/media?parent=1029"}],"curies":[{"name":"wp","href":"https:\/\/api.w.org\/{rel}","templated":true}]}}