{"id":1044,"date":"2014-03-19T14:50:51","date_gmt":"2014-03-19T13:50:51","guid":{"rendered":"http:\/\/blogs.univ-jfc.fr\/projetlaperouse\/?page_id=1044"},"modified":"2014-04-02T15:50:08","modified_gmt":"2014-04-02T14:50:08","slug":"les-modeles-marins-de-lapeyrouse","status":"publish","type":"page","link":"https:\/\/blogs.univ-jfc.fr\/projetlaperouse\/un-gentilhomme-provincial\/leducation\/les-modeles-marins-de-lapeyrouse\/","title":{"rendered":"Les mod\u00e8les marins de Lap\u00e9rouse"},"content":{"rendered":"<h2><span style=\"color: #000000\"><b>Cl\u00e9ment Taffanel de la Jonqui\u00e8re<\/b><\/span><\/h2>\n<p>&nbsp;<\/p>\n<div id=\"attachment_1238\" style=\"width: 281px\" class=\"wp-caption aligncenter\"><a href=\"http:\/\/blogs.univ-jfc.fr\/projetlaperouse\/wp-content\/uploads\/sites\/9\/2014\/03\/jonquiere.jpg\"><img aria-describedby=\"caption-attachment-1238\" loading=\"lazy\" class=\" wp-image-1238 \" title=\"Portrait de Cl\u00e9ment de Taffanel de la Jonqui\u00e8re\" alt=\"Site du mus\u00e9e de La P\u00e9rouse\" src=\"http:\/\/blogs.univ-jfc.fr\/projetlaperouse\/wp-content\/uploads\/sites\/9\/2014\/03\/jonquiere.jpg\" width=\"271\" height=\"384\" \/><\/a><p id=\"caption-attachment-1238\" class=\"wp-caption-text\">Site du mus\u00e9e de La P\u00e9rouse<\/p><\/div>\n<p style=\"text-align: justify\">Cl\u00e9ment Taffanel de la Jonqui\u00e8re, marin exp\u00e9riment\u00e9 et cousin de Lap\u00e9rouse, est n\u00e9 le 13 septembre 1706 dans le Tarn. Il est lui-m\u00eame influenc\u00e9 par un de ses cousins Pierre-Jacques, qui avait choisi une carri\u00e8re navale. Il se distingue, en 1726 (\u00e0 20 ans), lors d\u2019une campagne contre les pirates de la mer des Antilles. D\u00e8s 1746, il commande un navire, <em>La m\u00e9g\u00e8re<\/em>. Il re\u00e7oit en 1747 la croix de chevalier de Saint-Louis. Il s&rsquo;agit d&rsquo;une grande r\u00e9compense accord\u00e9e pour sa participation \u00e0 la bataille du Cap Finist\u00e8re le 14 mai 1747. Il est l&rsquo;une des grandes influences de Lap\u00e9rouse.<\/p>\n<p style=\"text-align: justify\">Lorsque Lap\u00e9rouse veut devenir marin et entrer \u00e0 l&rsquo;\u00e9cole de la marine de Brest, son p\u00e8re n&rsquo;est pas vraiment d&rsquo;accord, Lap\u00e9rouse \u00e9tant son seul fils encore en vie. Il est donc pris en charge par son cousin le marquis Cl\u00e9ment Taffanel de la Jonqui\u00e8re, qui devient alors son tuteur. Il le prend en charge pendant 8 ans et d\u00e9cide en 1757 de l&rsquo;amener sur le vaisseau Le C\u00e9l\u00e8bre, qu\u2019il dirige.<\/p>\n<p>&nbsp;<\/p>\n<h2><span style=\"color: #000000\"><span style=\"font-size: medium\"><b>Charles Henri Louis de Ternay <\/b><\/span><\/span><\/h2>\n<p>&nbsp;<\/p>\n<div id=\"attachment_1233\" style=\"width: 309px\" class=\"wp-caption aligncenter\"><a href=\"http:\/\/blogs.univ-jfc.fr\/projetlaperouse\/wp-content\/uploads\/sites\/9\/2014\/03\/ternay.jpg\"><img aria-describedby=\"caption-attachment-1233\" loading=\"lazy\" class=\"wp-image-1233 \" title=\"Le Chevalier de Ternay\" alt=\"ternay\" src=\"http:\/\/blogs.univ-jfc.fr\/projetlaperouse\/wp-content\/uploads\/sites\/9\/2014\/03\/ternay.jpg\" width=\"299\" height=\"328\" \/><\/a><p id=\"caption-attachment-1233\" class=\"wp-caption-text\">SIte du chateau de Ternay<\/p><\/div>\n<p style=\"text-align: justify\">Charles Henri Louis de Ternay est n\u00e9 le 27 janvier 1723 et d\u00e9cide d&rsquo;entrer dans la carri\u00e8re militaire \u00e0 partir de 1738. Il int\u00e8gre alors l&rsquo;\u00e9cole des officiers de la marine de Toulon et reste dans la carri\u00e8re militaire jusqu&rsquo;\u00e0 sa mort en 1780. Il devient sous-caporal en 1743 et sous-lieutenant en 1746. Il acc\u00e8de en f\u00e9vrier 1756 au grade de lieutenant commandant de Toulon. Le chevalier de Ternay arrive \u00e0 Brest lorsqu&rsquo;il devient capitaine en 1761 et obtient le commandement du Robuste. Son plus haut grade est celui de chef d&rsquo;escadre.<\/p>\n<p style=\"text-align: justify\">Lap\u00e9rouse fait divers voyages et exp\u00e9ditions avec le Chevalier de Ternay, profitant de son exp\u00e9rience pour acqu\u00e9rir un savoir-faire. Parmi les exp\u00e9ditions qu&rsquo;il a faites avec lui, il faut citer, celle vers le Canada en 1757 \u00e0 bord du <em>Pomone<\/em>, celle \u00e0 bord du <em>Z\u00e9phyre<\/em> en 1758.<\/p>\n<p style=\"text-align: justify\">Lorsque son \u00e9ducation militaire \u00e0 l&rsquo;\u00e9cole des officiers de la marine de Brest est finie, Lap\u00e9rouse part donc pour les Indes avec le Chevalier de Ternay.<\/p>\n","protected":false},"excerpt":{"rendered":"<p>Cl\u00e9ment Taffanel de la Jonqui\u00e8re &nbsp; Cl\u00e9ment Taffanel de la Jonqui\u00e8re, marin exp\u00e9riment\u00e9 et cousin de Lap\u00e9rouse, est n\u00e9 le 13 septembre 1706 dans le Tarn. Il est lui-m\u00eame influenc\u00e9 par un de ses cousins Pierre-Jacques, qui avait choisi une &hellip; <a href=\"https:\/\/blogs.univ-jfc.fr\/projetlaperouse\/un-gentilhomme-provincial\/leducation\/les-modeles-marins-de-lapeyrouse\/\">Lire la suite <span class=\"meta-nav\">&rarr;<\/span><\/a><\/p>\n","protected":false},"author":19,"featured_media":0,"parent":162,"menu_order":2,"comment_status":"closed","ping_status":"open","template":"","meta":[],"_links":{"self":[{"href":"https:\/\/blogs.univ-jfc.fr\/projetlaperouse\/wp-json\/wp\/v2\/pages\/1044"}],"collection":[{"href":"https:\/\/blogs.univ-jfc.fr\/projetlaperouse\/wp-json\/wp\/v2\/pages"}],"about":[{"href":"https:\/\/blogs.univ-jfc.fr\/projetlaperouse\/wp-json\/wp\/v2\/types\/page"}],"author":[{"embeddable":true,"href":"https:\/\/blogs.univ-jfc.fr\/projetlaperouse\/wp-json\/wp\/v2\/users\/19"}],"replies":[{"embeddable":true,"href":"https:\/\/blogs.univ-jfc.fr\/projetlaperouse\/wp-json\/wp\/v2\/comments?post=1044"}],"version-history":[{"count":9,"href":"https:\/\/blogs.univ-jfc.fr\/projetlaperouse\/wp-json\/wp\/v2\/pages\/1044\/revisions"}],"predecessor-version":[{"id":1285,"href":"https:\/\/blogs.univ-jfc.fr\/projetlaperouse\/wp-json\/wp\/v2\/pages\/1044\/revisions\/1285"}],"up":[{"embeddable":true,"href":"https:\/\/blogs.univ-jfc.fr\/projetlaperouse\/wp-json\/wp\/v2\/pages\/162"}],"wp:attachment":[{"href":"https:\/\/blogs.univ-jfc.fr\/projetlaperouse\/wp-json\/wp\/v2\/media?parent=1044"}],"curies":[{"name":"wp","href":"https:\/\/api.w.org\/{rel}","templated":true}]}}