{"id":1047,"date":"2014-03-19T14:52:30","date_gmt":"2014-03-19T13:52:30","guid":{"rendered":"http:\/\/blogs.univ-jfc.fr\/projetlaperouse\/?page_id=1047"},"modified":"2014-04-02T15:53:10","modified_gmt":"2014-04-02T14:53:10","slug":"lapeyrouse-eleve-et-ses-premieres-expeditions","status":"publish","type":"page","link":"https:\/\/blogs.univ-jfc.fr\/projetlaperouse\/un-gentilhomme-provincial\/leducation\/lapeyrouse-eleve-et-ses-premieres-expeditions\/","title":{"rendered":"Lap\u00e9rouse \u00e9l\u00e8ve et ses premi\u00e8res exp\u00e9ditions"},"content":{"rendered":"<p style=\"text-align: justify\"><strong>Lap\u00e9rouse \u00e9l\u00e8ve<\/strong><\/p>\n<p style=\"text-align: justify\">Lap\u00e9rouse r\u00e9ussit \u00e0 se distinguer de ses camarades. M\u00eame si au coll\u00e8ge il est un \u00e9l\u00e8ve moyen, il est dou\u00e9 pour les math\u00e9matiques mais a des difficult\u00e9s en fran\u00e7ais (il \u00e9crit comme il parle).<\/p>\n<p style=\"text-align: justify\">Il loge en ville, les gardes pr\u00e9f\u00e9rant cela \u00e0 l&rsquo;h\u00f4tel Saint-Pierre. Le jeune \u00e9l\u00e8ve passe \u00e9galement 15 jours aux arr\u00eats. On le soup\u00e7onne d&rsquo;avoir particip\u00e9 \u00e0 de nombreux duels, ce que l&rsquo;on peut percevoir au travers de la r\u00e9fection de ses habits et de la r\u00e9paration de son \u00e9p\u00e9e.<\/p>\n<p style=\"text-align: justify\">De La Jonqui\u00e8re le d\u00e9crit comme un gar\u00e7on \u00ab\u00a0au sang fougueux\u00a0\u00bb poss\u00e9dant une personnalit\u00e9 vivante, et repr\u00e9sentatif de la r\u00e9gion qui a vu na\u00eetre D\u2019Artagnan. Lap\u00e9rouse est un peu batailleur, voire trop comme lorsqu&rsquo;il a d\u00fb affronter la col\u00e8re de Ch\u00e9zac et subir une punition de quelques jours dans une cellule.<\/p>\n<p style=\"text-align: justify\">Le futur explorateur a des tendances r\u00e9formistes et partage la plupart des opinions des philosophes et surtout des physiocrates malgr\u00e9 l&rsquo;incompr\u00e9hension de ces derniers face aux probl\u00e8mes que conna\u00eet le Canada.<\/p>\n<p style=\"text-align: justify\"><strong>Les premi\u00e8res exp\u00e9ditions de l&rsquo;\u00e9l\u00e8ve Lap\u00e9rouse<\/strong><\/p>\n<p style=\"text-align: justify\">La formation que Lap\u00e9rouse re\u00e7oit \u00e0 Brest est \u00e0 la fois th\u00e9orique et pratique. Il prend ainsi part \u00e0 des exp\u00e9ditions maritimes dans le cadre de son cursus. Celles-ci ont lieu en temps de paix mais aussi en temps de guerre, puisqu&rsquo;il prend part \u00e0 la <a title=\"Guerre de Sept ans\" href=\"http:\/\/blogs.univ-jfc.fr\/projetlaperouse\/un-gentilhomme-provincial\/leducation\/lapeyrouse-eleve-et-ses-premieres-expeditions\/guerre-des-sept-ans-1756-1763\/\">guerre de sept ans<\/a> et notamment \u00e0 la bataille des cardinaux.<\/p>\n<p style=\"text-align: justify\">Lors de son instruction, Lap\u00e9rouse peut participer \u00e0 de nombreuses exp\u00e9ditions afin d\u2019acqu\u00e9rir davantage d\u2019exp\u00e9rience pratique. En 1756, il entre aux gardes de la marine (\u00e9l\u00e8ve officier de la marine) \u00e0 Brest. Ce n\u2019est qu&rsquo;un an plus tard qu&rsquo;il embarque sur <em>Le C\u00e9l\u00e8bre<\/em> vers le Canada avec Cl\u00e9ment de La Jonqui\u00e8re, puis sur la fr\u00e9gate <em>La Pomone<\/em>. De d\u00e9cembre 1757 \u00e0 juillet 1758, il repart au Canada, avec le Chevalier de Ternay, sur la fr\u00e9gate <em>Z\u00e9phire<\/em>. En 1758, d&rsquo;ao\u00fbt \u00e0 novembre, il embarque avec L.V de la Malaine sur la fl\u00fbte appel\u00e9 <em>Le Cerf<\/em>.<\/p>\n<p style=\"text-align: justify\">En 1759, La P\u00e9rouse part sur le vaisseau <em>Le Formidable<\/em> sous la direction du chef d&rsquo;escadre Saint-Andr\u00e9-du-Verger. C&rsquo;est durant cette exp\u00e9dition qu&rsquo;il participe \u00e0 la bataille des Cardinaux pr\u00e8s de Quiberon, au cours de laquelle il est bless\u00e9 et fait prisonnier, avant d&rsquo;\u00eatre finalement lib\u00e9r\u00e9. Il assiste \u00e0 nouveau De Ternay de mai 1761 \u00e0 janvier 1762 pour le renflouement du <em>Robuste<\/em>, \u00e9chou\u00e9 dans la Vilaine.<\/p>\n<p style=\"text-align: justify\">Lorsqu&rsquo;il rentre \u00e0 Brest \u00e0 la fin de l&rsquo;ann\u00e9e 1762, il re\u00e7oit une gratification de 300 livres qu&rsquo;il d\u00e9pense \u00e0 terre. Il prend cong\u00e9 de campagne en 1763 apr\u00e8s son d\u00e9part d&rsquo;Albi. Le 1er octobre 1764, il est promu <a title=\"enseigne de vaisseau\" href=\"http:\/\/blogs.univ-jfc.fr\/projetlaperouse\/un-gentilhomme-provincial\/leducation\/lapeyrouse-eleve-et-ses-premieres-expeditions\/enseigne-de-vaisseau\/\" target=\"_blank\">enseigne de vaisseau<\/a>, ce qui marque son entr\u00e9e professionnelle dans le corps des officiers de marine. 17 ans apr\u00e8s, il est promu <a title=\"capitaine de vaisseau\" href=\"http:\/\/blogs.univ-jfc.fr\/projetlaperouse\/un-gentilhomme-provincial\/leducation\/lapeyrouse-eleve-et-ses-premieres-expeditions\/capitaine-de-vaisseau\/\" target=\"_blank\">capitaine de vaisseau<\/a>, le 9 mars 1781.<\/p>\n<div id=\"attachment_1231\" style=\"width: 566px\" class=\"wp-caption aligncenter\"><a href=\"http:\/\/blogs.univ-jfc.fr\/projetlaperouse\/wp-content\/uploads\/sites\/9\/2014\/03\/bateau.jpg\"><img aria-describedby=\"caption-attachment-1231\" loading=\"lazy\" class=\" wp-image-1231     \" alt=\"\" src=\"http:\/\/blogs.univ-jfc.fr\/projetlaperouse\/wp-content\/uploads\/sites\/9\/2014\/03\/bateau.jpg\" width=\"556\" height=\"343\" \/><\/a><p id=\"caption-attachment-1231\" class=\"wp-caption-text\">Navires lors de la bataille des Cardinaux &#8211; Nicholas Pocock<\/p><\/div>\n<p style=\"text-align: justify\">Mais c&rsquo;est avec la bataille des Cardinaux, pendant la <a title=\"Guerre de Sept ans\" href=\"http:\/\/blogs.univ-jfc.fr\/projetlaperouse\/un-gentilhomme-provincial\/leducation\/lapeyrouse-eleve-et-ses-premieres-expeditions\/guerre-des-sept-ans-1756-1763\/\">Guerre de Sept Ans<\/a>, qu&rsquo;il vit v\u00e9ritablement son bapt\u00eame du feu. Ce conflit a eu lieu de 1756 \u00e0 1763 et voit l&rsquo;Angleterre et la Prusse s\u2019opposer \u00e0 la France, l&rsquo;Autriche, la Russie, la Su\u00e8de, l&rsquo;Espagne et les princes allemands. Cette guerre na\u00eet suite \u00e0 des conflits \u00e0 propos de la cr\u00e9ation des empires coloniaux fran\u00e7ais et anglais. \u00c0 partir de 1755, l&rsquo;Europe est divis\u00e9e en deux camps. Par le trait\u00e9 de Westminster (1756), l&rsquo;Angleterre et la Prusse s&rsquo;engagent \u00e0 repousser du sol allemand toute invasion \u00e9trang\u00e8re (George II cherchant \u00e0 prot\u00e9ger le Hanovre). Par le premier trait\u00e9 de Versailles (1756), l&rsquo;Autriche, d\u00e9j\u00e0 alli\u00e9e de la Russie, engage avec la France une alliance d\u00e9fensive, gr\u00e2ce au pacte de Famille (qui comprend la Su\u00e8de, la plupart des princes allemands, puis les Bourbons de Naples, de Parme et de Madrid). L\u2019Angleterre et la France luttent sur mer et sur terre dans les colonies. La Prusse et la coalition europ\u00e9enne sur le continent europ\u00e9en. Les deux guerres simultan\u00e9es durent sept ann\u00e9es. Cette guerre est remport\u00e9e par l&rsquo;Angleterre entra\u00eenant de nombreuses pertes humaines et territoriales pour la France (Canada, une partie de la Louisiane, mais aussi une partie des Antilles et le S\u00e9n\u00e9gal).<\/p>\n","protected":false},"excerpt":{"rendered":"<p>Lap\u00e9rouse \u00e9l\u00e8ve Lap\u00e9rouse r\u00e9ussit \u00e0 se distinguer de ses camarades. M\u00eame si au coll\u00e8ge il est un \u00e9l\u00e8ve moyen, il est dou\u00e9 pour les math\u00e9matiques mais a des difficult\u00e9s en fran\u00e7ais (il \u00e9crit comme il parle). Il loge en ville, &hellip; <a href=\"https:\/\/blogs.univ-jfc.fr\/projetlaperouse\/un-gentilhomme-provincial\/leducation\/lapeyrouse-eleve-et-ses-premieres-expeditions\/\">Lire la suite <span class=\"meta-nav\">&rarr;<\/span><\/a><\/p>\n","protected":false},"author":19,"featured_media":0,"parent":162,"menu_order":3,"comment_status":"closed","ping_status":"open","template":"","meta":[],"_links":{"self":[{"href":"https:\/\/blogs.univ-jfc.fr\/projetlaperouse\/wp-json\/wp\/v2\/pages\/1047"}],"collection":[{"href":"https:\/\/blogs.univ-jfc.fr\/projetlaperouse\/wp-json\/wp\/v2\/pages"}],"about":[{"href":"https:\/\/blogs.univ-jfc.fr\/projetlaperouse\/wp-json\/wp\/v2\/types\/page"}],"author":[{"embeddable":true,"href":"https:\/\/blogs.univ-jfc.fr\/projetlaperouse\/wp-json\/wp\/v2\/users\/19"}],"replies":[{"embeddable":true,"href":"https:\/\/blogs.univ-jfc.fr\/projetlaperouse\/wp-json\/wp\/v2\/comments?post=1047"}],"version-history":[{"count":11,"href":"https:\/\/blogs.univ-jfc.fr\/projetlaperouse\/wp-json\/wp\/v2\/pages\/1047\/revisions"}],"predecessor-version":[{"id":1326,"href":"https:\/\/blogs.univ-jfc.fr\/projetlaperouse\/wp-json\/wp\/v2\/pages\/1047\/revisions\/1326"}],"up":[{"embeddable":true,"href":"https:\/\/blogs.univ-jfc.fr\/projetlaperouse\/wp-json\/wp\/v2\/pages\/162"}],"wp:attachment":[{"href":"https:\/\/blogs.univ-jfc.fr\/projetlaperouse\/wp-json\/wp\/v2\/media?parent=1047"}],"curies":[{"name":"wp","href":"https:\/\/api.w.org\/{rel}","templated":true}]}}