{"id":1109,"date":"2014-03-20T08:48:43","date_gmt":"2014-03-20T07:48:43","guid":{"rendered":"http:\/\/blogs.univ-jfc.fr\/projetlaperouse\/?page_id=1109"},"modified":"2014-03-27T12:23:07","modified_gmt":"2014-03-27T11:23:07","slug":"eleonore-broudou","status":"publish","type":"page","link":"https:\/\/blogs.univ-jfc.fr\/projetlaperouse\/marin-et-soldat\/dans-locean-indien\/eleonore-broudou\/","title":{"rendered":"El\u00e9onore Broudou"},"content":{"rendered":"<p style=\"text-align: justify\"><span style=\"font-family: Arial, sans-serif\"><b>Louise \u00c9l\u00e9onore Broudou<\/b><\/span><span style=\"font-family: Arial, sans-serif\">\u00a0est n\u00e9e le 15 Mai 1755 \u00e0 Nantes. Son p\u00e8re, Abraham Broudou exerce la profession d&rsquo;armateur \u00e0 Nantes. Puis il est nomm\u00e9 administrateur de l\u2019h\u00f4pital de Port-Louis situ\u00e9 sur la c\u00f4te Nord-Est de l&rsquo;Ile de France, c&rsquo;est \u00e0 dire l&rsquo;actuelle \u00eele Maurice. C&rsquo;est l\u00e0-bas qu\u2019\u00c9l\u00e9onore va faire la connaissance de Jean-Fran\u00e7ois Galaup de Lap\u00e9rouse entre 1772 et 1777, durant sa campagne dans l&rsquo;Oc\u00e9an Indien. Une relation tr\u00e8s \u00e9troite va se cr\u00e9er entre les deux, \u00e0 tel point que l&rsquo;id\u00e9e d&rsquo;un mariage est rapidement mentionn\u00e9. C&rsquo;est alors que la situation va se compliquer, quand le p\u00e8re de Lap\u00e9rouse va s&rsquo;opposer \u00e0 cette alliance au point de mettre son fils sous la tutelle de De Ternay dans le courant de l&rsquo;ann\u00e9e 1776. Le p\u00e8re de Lap\u00e9rouse, a fait cela en partie car il trouvait que l&rsquo;\u00e9cart d&rsquo;\u00e2ge entre les jeunes personnes \u00e9tait trop important (elle \u00e0 quinze ans de moins que son fils). Mais, cette intervention ne va faire que retarder les choses. C&rsquo;est ainsi que le 8 Juillet 1883, apr\u00e8s de nombreux efforts des deux amoureux, ils se marient \u00e0 Paris dans l&rsquo;\u00e9glise Sainte-Margeurite, elle \u00e0 28 ans, lui 42. Par la suite, deux ans vont s&rsquo;\u00e9couler durant lesquels \u00c9l\u00e9onore va voir son mari de mani\u00e8re r\u00e9guli\u00e8re mais avec toutefois quelques absences de celui-ci qui est tiraill\u00e9 entre son \u00e9pouse et la mer. C&rsquo;est alors, que le 1<sup>er<\/sup> ao\u00fbt 1785 \u00c9l\u00e9onore voit son mari prendre la mer pour un voyage vers l&rsquo;inconnu. \u00c9l\u00e9onore ne reverra jamais son \u00e9poux qui f\u00fbt port\u00e9 disparu. Pendant 22 ann\u00e9es, \u00c9l\u00e9onore va s&rsquo;accrocher \u00e0 un mince espoir de voir son mari rentrer sain et sauf, mais malheureusement cela n&rsquo;arrivera pas et elle d\u00e9c\u00e9dera le 3 avril 1807. Malgr\u00e9 les tensions qu&rsquo;il y avait au d\u00e9part, \u00c9l\u00e9onore garda de bonnes relations avec sa belle famille jusqu&rsquo;\u00e0 sa mort.<\/span><\/p>\n","protected":false},"excerpt":{"rendered":"<p>Louise \u00c9l\u00e9onore Broudou\u00a0est n\u00e9e le 15 Mai 1755 \u00e0 Nantes. Son p\u00e8re, Abraham Broudou exerce la profession d&rsquo;armateur \u00e0 Nantes. Puis il est nomm\u00e9 administrateur de l\u2019h\u00f4pital de Port-Louis situ\u00e9 sur la c\u00f4te Nord-Est de l&rsquo;Ile de France, c&rsquo;est \u00e0 &hellip; <a href=\"https:\/\/blogs.univ-jfc.fr\/projetlaperouse\/marin-et-soldat\/dans-locean-indien\/eleonore-broudou\/\">Lire la suite <span class=\"meta-nav\">&rarr;<\/span><\/a><\/p>\n","protected":false},"author":20,"featured_media":0,"parent":277,"menu_order":4,"comment_status":"closed","ping_status":"closed","template":"","meta":[],"_links":{"self":[{"href":"https:\/\/blogs.univ-jfc.fr\/projetlaperouse\/wp-json\/wp\/v2\/pages\/1109"}],"collection":[{"href":"https:\/\/blogs.univ-jfc.fr\/projetlaperouse\/wp-json\/wp\/v2\/pages"}],"about":[{"href":"https:\/\/blogs.univ-jfc.fr\/projetlaperouse\/wp-json\/wp\/v2\/types\/page"}],"author":[{"embeddable":true,"href":"https:\/\/blogs.univ-jfc.fr\/projetlaperouse\/wp-json\/wp\/v2\/users\/20"}],"replies":[{"embeddable":true,"href":"https:\/\/blogs.univ-jfc.fr\/projetlaperouse\/wp-json\/wp\/v2\/comments?post=1109"}],"version-history":[{"count":4,"href":"https:\/\/blogs.univ-jfc.fr\/projetlaperouse\/wp-json\/wp\/v2\/pages\/1109\/revisions"}],"predecessor-version":[{"id":2732,"href":"https:\/\/blogs.univ-jfc.fr\/projetlaperouse\/wp-json\/wp\/v2\/pages\/1109\/revisions\/2732"}],"up":[{"embeddable":true,"href":"https:\/\/blogs.univ-jfc.fr\/projetlaperouse\/wp-json\/wp\/v2\/pages\/277"}],"wp:attachment":[{"href":"https:\/\/blogs.univ-jfc.fr\/projetlaperouse\/wp-json\/wp\/v2\/media?parent=1109"}],"curies":[{"name":"wp","href":"https:\/\/api.w.org\/{rel}","templated":true}]}}