{"id":1120,"date":"2014-03-20T08:51:22","date_gmt":"2014-03-20T07:51:22","guid":{"rendered":"http:\/\/blogs.univ-jfc.fr\/projetlaperouse\/?page_id=1120"},"modified":"2014-03-27T12:10:46","modified_gmt":"2014-03-27T11:10:46","slug":"gouverneur-de-ternay","status":"publish","type":"page","link":"https:\/\/blogs.univ-jfc.fr\/projetlaperouse\/marin-et-soldat\/dans-locean-indien\/gouverneur-de-ternay\/","title":{"rendered":"Gouverneur De Ternay"},"content":{"rendered":"<p align=\"JUSTIFY\"><span style=\"font-family: Arial, sans-serif\"><span style=\"color: #000000\"><span style=\"font-size: medium\"><b>Charles-Henri-Louis d&rsquo;Arsac <\/b><\/span><\/span><span style=\"font-size: medium\"><b>De Ternay\u00a0<\/b><\/span><\/span><span style=\"font-family: Arial, sans-serif\">est n\u00e9 le 27 janvier 1723 \u00e0 Angers. \u00c9tant le fils cadet d&rsquo;une famille noble, \u00e0 l&rsquo;\u00e2ge de 14 ans, il est pr\u00e9sent\u00e9 comme page du grand ma\u00eetre de l&rsquo;ordre de Saint-Jean de J\u00e9rusalem. Un an plus tard, il int\u00e8gre la Marine royale comme garde de la Marine au d\u00e9partement de Toulon. Il atteint le grade de capitaine de vaisseau en 1761. De plus, en pronon\u00e7ant les quatre v\u0153ux monastiques de l&rsquo;ordre de Saint-Jean de J\u00e9rusalem comme fr\u00e8re et chevalier, il ne pourra se marier. Il participa \u00e9galement \u00e0 la Guerre de Sept Ans. Ses missions avaient pour but de r\u00e9affirmer la pr\u00e9sence fran\u00e7aise en Am\u00e9rique du Nord. Suite \u00e0 cette guerre, De Ternay est envoy\u00e9 dans l&rsquo;Oc\u00e9an Indien. Le 16 ao\u00fbt 1771, il devient gouverneur de L\u2019\u00eele de France jusqu&rsquo;en 1776 o\u00f9 il est \u00e9lev\u00e9 au rang de chef d&rsquo;escadre des arm\u00e9es navales. Enfin, durant la Guerre d&rsquo;Ind\u00e9pendance, en 1780, il transporte des troupes en Am\u00e9rique du Nord pour aider les Am\u00e9ricains. C&rsquo;est dans la rade de Newport, que De Tenay, victime de la fi\u00e8vre putride, d\u00e9c\u00e8de en 1780. De Ternay est celui qui a form\u00e9 Lap\u00e9rouse en devenant son tuteur et son ami. Lap\u00e9rouse f\u00fbt \u00e9norm\u00e9ment affect\u00e9 par le d\u00e9c\u00e8s de De Ternay. Il \u00e9tait un second p\u00e8re pour lui.\u00a0<\/span><\/p>\n","protected":false},"excerpt":{"rendered":"<p>Charles-Henri-Louis d&rsquo;Arsac De Ternay\u00a0est n\u00e9 le 27 janvier 1723 \u00e0 Angers. \u00c9tant le fils cadet d&rsquo;une famille noble, \u00e0 l&rsquo;\u00e2ge de 14 ans, il est pr\u00e9sent\u00e9 comme page du grand ma\u00eetre de l&rsquo;ordre de Saint-Jean de J\u00e9rusalem. Un an plus &hellip; <a href=\"https:\/\/blogs.univ-jfc.fr\/projetlaperouse\/marin-et-soldat\/dans-locean-indien\/gouverneur-de-ternay\/\">Lire la suite <span class=\"meta-nav\">&rarr;<\/span><\/a><\/p>\n","protected":false},"author":20,"featured_media":0,"parent":277,"menu_order":4,"comment_status":"closed","ping_status":"closed","template":"","meta":[],"_links":{"self":[{"href":"https:\/\/blogs.univ-jfc.fr\/projetlaperouse\/wp-json\/wp\/v2\/pages\/1120"}],"collection":[{"href":"https:\/\/blogs.univ-jfc.fr\/projetlaperouse\/wp-json\/wp\/v2\/pages"}],"about":[{"href":"https:\/\/blogs.univ-jfc.fr\/projetlaperouse\/wp-json\/wp\/v2\/types\/page"}],"author":[{"embeddable":true,"href":"https:\/\/blogs.univ-jfc.fr\/projetlaperouse\/wp-json\/wp\/v2\/users\/20"}],"replies":[{"embeddable":true,"href":"https:\/\/blogs.univ-jfc.fr\/projetlaperouse\/wp-json\/wp\/v2\/comments?post=1120"}],"version-history":[{"count":4,"href":"https:\/\/blogs.univ-jfc.fr\/projetlaperouse\/wp-json\/wp\/v2\/pages\/1120\/revisions"}],"predecessor-version":[{"id":2724,"href":"https:\/\/blogs.univ-jfc.fr\/projetlaperouse\/wp-json\/wp\/v2\/pages\/1120\/revisions\/2724"}],"up":[{"embeddable":true,"href":"https:\/\/blogs.univ-jfc.fr\/projetlaperouse\/wp-json\/wp\/v2\/pages\/277"}],"wp:attachment":[{"href":"https:\/\/blogs.univ-jfc.fr\/projetlaperouse\/wp-json\/wp\/v2\/media?parent=1120"}],"curies":[{"name":"wp","href":"https:\/\/api.w.org\/{rel}","templated":true}]}}