{"id":1126,"date":"2014-03-20T08:52:14","date_gmt":"2014-03-20T07:52:14","guid":{"rendered":"http:\/\/blogs.univ-jfc.fr\/projetlaperouse\/?page_id=1126"},"modified":"2014-03-24T10:49:49","modified_gmt":"2014-03-24T09:49:49","slug":"gouverneur-general-law","status":"publish","type":"page","link":"https:\/\/blogs.univ-jfc.fr\/projetlaperouse\/marin-et-soldat\/dans-locean-indien\/gouverneur-general-law\/","title":{"rendered":"Gouverneur g\u00e9n\u00e9ral Law"},"content":{"rendered":"<h1><\/h1>\n<p align=\"JUSTIFY\"><span style=\"color: #000000\"><span style=\"font-family: Calibri,sans-serif\"><span style=\"font-size: medium\">Jean Law de Lauriston est issu d&rsquo;une famille \u00e9cossaise tr\u00e8s ancienne. Il d\u00e9bute une carri\u00e8re d&rsquo;administrateur sous le r\u00e9gime du Roi quand il part pour les Indes vers 1742. Progressivement il va gravir les \u00e9chelons jusqu&rsquo;\u00e0 devenir gouverneur de Pondich\u00e9ry en 1764. Il est pr\u00e9sent\u00e9 comme une personne intelligente et entreprenante. Jean Law quitte l&rsquo;Inde en 1776 et termine sa carri\u00e8re en 1780 en tant que chef de camp et re\u00e7oit la croix de Saint Louis. Il d\u00e9c\u00e8de le 16 juillet 1797. Jean Law eu sous ses ordres Lap\u00e9rouse durant le passage dans l&rsquo;Oc\u00e9an Indien de celui-ci entre 1772 et 1776 date du d\u00e9part de Law. <\/span><\/span><\/span><\/p>\n<h1><span style=\"color: #000000\"><span style=\"font-family: Calibri,sans-serif\"><span style=\"font-size: medium\">\u00a0<\/span><\/span><\/span><\/h1>\n","protected":false},"excerpt":{"rendered":"<p>Jean Law de Lauriston est issu d&rsquo;une famille \u00e9cossaise tr\u00e8s ancienne. Il d\u00e9bute une carri\u00e8re d&rsquo;administrateur sous le r\u00e9gime du Roi quand il part pour les Indes vers 1742. Progressivement il va gravir les \u00e9chelons jusqu&rsquo;\u00e0 devenir gouverneur de Pondich\u00e9ry &hellip; <a href=\"https:\/\/blogs.univ-jfc.fr\/projetlaperouse\/marin-et-soldat\/dans-locean-indien\/gouverneur-general-law\/\">Lire la suite <span class=\"meta-nav\">&rarr;<\/span><\/a><\/p>\n","protected":false},"author":20,"featured_media":0,"parent":277,"menu_order":4,"comment_status":"closed","ping_status":"closed","template":"","meta":[],"_links":{"self":[{"href":"https:\/\/blogs.univ-jfc.fr\/projetlaperouse\/wp-json\/wp\/v2\/pages\/1126"}],"collection":[{"href":"https:\/\/blogs.univ-jfc.fr\/projetlaperouse\/wp-json\/wp\/v2\/pages"}],"about":[{"href":"https:\/\/blogs.univ-jfc.fr\/projetlaperouse\/wp-json\/wp\/v2\/types\/page"}],"author":[{"embeddable":true,"href":"https:\/\/blogs.univ-jfc.fr\/projetlaperouse\/wp-json\/wp\/v2\/users\/20"}],"replies":[{"embeddable":true,"href":"https:\/\/blogs.univ-jfc.fr\/projetlaperouse\/wp-json\/wp\/v2\/comments?post=1126"}],"version-history":[{"count":3,"href":"https:\/\/blogs.univ-jfc.fr\/projetlaperouse\/wp-json\/wp\/v2\/pages\/1126\/revisions"}],"predecessor-version":[{"id":1582,"href":"https:\/\/blogs.univ-jfc.fr\/projetlaperouse\/wp-json\/wp\/v2\/pages\/1126\/revisions\/1582"}],"up":[{"embeddable":true,"href":"https:\/\/blogs.univ-jfc.fr\/projetlaperouse\/wp-json\/wp\/v2\/pages\/277"}],"wp:attachment":[{"href":"https:\/\/blogs.univ-jfc.fr\/projetlaperouse\/wp-json\/wp\/v2\/media?parent=1126"}],"curies":[{"name":"wp","href":"https:\/\/api.w.org\/{rel}","templated":true}]}}