{"id":1128,"date":"2014-03-20T08:52:43","date_gmt":"2014-03-20T07:52:43","guid":{"rendered":"http:\/\/blogs.univ-jfc.fr\/projetlaperouse\/?page_id=1128"},"modified":"2014-03-27T12:13:58","modified_gmt":"2014-03-27T11:13:58","slug":"hayder-ali-khan","status":"publish","type":"page","link":"https:\/\/blogs.univ-jfc.fr\/projetlaperouse\/marin-et-soldat\/dans-locean-indien\/hayder-ali-khan\/","title":{"rendered":"Hayder Ali Khan"},"content":{"rendered":"<p align=\"JUSTIFY\"><span style=\"font-family: Arial, sans-serif\">Hayder Ali est n\u00e9 vers 1720 \u00e0 Dodballapur. Dans sa jeunesse il suit son fr\u00e8re et devient soldat, au si\u00e8ge de Devanhalli, en 1749. Hayder attire l&rsquo;attention de Nanjir\u00e2, le ministre du R\u00e2ja de Mysore. En 1757, Hayder est nomm\u00e9 chef des arm\u00e9es du Mysore lorsque les Marhathes attaquent le pays. En 1761, il obtient la position de premier ministre du Mysore.\u00a0<\/span><span style=\"font-family: Arial, sans-serif\">A la mort du R\u00e2ja, en 1766, Hayder Ali prend le pouvoir sans difficult\u00e9, suite \u00e0 \u00e7a, il s&#8217;empare de plusieurs territoires pour le royaume de Mysore. Durant son r\u00e8gne il va combattre les Marhathes mais \u00e9galement les Britanniques. Il va d&rsquo;ailleurs y avoir deux guerres du Mysore de 1767 \u00e0 1769 et de 1780 \u00e0 1784. Ces conflits amenent Hayder Ali \u00e0 s&rsquo;allier aux Fran\u00e7ais, en 1771.\u00a0<\/span><span style=\"font-family: Arial, sans-serif\">Au cours de la seconde guerre du Mysore, Hayder Ali d\u00e9c\u00e8de, en 1782. Son fils lui succ\u00e8de et sort victorieux du conflit, en 1784.\u00a0<\/span><span style=\"font-family: Arial, sans-serif\">Hayder Ali et Lap\u00e9rouse se sont connus dans l&rsquo;Oc\u00e9an Indien en novembre 1774, lorsque Lap\u00e9rouse re\u00e7u l&rsquo;ordre d&rsquo;apporter des armes \u00e0 Hayder Ali au nom du gouverneur de Pondich\u00e9ry, Jean Law de Lauriston, en guise d&rsquo;amiti\u00e9.<\/span><\/p>\n","protected":false},"excerpt":{"rendered":"<p>Hayder Ali est n\u00e9 vers 1720 \u00e0 Dodballapur. Dans sa jeunesse il suit son fr\u00e8re et devient soldat, au si\u00e8ge de Devanhalli, en 1749. Hayder attire l&rsquo;attention de Nanjir\u00e2, le ministre du R\u00e2ja de Mysore. En 1757, Hayder est nomm\u00e9 &hellip; <a href=\"https:\/\/blogs.univ-jfc.fr\/projetlaperouse\/marin-et-soldat\/dans-locean-indien\/hayder-ali-khan\/\">Lire la suite <span class=\"meta-nav\">&rarr;<\/span><\/a><\/p>\n","protected":false},"author":20,"featured_media":0,"parent":277,"menu_order":4,"comment_status":"closed","ping_status":"closed","template":"","meta":[],"_links":{"self":[{"href":"https:\/\/blogs.univ-jfc.fr\/projetlaperouse\/wp-json\/wp\/v2\/pages\/1128"}],"collection":[{"href":"https:\/\/blogs.univ-jfc.fr\/projetlaperouse\/wp-json\/wp\/v2\/pages"}],"about":[{"href":"https:\/\/blogs.univ-jfc.fr\/projetlaperouse\/wp-json\/wp\/v2\/types\/page"}],"author":[{"embeddable":true,"href":"https:\/\/blogs.univ-jfc.fr\/projetlaperouse\/wp-json\/wp\/v2\/users\/20"}],"replies":[{"embeddable":true,"href":"https:\/\/blogs.univ-jfc.fr\/projetlaperouse\/wp-json\/wp\/v2\/comments?post=1128"}],"version-history":[{"count":4,"href":"https:\/\/blogs.univ-jfc.fr\/projetlaperouse\/wp-json\/wp\/v2\/pages\/1128\/revisions"}],"predecessor-version":[{"id":2726,"href":"https:\/\/blogs.univ-jfc.fr\/projetlaperouse\/wp-json\/wp\/v2\/pages\/1128\/revisions\/2726"}],"up":[{"embeddable":true,"href":"https:\/\/blogs.univ-jfc.fr\/projetlaperouse\/wp-json\/wp\/v2\/pages\/277"}],"wp:attachment":[{"href":"https:\/\/blogs.univ-jfc.fr\/projetlaperouse\/wp-json\/wp\/v2\/media?parent=1128"}],"curies":[{"name":"wp","href":"https:\/\/api.w.org\/{rel}","templated":true}]}}