{"id":1130,"date":"2014-03-20T08:53:10","date_gmt":"2014-03-20T07:53:10","guid":{"rendered":"http:\/\/blogs.univ-jfc.fr\/projetlaperouse\/?page_id=1130"},"modified":"2014-03-27T12:17:19","modified_gmt":"2014-03-27T11:17:19","slug":"pirates-marhattes-confederation","status":"publish","type":"page","link":"https:\/\/blogs.univ-jfc.fr\/projetlaperouse\/marin-et-soldat\/dans-locean-indien\/pirates-marhattes-confederation\/","title":{"rendered":"Pirates Marhattes (Conf\u00e9d\u00e9ration)"},"content":{"rendered":"<p align=\"JUSTIFY\"><span style=\"font-family: Arial, sans-serif\">La conf\u00e9d\u00e9ration Marhatte voit le jour \u00e0 la fin du XVIIe si\u00e8cle, en 1674, en Inde. A cette \u00e9poque, les Marhattes se r\u00e9voltent contre la domination Moghols. Cette conf\u00e9d\u00e9ration \u00e0 \u00e9galement combattu les force europ\u00e9ennes comme les britanniques \u00e0 la fin du XVIII\u00e8me si\u00e8cle et au d\u00e9but du XIX\u00e8me si\u00e8cle o\u00f9 ils sont battus en 1819. C&rsquo;est la fin de cette conf\u00e9d\u00e9ration. Celle-ci se trouvait dans la r\u00e9gion formant maintenant l\u2019\u00c9tat du Maharashtra.\u00a0<\/span><\/p>\n","protected":false},"excerpt":{"rendered":"<p>La conf\u00e9d\u00e9ration Marhatte voit le jour \u00e0 la fin du XVIIe si\u00e8cle, en 1674, en Inde. A cette \u00e9poque, les Marhattes se r\u00e9voltent contre la domination Moghols. Cette conf\u00e9d\u00e9ration \u00e0 \u00e9galement combattu les force europ\u00e9ennes comme les britanniques \u00e0 la &hellip; <a href=\"https:\/\/blogs.univ-jfc.fr\/projetlaperouse\/marin-et-soldat\/dans-locean-indien\/pirates-marhattes-confederation\/\">Lire la suite <span class=\"meta-nav\">&rarr;<\/span><\/a><\/p>\n","protected":false},"author":20,"featured_media":0,"parent":277,"menu_order":4,"comment_status":"closed","ping_status":"closed","template":"","meta":[],"_links":{"self":[{"href":"https:\/\/blogs.univ-jfc.fr\/projetlaperouse\/wp-json\/wp\/v2\/pages\/1130"}],"collection":[{"href":"https:\/\/blogs.univ-jfc.fr\/projetlaperouse\/wp-json\/wp\/v2\/pages"}],"about":[{"href":"https:\/\/blogs.univ-jfc.fr\/projetlaperouse\/wp-json\/wp\/v2\/types\/page"}],"author":[{"embeddable":true,"href":"https:\/\/blogs.univ-jfc.fr\/projetlaperouse\/wp-json\/wp\/v2\/users\/20"}],"replies":[{"embeddable":true,"href":"https:\/\/blogs.univ-jfc.fr\/projetlaperouse\/wp-json\/wp\/v2\/comments?post=1130"}],"version-history":[{"count":3,"href":"https:\/\/blogs.univ-jfc.fr\/projetlaperouse\/wp-json\/wp\/v2\/pages\/1130\/revisions"}],"predecessor-version":[{"id":2728,"href":"https:\/\/blogs.univ-jfc.fr\/projetlaperouse\/wp-json\/wp\/v2\/pages\/1130\/revisions\/2728"}],"up":[{"embeddable":true,"href":"https:\/\/blogs.univ-jfc.fr\/projetlaperouse\/wp-json\/wp\/v2\/pages\/277"}],"wp:attachment":[{"href":"https:\/\/blogs.univ-jfc.fr\/projetlaperouse\/wp-json\/wp\/v2\/media?parent=1130"}],"curies":[{"name":"wp","href":"https:\/\/api.w.org\/{rel}","templated":true}]}}