{"id":1132,"date":"2014-03-20T08:53:40","date_gmt":"2014-03-20T07:53:40","guid":{"rendered":"http:\/\/blogs.univ-jfc.fr\/projetlaperouse\/?page_id=1132"},"modified":"2014-03-27T12:21:15","modified_gmt":"2014-03-27T11:21:15","slug":"croix-de-saint-louis","status":"publish","type":"page","link":"https:\/\/blogs.univ-jfc.fr\/projetlaperouse\/marin-et-soldat\/dans-locean-indien\/croix-de-saint-louis\/","title":{"rendered":"Croix de Saint-Louis"},"content":{"rendered":"<p align=\"JUSTIFY\"><span style=\"font-family: Arial, sans-serif\">Lap\u00e9rouse re\u00e7ut la croix de l&rsquo;ordre de Saint-Louis \u00e0 son retour \u00e0 Lorient, en France en Mai 1777.<\/span><\/p>\n<p align=\"JUSTIFY\"><span style=\"font-family: Arial, sans-serif\">\u00ab\u00a0<b>Saint-Louis, ordre royal et militaire de. <\/b>D\u00e9coration donn\u00e9e entre 1693 et 1793 puis entre 1814 et 1830 aux officiers de terre et de mer catholiques, nobles ou roturiers, apr\u00e8s une dizaine puis une vingtaine d&rsquo;ann\u00e9es de services. Cr\u00e9\u00e9 par Louis XIV le 8 mai 1693, pour \u00eatre \u00ab\u00a0le prix des vertus guerri\u00e8res\u00a0\u00bb (devise de l&rsquo;ordre due \u00e0 Boileau), cet ordre s&rsquo;ajoute \u00e0 ceux de l&rsquo;ordre de Saint-Michel et du Saint-Esprit (le cordon bleu) qui ne pouvaient honorer que deux cents Fran\u00e7ais. Son grand sceau est d\u00e9tenu par le chancelier de France. Le brevet de chaque chevalier est sign\u00e9 des secr\u00e9taires d\u2019\u00c9tat (guerre ou marine). Ensuite la c\u00e9r\u00e9monie de l&rsquo;adoubement est effectu\u00e9e soit par le roi en personne, soit par son repr\u00e9sentant local\u00a0: commandant de la marine au port, gouverneur de la colonie. La formule reste la m\u00eame\u00a0: le roi ou son repr\u00e9sentant debout et couvert dit\u00a0: \u00ab\u00a0Par Saint-Louis, je vous fais chevalier\u00a0\u00bb, en adoubant l&rsquo;imp\u00e9trant* par l&rsquo;\u00e9p\u00e9e. L&rsquo;ordre comprend le roi, grand-ma\u00eetre de l&rsquo;ordre, le dauphin, huit grand croix, vingt-quatre commandeurs, plusieurs centaines de chevaliers (mille huit cents entre 1693 et 1715). Ces derniers portent une croix \u00e9maill\u00e9e \u00e0 huit pointes (comme celle de malte), orn\u00e9e de quatre fleurs de lis d&rsquo;or et de la figure de Saint-Louis en cuirasse, tenant une couronne de laurier et une d&rsquo;\u00e9pines\u00a0; et de deux devises\u00a0: <i>Ludovicus magnus instituit 1693<\/i> et <i>Bellicae virtutis praemium<\/i>. Croix suspendu \u00e0 un ruban rouge. Les commandeurs re\u00e7oivent le \u00ab\u00a0cordon rouge\u00a0\u00bb, c&rsquo;est \u00e0 dire une croix plus grande au bas d&rsquo;un large cordon port\u00e9 en \u00e9charpe. Les grand-croix y ajoutent une croix brod\u00e9e d&rsquo;or sur l&rsquo;habit (justaucorps et manteau), remplac\u00e9e sous la Restauration par une plaque m\u00e9tallique. L&rsquo;Amiral de France et le g\u00e9n\u00e9ral des gal\u00e8res \u00e9taient membres de droit de l&rsquo;ordre. Les autres officiers ne cess\u00e8rent de briguer la croix car des pensions lui \u00e9tant attach\u00e9es, l&rsquo;ordre \u00e9tant dot\u00e9 de 300 000 livres annuelles\u00a0: cent vingt-huit des chevaliers recevaient 800 livres annuelles\u00a0; les commandeurs, 3 000 puis 4 000 livres\u00a0; les grands-croix, 6 000 livres. Compatible avec l&rsquo;ordre de Saint-Michel et le cordon bleu, l&rsquo;ordre ne l&rsquo;est pas avec celui de Malte. Napol\u00e9on s&rsquo;inspira du ruban rouge pour sa L\u00e9gion d&rsquo;honneur et les ordres nationaux du monde entier emprunt\u00e8rent \u00e0 l&rsquo;ordre sa hi\u00e9rarchie, la premi\u00e8re du genre\u00a0: chevaliers, commandeurs, grand-croix.\u00a0\u00bb VERG\u00c9-FRANCESCHI M. <i>Dictionnaire d\u2019histoire maritime<\/i>. Paris : R. Laffont, 2002b. 720 p<\/span><\/p>\n<p align=\"JUSTIFY\">\n<p align=\"JUSTIFY\"><span style=\"font-family: Arial, sans-serif\">Bibliographie compl\u00e9mentaire voir\u00a0: MAZAS A., <i>Histoire de l&rsquo;ordre royal et militaire de Saint-Louis<\/i>, Paris, 1860, 3 vol.<\/span><\/p>\n<div id=\"attachment_1475\" style=\"width: 650px\" class=\"wp-caption alignnone\"><a href=\"http:\/\/blogs.univ-jfc.fr\/projetlaperouse\/wp-content\/uploads\/sites\/9\/2014\/03\/saintlouis.jpg\"><img aria-describedby=\"caption-attachment-1475\" loading=\"lazy\" class=\"size-full wp-image-1475\" alt=\"Croix de chevalier de l\u2019ordre de Saint-Louis \u00a9 mus\u00e9e de l'Arm\u00e9e (Dist. RMN-Grand Palais) photo Christophe Chavan \" src=\"http:\/\/blogs.univ-jfc.fr\/projetlaperouse\/wp-content\/uploads\/sites\/9\/2014\/03\/saintlouis.jpg\" width=\"640\" height=\"500\" \/><\/a><p id=\"caption-attachment-1475\" class=\"wp-caption-text\">Croix de chevalier de l\u2019ordre de Saint-Louis \u00a9 mus\u00e9e de l&rsquo;Arm\u00e9e (Dist. RMN-Grand Palais) photo Christophe Chavan<\/p><\/div>\n","protected":false},"excerpt":{"rendered":"<p>Lap\u00e9rouse re\u00e7ut la croix de l&rsquo;ordre de Saint-Louis \u00e0 son retour \u00e0 Lorient, en France en Mai 1777. \u00ab\u00a0Saint-Louis, ordre royal et militaire de. D\u00e9coration donn\u00e9e entre 1693 et 1793 puis entre 1814 et 1830 aux officiers de terre et &hellip; <a href=\"https:\/\/blogs.univ-jfc.fr\/projetlaperouse\/marin-et-soldat\/dans-locean-indien\/croix-de-saint-louis\/\">Lire la suite <span class=\"meta-nav\">&rarr;<\/span><\/a><\/p>\n","protected":false},"author":20,"featured_media":0,"parent":277,"menu_order":4,"comment_status":"closed","ping_status":"closed","template":"","meta":[],"_links":{"self":[{"href":"https:\/\/blogs.univ-jfc.fr\/projetlaperouse\/wp-json\/wp\/v2\/pages\/1132"}],"collection":[{"href":"https:\/\/blogs.univ-jfc.fr\/projetlaperouse\/wp-json\/wp\/v2\/pages"}],"about":[{"href":"https:\/\/blogs.univ-jfc.fr\/projetlaperouse\/wp-json\/wp\/v2\/types\/page"}],"author":[{"embeddable":true,"href":"https:\/\/blogs.univ-jfc.fr\/projetlaperouse\/wp-json\/wp\/v2\/users\/20"}],"replies":[{"embeddable":true,"href":"https:\/\/blogs.univ-jfc.fr\/projetlaperouse\/wp-json\/wp\/v2\/comments?post=1132"}],"version-history":[{"count":5,"href":"https:\/\/blogs.univ-jfc.fr\/projetlaperouse\/wp-json\/wp\/v2\/pages\/1132\/revisions"}],"predecessor-version":[{"id":1468,"href":"https:\/\/blogs.univ-jfc.fr\/projetlaperouse\/wp-json\/wp\/v2\/pages\/1132\/revisions\/1468"}],"up":[{"embeddable":true,"href":"https:\/\/blogs.univ-jfc.fr\/projetlaperouse\/wp-json\/wp\/v2\/pages\/277"}],"wp:attachment":[{"href":"https:\/\/blogs.univ-jfc.fr\/projetlaperouse\/wp-json\/wp\/v2\/media?parent=1132"}],"curies":[{"name":"wp","href":"https:\/\/api.w.org\/{rel}","templated":true}]}}