{"id":1140,"date":"2014-03-20T08:55:48","date_gmt":"2014-03-20T07:55:48","guid":{"rendered":"http:\/\/blogs.univ-jfc.fr\/projetlaperouse\/?page_id=1140"},"modified":"2014-04-03T09:24:08","modified_gmt":"2014-04-03T08:24:08","slug":"pierre-de-voyer-dargenson","status":"publish","type":"page","link":"https:\/\/blogs.univ-jfc.fr\/projetlaperouse\/marin-et-soldat\/lexpedition-de-la-baie-dhudson\/pierre-de-voyer-dargenson\/","title":{"rendered":"Pierre de Voyer d&rsquo;Argenson"},"content":{"rendered":"<div id=\"attachment_2923\" style=\"width: 212px\" class=\"wp-caption alignright\"><a href=\"http:\/\/blogs.univ-jfc.fr\/projetlaperouse\/wp-content\/uploads\/sites\/9\/2014\/03\/original.4865.jpg\"><img aria-describedby=\"caption-attachment-2923\" loading=\"lazy\" class=\" wp-image-2923   \" alt=\"Portrait de Pierre De Voyer d'Argenson, vicomte de Mouzay, gouverneur de la Nouvelle-France du 11 juillet 1658 jusqu'en 1661\" src=\"http:\/\/blogs.univ-jfc.fr\/projetlaperouse\/wp-content\/uploads\/sites\/9\/2014\/03\/original.4865.jpg\" width=\"202\" height=\"324\" \/><\/a><p id=\"caption-attachment-2923\" class=\"wp-caption-text\">Portrait de<a href=\"http:\/\/collections.banq.qc.ca\/ark:\/52327\/2073747\"> Pierre De Voyer d&rsquo;Argenson<\/a>, vicomte de Mouzay, gouverneur de la Nouvelle-France du 11 juillet 1658 jusqu&rsquo;en 1661<\/p><\/div>\n<p style=\"text-align: justify\">De Voyer Pierre d&rsquo;Argenson, vicomte de Mouzay, n\u00e9 le 19 novembre 1625 et mort vers 1709 dans la province de Touraine. Il fut gouverneur de la Nouvelle-France du 11 juillet 1658 jusqu&rsquo;en 1661. Il dirigea la Nouvelle-France, une colonie du royaume de France, qui se situait en Am\u00e9rique du Nord, elle faisait partie du premier empire colonial fran\u00e7ais. C&rsquo;est par lui que les deux explorateurs fran\u00e7ais, Radisson Pierre-Esprit et des Groseilliers M\u00e9dard-Chouart pass\u00e8rent en 1660 quelques soixantaine de canots charg\u00e9s de fourrures, qui furent confisqu\u00e9es de suite par ce dernier. D\u2019Argenson leur reprochait d\u2019avoir quitt\u00e9 la compagnie sans autorisation. A la suite de cette altercation, les deux fran\u00e7ais d\u00e9cid\u00e8rent d\u2019offrir leurs services \u00e0 des commanditaires plus g\u00e9n\u00e9reux, ce qui advient sans plus tarder avec les propositions d\u2019un envoy\u00e9 de Charles II pour les convaincre de travailler pour le Royaume d&rsquo;Angleterre.<\/p>\n","protected":false},"excerpt":{"rendered":"<p>De Voyer Pierre d&rsquo;Argenson, vicomte de Mouzay, n\u00e9 le 19 novembre 1625 et mort vers 1709 dans la province de Touraine. Il fut gouverneur de la Nouvelle-France du 11 juillet 1658 jusqu&rsquo;en 1661. Il dirigea la Nouvelle-France, une colonie du &hellip; <a href=\"https:\/\/blogs.univ-jfc.fr\/projetlaperouse\/marin-et-soldat\/lexpedition-de-la-baie-dhudson\/pierre-de-voyer-dargenson\/\">Lire la suite <span class=\"meta-nav\">&rarr;<\/span><\/a><\/p>\n","protected":false},"author":20,"featured_media":0,"parent":279,"menu_order":2,"comment_status":"closed","ping_status":"open","template":"","meta":[],"_links":{"self":[{"href":"https:\/\/blogs.univ-jfc.fr\/projetlaperouse\/wp-json\/wp\/v2\/pages\/1140"}],"collection":[{"href":"https:\/\/blogs.univ-jfc.fr\/projetlaperouse\/wp-json\/wp\/v2\/pages"}],"about":[{"href":"https:\/\/blogs.univ-jfc.fr\/projetlaperouse\/wp-json\/wp\/v2\/types\/page"}],"author":[{"embeddable":true,"href":"https:\/\/blogs.univ-jfc.fr\/projetlaperouse\/wp-json\/wp\/v2\/users\/20"}],"replies":[{"embeddable":true,"href":"https:\/\/blogs.univ-jfc.fr\/projetlaperouse\/wp-json\/wp\/v2\/comments?post=1140"}],"version-history":[{"count":4,"href":"https:\/\/blogs.univ-jfc.fr\/projetlaperouse\/wp-json\/wp\/v2\/pages\/1140\/revisions"}],"predecessor-version":[{"id":3908,"href":"https:\/\/blogs.univ-jfc.fr\/projetlaperouse\/wp-json\/wp\/v2\/pages\/1140\/revisions\/3908"}],"up":[{"embeddable":true,"href":"https:\/\/blogs.univ-jfc.fr\/projetlaperouse\/wp-json\/wp\/v2\/pages\/279"}],"wp:attachment":[{"href":"https:\/\/blogs.univ-jfc.fr\/projetlaperouse\/wp-json\/wp\/v2\/media?parent=1140"}],"curies":[{"name":"wp","href":"https:\/\/api.w.org\/{rel}","templated":true}]}}