{"id":1142,"date":"2014-03-20T08:56:16","date_gmt":"2014-03-20T07:56:16","guid":{"rendered":"http:\/\/blogs.univ-jfc.fr\/projetlaperouse\/?page_id=1142"},"modified":"2014-04-03T09:20:07","modified_gmt":"2014-04-03T08:20:07","slug":"medart-chouart-des-groseillers","status":"publish","type":"page","link":"https:\/\/blogs.univ-jfc.fr\/projetlaperouse\/marin-et-soldat\/lexpedition-de-la-baie-dhudson\/medart-chouart-des-groseillers\/","title":{"rendered":"M\u00e9dard Chouart des Groseillers"},"content":{"rendered":"<div id=\"attachment_2919\" style=\"width: 195px\" class=\"wp-caption alignright\"><a href=\"http:\/\/blogs.univ-jfc.fr\/projetlaperouse\/wp-content\/uploads\/sites\/9\/2014\/03\/Plaque-comm\u00e9morative-\u00e0-M\u00e9dard-Chouart-sieur-des-Groseillers-\u00e0-Trois-Rivi\u00e8res.jpg\"><img aria-describedby=\"caption-attachment-2919\" loading=\"lazy\" class=\" wp-image-2919  \" alt=\"Cette plaque comm\u00e9morative est \u00e0 la m\u00e9moire de M\u00e9dard Chouart Des Groseillers. Elle se trouve \u00e0 Trois-Rivi\u00e8res.\" src=\"http:\/\/blogs.univ-jfc.fr\/projetlaperouse\/wp-content\/uploads\/sites\/9\/2014\/03\/Plaque-comm\u00e9morative-\u00e0-M\u00e9dard-Chouart-sieur-des-Groseillers-\u00e0-Trois-Rivi\u00e8res.jpg\" width=\"185\" height=\"186\" \/><\/a><p id=\"caption-attachment-2919\" class=\"wp-caption-text\">Cette <a href=\"http:\/\/upload.wikimedia.org\/wikipedia\/commons\/3\/3b\/PlaqueDesGroseillers1.jpg?uselang=fr\">plaque comm\u00e9morative<\/a> est \u00e0 la m\u00e9moire de M\u00e9dard Chouart Des Groseillers. Elle se trouve \u00e0 Trois-Rivi\u00e8res.<\/p><\/div>\n<p style=\"text-align: justify\">Des Groseilliers (M\u00e9dard Chouart), n\u00e9 en 1618 \u00e0 Charly-sur-Marne et d\u00e9c\u00e9d\u00e9 en 1696. Il f\u00fbt un explorateur et commer\u00e7ant de fourrures animales. Il participa \u00e0 la d\u00e9couverte de la baie d&rsquo;Hudson avec son beau-fr\u00e8re Pierre-Esprit Radisson. En 1659, c&rsquo;est avec ce dernier qu&rsquo;il navigua vers la r\u00e9gion du Lac Sup\u00e9rieur. \u00c0 leur retour en 1660, ils ramen\u00e8rent une cargaison de fourrures animales. Bien que ces derni\u00e8res leur furent confisqu\u00e9es par le Gouverneur de la Nouvelle-France, des Groseilliers et son beau-fr\u00e8re partirent pour Boston afin de n\u00e9gocier un commerce de fourrures avec la Nouvelle-Angleterre. Mais ils essuy\u00e8rent un nouvel \u00e9chec. Cependant, ils rencontr\u00e8rent le colonel anglais George Cartwright qui les emmena en Angleterre et les pr\u00e9senta \u00e0 la cour du roi Charles II. En juin 1668, ils partirent d&rsquo;Angleterre conduisant deux navires marchands, affr\u00e9t\u00e9s par le prince Rupert, l&rsquo;<i>Eaglet <\/i>le<i> Nonsuch, <\/i>vers la baie d&rsquo;Hudson par le nord. Cette nouvelle route plus courte \u00e9liminait la n\u00e9cessit\u00e9 de passer par le fleuve Saint-Laurent contr\u00f4l\u00e9 par les Fran\u00e7ais. Seul le <i>Nonsuch<\/i> arriva \u00e0 destination. Car l&rsquo;<i>Eaglet<\/i>, avari\u00e9 dans une temp\u00eate d\u00fbt retourner en Angleterre avec Radisson \u00e0 son bord. Des Groseilliers retourna l&rsquo;ann\u00e9e suivante en Angleterre avec une cargaison de fourrures et le succ\u00e8s de cette mission entra\u00eena en 1670 la cr\u00e9ation de la Compagnie de la baie d&rsquo;Hudson. Il s\u2019installa aux Trois-Rivi\u00e8res o\u00f9 il mourut.<\/p>\n","protected":false},"excerpt":{"rendered":"<p>Des Groseilliers (M\u00e9dard Chouart), n\u00e9 en 1618 \u00e0 Charly-sur-Marne et d\u00e9c\u00e9d\u00e9 en 1696. Il f\u00fbt un explorateur et commer\u00e7ant de fourrures animales. Il participa \u00e0 la d\u00e9couverte de la baie d&rsquo;Hudson avec son beau-fr\u00e8re Pierre-Esprit Radisson. En 1659, c&rsquo;est avec &hellip; <a href=\"https:\/\/blogs.univ-jfc.fr\/projetlaperouse\/marin-et-soldat\/lexpedition-de-la-baie-dhudson\/medart-chouart-des-groseillers\/\">Lire la suite <span class=\"meta-nav\">&rarr;<\/span><\/a><\/p>\n","protected":false},"author":20,"featured_media":0,"parent":279,"menu_order":4,"comment_status":"closed","ping_status":"closed","template":"","meta":[],"_links":{"self":[{"href":"https:\/\/blogs.univ-jfc.fr\/projetlaperouse\/wp-json\/wp\/v2\/pages\/1142"}],"collection":[{"href":"https:\/\/blogs.univ-jfc.fr\/projetlaperouse\/wp-json\/wp\/v2\/pages"}],"about":[{"href":"https:\/\/blogs.univ-jfc.fr\/projetlaperouse\/wp-json\/wp\/v2\/types\/page"}],"author":[{"embeddable":true,"href":"https:\/\/blogs.univ-jfc.fr\/projetlaperouse\/wp-json\/wp\/v2\/users\/20"}],"replies":[{"embeddable":true,"href":"https:\/\/blogs.univ-jfc.fr\/projetlaperouse\/wp-json\/wp\/v2\/comments?post=1142"}],"version-history":[{"count":7,"href":"https:\/\/blogs.univ-jfc.fr\/projetlaperouse\/wp-json\/wp\/v2\/pages\/1142\/revisions"}],"predecessor-version":[{"id":3893,"href":"https:\/\/blogs.univ-jfc.fr\/projetlaperouse\/wp-json\/wp\/v2\/pages\/1142\/revisions\/3893"}],"up":[{"embeddable":true,"href":"https:\/\/blogs.univ-jfc.fr\/projetlaperouse\/wp-json\/wp\/v2\/pages\/279"}],"wp:attachment":[{"href":"https:\/\/blogs.univ-jfc.fr\/projetlaperouse\/wp-json\/wp\/v2\/media?parent=1142"}],"curies":[{"name":"wp","href":"https:\/\/api.w.org\/{rel}","templated":true}]}}