{"id":1145,"date":"2014-03-20T08:56:35","date_gmt":"2014-03-20T07:56:35","guid":{"rendered":"http:\/\/blogs.univ-jfc.fr\/projetlaperouse\/?page_id=1145"},"modified":"2014-04-03T09:23:05","modified_gmt":"2014-04-03T08:23:05","slug":"henry-ellis","status":"publish","type":"page","link":"https:\/\/blogs.univ-jfc.fr\/projetlaperouse\/marin-et-soldat\/lexpedition-de-la-baie-dhudson\/henry-ellis\/","title":{"rendered":"Henry Ellis"},"content":{"rendered":"<p style=\"text-align: justify\"><span style=\"font-family: Arial,sans-serif\"> Ellis Henri, n\u00e9 en Irlande en 1721, il suivit une bonne \u00e9ducation et, \u00e0 25 ans il servit de repr\u00e9sentant des armateurs dans l&rsquo;exp\u00e9dition d&rsquo;Arthur Dobbs \u00e0 la recherche du passage nord-ouest.<\/span><\/p>\n<p style=\"text-align: justify\"><span style=\"font-family: Arial,sans-serif\">L&rsquo;exp\u00e9dition appareilla en 1746, Ellis \u00e0 son bord, avec deux navires, le <i>Dobbs Galley<\/i> avec le capitaine William Moore et le <i>California<\/i> avec le capitaine Francis Smith, un marin exp\u00e9riment\u00e9 qui connaissait bien la baie d&rsquo;Hudson. L&rsquo;exp\u00e9dition chercha sans succ\u00e8s le fameux passage dans la r\u00e9gion du Chesterfield et hiverna dans les forts de la compagnie de la baie d&rsquo;Hudson. \u00c0 son retour Ellis r\u00e9digea <i>Voyage made to Hudson&rsquo;s Bay in 1746, by the Dobbs Galley and the California, to discover a Northwest Passage<\/i>. L&rsquo;ouvrage f\u00fbt publi\u00e9 \u00e0 Londres en 1748 et en France d\u00e8s 1749. Cet ouvrage contient de nombreuses observations sur la baie d&rsquo;Hudson compil\u00e9es par Ellis sur des r\u00e9cits d&rsquo;anciens navigateurs, corrig\u00e9s et enrichis de sa propre exp\u00e9rience.<\/span><\/p>\n","protected":false},"excerpt":{"rendered":"<p>Ellis Henri, n\u00e9 en Irlande en 1721, il suivit une bonne \u00e9ducation et, \u00e0 25 ans il servit de repr\u00e9sentant des armateurs dans l&rsquo;exp\u00e9dition d&rsquo;Arthur Dobbs \u00e0 la recherche du passage nord-ouest. L&rsquo;exp\u00e9dition appareilla en 1746, Ellis \u00e0 son bord, &hellip; <a href=\"https:\/\/blogs.univ-jfc.fr\/projetlaperouse\/marin-et-soldat\/lexpedition-de-la-baie-dhudson\/henry-ellis\/\">Lire la suite <span class=\"meta-nav\">&rarr;<\/span><\/a><\/p>\n","protected":false},"author":20,"featured_media":0,"parent":279,"menu_order":4,"comment_status":"closed","ping_status":"closed","template":"","meta":[],"_links":{"self":[{"href":"https:\/\/blogs.univ-jfc.fr\/projetlaperouse\/wp-json\/wp\/v2\/pages\/1145"}],"collection":[{"href":"https:\/\/blogs.univ-jfc.fr\/projetlaperouse\/wp-json\/wp\/v2\/pages"}],"about":[{"href":"https:\/\/blogs.univ-jfc.fr\/projetlaperouse\/wp-json\/wp\/v2\/types\/page"}],"author":[{"embeddable":true,"href":"https:\/\/blogs.univ-jfc.fr\/projetlaperouse\/wp-json\/wp\/v2\/users\/20"}],"replies":[{"embeddable":true,"href":"https:\/\/blogs.univ-jfc.fr\/projetlaperouse\/wp-json\/wp\/v2\/comments?post=1145"}],"version-history":[{"count":5,"href":"https:\/\/blogs.univ-jfc.fr\/projetlaperouse\/wp-json\/wp\/v2\/pages\/1145\/revisions"}],"predecessor-version":[{"id":3630,"href":"https:\/\/blogs.univ-jfc.fr\/projetlaperouse\/wp-json\/wp\/v2\/pages\/1145\/revisions\/3630"}],"up":[{"embeddable":true,"href":"https:\/\/blogs.univ-jfc.fr\/projetlaperouse\/wp-json\/wp\/v2\/pages\/279"}],"wp:attachment":[{"href":"https:\/\/blogs.univ-jfc.fr\/projetlaperouse\/wp-json\/wp\/v2\/media?parent=1145"}],"curies":[{"name":"wp","href":"https:\/\/api.w.org\/{rel}","templated":true}]}}