{"id":1147,"date":"2014-03-20T08:56:55","date_gmt":"2014-03-20T07:56:55","guid":{"rendered":"http:\/\/blogs.univ-jfc.fr\/projetlaperouse\/?page_id=1147"},"modified":"2014-04-03T09:15:06","modified_gmt":"2014-04-03T08:15:06","slug":"henry-hudson","status":"publish","type":"page","link":"https:\/\/blogs.univ-jfc.fr\/projetlaperouse\/marin-et-soldat\/lexpedition-de-la-baie-dhudson\/henry-hudson\/","title":{"rendered":"Henry Hudson"},"content":{"rendered":"<div id=\"attachment_2887\" style=\"width: 197px\" class=\"wp-caption alignright\"><a href=\"http:\/\/blogs.univ-jfc.fr\/projetlaperouse\/wp-content\/uploads\/sites\/9\/2013\/06\/HenryHudson.jpg\"><img aria-describedby=\"caption-attachment-2887\" loading=\"lazy\" class=\" wp-image-2887  \" alt=\"Portrait de Sir Henry Hudson issu du Cyclopedia of Universal History\" src=\"http:\/\/blogs.univ-jfc.fr\/projetlaperouse\/wp-content\/uploads\/sites\/9\/2013\/06\/HenryHudson.jpg\" width=\"187\" height=\"208\" \/><\/a><p id=\"caption-attachment-2887\" class=\"wp-caption-text\"><a href=\"http:\/\/upload.wikimedia.org\/wikipedia\/commons\/d\/d2\/HenryHudson.jpg\">Portrait de Sir Henry Hudson<\/a> issu du Cyclopedia of Universal History<\/p><\/div>\n<p style=\"text-align: justify\">Henry Hudson, n\u00e9 le 12 septembre en 1565 \u00e0 Londres et mort en 1611. Navigateur Anglais, auteur de quatre voyages dans l&rsquo;Atlantique Nord et dans l&rsquo;Oc\u00e9an Arctique. Il fut \u00e0 l&rsquo;origine de la d\u00e9couverte d&rsquo;une baie, qui porte son nom encore aujourd&rsquo;hui, en 1610 dans le nord de l\u2019actuel Canada.<\/p>\n<p style=\"text-align: justify\">Hudson d\u00e9buta au service de la Compagnie de Moscovie, il effectua en 1607 un premier voyage d&rsquo;exploration vers la zone polaire o\u00f9 il atteignit le Spitzberg. Il navigua jusqu&rsquo;au-del\u00e0 du 80<sup>0<\/sup> parall\u00e8le et tenta sans succ\u00e8s d&rsquo;effectuer le tour du Groenland par le Nord. De retour \u00e0 Londres, il insista sur les diff\u00e9rentes possibilit\u00e9s d&rsquo;extension de la chasse \u00e0 la baleine dans le Grand Nord. L&rsquo;ann\u00e9e suivante, ses employeurs l&rsquo;envoy\u00e8rent \u00e0 la d\u00e9couverte du passage du Nord-Est, mais l&rsquo;exp\u00e9dition tourna court devant l&rsquo;impossibilit\u00e9 de d\u00e9passer la Nouvelle-Zemble. En 1609, il fut au service de la Compagnie hollandaise des Indes orientales, il longea la c\u00f4te nord-am\u00e9ricaine et explora l&rsquo;actuelle <em>Hudson River<\/em> qu&rsquo;il remonta jusqu&rsquo;au site actuel d&rsquo;Albany. Enfin, en 1610, des marchands de Londres le charg\u00e8rent de poursuivre les explorations de Davis et de d\u00e9couvrir le passage du Nord-Ouest. \u00c0 bord du navire le <em>Discovery<\/em>, avec vingt-trois hommes d&rsquo;\u00e9quipage et seulement six mois de vivres, il cingla vers l&rsquo;extr\u00eame Nord canadien et p\u00e9n\u00e9tra dans la baie qui porte son nom, \u00ab\u00a0mer vaste et tumultueuse\u00a0\u00bb qu&rsquo;il croit \u00eatre le passage tant recherch\u00e9. Il en explora les rives orientales et hiverna sur place du fait d&rsquo;une mer gel\u00e9e. Non sans de graves difficult\u00e9s (scorbut et manque de nourriture). L&rsquo;\u00e9t\u00e9 venu, il leva l&rsquo;ancre, mais son \u00e9quipage se mutina, les matelots souhaitaient rentrer en Angleterre. Ils abandonn\u00e8rent Hudson, ainsi que son fils et sept matelots demeur\u00e9s fid\u00e8les, au large de l&rsquo;\u00eele Charlton (23\u00a0juin 1611), dans une chaloupe, sans armes et tr\u00e8s peu de vivres.<\/p>\n<p>&nbsp;<\/p>\n","protected":false},"excerpt":{"rendered":"<p>Henry Hudson, n\u00e9 le 12 septembre en 1565 \u00e0 Londres et mort en 1611. Navigateur Anglais, auteur de quatre voyages dans l&rsquo;Atlantique Nord et dans l&rsquo;Oc\u00e9an Arctique. Il fut \u00e0 l&rsquo;origine de la d\u00e9couverte d&rsquo;une baie, qui porte son nom &hellip; <a href=\"https:\/\/blogs.univ-jfc.fr\/projetlaperouse\/marin-et-soldat\/lexpedition-de-la-baie-dhudson\/henry-hudson\/\">Lire la suite <span class=\"meta-nav\">&rarr;<\/span><\/a><\/p>\n","protected":false},"author":20,"featured_media":0,"parent":279,"menu_order":4,"comment_status":"closed","ping_status":"closed","template":"","meta":[],"_links":{"self":[{"href":"https:\/\/blogs.univ-jfc.fr\/projetlaperouse\/wp-json\/wp\/v2\/pages\/1147"}],"collection":[{"href":"https:\/\/blogs.univ-jfc.fr\/projetlaperouse\/wp-json\/wp\/v2\/pages"}],"about":[{"href":"https:\/\/blogs.univ-jfc.fr\/projetlaperouse\/wp-json\/wp\/v2\/types\/page"}],"author":[{"embeddable":true,"href":"https:\/\/blogs.univ-jfc.fr\/projetlaperouse\/wp-json\/wp\/v2\/users\/20"}],"replies":[{"embeddable":true,"href":"https:\/\/blogs.univ-jfc.fr\/projetlaperouse\/wp-json\/wp\/v2\/comments?post=1147"}],"version-history":[{"count":6,"href":"https:\/\/blogs.univ-jfc.fr\/projetlaperouse\/wp-json\/wp\/v2\/pages\/1147\/revisions"}],"predecessor-version":[{"id":2906,"href":"https:\/\/blogs.univ-jfc.fr\/projetlaperouse\/wp-json\/wp\/v2\/pages\/1147\/revisions\/2906"}],"up":[{"embeddable":true,"href":"https:\/\/blogs.univ-jfc.fr\/projetlaperouse\/wp-json\/wp\/v2\/pages\/279"}],"wp:attachment":[{"href":"https:\/\/blogs.univ-jfc.fr\/projetlaperouse\/wp-json\/wp\/v2\/media?parent=1147"}],"curies":[{"name":"wp","href":"https:\/\/api.w.org\/{rel}","templated":true}]}}