{"id":1152,"date":"2014-03-20T08:57:44","date_gmt":"2014-03-20T07:57:44","guid":{"rendered":"http:\/\/blogs.univ-jfc.fr\/projetlaperouse\/?page_id=1152"},"modified":"2014-04-03T09:16:22","modified_gmt":"2014-04-03T08:16:22","slug":"pierre-esprit-radisson","status":"publish","type":"page","link":"https:\/\/blogs.univ-jfc.fr\/projetlaperouse\/marin-et-soldat\/lexpedition-de-la-baie-dhudson\/pierre-esprit-radisson\/","title":{"rendered":"Pierre-Esprit Radisson"},"content":{"rendered":"<div id=\"attachment_2911\" style=\"width: 161px\" class=\"wp-caption alignright\"><a href=\"http:\/\/blogs.univ-jfc.fr\/projetlaperouse\/wp-content\/uploads\/sites\/9\/2014\/03\/Pierre-Esprit_Radisson.jpg\"><img aria-describedby=\"caption-attachment-2911\" loading=\"lazy\" class=\" wp-image-2911    \" alt=\"Portrait le plus connu de Pierre-Esprit Radisson. N\u00e9anmoins, l'auteur nous est inconnu.\" src=\"http:\/\/blogs.univ-jfc.fr\/projetlaperouse\/wp-content\/uploads\/sites\/9\/2014\/03\/Pierre-Esprit_Radisson.jpg\" width=\"151\" height=\"166\" \/><\/a><p id=\"caption-attachment-2911\" class=\"wp-caption-text\">Portrait le plus connu de <a href=\"http:\/\/upload.wikimedia.org\/wikipedia\/commons\/0\/0f\/Pierre-Esprit_Radisson.jpg\">Pierre-Esprit Radisson<\/a>. L&rsquo;auteur nous est inconnu.<\/p><\/div>\n<p style=\"text-align: justify\">Pierre-Esprit Radisson naquit vers 1636 en France et d\u00e9c\u00e9da \u00e0 Londres en 1710, il fut un explorateur et commer\u00e7ant de fourrures. Il arriva en Nouvelle-France en 1652 et fut captur\u00e9 lors d&rsquo;un raid iroquois en 1653. Il f\u00fbt par la suite adopt\u00e9 par ses ravisseurs et se familiarisa avec leurs coutumes. Apr\u00e8s des ann\u00e9es pass\u00e9es avec les Iroquois, il s&rsquo;\u00e9vada pour revenir en Nouvelle-France. Il f\u00fbt alors recrut\u00e9 par M\u00e9dard Chouart des Groseilliers, l&rsquo;\u00e9poux de sa s\u0153ur. Il devint coureur de bois dans les r\u00e9gions du lac Michigan et du lac Sup\u00e9rieur en 1659. Devenu citoyen anglais en 1687, Radisson rentra en Angleterre o\u00f9 il termina l&rsquo;\u00e9criture de ses r\u00e9cits de voyage. Il d\u00e9c\u00e9da \u00e0 Londres en juin 1710 dans la pauvret\u00e9.<\/p>\n","protected":false},"excerpt":{"rendered":"<p>Pierre-Esprit Radisson naquit vers 1636 en France et d\u00e9c\u00e9da \u00e0 Londres en 1710, il fut un explorateur et commer\u00e7ant de fourrures. Il arriva en Nouvelle-France en 1652 et fut captur\u00e9 lors d&rsquo;un raid iroquois en 1653. Il f\u00fbt par la &hellip; <a href=\"https:\/\/blogs.univ-jfc.fr\/projetlaperouse\/marin-et-soldat\/lexpedition-de-la-baie-dhudson\/pierre-esprit-radisson\/\">Lire la suite <span class=\"meta-nav\">&rarr;<\/span><\/a><\/p>\n","protected":false},"author":20,"featured_media":0,"parent":279,"menu_order":4,"comment_status":"closed","ping_status":"closed","template":"","meta":[],"_links":{"self":[{"href":"https:\/\/blogs.univ-jfc.fr\/projetlaperouse\/wp-json\/wp\/v2\/pages\/1152"}],"collection":[{"href":"https:\/\/blogs.univ-jfc.fr\/projetlaperouse\/wp-json\/wp\/v2\/pages"}],"about":[{"href":"https:\/\/blogs.univ-jfc.fr\/projetlaperouse\/wp-json\/wp\/v2\/types\/page"}],"author":[{"embeddable":true,"href":"https:\/\/blogs.univ-jfc.fr\/projetlaperouse\/wp-json\/wp\/v2\/users\/20"}],"replies":[{"embeddable":true,"href":"https:\/\/blogs.univ-jfc.fr\/projetlaperouse\/wp-json\/wp\/v2\/comments?post=1152"}],"version-history":[{"count":8,"href":"https:\/\/blogs.univ-jfc.fr\/projetlaperouse\/wp-json\/wp\/v2\/pages\/1152\/revisions"}],"predecessor-version":[{"id":3877,"href":"https:\/\/blogs.univ-jfc.fr\/projetlaperouse\/wp-json\/wp\/v2\/pages\/1152\/revisions\/3877"}],"up":[{"embeddable":true,"href":"https:\/\/blogs.univ-jfc.fr\/projetlaperouse\/wp-json\/wp\/v2\/pages\/279"}],"wp:attachment":[{"href":"https:\/\/blogs.univ-jfc.fr\/projetlaperouse\/wp-json\/wp\/v2\/media?parent=1152"}],"curies":[{"name":"wp","href":"https:\/\/api.w.org\/{rel}","templated":true}]}}