{"id":1154,"date":"2014-03-20T08:59:31","date_gmt":"2014-03-20T07:59:31","guid":{"rendered":"http:\/\/blogs.univ-jfc.fr\/projetlaperouse\/?page_id=1154"},"modified":"2014-04-03T08:38:28","modified_gmt":"2014-04-03T07:38:28","slug":"jean-baptiste-barthelemy-de-lesseps","status":"publish","type":"page","link":"https:\/\/blogs.univ-jfc.fr\/projetlaperouse\/le-voyage\/journaux-et-correspondance\/jean-baptiste-barthelemy-de-lesseps\/","title":{"rendered":"Jean-Baptiste Barth\u00e9l\u00e9my de Lesseps"},"content":{"rendered":"<div id=\"attachment_3512\" style=\"width: 225px\" class=\"wp-caption alignleft\"><a href=\"http:\/\/blogs.univ-jfc.fr\/projetlaperouse\/wp-content\/uploads\/sites\/9\/2014\/03\/BarthelemyDeLesseps.gif\"><img aria-describedby=\"caption-attachment-3512\" loading=\"lazy\" class=\" wp-image-3512 \" alt=\"http:\/\/commons.wikimedia.org\/wiki\/File:BarthelemyDeLesseps.gif\" src=\"http:\/\/blogs.univ-jfc.fr\/projetlaperouse\/wp-content\/uploads\/sites\/9\/2014\/03\/BarthelemyDeLesseps.gif\" width=\"215\" height=\"225\" \/><\/a><p id=\"caption-attachment-3512\" class=\"wp-caption-text\"><a href=\"http:\/\/commons.wikimedia.org\/wiki\/File:BarthelemyDeLesseps.gif\">Jean Baptiste Barth\u00e9l\u00e9my de Lesseps<\/a><\/p><\/div>\n<p align=\"JUSTIFY\"><span style=\"font-family: Arial,sans-serif\"><span style=\"font-size: medium\">Jean-Baptiste Barth\u00e9lemy de Lesseps, est n\u00e9 le 27 janvier 1766 \u00e0 S\u00e8te chez ses grands-parents Caysergues. Son p\u00e8re est consul et il passe son enfance avec ce dernier \u00e0 Hambourg, puis \u00e0 Saint-P\u00e9tersbourg. \u00c0 l&rsquo;\u00e2ge de 12 ans, on constate qu&rsquo;il parle couramment le russe, l&rsquo;espagnol, le fran\u00e7ais et l&rsquo;allemand. Il fait ses \u00e9tudes au coll\u00e8ge des J\u00e9suites de Versailles durant cinq ann\u00e9es. Puis en 1783, il revient \u00e0 Saint-P\u00e9tersbourg, et entame une carri\u00e8re diplomatique en tant que vice-consul \u00e0 Cronstadt, alors qu&rsquo;il n&rsquo;a que 17 ans. <\/span><\/span><\/p>\n<p align=\"JUSTIFY\"><span style=\"font-family: Arial,sans-serif\"><span style=\"font-size: medium\">De 1784 \u00e0 1785, il est envoy\u00e9 \u00e0 Versailles par son p\u00e8re pour apporter des d\u00e9p\u00eaches. Au m\u00eame moment, s&rsquo;organise l&rsquo;exp\u00e9dition de Lap\u00e9rouse. Il est engag\u00e9 en tant qu&rsquo;interpr\u00e8te russe. Le 1er ao\u00fbt 1785, il embarque dans cette exp\u00e9dition. En septembre 1787, l&rsquo;exp\u00e9dition fait une escale au Kamtchatka, o\u00f9 Lap\u00e9rouse va demander \u00e0 Jean-Baptiste Barth\u00e9lemy de Lesseps de traverser la Sib\u00e9rie pour apporter \u00e0 Versailles des journaux, des notes et des cartes. Tandis que Lap\u00e9rouse repart dans son exp\u00e9dition, De Lesseps doit attendre le printemps pour traverser la Russie en tra\u00eeneau de chiens et en train. Il fait plus de 16 000 Kilom\u00e8tres, et son voyage a dur\u00e9 plus de treize mois. Arriv\u00e9 en France, les \u00e9v\u00e9nements r\u00e9volutionnaires l&#8217;emp\u00eache de se rendre \u00e0 Cronstadt, et y restera jusqu&rsquo;en 1792. Il est nomm\u00e9 consul g\u00e9n\u00e9ral de France \u00e0 Saint-P\u00e9tersbourg. En 1794, il est nomm\u00e9 adjoint de Pierre Ruffi, \u00e9tant le secr\u00e9taire de la l\u00e9gation de France \u00e0 Constantinople.<\/span><\/span><\/p>\n<p align=\"JUSTIFY\"><span style=\"font-family: Arial,sans-serif\"><span style=\"font-size: medium\">Le 15 janvier 1796, il part en mission diplomatique pour le gouvernement turc. En 1798, il est emprisonn\u00e9 avec sa famille suite \u00e0 un m\u00e9contentement contre les violences faites durant la campagne d\u2019\u00c9gypte. <\/span><\/span><\/p>\n<p align=\"JUSTIFY\"><span style=\"font-family: Arial,sans-serif\"><span style=\"font-size: medium\">En ao\u00fbt 1801, Lesseps et sa famille sont lib\u00e9r\u00e9s, et il est envoy\u00e9 \u00e0 Saint-P\u00e9tersbourg pour y organiser le consulat g\u00e9n\u00e9ral. Puis au d\u00e9but de l&rsquo;ann\u00e9e 1802, il est charg\u00e9 d&rsquo;assurer les approvisionnements en bois de la marine fran\u00e7aise. Suite \u00e0 la bataille d&rsquo;Austerlitz, il va rejoindre <\/span><\/span><span style=\"color: #000000\"><span style=\"font-family: Arial,sans-serif\"><span style=\"font-size: medium\">Charles-Maurice de Talleyrand-P\u00e9rigord, diplomate fran\u00e7ais \u00e0 Varsovie, puis va \u00e0 Dresde pour y rencontrer l&#8217;empereur. Puis en 1807, il retourne au consulat de Saint-P\u00e9tersbourg. Les relations de la Russie \u00e9tant rompue en 1812, Lesseps et sa famille et partit \u00e0 Vilnius, et \u00e0 Moscou o\u00f9 il rejoint Napol\u00e9on, et est nomm\u00e9 intendant de la ville et de la province de Moscou. Dans la ville Russe, il r\u00e9organise la municipalit\u00e9 et la police. Il part pour Paris en 1813 avec sa famille. <\/span><\/span><\/span><span style=\"color: #000000\"><span style=\"font-family: Arial,sans-serif\"><span style=\"font-size: medium\">Il est nomm\u00e9 consul g\u00e9n\u00e9ral de France \u00e0 Lisbonne, et meurt le 26 avril 1834 dans cette ville. <\/span><\/span><\/span><\/p>\n<p>&nbsp;<\/p>\n<p>&nbsp;<\/p>\n","protected":false},"excerpt":{"rendered":"<p>Jean-Baptiste Barth\u00e9lemy de Lesseps, est n\u00e9 le 27 janvier 1766 \u00e0 S\u00e8te chez ses grands-parents Caysergues. Son p\u00e8re est consul et il passe son enfance avec ce dernier \u00e0 Hambourg, puis \u00e0 Saint-P\u00e9tersbourg. \u00c0 l&rsquo;\u00e2ge de 12 ans, on constate &hellip; <a href=\"https:\/\/blogs.univ-jfc.fr\/projetlaperouse\/le-voyage\/journaux-et-correspondance\/jean-baptiste-barthelemy-de-lesseps\/\">Lire la suite <span class=\"meta-nav\">&rarr;<\/span><\/a><\/p>\n","protected":false},"author":20,"featured_media":0,"parent":285,"menu_order":4,"comment_status":"closed","ping_status":"closed","template":"","meta":[],"_links":{"self":[{"href":"https:\/\/blogs.univ-jfc.fr\/projetlaperouse\/wp-json\/wp\/v2\/pages\/1154"}],"collection":[{"href":"https:\/\/blogs.univ-jfc.fr\/projetlaperouse\/wp-json\/wp\/v2\/pages"}],"about":[{"href":"https:\/\/blogs.univ-jfc.fr\/projetlaperouse\/wp-json\/wp\/v2\/types\/page"}],"author":[{"embeddable":true,"href":"https:\/\/blogs.univ-jfc.fr\/projetlaperouse\/wp-json\/wp\/v2\/users\/20"}],"replies":[{"embeddable":true,"href":"https:\/\/blogs.univ-jfc.fr\/projetlaperouse\/wp-json\/wp\/v2\/comments?post=1154"}],"version-history":[{"count":8,"href":"https:\/\/blogs.univ-jfc.fr\/projetlaperouse\/wp-json\/wp\/v2\/pages\/1154\/revisions"}],"predecessor-version":[{"id":3671,"href":"https:\/\/blogs.univ-jfc.fr\/projetlaperouse\/wp-json\/wp\/v2\/pages\/1154\/revisions\/3671"}],"up":[{"embeddable":true,"href":"https:\/\/blogs.univ-jfc.fr\/projetlaperouse\/wp-json\/wp\/v2\/pages\/285"}],"wp:attachment":[{"href":"https:\/\/blogs.univ-jfc.fr\/projetlaperouse\/wp-json\/wp\/v2\/media?parent=1154"}],"curies":[{"name":"wp","href":"https:\/\/api.w.org\/{rel}","templated":true}]}}