{"id":1157,"date":"2014-03-20T08:59:55","date_gmt":"2014-03-20T07:59:55","guid":{"rendered":"http:\/\/blogs.univ-jfc.fr\/projetlaperouse\/?page_id=1157"},"modified":"2014-04-03T08:42:37","modified_gmt":"2014-04-03T07:42:37","slug":"charles-flerieu","status":"publish","type":"page","link":"https:\/\/blogs.univ-jfc.fr\/projetlaperouse\/le-voyage\/journaux-et-correspondance\/charles-flerieu\/","title":{"rendered":"Charles Fleurieu"},"content":{"rendered":"<div id=\"attachment_3500\" style=\"width: 260px\" class=\"wp-caption alignleft\"><a href=\"http:\/\/blogs.univ-jfc.fr\/projetlaperouse\/wp-content\/uploads\/sites\/9\/2014\/03\/Charles_pierre_claret_de_Fleurieu_.jpg\"><img aria-describedby=\"caption-attachment-3500\" loading=\"lazy\" class=\" wp-image-3500   \" alt=\"http:\/\/commons.wikimedia.org\/wiki\/File:Charles_pierre_claret_de_Fleurieu_.jpg\" src=\"http:\/\/blogs.univ-jfc.fr\/projetlaperouse\/wp-content\/uploads\/sites\/9\/2014\/03\/Charles_pierre_claret_de_Fleurieu_.jpg\" width=\"250\" height=\"278\" \/><\/a><p id=\"caption-attachment-3500\" class=\"wp-caption-text\"><a href=\"http:\/\/commons.wikimedia.org\/wiki\/File:Charles_pierre_claret_de_Fleurieu_.jpg\">Charles Pierre claret de Fleurieu<\/a><\/p><\/div>\n<p align=\"JUSTIFY\"><span style=\"font-family: Arial,sans-serif\">N\u00e9 \u00e0 Lyon en 1738, Fleurieu entra aux gardes aux gardes de la marine en d\u00e9cembre 1755 et servit sur le \u00ab Lion \u00bb. <\/span><\/p>\n<p align=\"JUSTIFY\"><span style=\"font-family: Arial,sans-serif\">Promu enseigne de vaisseau en mars 1762, il s&rsquo;int\u00e9ressa l&rsquo;ann\u00e9e suivante aux questions scientifiques, en particulier \u00e0 la construction des vaisseaux et aux horloges marines pour lesquelles il pr\u00e9senta en 1765 \u00e0 l&rsquo;Acad\u00e9mie des Sciences un projet d&rsquo;horloge marine qu&rsquo;il ne mit pas \u00e0 ex\u00e9cution. <\/span><\/p>\n<p align=\"JUSTIFY\"><span style=\"font-family: Arial,sans-serif\">On raconte que Fleurieu aurait fait un stage d&rsquo;un an chez Berthoud en 1766En 1768, il se vit confi\u00e9 le commandement de \u00ab l&rsquo;Isis \u00bb charg\u00e9e d&rsquo;exp\u00e9rimenter les nouvelles horloges de Berthoud et fit, pour le bon d\u00e9roulement de la mission, le tour de l&rsquo;atlantique.<\/span><\/p>\n<p align=\"JUSTIFY\"><span style=\"font-family: Arial,sans-serif\">Il fut promu Lieutenant de vaisseau en octobre 1773, publia le r\u00e9cit de son voyage et fut nomm\u00e9 en f\u00e9vrier 1775 inspecteur adjoint du D\u00e9p\u00f4t des cartes et plans. Il a alors 37 ans. Capitaine de vaisseau en septembre 1776, membre de l&rsquo;Acad\u00e9mie de marine la m\u00eame ann\u00e9e, il fut nomm\u00e9 en novembre directeur des ports et arsenaux de la Marine. <\/span><\/p>\n<p align=\"JUSTIFY\"><span style=\"font-family: Arial,sans-serif\">Dans ce poste cl\u00e9, il eut la charge de pr\u00e9parer les plans d&rsquo;op\u00e9rations pour les campagnes de la guerre d&rsquo;Am\u00e9rique. Il est \u00e9galement l&rsquo;auteur des instructions remises \u00e0 Lap\u00e9rouse et \u00e0 d&rsquo;Entrecasteaux pour leurs voyages d&rsquo;exploration. Ministre de la Marine en octobre 1790, poste dont il d\u00e9missionna en mai 1791, gouverneur du Dauphin en avril 1792, il fut arr\u00eat\u00e9 pendant la Terreur et lib\u00e9r\u00e9 le 9 thermidor (27 Juillet). Elu au Conseil des Anciens en germinal an V (8 avril 1797), il fut exclu lors du coup d&rsquo;\u00c9tat du 18 fructidor (4 Septembre 1797). Membre de l&rsquo;Institut national et du bureau des longitudes, conseiller d&rsquo;\u00c9tat de Napol\u00e9on Bonaparte en 1800, s\u00e9nateur en 1805, intendant g\u00e9n\u00e9ral de la maison de l&rsquo;Empereur et gouverneur des Tuileries, il mourut \u00e0 Paris d&rsquo;une h\u00e9morragie c\u00e9r\u00e9brale le 18 ao\u00fbt 1810. Il repose aujourd&rsquo;hui au Panth\u00e9on de Paris.<\/span><\/p>\n","protected":false},"excerpt":{"rendered":"<p>N\u00e9 \u00e0 Lyon en 1738, Fleurieu entra aux gardes aux gardes de la marine en d\u00e9cembre 1755 et servit sur le \u00ab Lion \u00bb. Promu enseigne de vaisseau en mars 1762, il s&rsquo;int\u00e9ressa l&rsquo;ann\u00e9e suivante aux questions scientifiques, en particulier &hellip; <a href=\"https:\/\/blogs.univ-jfc.fr\/projetlaperouse\/le-voyage\/journaux-et-correspondance\/charles-flerieu\/\">Lire la suite <span class=\"meta-nav\">&rarr;<\/span><\/a><\/p>\n","protected":false},"author":20,"featured_media":0,"parent":285,"menu_order":4,"comment_status":"closed","ping_status":"closed","template":"","meta":[],"_links":{"self":[{"href":"https:\/\/blogs.univ-jfc.fr\/projetlaperouse\/wp-json\/wp\/v2\/pages\/1157"}],"collection":[{"href":"https:\/\/blogs.univ-jfc.fr\/projetlaperouse\/wp-json\/wp\/v2\/pages"}],"about":[{"href":"https:\/\/blogs.univ-jfc.fr\/projetlaperouse\/wp-json\/wp\/v2\/types\/page"}],"author":[{"embeddable":true,"href":"https:\/\/blogs.univ-jfc.fr\/projetlaperouse\/wp-json\/wp\/v2\/users\/20"}],"replies":[{"embeddable":true,"href":"https:\/\/blogs.univ-jfc.fr\/projetlaperouse\/wp-json\/wp\/v2\/comments?post=1157"}],"version-history":[{"count":7,"href":"https:\/\/blogs.univ-jfc.fr\/projetlaperouse\/wp-json\/wp\/v2\/pages\/1157\/revisions"}],"predecessor-version":[{"id":3696,"href":"https:\/\/blogs.univ-jfc.fr\/projetlaperouse\/wp-json\/wp\/v2\/pages\/1157\/revisions\/3696"}],"up":[{"embeddable":true,"href":"https:\/\/blogs.univ-jfc.fr\/projetlaperouse\/wp-json\/wp\/v2\/pages\/285"}],"wp:attachment":[{"href":"https:\/\/blogs.univ-jfc.fr\/projetlaperouse\/wp-json\/wp\/v2\/media?parent=1157"}],"curies":[{"name":"wp","href":"https:\/\/api.w.org\/{rel}","templated":true}]}}