{"id":1159,"date":"2014-03-20T09:01:42","date_gmt":"2014-03-20T08:01:42","guid":{"rendered":"http:\/\/blogs.univ-jfc.fr\/projetlaperouse\/?page_id=1159"},"modified":"2014-04-03T08:40:44","modified_gmt":"2014-04-03T07:40:44","slug":"charles-eugene-gabriel-de-la-croix-de-castries","status":"publish","type":"page","link":"https:\/\/blogs.univ-jfc.fr\/projetlaperouse\/le-voyage\/journaux-et-correspondance\/charles-eugene-gabriel-de-la-croix-de-castries\/","title":{"rendered":"Charles Eug\u00e8ne Gabriel de la Croix de Castries"},"content":{"rendered":"<div id=\"attachment_3465\" style=\"width: 215px\" class=\"wp-caption alignleft\"><a href=\"http:\/\/blogs.univ-jfc.fr\/projetlaperouse\/wp-content\/uploads\/sites\/9\/2014\/03\/382px-La_Croix_de_Castries_Charles_Eug\u00e8ne.jpg\"><img aria-describedby=\"caption-attachment-3465\" loading=\"lazy\" class=\" wp-image-3465     \" title=\"Marquis de Castries\" alt=\"\" src=\"http:\/\/blogs.univ-jfc.fr\/projetlaperouse\/wp-content\/uploads\/sites\/9\/2014\/03\/382px-La_Croix_de_Castries_Charles_Eug\u00e8ne.jpg\" width=\"205\" height=\"324\" \/><\/a><p id=\"caption-attachment-3465\" class=\"wp-caption-text\"><a href=\"http:\/\/upload.wikimedia.org\/wikipedia\/commons\/5\/50\/La_Croix_de_Castries%2C_Charles_Eug%C3%A8ne.jpg\">Charles Eug\u00e8ne de la Croix de Castries<\/a><\/p><\/div>\n<p style=\"text-align: justify\" align=\"JUSTIFY\"><span style=\"font-family: Arial,sans-serif\">Charles Eug\u00e8ne Gabriel de La Croix, marquis de Castries, baron des \u00c9tats de Languedoc, comte de Charlus, baron de Castelnau et de Montjouvent, seigneur de Puylaurens et de L\u00e9zignan, est un mar\u00e9chal de France n\u00e9 \u00e0 Paris le 25 f\u00e9vrier 1727 et mort \u00e0 Wolfenb\u00fcttel le 11 janvier 1801. Il descend de la Maison de La Croix de Castries, une famille noble de Montpellier en Languedoc, dont l&rsquo;origine remonte au XIVe si\u00e8cle. Entr\u00e9 au r\u00e9giment du Roi-Infanterie en mai 1739, il est lieutenant le 23 ao\u00fbt 1742. Parall\u00e8lement, il est lieutenant du Roi en Languedoc et gouverneur de Montpellier et S\u00e8te. En 1756, il commande le corps exp\u00e9ditionnaire aux Cara\u00efbes, en particulier \u00e0 Sainte Lucie qui lui doit le nom de sa capitale. Il se distingue plus tard \u00e0 la bataille de Rossbach o\u00f9 il re\u00e7oit deux blessures.Il est promu Lieutenant g\u00e9n\u00e9ral le 28 d\u00e9cembre 1758, et devient ma\u00eetre de camp g\u00e9n\u00e9ral de la cavalerie le 16 avril 1759. <\/span><\/p>\n<p style=\"text-align: justify\" align=\"JUSTIFY\"><span style=\"font-family: Arial,sans-serif\">Il est fait chevalier de l&rsquo;Ordre du Saint-Esprit le 30 mai 1762. Peu apr\u00e8s la paix de 1763, il est nomm\u00e9 gouverneur de la Flandre et du Hainaut. Il est ensuite capitaine lieutenant de la compagnie des Gendarmes \u00e9cossais et commandant de la Gendarmerie de 1770 jusqu&rsquo;\u00e0 sa retraite en 1788.<\/span><\/p>\n<p style=\"text-align: justify\" align=\"JUSTIFY\"><span style=\"font-family: Arial,sans-serif\">Il est nomm\u00e9 secr\u00e9taire d&rsquo;\u00c9tat \u00e0 la Marine le 13 octobre 1780 et reste en poste jusqu&rsquo;en 1787. La plus haute distinction qu&rsquo;il atteint est celle de Mar\u00e9chal de France en 1783. Il agit dans plusieurs domaines comme la Guerre d&rsquo;ind\u00e9pendance Am\u00e9ricaine, il s&rsquo;investit dans la question des guerres dans l&rsquo;oc\u00e9an Indien et s&rsquo;attaque aux r\u00e9formes que la monarchie conna\u00eet au XVIIIe Siecle.<\/span><\/p>\n<p style=\"text-align: justify\" align=\"JUSTIFY\"><span style=\"font-family: Arial,sans-serif\">Sous la r\u00e9volution, en 1787, il participe \u00e0 l&rsquo;Assembl\u00e9e des Notables. Le 13 Juillet 1789, il refuse une proposition du Roi qui vise \u00e0 le r\u00e9tablir Ministre de la Marine. En 1792, lors de l&rsquo;invasion des Prussiens en Champagne, il commande avec le mar\u00e9chal de Broglie un corps de l&rsquo;arm\u00e9e des princes.<\/span><\/p>\n<p style=\"text-align: justify\" align=\"JUSTIFY\"><span style=\"font-family: Arial,sans-serif\">Il meurt le 11 janvier 1801 chez le Duc de Brunswick \u00e0 Wolfenb\u00fcttel.<\/span><\/p>\n","protected":false},"excerpt":{"rendered":"<p>Charles Eug\u00e8ne Gabriel de La Croix, marquis de Castries, baron des \u00c9tats de Languedoc, comte de Charlus, baron de Castelnau et de Montjouvent, seigneur de Puylaurens et de L\u00e9zignan, est un mar\u00e9chal de France n\u00e9 \u00e0 Paris le 25 f\u00e9vrier &hellip; <a href=\"https:\/\/blogs.univ-jfc.fr\/projetlaperouse\/le-voyage\/journaux-et-correspondance\/charles-eugene-gabriel-de-la-croix-de-castries\/\">Lire la suite <span class=\"meta-nav\">&rarr;<\/span><\/a><\/p>\n","protected":false},"author":20,"featured_media":0,"parent":285,"menu_order":2,"comment_status":"closed","ping_status":"open","template":"","meta":[],"_links":{"self":[{"href":"https:\/\/blogs.univ-jfc.fr\/projetlaperouse\/wp-json\/wp\/v2\/pages\/1159"}],"collection":[{"href":"https:\/\/blogs.univ-jfc.fr\/projetlaperouse\/wp-json\/wp\/v2\/pages"}],"about":[{"href":"https:\/\/blogs.univ-jfc.fr\/projetlaperouse\/wp-json\/wp\/v2\/types\/page"}],"author":[{"embeddable":true,"href":"https:\/\/blogs.univ-jfc.fr\/projetlaperouse\/wp-json\/wp\/v2\/users\/20"}],"replies":[{"embeddable":true,"href":"https:\/\/blogs.univ-jfc.fr\/projetlaperouse\/wp-json\/wp\/v2\/comments?post=1159"}],"version-history":[{"count":6,"href":"https:\/\/blogs.univ-jfc.fr\/projetlaperouse\/wp-json\/wp\/v2\/pages\/1159\/revisions"}],"predecessor-version":[{"id":3681,"href":"https:\/\/blogs.univ-jfc.fr\/projetlaperouse\/wp-json\/wp\/v2\/pages\/1159\/revisions\/3681"}],"up":[{"embeddable":true,"href":"https:\/\/blogs.univ-jfc.fr\/projetlaperouse\/wp-json\/wp\/v2\/pages\/285"}],"wp:attachment":[{"href":"https:\/\/blogs.univ-jfc.fr\/projetlaperouse\/wp-json\/wp\/v2\/media?parent=1159"}],"curies":[{"name":"wp","href":"https:\/\/api.w.org\/{rel}","templated":true}]}}