{"id":1166,"date":"2014-03-20T09:04:30","date_gmt":"2014-03-20T08:04:30","guid":{"rendered":"http:\/\/blogs.univ-jfc.fr\/projetlaperouse\/?page_id=1166"},"modified":"2014-03-27T10:13:56","modified_gmt":"2014-03-27T09:13:56","slug":"andre-thouin","status":"publish","type":"page","link":"https:\/\/blogs.univ-jfc.fr\/projetlaperouse\/le-voyage\/principales-etapes-et-evenements\/le-voyage-de-laperouse-devenements-en-decouvertes\/andre-thouin\/","title":{"rendered":"Andr\u00e9 Thouin"},"content":{"rendered":"<div id=\"attachment_2643\" style=\"width: 261px\" class=\"wp-caption alignleft\"><a href=\"http:\/\/blogs.univ-jfc.fr\/projetlaperouse\/wp-content\/uploads\/sites\/9\/2014\/03\/Andr\u00e9-Thouin.jpg\"><img aria-describedby=\"caption-attachment-2643\" loading=\"lazy\" class=\" wp-image-2643 \" alt=\"Andr\u00e9 Thouin\" src=\"http:\/\/blogs.univ-jfc.fr\/projetlaperouse\/wp-content\/uploads\/sites\/9\/2014\/03\/Andr\u00e9-Thouin.jpg\" width=\"251\" height=\"341\" \/><\/a><p id=\"caption-attachment-2643\" class=\"wp-caption-text\">Gravure d&rsquo;Ambroise Tardieu<\/p><\/div>\n<p>&nbsp;<\/p>\n<p align=\"JUSTIFY\">\u00a0Andr\u00e9 Thouin (1747-1824) est un botaniste et agronome fran\u00e7ais. Il est le fils de Jean-Andr\u00e9 Thouin, jardinier en chef des jardins de Louis XV. Son fr\u00e8re est Gabriel Thouin, paysagiste. A la mort de son p\u00e8re en 1764, Andr\u00e9 Thouin devient jardinier en chef du Roi Louis XV puis du Roi Louis XVI. Il est nomm\u00e9 par Buffon (nomm\u00e9 \u00e0 l&rsquo;acad\u00e9mie fran\u00e7aise en 1753, ce naturaliste et biologiste fran\u00e7ais fait du jardin des plantes un centre de recherche) et Louis XV. Andr\u00e9 Thouin est responsable durant l&rsquo;exp\u00e9dition de Lap\u00e9rouse de r\u00e9ceptionner les plants et graines envoy\u00e9s par Lap\u00e9rouse. Il conna\u00eet un grand succ\u00e8s \u00e0 la cour car il permet \u00e0 la France de garnir ces jardins de plus de 6000 nouvelles esp\u00e8ces. Il est notamment responsable du Jardin des plantes qui devient alors le jardin botanique le plus riche du monde. Il parcours l&rsquo;Europe durant les XVIIIe et XIXe si\u00e8cles pour enrichir encore et encore le jardin des plantes.<\/p>\n<p align=\"JUSTIFY\">Peu reconnu durant la monarchie, il conna\u00eet une certaine popularit\u00e9 lors de la R\u00e9volution France o\u00f9 il obtient diff\u00e9rent postes dans l&rsquo;administration qui se met en place \u00e0 cette \u00e9poque. En 1793, la chaire d&rsquo;Agriculture et culture des jardins, des arbres fruitiers et des bois du nouveau Museum national d&rsquo;Histoire naturelle lui est attribu\u00e9. Il y reste jusqu&rsquo;\u00e0 sa mort en 1824.<\/p>\n<p align=\"JUSTIFY\">\n<p>&nbsp;<\/p>\n","protected":false},"excerpt":{"rendered":"<p>&nbsp; \u00a0Andr\u00e9 Thouin (1747-1824) est un botaniste et agronome fran\u00e7ais. Il est le fils de Jean-Andr\u00e9 Thouin, jardinier en chef des jardins de Louis XV. Son fr\u00e8re est Gabriel Thouin, paysagiste. A la mort de son p\u00e8re en 1764, Andr\u00e9 &hellip; <a href=\"https:\/\/blogs.univ-jfc.fr\/projetlaperouse\/le-voyage\/principales-etapes-et-evenements\/le-voyage-de-laperouse-devenements-en-decouvertes\/andre-thouin\/\">Lire la suite <span class=\"meta-nav\">&rarr;<\/span><\/a><\/p>\n","protected":false},"author":20,"featured_media":0,"parent":2290,"menu_order":4,"comment_status":"closed","ping_status":"closed","template":"","meta":[],"_links":{"self":[{"href":"https:\/\/blogs.univ-jfc.fr\/projetlaperouse\/wp-json\/wp\/v2\/pages\/1166"}],"collection":[{"href":"https:\/\/blogs.univ-jfc.fr\/projetlaperouse\/wp-json\/wp\/v2\/pages"}],"about":[{"href":"https:\/\/blogs.univ-jfc.fr\/projetlaperouse\/wp-json\/wp\/v2\/types\/page"}],"author":[{"embeddable":true,"href":"https:\/\/blogs.univ-jfc.fr\/projetlaperouse\/wp-json\/wp\/v2\/users\/20"}],"replies":[{"embeddable":true,"href":"https:\/\/blogs.univ-jfc.fr\/projetlaperouse\/wp-json\/wp\/v2\/comments?post=1166"}],"version-history":[{"count":8,"href":"https:\/\/blogs.univ-jfc.fr\/projetlaperouse\/wp-json\/wp\/v2\/pages\/1166\/revisions"}],"predecessor-version":[{"id":2430,"href":"https:\/\/blogs.univ-jfc.fr\/projetlaperouse\/wp-json\/wp\/v2\/pages\/1166\/revisions\/2430"}],"up":[{"embeddable":true,"href":"https:\/\/blogs.univ-jfc.fr\/projetlaperouse\/wp-json\/wp\/v2\/pages\/2290"}],"wp:attachment":[{"href":"https:\/\/blogs.univ-jfc.fr\/projetlaperouse\/wp-json\/wp\/v2\/media?parent=1166"}],"curies":[{"name":"wp","href":"https:\/\/api.w.org\/{rel}","templated":true}]}}