{"id":13,"date":"2013-06-11T07:37:04","date_gmt":"2013-06-11T06:37:04","guid":{"rendered":"http:\/\/blogs.univ-jfc.fr\/projetlaperouse\/?page_id=13"},"modified":"2014-06-18T08:42:59","modified_gmt":"2014-06-18T07:42:59","slug":"marin-et-soldat","status":"publish","type":"page","link":"https:\/\/blogs.univ-jfc.fr\/projetlaperouse\/marin-et-soldat\/","title":{"rendered":"Marin et soldat"},"content":{"rendered":"<p align=\"JUSTIFY\"><span style=\"font-family: Arial,sans-serif\"><span style=\"color: #333333\">Le nom de Jean-Fran\u00e7ois de Galaup de Lap\u00e9rouse \u00e9voque autant le voyage autour du monde qu&rsquo;une fin tragique. Or la vie du navigateur ne se r\u00e9sume pas \u00e0 cette seule \u00e9pop\u00e9e. Avant de se voir confier la mission d&rsquo;explorer les eaux et terres inconnues du Pacifique, Lap\u00e9rouse a \u00e9cum\u00e9 les autres mers du globe. C&rsquo;est en qualit\u00e9 de soldat que Lap\u00e9rouse a commenc\u00e9 sa carri\u00e8re militaire. Ces diff\u00e9rentes missions conduisent le navigateur sur l&rsquo;oc\u00e9an Atlantique et l&rsquo;Oc\u00e9an Indien. Des c\u00f4tes bretonnes aux Antilles, de la c\u00f4te Malabar \u00e0 la baie d&rsquo;Hudson, Lap\u00e9rouse se trouve \u00eatre au c\u0153ur des rivalit\u00e9s de son temps et participe aux engagements que conna\u00eet la marine royale d&rsquo;alors. Cette th\u00e9matique vous invite \u00e0 suivre ce marin soldat depuis sa formation \u00e0 l&rsquo;\u00e9cole des cadets de la marine de Brest jusqu&rsquo;\u00e0 <a title=\"L\u2019\u00e9preuve du feu\" href=\"http:\/\/blogs.univ-jfc.fr\/projetlaperouse\/marin-et-soldat\/lepreuve-du-feu\/\">son premier combat naval<\/a> \u00e0 la bataille des cardinaux. Puis, son exp\u00e9rience <a title=\"Dans l\u2019Oc\u00e9an Indien\" href=\"http:\/\/blogs.univ-jfc.fr\/projetlaperouse\/marin-et-soldat\/dans-locean-indien\/\">dans l&rsquo;Oc\u00e9an Indien<\/a> et l&rsquo;\u00e9pisode de la d\u00e9fense de Mah\u00e9. Enfin son fait d&rsquo;arme le plus illustre\u00a0: <a title=\"L\u2019exp\u00e9dition de la baie d\u2019Hudson\" href=\"http:\/\/blogs.univ-jfc.fr\/projetlaperouse\/marin-et-soldat\/lexpedition-de-la-baie-dhudson\/\">le raid de la baie d&rsquo;Hudson<\/a>.<\/span> <\/span><\/p>\n","protected":false},"excerpt":{"rendered":"<p>Le nom de Jean-Fran\u00e7ois de Galaup de Lap\u00e9rouse \u00e9voque autant le voyage autour du monde qu&rsquo;une fin tragique. Or la vie du navigateur ne se r\u00e9sume pas \u00e0 cette seule \u00e9pop\u00e9e. Avant de se voir confier la mission d&rsquo;explorer les &hellip; <a href=\"https:\/\/blogs.univ-jfc.fr\/projetlaperouse\/marin-et-soldat\/\">Lire la suite <span class=\"meta-nav\">&rarr;<\/span><\/a><\/p>\n","protected":false},"author":15,"featured_media":433,"parent":0,"menu_order":1,"comment_status":"closed","ping_status":"closed","template":"sidebar-page.php","meta":[],"_links":{"self":[{"href":"https:\/\/blogs.univ-jfc.fr\/projetlaperouse\/wp-json\/wp\/v2\/pages\/13"}],"collection":[{"href":"https:\/\/blogs.univ-jfc.fr\/projetlaperouse\/wp-json\/wp\/v2\/pages"}],"about":[{"href":"https:\/\/blogs.univ-jfc.fr\/projetlaperouse\/wp-json\/wp\/v2\/types\/page"}],"author":[{"embeddable":true,"href":"https:\/\/blogs.univ-jfc.fr\/projetlaperouse\/wp-json\/wp\/v2\/users\/15"}],"replies":[{"embeddable":true,"href":"https:\/\/blogs.univ-jfc.fr\/projetlaperouse\/wp-json\/wp\/v2\/comments?post=13"}],"version-history":[{"count":25,"href":"https:\/\/blogs.univ-jfc.fr\/projetlaperouse\/wp-json\/wp\/v2\/pages\/13\/revisions"}],"predecessor-version":[{"id":510,"href":"https:\/\/blogs.univ-jfc.fr\/projetlaperouse\/wp-json\/wp\/v2\/pages\/13\/revisions\/510"}],"wp:featuredmedia":[{"embeddable":true,"href":"https:\/\/blogs.univ-jfc.fr\/projetlaperouse\/wp-json\/wp\/v2\/media\/433"}],"wp:attachment":[{"href":"https:\/\/blogs.univ-jfc.fr\/projetlaperouse\/wp-json\/wp\/v2\/media?parent=13"}],"curies":[{"name":"wp","href":"https:\/\/api.w.org\/{rel}","templated":true}]}}