{"id":1366,"date":"2014-03-20T09:59:58","date_gmt":"2014-03-20T08:59:58","guid":{"rendered":"http:\/\/blogs.univ-jfc.fr\/projetlaperouse\/?page_id=1366"},"modified":"2014-05-25T09:47:01","modified_gmt":"2014-05-25T08:47:01","slug":"le-voyage-de-bougainville","status":"publish","type":"page","link":"https:\/\/blogs.univ-jfc.fr\/projetlaperouse\/la-decouverte-du-pacifique\/bougainville-et-cook\/le-voyage-de-bougainville\/","title":{"rendered":"Le voyage de Bougainville"},"content":{"rendered":"<p style=\"text-align: justify\"><span style=\"color: #000000\">Le 16 mars 1769, la <i>Boudeuse<\/i> mouille dans le port de Saint-Malo, deux ans, quatre mois et un jour apr\u00e8s avoir quitt\u00e9 celui de Nantes. Ce voyage, certes rapide, a cependant \u00e9t\u00e9 marqu\u00e9 par de nombreuses escales tout au long de cette premi\u00e8re tentative fran\u00e7aise de Tour du Monde. <\/span><\/p>\n<div id=\"attachment_1991\" style=\"width: 1396px\" class=\"wp-caption aligncenter\"><a href=\"http:\/\/blogs.univ-jfc.fr\/projetlaperouse\/wp-content\/uploads\/sites\/9\/2014\/03\/ojguvig.png\"><img aria-describedby=\"caption-attachment-1991\" loading=\"lazy\" class=\"wp-image-1991   \" title=\"Le trajet de la Boudeuse autour du Monde\" alt=\"ojguvig\" src=\"http:\/\/blogs.univ-jfc.fr\/projetlaperouse\/wp-content\/uploads\/sites\/9\/2014\/03\/ojguvig.png\" width=\"1386\" height=\"557\" \/><\/a><p id=\"caption-attachment-1991\" class=\"wp-caption-text\">D\u00e9veloppement de la Route des Vaisseaux du Roy La Boudeuse et L\u2019Etoile autour du Monde (gallica.bnf.fr )<\/p><\/div>\n<p style=\"text-align: justify\"><span style=\"color: #000000\">\u00a0<\/span><span style=\"color: #000000\">Le 15 novembre 1766, la <i><span style=\"font-family: Times New Roman;font-size: medium\">Boudeuse<\/span><\/i> part donc de Nantes. Cette fr\u00e9gate est command\u00e9e par Louis-Antoine de Bougainville, nomm\u00e9 par le roi pour diriger cette circumnavigation. Mais le voyage d\u00e9bute mal et, tr\u00e8s vite, la <i><span style=\"font-family: Times New Roman;font-size: medium\">Boudeuse<\/span><\/i> est victime d\u2019une avarie. Le navire prend donc la destination de Brest, o\u00f9 il reste immobilis\u00e9 quelques jours. Le 6 d\u00e9cembre d\u00e9bute r\u00e9ellement le Tour du Monde, quand la fr\u00e9gate quitte le port breton et les eaux fran\u00e7aises.\u00a0<\/span><span style=\"color: #000000\">\u00a0<\/span><\/p>\n<p style=\"text-align: justify\"><span style=\"color: #000000\">Le 9 janvier, la <i><span style=\"font-family: Times New Roman;font-size: medium\">Boudeuse<\/span><\/i> passe l\u2019\u00c9quateur. La fr\u00e9gate entre donc dans l\u2019h\u00e9misph\u00e8re Sud, dont elle ne sortira plus avant pr\u00e8s de 18 mois. Le navire continue sa route vers le Sud et les Malouines qui repr\u00e9sentent pour Bougainville le premier point important de l\u2019exp\u00e9dition.\u00a0<\/span><span style=\"color: #000000\">\u00a0<\/span><\/p>\n<p style=\"text-align: justify\"><span style=\"color: #000000\">Bougainville avait pris possession de ces \u00eeles pour la France quelques ann\u00e9es plus t\u00f4t, mais il a re\u00e7u l\u2019ordre du roi Louis XV de les c\u00e9der \u00e0 l\u2019Espagne. Cette restitution a lieu l<\/span><span style=\"color: #000000\"><span style=\"color: #000000\">e 1<sup><span style=\"font-family: Times New Roman;font-size: small\">er<\/span><\/sup> avril 1767<\/span>. Une fois \u00e0 terre, Bougainville explique aux colons qu\u2019il a fait s\u2019installer sur l\u2019\u00eele au moment de la prise de possession qu\u2019ils peuvent rester, sous la domination des rois catholiques, ou monter \u00e0 bord de la <i><span style=\"font-family: Times New Roman;font-size: medium\">Boudeuse<\/span><\/i>, qui les emm\u00e8nerait \u00e0 Rio, d\u2019o\u00f9 ils pourraient rentrer en France. Peu de familles font le choix de rester.\u00a0<\/span><span style=\"color: #000000;font-family: Times New Roman;font-size: medium\">\u00a0\u00a0\u00a0\u00a0\u00a0\u00a0\u00a0\u00a0<\/span><\/p>\n<p style=\"text-align: justify\"><span style=\"color: #000000\">Le 2 juin, la fr\u00e9gate reprend la mer en direction de Rio de Janeiro. C\u2019est l\u00e0-bas, le 13 du m\u00eame mois, qu\u2019arrive l\u2019<em>\u00c9toile<\/em>. Fl\u00fbte du roi, elle avait \u00e9t\u00e9 annonc\u00e9e \u00e0 Montevideo puis aux Malouines, mais sa vitesse r\u00e9duite par rapport \u00e0 celle d\u2019une fr\u00e9gate l\u2019avait emp\u00each\u00e9 d\u2019arriver \u00e0 temps pour retrouver la <i><span style=\"font-family: Times New Roman;font-size: medium\">Boudeuse<\/span><\/i>. C\u2019est donc \u00e0 Rio que le rendez-vous s\u2019effectue, le 22 juin, jour du mouillage de cette derni\u00e8re fr\u00e9gate dans les eaux br\u00e9siliennes. Cette rencontre n\u2019arrange pas Bougainville, puisqu\u2019il estimera dans son carnet de voyage que les rendez-vous fix\u00e9s et l\u2019attente de la fl\u00fbte lui ont fait perdre pr\u00e8s de 9 mois sur les 26 qu\u2019a dur\u00e9 le voyage. Ce temps perdu, qu\u2019il ne put pas rattraper, l\u2019emp\u00eacha d\u2019accomplir ses principaux objectifs.\u00a0<\/span><span style=\"color: #000000\">\u00a0<\/span><\/p>\n<p style=\"text-align: justify\"><span style=\"color: #000000\">Le voyage ne s\u2019attarde donc pas \u00e0 Rio, d\u2019o\u00f9 repartent les deux navires le 15 juillet, \u00e0 peine plus d\u2019un mois apr\u00e8s l\u2019arriv\u00e9e de l\u2019<em>\u00c9toile<\/em>. L\u2019escale \u00e0 Montevideo, la suivante, est bien plus longue\u00a0: elle s\u2019\u00e9tend du 31 juillet au 15 novembre, soit 3 mois et demi. Vingt jours plus tard apr\u00e8s avoir repris la mer, la<i><span style=\"font-family: Times New Roman;font-size: medium\"> Boudeuse<\/span><\/i> p\u00e9n\u00e8tre dans les Mers du Sud par le D\u00e9troit de Magellan. Le passage du d\u00e9troit est tr\u00e8s compliqu\u00e9, le temps \u00e9tant ex\u00e9crable et le vent souvent contraire. Il faut plus d\u2019un mois aux deux navires pour en sortir.<\/span><span style=\"color: #000000\">\u00a0<\/span><\/p>\n<p style=\"text-align: justify\"><span style=\"color: #000000\">En mars, apr\u00e8s avoir d\u00e9couvert plusieurs \u00eeles depuis son entr\u00e9e dans le Pacifique, Bougainville voit son attention se porter sur l\u2019une d\u2019elles en particulier. Il la nomme Nouvelle-Cyth\u00e8re, en r\u00e9f\u00e9rence \u00e0 une \u00eele grecque, Cyth\u00e8re, \u00eele d\u00e9di\u00e9e \u00e0 la d\u00e9esse de l\u2019Amour, Aphrodite. L\u2019\u00e9quipage est sous le charme de cette vision, et le commandant du voyage n\u2019h\u00e9site pas \u00e0 comparer l\u2019\u00eele au <a title=\"Les cons\u00e9quences du voyage de Bougainville\" href=\"http:\/\/blogs.univ-jfc.fr\/projetlaperouse\/la-decouverte-du-pacifique\/bougainville-et-cook\/les-consequences-du-voyage-de-bougainville\/\">Jardin d\u2019Eden<\/a>. Cet \u00e9merveillement pousse la <i><span style=\"font-family: Times New Roman;font-size: medium\">Boudeuse<\/span><\/i> et l\u2019<em>\u00c9toile<\/em> \u00e0 mouiller \u00e0 proximit\u00e9 des c\u00f4tes de cette \u00eele, aujourd\u2019hui appel\u00e9e Tahiti.\u00a0<\/span><span style=\"color: #000000\">\u00a0<\/span><\/p>\n<p style=\"text-align: justify\"><span style=\"color: #000000\">Il s\u2019agit de la derni\u00e8re escale de grande importance du voyage, bien que les navires n\u2019y restent pas longtemps, \u00e0 savoir 9 jours. A bord de la<i><span style=\"font-family: Times New Roman;font-size: medium\"> Boudeuse<\/span><\/i>, un nouveau passager est accueilli\u00a0: Aotourou, jeune tahitien que Bougainville et Commerson esp\u00e8rent pr\u00e9senter plus tard \u00e0 la cour du roi.\u00a0<\/span><span style=\"color: #000000\"> En manque de vivres, la <i><span style=\"font-family: Times New Roman;font-size: medium\">Boudeuse<\/span><\/i> et l\u2019<em>\u00c9toile<\/em> sont forc\u00e9es de mouiller \u00e0 Batavia (actuelle Jakarta). Les d\u00e9placements dans le Pacifique et l\u2019Oc\u00e9an Indien sont compliqu\u00e9s, puisque les hollandais, qui ont les connaissances les plus avanc\u00e9es sur la g\u00e9ographie de cette partie du globe, cachent leurs cartes aux \u00e9trangers. Une rel\u00e2che pr\u00e8s d\u2019une petite \u00eele inhabit\u00e9e et l\u2019aide d\u2019habitants de la r\u00e9gion, venus en pirogue pr\u00e8s du navire, permettent aux \u00e9quipages de subvenir \u00e0 leurs besoins jusqu\u2019\u00e0 l\u2019arriv\u00e9e \u00e0 Batavia, qui intervient le 28 septembre. La <i><span style=\"font-family: Times New Roman;font-size: medium\">Boudeuse<\/span><\/i> et l\u2019<em>\u00c9toile<\/em> y restent dix jours, avant que Bougainville ne d\u00e9cide de reprendre la route une fois ses navires ravitaill\u00e9s.\u00a0<\/span><span style=\"color: #000000\">\u00a0<\/span><\/p>\n<p style=\"text-align: justify\"><span style=\"color: #000000\">Le 8 novembre, la <i><span style=\"font-family: Times New Roman;font-size: medium\">Boudeuse<\/span><\/i> mouille \u00e0 l\u2019\u00cele de France, dont elle repart le 12 d\u00e9cembre. L\u2019<em>\u00c9toile<\/em>, en piteux \u00e9tat, doit rester sur place plus longtemps pour \u00eatre r\u00e9par\u00e9e, et ne peut quitter l\u2019\u00eele qu\u2019\u00e0 la fin du mois. Il s\u2019agit du dernier contact entre les deux navires.\u00a0<\/span><span style=\"color: #000000\"> Apr\u00e8s le d\u00e9part de l\u2019\u00cele de France, une seule escale sera faite par la <i><span style=\"font-family: Times New Roman;font-size: medium\">Boudeuse<\/span><\/i>, au Cap. Elle y restera quelques jours seulement, faisant alors route plein nord au large de l\u2019Afrique, jusqu\u2019aux c\u00f4tes fran\u00e7aises. Le 13 mars, Bougainville aper\u00e7oit Ouessant. Le 15, il mouille dans le port de Saint-Malo. Un peu plus d\u2019un mois plus tard, le 24 avril, l\u2019<em>\u00c9toile<\/em> arrive \u00e0 Rochefort.\u00a0<\/span><span style=\"color: #000000\">\u00a0<\/span><\/p>\n<p style=\"text-align: justify\"><span style=\"color: #000000\">Le principal but du voyage \u00e9tait d\u2019apporter de nouvelles connaissances scientifiques et g\u00e9ographiques. Ainsi, un naturaliste, Commerson, et un astronome, Verron, avaient embarqu\u00e9 \u00e0 bord de l\u2019<em>\u00c9toile<\/em>.\u00a0<\/span><span style=\"color: #000000\"> Arriv\u00e9 \u00e0 Rio, Commerson est \u00e9merveill\u00e9 par la faune locale. Entre le 13 juin, jour d&rsquo;arriv\u00e9e, et le 8 d\u00e9cembre, dernier contact avec des habitants d\u2019Am\u00e9rique du Sud, il d\u00e9couvre pas moins de 1\u00a0800 esp\u00e8ces qu\u2019il r\u00e9unit dans un herbier. La majorit\u00e9 a \u00e9t\u00e9 trouv\u00e9e aux alentours de Rio, seul endroit du continent o\u00f9 le savant a mis pied \u00e0 terre avec la Terre de Feu. L\u2019une de ces plantes est baptis\u00e9e Bougainvill\u00e9e, du nom du commandant du voyage. <\/span><\/p>\n<div id=\"attachment_2026\" style=\"width: 778px\" class=\"wp-caption aligncenter\"><a href=\"http:\/\/blogs.univ-jfc.fr\/projetlaperouse\/wp-content\/uploads\/sites\/9\/2014\/03\/nytg780m.jpg\"><img aria-describedby=\"caption-attachment-2026\" loading=\"lazy\" class=\"wp-image-2026  \" title=\"La Bougainvill\u00e9e, fleur en hommage \u00e0 Bougainville\" alt=\"nytg780m\" src=\"http:\/\/blogs.univ-jfc.fr\/projetlaperouse\/wp-content\/uploads\/sites\/9\/2014\/03\/nytg780m.jpg\" width=\"768\" height=\"576\" \/><\/a><p id=\"caption-attachment-2026\" class=\"wp-caption-text\">Bougainvill\u00e9e mauve (source : miraclesseoceane.centerblog.net )<\/p><\/div>\n<p style=\"text-align: justify\"><span style=\"color: #000000\">Dans l\u2019Oc\u00e9an Pacifique, ses recherches s\u2019orientent plus vers l\u2019Homme, puisque les habitants des \u00eeles d\u00e9couvertes sont peu connus voire totalement inconnus des fran\u00e7ais. Ainsi, il \u00e9tudie de pr\u00e8s les Tahitiens, \u00e9voquant les th\u00e9ories philosophiques du bon sauvage, et estimant qu\u2019elles sont infond\u00e9es. A l\u2019\u00cele de France, o\u00f9 Commerson quitte l\u2019exp\u00e9dition, Bougainville lui demande de continuer ses recherches sur la flore locale.\u00a0<\/span><span style=\"color: #000000\">\u00a0<\/span><\/p>\n<p style=\"text-align: justify\"><span style=\"color: #000000\">Quant \u00e0 Verron, \u00e0 qui il est \u00e9galement demand\u00e9 de rester \u00e0 l\u2019\u00cele de France, c\u2019est pour y observer le Passage de V\u00e9nus, puisque l\u2019\u00eele de France est proche du lieu d\u2019o\u00f9 cette observation est possible. Avant cela, il avait dress\u00e9 avec Romainville, g\u00e9ographe et cartographe, plusieurs cartes faisant \u00e9tat des d\u00e9placements de la <i><span style=\"font-family: Times New Roman;font-size: medium\">Boudeuse<\/span><\/i> durant cette circumnavigation.\u00a0<\/span><span style=\"color: #000000\">\u00a0<\/span><\/p>\n<p style=\"text-align: justify\"><span style=\"color: #000000\">Gr\u00e2ce \u00e0 Verron, un grand nombre d\u2019\u00eeles sont \u00e9galement reconnues, dont l\u2019archipel Bourbon, les \u00eeles des Navigateurs et les Grandes Cyclades. Cependant, ces \u00eeles ne sont pas r\u00e9ellement utiles au voyage, puisque Bougainville estime souvent que les approcher serait trop p\u00e9rilleux et pr\u00e9f\u00e8re donc rester au large, sans pouvoir en prendre possession.\u00a0<\/span><span style=\"color: #000000\">\u00a0<\/span><\/p>\n<p style=\"text-align: justify\"><span style=\"color: #000000\">Cependant, dans l\u2019Oc\u00e9an Indien, les cartes \u00e9difi\u00e9es par Romainville et Verron sont tr\u00e8s importantes. Les n\u00e9erlandais gardant cach\u00e9es les cartes qu\u2019ils poss\u00e8dent, les explorateurs fran\u00e7ais ne connaissent que peu de choses de cet Oc\u00e9an, la majorit\u00e9 des cartes fran\u00e7aises \u00e9tant \u00ab\u00a0plus propres \u00e0 faire perdre les navires qu\u2019\u00e0 les guider\u00a0\u00bb<\/span><a title=\"\" href=\"#_edn1\"><span style=\"text-decoration: underline\"><span style=\"color: #0066cc\">[i]<\/span><\/span><\/a><span style=\"color: #000000\">. Ainsi, les futures explorations fran\u00e7aises profiteront de cet apport.\u00a0<\/span><span style=\"color: #000000\">\u00a0<\/span><\/p>\n<p style=\"text-align: justify\"><span style=\"color: #000000\">Cependant, malgr\u00e9 ces avanc\u00e9es cartographiques, le voyage n\u2019a pas r\u00e9alis\u00e9 <a title=\"Les objectifs du voyage de Bougainville\" href=\"http:\/\/blogs.univ-jfc.fr\/projetlaperouse\/la-decouverte-du-pacifique\/bougainville-et-cook\/les-objectifs-du-voyage-de-bougainville\/\">ses objectifs<\/a>, ou seulement quelques-uns. La perte de temps occasionn\u00e9e par l\u2019attente de l\u2019<em>\u00c9toile <\/em>a notamment emp\u00each\u00e9 la <em><span style=\"font-family: Times New Roman;font-size: medium\">Boudeuse<\/span><\/em> et Bougainville d\u2019aller jusqu\u2019en Chine, ce qui lui \u00e9tait demand\u00e9, et de chercher le passage du Nord-Est. <\/span><\/p>\n<div id=\"attachment_1995\" style=\"width: 747px\" class=\"wp-caption aligncenter\"><a href=\"http:\/\/blogs.univ-jfc.fr\/projetlaperouse\/wp-content\/uploads\/sites\/9\/2014\/03\/5464523154654896456489565465456.jpg\"><img aria-describedby=\"caption-attachment-1995\" loading=\"lazy\" class=\"wp-image-1995    \" title=\"La Boudeuse et l'Etoile arrivent \u00e0 Tahiti\" alt=\"arriv\u00e9e-de-Bougainville-\u00e0-Tahiti-1768-Alaux-Gustave-mus\u00e9e-national-de-la-Marine\" src=\"http:\/\/blogs.univ-jfc.fr\/projetlaperouse\/wp-content\/uploads\/sites\/9\/2014\/03\/5464523154654896456489565465456.jpg\" width=\"737\" height=\"415\" \/><\/a><p id=\"caption-attachment-1995\" class=\"wp-caption-text\">Arriv\u00e9e de la Boudeuse \u00e0 Tahiti. Tableau de Gustave Alaux, 1768 (source : Mus\u00e9e de la Marine )<\/p><\/div>\n<div style=\"text-align: justify\">\n<hr align=\"left\" size=\"1\" width=\"33%\" \/>\n<div>\n<p><a title=\"\" href=\"#_ednref1\"><span style=\"text-decoration: underline\"><span style=\"color: #0066cc\">[i]<\/span><\/span><\/a><span style=\"color: #000000;font-family: Calibri;font-size: small\"> Bougainville L.A., <i>Voyage autour du monde par la fr\u00e9gate du roi La Boudeuse et la fl\u00fbte l\u2019Etoile<\/i>, Paris, Folio, 2010, p. 363<\/span><\/p>\n<\/div>\n<\/div>\n","protected":false},"excerpt":{"rendered":"<p>Le 16 mars 1769, la Boudeuse mouille dans le port de Saint-Malo, deux ans, quatre mois et un jour apr\u00e8s avoir quitt\u00e9 celui de Nantes. Ce voyage, certes rapide, a cependant \u00e9t\u00e9 marqu\u00e9 par de nombreuses escales tout au long &hellip; <a href=\"https:\/\/blogs.univ-jfc.fr\/projetlaperouse\/la-decouverte-du-pacifique\/bougainville-et-cook\/le-voyage-de-bougainville\/\">Lire la suite <span class=\"meta-nav\">&rarr;<\/span><\/a><\/p>\n","protected":false},"author":15,"featured_media":0,"parent":180,"menu_order":0,"comment_status":"closed","ping_status":"open","template":"sidebar-page.php","meta":[],"_links":{"self":[{"href":"https:\/\/blogs.univ-jfc.fr\/projetlaperouse\/wp-json\/wp\/v2\/pages\/1366"}],"collection":[{"href":"https:\/\/blogs.univ-jfc.fr\/projetlaperouse\/wp-json\/wp\/v2\/pages"}],"about":[{"href":"https:\/\/blogs.univ-jfc.fr\/projetlaperouse\/wp-json\/wp\/v2\/types\/page"}],"author":[{"embeddable":true,"href":"https:\/\/blogs.univ-jfc.fr\/projetlaperouse\/wp-json\/wp\/v2\/users\/15"}],"replies":[{"embeddable":true,"href":"https:\/\/blogs.univ-jfc.fr\/projetlaperouse\/wp-json\/wp\/v2\/comments?post=1366"}],"version-history":[{"count":18,"href":"https:\/\/blogs.univ-jfc.fr\/projetlaperouse\/wp-json\/wp\/v2\/pages\/1366\/revisions"}],"predecessor-version":[{"id":1990,"href":"https:\/\/blogs.univ-jfc.fr\/projetlaperouse\/wp-json\/wp\/v2\/pages\/1366\/revisions\/1990"}],"up":[{"embeddable":true,"href":"https:\/\/blogs.univ-jfc.fr\/projetlaperouse\/wp-json\/wp\/v2\/pages\/180"}],"wp:attachment":[{"href":"https:\/\/blogs.univ-jfc.fr\/projetlaperouse\/wp-json\/wp\/v2\/media?parent=1366"}],"curies":[{"name":"wp","href":"https:\/\/api.w.org\/{rel}","templated":true}]}}