{"id":1372,"date":"2014-03-20T10:00:34","date_gmt":"2014-03-20T09:00:34","guid":{"rendered":"http:\/\/blogs.univ-jfc.fr\/projetlaperouse\/?page_id=1372"},"modified":"2014-05-25T09:36:17","modified_gmt":"2014-05-25T08:36:17","slug":"les-objectifs-du-voyage-de-bougainville","status":"publish","type":"page","link":"https:\/\/blogs.univ-jfc.fr\/projetlaperouse\/la-decouverte-du-pacifique\/bougainville-et-cook\/les-objectifs-du-voyage-de-bougainville\/","title":{"rendered":"Les objectifs du voyage de Bougainville"},"content":{"rendered":"<p style=\"margin-bottom: 0cm;font-variant: normal;font-style: normal;font-weight: normal;line-height: 150%;text-decoration: none\" align=\"JUSTIFY\">\u00a0<span style=\"color: #000000\"><span style=\"font-family: Arial,sans-serif\"><span style=\"font-size: medium\">En 1763, apr\u00e8s le trait\u00e9 de Paris, la France l\u00e8gue la plupart de ses territoires ultra-marins \u00e0 sa principale rivale et nouvelle puissance dominante en Europe\u00a0: l&rsquo;Angleterre. <\/span><\/span><\/span><\/p>\n<div id=\"attachment_2210\" style=\"width: 650px\" class=\"wp-caption alignnone\"><a href=\"http:\/\/blogs.univ-jfc.fr\/projetlaperouse\/wp-content\/uploads\/sites\/9\/2014\/03\/quebec4.jpg\"><img aria-describedby=\"caption-attachment-2210\" loading=\"lazy\" class=\" wp-image-2210   \" title=\"Prise de Qu\u00e9bec par les troupes britanniques en 1759\" alt=\"\" src=\"http:\/\/blogs.univ-jfc.fr\/projetlaperouse\/wp-content\/uploads\/sites\/9\/2014\/03\/quebec4.jpg\" width=\"640\" height=\"479\" \/><\/a><p id=\"caption-attachment-2210\" class=\"wp-caption-text\">Prise de Qu\u00e9bec par les troupes britanniques en 1759, auteur inconnu ( source\u00a0: Biblioth\u00e8que et Archives Nationales du Qu\u00e9bec)<\/p><\/div>\n<p style=\"margin-bottom: 0cm;font-variant: normal;font-style: normal;font-weight: normal;line-height: 150%;text-decoration: none\" align=\"JUSTIFY\"><span style=\"color: #000000\"><span style=\"font-family: Arial,sans-serif\"><span style=\"font-size: medium\">Conclusion de la guerre de Sept ans, ce trait\u00e9, tr\u00e8s d\u00e9savantageux pour la France, est la cons\u00e9quence de plusieurs facteurs, en premier lieu la supr\u00e9matie \u00e9crasante de la Royal Navy sur la flotte fran\u00e7aise, les fran\u00e7ais \u00e9tant vaincus dans la quasi-totalit\u00e9 des batailles navales qui les oppos\u00e8rent aux britanniques durant le conflit. Constatant cet \u00e9tat de fait, le minist\u00e8re de la marine engage des r\u00e9formes avec par exemple une difficult\u00e9 accrue des examens pour les officiers, et une modernisation de la flotte.<\/span><\/span><\/span><\/p>\n<p style=\"text-align: justify\">C&rsquo;est dans ce contexte que <span style=\"color: #000000\"><span style=\"font-family: Arial,sans-serif\"><span style=\"font-size: medium\">Louis-Antoine de Bougainville fut charg\u00e9 d&rsquo;un voyage autour du monde, avec comme <\/span><\/span><\/span><span style=\"color: #000000\"><span style=\"font-family: Arial,sans-serif\"><span style=\"font-size: medium\">objectif premier l&rsquo;exp\u00e9rimentation de l&rsquo;efficacit\u00e9 de ces r\u00e9formes. Fils de notaire, math\u00e9maticien de formation, Bougainville fit ses armes durant la <a href=\"http:\/\/www.larousse.fr\/encyclopedie\/divers\/guerre_de_Sept_Ans\/143938\" target=\"_blank\">guerre de Sept Ans<\/a>, notamment sur le front qu\u00e9b\u00e9cois (o\u00f9 il assista \u00e0 la prise de Qu\u00e9bec par les troupes britanniques en 1759) et sur les bords du Rhin en 1761.<\/span><\/span><\/span><\/p>\n<div id=\"attachment_2320\" style=\"width: 264px\" class=\"wp-caption alignleft\"><a href=\"http:\/\/blogs.univ-jfc.fr\/projetlaperouse\/wp-content\/uploads\/sites\/9\/2014\/03\/bougainville1.jpg\"><img aria-describedby=\"caption-attachment-2320\" loading=\"lazy\" class=\" wp-image-2320    \" title=\"Louis-Antoine, Comte de Bougainville (1729-1811)\" alt=\"\" src=\"http:\/\/blogs.univ-jfc.fr\/projetlaperouse\/wp-content\/uploads\/sites\/9\/2014\/03\/bougainville1.jpg\" width=\"254\" height=\"320\" \/><\/a><p id=\"caption-attachment-2320\" class=\"wp-caption-text\">Louis-Antoine, Comte de Bougainville, huile sur toile par Joseph Ducreux, 1790 (source : culture.gouv.fr)<\/p><\/div>\n<p style=\"margin-bottom: 0cm;line-height: 150%\" align=\"JUSTIFY\"><span style=\"font-variant: normal\"><span style=\"color: #000000\"><span style=\"font-family: Arial,sans-serif\"><span style=\"font-size: medium\"><span style=\"font-style: normal\"><span style=\"text-decoration: none\"><span style=\"font-weight: normal\">Bougainville devait tout d&rsquo;abord remettre <\/span><\/span><\/span><\/span><\/span><\/span><\/span><span style=\"font-variant: normal\"><span style=\"color: #000000\"><span style=\"font-family: Arial,sans-serif\"><span style=\"font-size: medium\"><span style=\"font-style: normal\"><span style=\"text-decoration: none\"><span style=\"font-weight: normal\"><span style=\"font-variant: normal\"><span style=\"color: #000000\"><span style=\"font-family: Arial,sans-serif\"><span style=\"font-size: medium\"><span style=\"font-style: normal\"><span style=\"text-decoration: none\"><span style=\"font-weight: normal\">aux espagnols <\/span><\/span><\/span><\/span><\/span><\/span><\/span>les \u00celes Malouines, prises par la France en 1763, prise dont il fut lui m\u00eame l&rsquo;instigateur, l&rsquo;ayant propos\u00e9e au gouvernement fran\u00e7ais car convaincu <\/span><\/span><\/span><\/span><\/span><\/span><\/span><span style=\"font-variant: normal\"><span style=\"color: #000000\"><span style=\"font-family: Arial,sans-serif\"><span style=\"font-size: medium\"><span style=\"font-style: normal\"><span style=\"font-weight: normal\">de l&rsquo;importance de m\u00e9nager une base de d\u00e9part vers le Pacifique. Cette r\u00e9trocession fut accomplie e<\/span><\/span><\/span><\/span><\/span><\/span><span style=\"font-variant: normal\"><span style=\"color: #000000\"><span style=\"font-family: Arial,sans-serif\"><span style=\"font-size: medium\"><span style=\"font-style: normal\"><span style=\"text-decoration: none\"><span style=\"font-weight: normal\">n vertu du \u00a0\u00bbpacte de famille\u00a0\u00bb, une s\u00e9rie d&rsquo;accords entre diff\u00e9rentes branches d&rsquo;une maison r\u00e9gnante, en g\u00e9n\u00e9ral pour ne pas se nuire entre elles, ici les Bourbons, sign\u00e9 en 1761 entre la l&rsquo;Espagne et la France\u00a0; ainsi que du <a href=\"http:\/\/www.herodote.net\/11_avril_1713-evenement-17130411.php\" target=\"_blank\">trait\u00e9 d&rsquo;Utrecht<\/a> (1713), les bourbons de France ayant alors renonc\u00e9 \u00e0 toute pr\u00e9tention sur des terres espagnoles afin que Philippe d&rsquo;Anjou puisse obtenir le tr\u00f4ne d&rsquo;Espagne.<\/span><\/span><\/span><\/span><\/span><\/span><\/span><\/p>\n<p style=\"margin-bottom: 0cm;font-variant: normal;font-style: normal;font-weight: normal;line-height: 150%;text-decoration: none\" align=\"JUSTIFY\"><span style=\"color: #000000\"><span style=\"font-family: Arial,sans-serif\"><span style=\"font-size: medium\">Sur ordre de <a href=\"http:\/\/www.chateauversailles.fr\/l-histoire\/personnages-de-cour\/epoque-louis-xv\/louis-xv\" target=\"_blank\">Louis XV<\/a>, Bougainville devait ensuite prendre possession de nouveaux territoires afin de pallier les pertes coloniales de 1763 via des \u00a0\u00bbactes de prise de <\/span><\/span><\/span><span style=\"color: #000000\"><span style=\"font-family: Arial,sans-serif\"><span style=\"font-size: medium\">possession\u00a0\u00bb, un acte de <span style=\"text-decoration: none\"><span style=\"background: #ffffff\">droit international public <\/span><\/span>par lequel un <span style=\"text-decoration: none\"><span style=\"background: #ffffff\">gouvernement <\/span><\/span>ou un individu agissant en son nom d\u00e9clare \u00e9tablir sa <span style=\"text-decoration: none\"><span style=\"background: #ffffff\">souverainet\u00e9 <\/span><\/span>sur un <span style=\"text-decoration: none\"><span style=\"background: #ffffff\">territoire <\/span><\/span>qu&rsquo;il d\u00e9couvre ou qu&rsquo;il consid\u00e8re comme n&rsquo;appartenant \u00e0 aucune autre puissance.<\/span><\/span><\/span><\/p>\n<p style=\"margin-bottom: 0cm;font-variant: normal;font-style: normal;font-weight: normal;line-height: 150%;text-decoration: none\" align=\"JUSTIFY\">\n<p style=\"margin-bottom: 0cm;font-variant: normal;font-style: normal;font-weight: normal;line-height: 150%;text-decoration: none\" align=\"JUSTIFY\">\n<p style=\"margin-bottom: 0cm;font-variant: normal;font-style: normal;font-weight: normal;line-height: 150%;text-decoration: none\" align=\"JUSTIFY\">\n<p style=\"margin-bottom: 0cm;font-variant: normal;font-style: normal;font-weight: normal;line-height: 150%;text-decoration: none\" align=\"JUSTIFY\">\n<p style=\"margin-bottom: 0cm;font-variant: normal;font-style: normal;font-weight: normal;line-height: 150%;text-decoration: none\" align=\"JUSTIFY\">\n<p style=\"margin-bottom: 0cm;font-variant: normal;font-style: normal;font-weight: normal;line-height: 150%;text-decoration: none\" align=\"JUSTIFY\">Le troisi\u00e8me objectif du voyage est la d\u00e9couverte des terres australes : l<span style=\"color: #000000\"><span style=\"font-family: Arial,sans-serif\"><span style=\"font-size: medium\">es d\u00e9bats portant sur l&rsquo;existence d&rsquo;un continent inconnu au Sud du globe \u00e9taient vifs, alors. Les mouvements encyclop\u00e9distes encourageant \u00e0 laisser libre cours \u00e0 la curiosit\u00e9 pour \u00e9tendre les connaissances, les marins et les savants ne cessant d&rsquo;am\u00e9liorer les conditions de navigation et les \u00c9tats cherchant \u00e0 engranger les ultimes parcelles territoriales encore non revendiqu\u00e9es, les terres australes, avec leurs myst\u00e8res et leurs richesses suppos\u00e9es, sont pr\u00e9sentes dans tous les esprits ; l\u00e9gendes dont h\u00e9ritera Bougainville, lanc\u00e9 \u00e0 la recherche des ces terres mythiques.<\/span><\/span><\/span><\/p>\n<p style=\"margin-bottom: 0cm;font-variant: normal;font-style: normal;font-weight: normal;line-height: 150%;text-decoration: none\" align=\"JUSTIFY\"><span style=\"color: #000000\"><span style=\"font-family: Arial,sans-serif\"><span style=\"font-size: medium\">A cette \u00e9poque la France est en proie \u00e0 de graves troubles fiscaux, ne pouvant rembourser les pr\u00eats contract\u00e9s afin de soutenir l&rsquo;effort de guerre contre les anglais. Afin de tenter de r\u00e9gler ce probl\u00e8me, Bougainville avait \u00e9galement pour mission de d\u00e9velopper les liens \u00e9conomiques et commerciaux avec la Chine, la dynastie r\u00e9gnante Qing \u00e9tant alors au fa\u00eete de sa puissance.<\/span><\/span><\/span><\/p>\n<p style=\"margin-bottom: 0cm;font-variant: normal;font-style: normal;font-weight: normal;line-height: 150%;text-decoration: none\" align=\"JUSTIFY\"><span style=\"color: #000000\"><span style=\"font-family: Arial,sans-serif\"><span style=\"font-size: medium\">Enfin, le voyage de Bougainville re\u00e7ut un objectif scientifique\u00a0: l&rsquo;acad\u00e9mie des sciences, ainsi que Louis XV, d\u00e9siraient perfectionner l&rsquo;hydrographie, la cartographie, l&rsquo;ethnologie, la botanique, l&rsquo;astronomie ou encore la physique gr\u00e2ce \u00e0 ce voyage.<\/span><\/span><\/span><\/p>\n<div id=\"attachment_2235\" style=\"width: 175px\" class=\"wp-caption alignright\"><a href=\"http:\/\/blogs.univ-jfc.fr\/projetlaperouse\/wp-content\/uploads\/sites\/9\/2014\/03\/doc_7834121.jpg\"><img aria-describedby=\"caption-attachment-2235\" loading=\"lazy\" class=\"size-full wp-image-2235   \" title=\"Commerson\" alt=\"doc_7834121\" src=\"http:\/\/blogs.univ-jfc.fr\/projetlaperouse\/wp-content\/uploads\/sites\/9\/2014\/03\/doc_7834121.jpg\" width=\"165\" height=\"220\" \/><\/a><p id=\"caption-attachment-2235\" class=\"wp-caption-text\">Portrait de Philibert Commerson (1727-1773), auteur inconnu<\/p><\/div>\n<p style=\"margin-bottom: 0cm;line-height: 150%\" align=\"JUSTIFY\"><span style=\"font-variant: normal\"><span style=\"color: #000000\"><span style=\"font-family: Arial,sans-serif\"><span style=\"font-size: medium\"><span style=\"font-style: normal\"><span style=\"text-decoration: none\"><span style=\"font-weight: normal\">Ainsi, lorsqu&rsquo;il appareille de Brest, l&rsquo;\u00e9quipage de <\/span><\/span><\/span><\/span><\/span><\/span><\/span><span style=\"font-variant: normal\"><span style=\"color: #000000\"><span style=\"font-family: Arial,sans-serif\"><span style=\"font-size: medium\"><i><span style=\"text-decoration: none\"><span style=\"font-weight: normal\">la Boudeuse<\/span><\/span><\/i><\/span><\/span><\/span><\/span><span style=\"font-variant: normal\"><span style=\"color: #000000\"><span style=\"font-family: Arial,sans-serif\"><span style=\"font-size: medium\"><span style=\"font-style: normal\"><span style=\"text-decoration: none\"><span style=\"font-weight: normal\"> emporte avec lui <\/span><\/span><\/span><\/span><\/span><\/span><\/span><span style=\"font-variant: normal\"><span style=\"color: #000000\"><span style=\"font-family: Arial,sans-serif\"><span style=\"font-size: medium\"><span style=\"font-style: normal\"><span style=\"font-weight: normal\">l&rsquo;ing\u00e9nieur Charles Routier de Romainville (1742-1792), charg\u00e9 du relev\u00e9 cartographique, l&rsquo;astronome Pierre-Antoine V\u00e9ron (1736-1770), venu mettre au point la m\u00e9thode de calcul de la longitude par les distances lunaires, et le naturaliste Philibert Commerson<\/span><\/span><\/span><\/span><\/span><\/span><span style=\"font-variant: normal\"><span style=\"color: #000000\"><span style=\"font-family: Arial,sans-serif\"><span style=\"font-size: medium\"><span style=\"font-style: normal\"><span style=\"text-decoration: none\"><span style=\"font-weight: normal\"> (1727-1773), c\u00e9l\u00e8bre pour avoir collect\u00e9 de par le monde des milliers d&rsquo;esp\u00e8ces de plantes nouvelles, d&rsquo;insectes, de poissons et d&rsquo;oiseaux qui furent offerts au Jardin du roi. Le navire embarque \u00e9galement la \u00a0\u00bbcucurbite\u00a0\u00bb, une machine destin\u00e9e \u00e0 dessaler l&rsquo;eau de mer dont on souhaitait tester les capacit\u00e9s.<\/span><\/span><\/span><\/span><\/span><\/span><\/span><\/p>\n<p>&nbsp;<\/p>\n<p>&nbsp;<\/p>\n","protected":false},"excerpt":{"rendered":"<p>\u00a0En 1763, apr\u00e8s le trait\u00e9 de Paris, la France l\u00e8gue la plupart de ses territoires ultra-marins \u00e0 sa principale rivale et nouvelle puissance dominante en Europe\u00a0: l&rsquo;Angleterre. Conclusion de la guerre de Sept ans, ce trait\u00e9, tr\u00e8s d\u00e9savantageux pour la &hellip; <a href=\"https:\/\/blogs.univ-jfc.fr\/projetlaperouse\/la-decouverte-du-pacifique\/bougainville-et-cook\/les-objectifs-du-voyage-de-bougainville\/\">Lire la suite <span class=\"meta-nav\">&rarr;<\/span><\/a><\/p>\n","protected":false},"author":15,"featured_media":0,"parent":180,"menu_order":0,"comment_status":"closed","ping_status":"open","template":"sidebar-page.php","meta":[],"_links":{"self":[{"href":"https:\/\/blogs.univ-jfc.fr\/projetlaperouse\/wp-json\/wp\/v2\/pages\/1372"}],"collection":[{"href":"https:\/\/blogs.univ-jfc.fr\/projetlaperouse\/wp-json\/wp\/v2\/pages"}],"about":[{"href":"https:\/\/blogs.univ-jfc.fr\/projetlaperouse\/wp-json\/wp\/v2\/types\/page"}],"author":[{"embeddable":true,"href":"https:\/\/blogs.univ-jfc.fr\/projetlaperouse\/wp-json\/wp\/v2\/users\/15"}],"replies":[{"embeddable":true,"href":"https:\/\/blogs.univ-jfc.fr\/projetlaperouse\/wp-json\/wp\/v2\/comments?post=1372"}],"version-history":[{"count":15,"href":"https:\/\/blogs.univ-jfc.fr\/projetlaperouse\/wp-json\/wp\/v2\/pages\/1372\/revisions"}],"predecessor-version":[{"id":4511,"href":"https:\/\/blogs.univ-jfc.fr\/projetlaperouse\/wp-json\/wp\/v2\/pages\/1372\/revisions\/4511"}],"up":[{"embeddable":true,"href":"https:\/\/blogs.univ-jfc.fr\/projetlaperouse\/wp-json\/wp\/v2\/pages\/180"}],"wp:attachment":[{"href":"https:\/\/blogs.univ-jfc.fr\/projetlaperouse\/wp-json\/wp\/v2\/media?parent=1372"}],"curies":[{"name":"wp","href":"https:\/\/api.w.org\/{rel}","templated":true}]}}