{"id":1527,"date":"2014-03-21T07:42:39","date_gmt":"2014-03-21T06:42:39","guid":{"rendered":"http:\/\/blogs.univ-jfc.fr\/projetlaperouse\/?page_id=1527"},"modified":"2014-05-25T10:54:16","modified_gmt":"2014-05-25T09:54:16","slug":"la-derniere-aventure","status":"publish","type":"page","link":"https:\/\/blogs.univ-jfc.fr\/projetlaperouse\/la-decouverte-du-pacifique\/bougainville-et-cook\/la-derniere-aventure\/","title":{"rendered":"La derni\u00e8re aventure"},"content":{"rendered":"<p align=\"JUSTIFY\"><span style=\"font-family: Arial,sans-serif\"><strong>Un voyage diff\u00e9rent<\/strong><\/span><\/p>\n<p align=\"JUSTIFY\"><span style=\"font-family: Arial,sans-serif\">Le dernier voyage de Cook dans le Pacifique fut plus bref que les deux premiers : Cook r\u00e9alise moins de d\u00e9couvertes et connait un succ\u00e8s moindre que par le pass\u00e9, notamment \u00e0 cause du fait qu&rsquo;il y trouve la mort. Il commande \u00e0 nouveau le <i>R\u00e9solution<\/i> pendant que le capitaine Charles Clerke prend la t\u00eate du <i>Discovery<\/i>. Officiellement, le but du voyage est de ramener Omai, l&rsquo;indig\u00e8ne qui leur servit de guide lors du deuxi\u00e8me voyage, \u00e0 Tahiti. L\u2019exp\u00e9dition explore tout d\u2019abord les \u00eeles Kerguelen, puis fait escale en Nouvelle-Z\u00e9lande. Une fois Omai rendu aux siens, Cook met le cap au Nord, d\u00e9couvre la veille de No\u00ebl 1777 l&rsquo;\u00eele Christmas et devient le premier Europ\u00e9en \u00e0 accoster aux \u00eeles Hawaii en 1778.<\/span><\/p>\n<p align=\"JUSTIFY\"><span style=\"font-family: Arial,sans-serif\">L&rsquo;exp\u00e9dition retourne \u00e0 Hawa\u00ef l\u2019ann\u00e9e suivante. Apr\u00e8s huit semaines pass\u00e9es \u00e0 explorer l&rsquo;archipel, Cook et son \u00e9quipage accostent la baie de Kealakekua sur l&rsquo;actuelle Grande \u00cele o\u00f9 ils s\u00e9journent un mois. Les indig\u00e8nes les prennent alors pour des dieux et leur font un tr\u00e8s bon accueil. Peu apr\u00e8s leur d\u00e9part de l&rsquo;\u00eele, une avarie du m\u00e2t de misaine les contraint \u00e0 rebrousser chemin pour r\u00e9parer. Ils d\u00e9cident alors de retourner \u00e0 Hawai\u00ef en raison du bon accueil qu&rsquo;ils y avaient re\u00e7u. Au cours de cette seconde escale, des tensions se font cependant sentir entre les indig\u00e8nes et les britanniques et plusieurs bagarres \u00e9clatent. En effet, dans la mythologie des Hawa\u00efens, la saison de Lono se termine et on entre alors dans la saison de Ku, dieu de la guerre. Le retour de Cook, consid\u00e9r\u00e9 comme la personnification de Lono, fut probablement assimil\u00e9 \u00e0 un trouble de l&rsquo;\u00e9quilibre du monde.Le 14 f\u00e9vrier, des Hawa\u00efens volent une chaloupe. Les vols \u00e9tant courants lors des escales, Cook avait pour habitude de retenir quelques otages jusqu\u2019\u00e0 ce que les biens vol\u00e9s soient restitu\u00e9s. Cette fois, il pr\u00e9voit de prendre en otage le chef de Hawa\u00ef, Kalaniopu&rsquo;u. Une altercation \u00e9clate avec les habitants qui les attaquent \u00e0 l&rsquo;aide de pierres et de lances. Les Britanniques tirent quelques coups de feu mais doivent se replier vers la plage.<\/span><\/p>\n<p align=\"JUSTIFY\"><strong><span style=\"font-family: Arial,sans-serif\">La mort de l&rsquo;explorateur<\/span><\/strong><\/p>\n<div id=\"attachment_4249\" style=\"width: 370px\" class=\"wp-caption alignleft\"><a href=\"http:\/\/blogs.univ-jfc.fr\/projetlaperouse\/wp-content\/uploads\/sites\/9\/2014\/03\/Mort-de-James-Cook.jpg\"><img aria-describedby=\"caption-attachment-4249\" loading=\"lazy\" class=\" wp-image-4249   \" title=\"La mort de James Cook\" alt=\"\" src=\"http:\/\/blogs.univ-jfc.fr\/projetlaperouse\/wp-content\/uploads\/sites\/9\/2014\/03\/Mort-de-James-Cook.jpg\" width=\"360\" height=\"230\" \/><\/a><p id=\"caption-attachment-4249\" class=\"wp-caption-text\">Mort de James Cook en f\u00e9vrier 1779, par Rickman (1782)<br \/>Mus\u00e9e Historique de Berne (source : www.letemps.ch)<\/p><\/div>\n<p align=\"JUSTIFY\"><span style=\"font-family: Arial,sans-serif\">Selon certains, James Cook fut poignard\u00e9 lors d\u2019un bref affrontement avec les habitants de l\u2019\u00eele, le 14 f\u00e9vrier 1779, alors qu&rsquo;il tentait de revenir avec ses hommes sur son navire. Selon d&rsquo;autres, Cook fut atteint \u00e0 la t\u00eate et s&rsquo;\u00e9croula. Les Hawa\u00efens le battirent alors \u00e0 mort, puis enlev\u00e8rent son corps. Il en est m\u00eame qui soutiennent que le capitaine fut tu\u00e9 puis d\u00e9vor\u00e9 par les indig\u00e8nes, choqu\u00e9s que leur invit\u00e9 n&rsquo;ait pas respect\u00e9 leurs tabous. D&rsquo;apr\u00e8s James King, qui d\u00fbt prendre le relais du manuscrit de Cook, \u00ab Il se peut que ce soit ses sentiments d\u2019humanit\u00e9 qui lui aient co\u00fbt\u00e9 la vie. Car on remarqua que tant qu\u2019il faisait face aux naturels aucune violence ne fut exerc\u00e9e sur lui, mais d\u00e8s qu\u2019il eut tourn\u00e9 le dos pour donner ses ordres aux bateaux il fut poignard\u00e9 par derri\u00e8re et tomba le visage dans la mer.\u00bb<\/span><\/p>\n<p align=\"JUSTIFY\"><span style=\"font-family: Arial,sans-serif\">C&rsquo;est donc tragiquement que se termine une aventure humaine et scientifique exemplaire qui a conduit ce fils de paysan \u00e0 percer les myst\u00e8res de l&rsquo;oc\u00e9an Pacifique. La nouvelle de la mort de James Cook bouleversa toute l&rsquo;Europe, tant l&rsquo;homme et le marin \u00e9tait respect\u00e9 et admir\u00e9 par tous, ce dont t\u00e9moigne \u00e0 plusieurs reprise le journal de Lap\u00e9rouse.<br \/>\n<\/span><\/p>\n","protected":false},"excerpt":{"rendered":"<p>Un voyage diff\u00e9rent Le dernier voyage de Cook dans le Pacifique fut plus bref que les deux premiers : Cook r\u00e9alise moins de d\u00e9couvertes et connait un succ\u00e8s moindre que par le pass\u00e9, notamment \u00e0 cause du fait qu&rsquo;il y &hellip; <a href=\"https:\/\/blogs.univ-jfc.fr\/projetlaperouse\/la-decouverte-du-pacifique\/bougainville-et-cook\/la-derniere-aventure\/\">Lire la suite <span class=\"meta-nav\">&rarr;<\/span><\/a><\/p>\n","protected":false},"author":15,"featured_media":0,"parent":180,"menu_order":0,"comment_status":"closed","ping_status":"open","template":"sidebar-page.php","meta":[],"_links":{"self":[{"href":"https:\/\/blogs.univ-jfc.fr\/projetlaperouse\/wp-json\/wp\/v2\/pages\/1527"}],"collection":[{"href":"https:\/\/blogs.univ-jfc.fr\/projetlaperouse\/wp-json\/wp\/v2\/pages"}],"about":[{"href":"https:\/\/blogs.univ-jfc.fr\/projetlaperouse\/wp-json\/wp\/v2\/types\/page"}],"author":[{"embeddable":true,"href":"https:\/\/blogs.univ-jfc.fr\/projetlaperouse\/wp-json\/wp\/v2\/users\/15"}],"replies":[{"embeddable":true,"href":"https:\/\/blogs.univ-jfc.fr\/projetlaperouse\/wp-json\/wp\/v2\/comments?post=1527"}],"version-history":[{"count":10,"href":"https:\/\/blogs.univ-jfc.fr\/projetlaperouse\/wp-json\/wp\/v2\/pages\/1527\/revisions"}],"predecessor-version":[{"id":4528,"href":"https:\/\/blogs.univ-jfc.fr\/projetlaperouse\/wp-json\/wp\/v2\/pages\/1527\/revisions\/4528"}],"up":[{"embeddable":true,"href":"https:\/\/blogs.univ-jfc.fr\/projetlaperouse\/wp-json\/wp\/v2\/pages\/180"}],"wp:attachment":[{"href":"https:\/\/blogs.univ-jfc.fr\/projetlaperouse\/wp-json\/wp\/v2\/media?parent=1527"}],"curies":[{"name":"wp","href":"https:\/\/api.w.org\/{rel}","templated":true}]}}