{"id":1602,"date":"2014-03-25T11:05:07","date_gmt":"2014-03-25T10:05:07","guid":{"rendered":"http:\/\/blogs.univ-jfc.fr\/projetlaperouse\/?page_id=1602"},"modified":"2014-03-27T09:03:34","modified_gmt":"2014-03-27T08:03:34","slug":"guerre-des-sept-ans-1756-1763","status":"publish","type":"page","link":"https:\/\/blogs.univ-jfc.fr\/projetlaperouse\/un-gentilhomme-provincial\/leducation\/lapeyrouse-eleve-et-ses-premieres-expeditions\/guerre-des-sept-ans-1756-1763\/","title":{"rendered":"Guerre de Sept ans"},"content":{"rendered":"<p style=\"text-align: justify\">Conflit milliaire qui dure de 1756-1763 et oppose l&rsquo;Angleterre et la Prusse \u00e0 la France, l&rsquo;Autriche, la Russie, la Su\u00e8de, l&rsquo;Espagne et des princes allemands. L&rsquo;affrontement franco-anglais na\u00eet au sujet de la constitution d&rsquo;un empire colonial en Inde et en Am\u00e9rique. En effet le d\u00e9sir de Marie-Th\u00e9r\u00e8se (archiduchesse autrichienne) de reprendre la Sil\u00e9sie \u00e0 la Prusse provoque un renversement des alliances.<\/p>\n<p style=\"text-align: justify\">\u00c0 partir de 1755, l&rsquo;Europe est divis\u00e9e en deux camps : par le trait\u00e9 de Westminster (1756), l&rsquo;Angleterre et la Prusse s&rsquo;engagent \u00e0 repousser du sol allemand toute invasion \u00e9trang\u00e8re (George II cherchant \u00e0 prot\u00e9ger le Hanovre). Par le premier trait\u00e9 de Versailles (1756), l&rsquo;Autriche, d\u00e9j\u00e0 alli\u00e9e de la Russie, engage avec la France une alliance d\u00e9fensive, gr\u00e2ce au pacte de Famille (qui comprend la Su\u00e8de, la plupart des princes allemands, puis les Bourbons de Naples, de Parme et de Madrid). L\u2019Angleterre et la France luttent sur mer et sur terre dans les colonies, la Prusse et la coalition europ\u00e9enne sur le continent europ\u00e9en. Les deux guerres simultan\u00e9es durent sept ann\u00e9es.<\/p>\n<p style=\"text-align: justify\">Le d\u00e9but de la guerre est d\u00e9favorable \u00e0 Fr\u00e9deric II, avec la d\u00e9faite de Kolin en juin 1757. Il est oblig\u00e9 d&rsquo;\u00e9vacuer la Boh\u00eame. Pendant ce temps, les Russes envahissent la Prusse-Orientale ainsi que les Su\u00e9dois en Pom\u00e9ranie. Le mar\u00e9chal de Richelieu occupe dans un m\u00eame temps le Hanovre ( capitulation des Anglais \u00e0 Kloster Zeven en septembre 1757). Il remporte ensuite des victoires (Rossbach sur les Fran\u00e7ais, Leuthen sur les Autrichiens, Zorndorf sur les Russes) en 1757-1758. La lutte est incertaine : l&rsquo;entr\u00e9e \u00e0 Berlin des Austro-Russes en octobre 1760, occupation de la Saxe et de la Sil\u00e9sie par les Imp\u00e9riaux. Mais Pierre III devient tsar de Russie. Admirateur de Fr\u00e9d\u00e9ric II, il lui rend ses conqu\u00eates, imit\u00e9 par la Su\u00e8de. Apr\u00e8s sa victoire de Burkersdorf (juillet 1762) sur l&rsquo;Autriche, celle-ci, \u00e9puis\u00e9e, engage des n\u00e9gociations de paix.<\/p>\n<p style=\"text-align: justify\">L&rsquo;Angleterre prend l&rsquo;avantage sur la France, qui subit des d\u00e9faites sur ses c\u00f4tes (Quiberon, 1759), mais aussi en Am\u00e9rique du Nord (pertes de Louisbourg, Qu\u00e9bec, Montr\u00e9al, 1760), et aux Indes, o\u00f9 Lally Tollendal \u00e9choue devant Madras (1758-1759), tandis que les comptoirs fran\u00e7ais tombent aux mains des Anglais. L&rsquo;extension des hostilit\u00e9s et de nouveaux \u00e9checs poussent Louis XV \u00e0 faire la paix avec l&rsquo;Angleterre.<\/p>\n<p style=\"text-align: justify\">La fin de la guerre se fait gr\u00e2ce aux trait\u00e9s de f\u00e9vrier 1763. Le trait\u00e9 de Paris est sign\u00e9 entre la France et l&rsquo;Angleterre, puis le trait\u00e9 d&rsquo;Hubertsboug entre l&rsquo;Autriche et la Prusse. Ces trait\u00e9s consacrent la victoire de l&rsquo;Angleterre, ma\u00eetresse des mers, qui a ravi \u00e0 la France de vastes possessions coloniales (Canada, une partie de la Louisiane, mais aussi une partie des Antilles, et le S\u00e9n\u00e9gal), et de la Prusse, devenue ainsi l&rsquo;une des premi\u00e8res puissances militaires de l&rsquo;Europe.<\/p>\n<p>&nbsp;<\/p>\n","protected":false},"excerpt":{"rendered":"<p>Conflit milliaire qui dure de 1756-1763 et oppose l&rsquo;Angleterre et la Prusse \u00e0 la France, l&rsquo;Autriche, la Russie, la Su\u00e8de, l&rsquo;Espagne et des princes allemands. L&rsquo;affrontement franco-anglais na\u00eet au sujet de la constitution d&rsquo;un empire colonial en Inde et en &hellip; <a href=\"https:\/\/blogs.univ-jfc.fr\/projetlaperouse\/un-gentilhomme-provincial\/leducation\/lapeyrouse-eleve-et-ses-premieres-expeditions\/guerre-des-sept-ans-1756-1763\/\">Lire la suite <span class=\"meta-nav\">&rarr;<\/span><\/a><\/p>\n","protected":false},"author":19,"featured_media":0,"parent":1047,"menu_order":0,"comment_status":"closed","ping_status":"open","template":"","meta":[],"_links":{"self":[{"href":"https:\/\/blogs.univ-jfc.fr\/projetlaperouse\/wp-json\/wp\/v2\/pages\/1602"}],"collection":[{"href":"https:\/\/blogs.univ-jfc.fr\/projetlaperouse\/wp-json\/wp\/v2\/pages"}],"about":[{"href":"https:\/\/blogs.univ-jfc.fr\/projetlaperouse\/wp-json\/wp\/v2\/types\/page"}],"author":[{"embeddable":true,"href":"https:\/\/blogs.univ-jfc.fr\/projetlaperouse\/wp-json\/wp\/v2\/users\/19"}],"replies":[{"embeddable":true,"href":"https:\/\/blogs.univ-jfc.fr\/projetlaperouse\/wp-json\/wp\/v2\/comments?post=1602"}],"version-history":[{"count":10,"href":"https:\/\/blogs.univ-jfc.fr\/projetlaperouse\/wp-json\/wp\/v2\/pages\/1602\/revisions"}],"predecessor-version":[{"id":2088,"href":"https:\/\/blogs.univ-jfc.fr\/projetlaperouse\/wp-json\/wp\/v2\/pages\/1602\/revisions\/2088"}],"up":[{"embeddable":true,"href":"https:\/\/blogs.univ-jfc.fr\/projetlaperouse\/wp-json\/wp\/v2\/pages\/1047"}],"wp:attachment":[{"href":"https:\/\/blogs.univ-jfc.fr\/projetlaperouse\/wp-json\/wp\/v2\/media?parent=1602"}],"curies":[{"name":"wp","href":"https:\/\/api.w.org\/{rel}","templated":true}]}}