{"id":1614,"date":"2014-03-25T11:28:25","date_gmt":"2014-03-25T10:28:25","guid":{"rendered":"http:\/\/blogs.univ-jfc.fr\/projetlaperouse\/?page_id=1614"},"modified":"2014-03-25T18:36:26","modified_gmt":"2014-03-25T17:36:26","slug":"hydrographie","status":"publish","type":"page","link":"https:\/\/blogs.univ-jfc.fr\/projetlaperouse\/un-gentilhomme-provincial\/leducation\/lecole-navale-de-brest\/hydrographie\/","title":{"rendered":"hydrographie"},"content":{"rendered":"<p>&#8211; Partie de la g\u00e9ographie consacr\u00e9e \u00e0 l&rsquo;\u00e9tude des eaux du globe.<\/p>\n<p>&#8211;\u00a0 Topographie maritime qui a pour objet de lever le plan du fond des mers et des fleuves.<\/p>\n","protected":false},"excerpt":{"rendered":"<p>&#8211; Partie de la g\u00e9ographie consacr\u00e9e \u00e0 l&rsquo;\u00e9tude des eaux du globe. &#8211;\u00a0 Topographie maritime qui a pour objet de lever le plan du fond des mers et des fleuves.<\/p>\n","protected":false},"author":19,"featured_media":0,"parent":1041,"menu_order":0,"comment_status":"closed","ping_status":"open","template":"","meta":[],"_links":{"self":[{"href":"https:\/\/blogs.univ-jfc.fr\/projetlaperouse\/wp-json\/wp\/v2\/pages\/1614"}],"collection":[{"href":"https:\/\/blogs.univ-jfc.fr\/projetlaperouse\/wp-json\/wp\/v2\/pages"}],"about":[{"href":"https:\/\/blogs.univ-jfc.fr\/projetlaperouse\/wp-json\/wp\/v2\/types\/page"}],"author":[{"embeddable":true,"href":"https:\/\/blogs.univ-jfc.fr\/projetlaperouse\/wp-json\/wp\/v2\/users\/19"}],"replies":[{"embeddable":true,"href":"https:\/\/blogs.univ-jfc.fr\/projetlaperouse\/wp-json\/wp\/v2\/comments?post=1614"}],"version-history":[{"count":2,"href":"https:\/\/blogs.univ-jfc.fr\/projetlaperouse\/wp-json\/wp\/v2\/pages\/1614\/revisions"}],"predecessor-version":[{"id":1648,"href":"https:\/\/blogs.univ-jfc.fr\/projetlaperouse\/wp-json\/wp\/v2\/pages\/1614\/revisions\/1648"}],"up":[{"embeddable":true,"href":"https:\/\/blogs.univ-jfc.fr\/projetlaperouse\/wp-json\/wp\/v2\/pages\/1041"}],"wp:attachment":[{"href":"https:\/\/blogs.univ-jfc.fr\/projetlaperouse\/wp-json\/wp\/v2\/media?parent=1614"}],"curies":[{"name":"wp","href":"https:\/\/api.w.org\/{rel}","templated":true}]}}