{"id":162,"date":"2013-06-12T06:50:38","date_gmt":"2013-06-12T05:50:38","guid":{"rendered":"http:\/\/blogs.univ-jfc.fr\/projetlaperouse\/?page_id=162"},"modified":"2014-06-15T08:48:46","modified_gmt":"2014-06-15T07:48:46","slug":"leducation","status":"publish","type":"page","link":"https:\/\/blogs.univ-jfc.fr\/projetlaperouse\/un-gentilhomme-provincial\/leducation\/","title":{"rendered":"La formation navale"},"content":{"rendered":"<p>&nbsp;<\/p>\n<p style=\"text-align: justify\">Apr\u00e8s l&rsquo;\u00e9cole d<a href=\"http:\/\/blogs.univ-jfc.fr\/projetlaperouse\/wp-content\/uploads\/sites\/9\/2014\/03\/borda_pt_tournant_brest-reduc.jpg\"><img loading=\"lazy\" class=\"wp-image-1182 alignleft\" title=\"Le Borda et le pont tournant de Brest ferm\u00e9\" alt=\"\" src=\"http:\/\/blogs.univ-jfc.fr\/projetlaperouse\/wp-content\/uploads\/sites\/9\/2014\/03\/borda_pt_tournant_brest-reduc.jpg\" width=\"204\" height=\"139\" \/><\/a>es j\u00e9suites, Lap\u00e9rouse part suivre une \u00e9ducation navale \u00e0\u00a0<a title=\"L\u2019Ecole navale de Brest\" href=\"http:\/\/blogs.univ-jfc.fr\/projetlaperouse\/un-gentilhomme-provincial\/leducation\/lecole-navale-de-brest\/\">L&rsquo;\u00e9cole navale de Brest<\/a> \u00e0 partir de 1756. Elle fait partie des \u00e9coles navales fran\u00e7aises o\u00f9 d\u00e9bute l&rsquo;instruction des futurs officiers de marine, alors \u00e2g\u00e9s de 14 \u00e0 17 ans, qui suivent une formation pratique et th\u00e9orique.<\/p>\n<p>&nbsp;<\/p>\n<div id=\"attachment_1183\" style=\"width: 217px\" class=\"wp-caption alignleft\"><a href=\"http:\/\/blogs.univ-jfc.fr\/projetlaperouse\/wp-content\/uploads\/sites\/9\/2014\/03\/LAPEROUSE_ALBI_1_.jpg\"><img aria-describedby=\"caption-attachment-1183\" loading=\"lazy\" class=\" wp-image-1183  \" alt=\"\" src=\"http:\/\/blogs.univ-jfc.fr\/projetlaperouse\/wp-content\/uploads\/sites\/9\/2014\/03\/LAPEROUSE_ALBI_1_.jpg\" width=\"207\" height=\"175\" \/><\/a><p id=\"caption-attachment-1183\" class=\"wp-caption-text\">Statue de Lap\u00e9rouse \u00e0 Albi<\/p><\/div>\n<p>&nbsp;<\/p>\n<p style=\"text-align: justify\">Lap\u00e9rouse subit l&rsquo;influence de plusieurs personnes pendant sa jeunesse, qui sont <a title=\"Les mod\u00e8les marins de Lap\u00e9rouse\" href=\"http:\/\/blogs.univ-jfc.fr\/projetlaperouse\/un-gentilhomme-provincial\/leducation\/les-modeles-marins-de-lapeyrouse\/\">ses mod\u00e8les marins<\/a>. Ils sont d\u00e9terminantes pour la suite de sa carri\u00e8re. Parmi elles, on trouve Taffanel de la Jonqui\u00e8re ou encore le Chevalier de Ternay.<\/p>\n<p>&nbsp;<\/p>\n<p>&nbsp;<\/p>\n<p><img loading=\"lazy\" class=\" wp-image-1184 alignleft\" title=\"Navires du XVIII\u00e8 si\u00e8cle\" alt=\"Loutherbourg - The Glorious First of June\" src=\"http:\/\/blogs.univ-jfc.fr\/projetlaperouse\/wp-content\/uploads\/sites\/9\/2014\/03\/Loutherbourg-The-Glorious-First-of-June.jpg\" width=\"212\" height=\"154\" \/><\/p>\n<p style=\"text-align: justify\">Lap\u00e9rouse int\u00e8gre l&rsquo;\u00e9cole de Brest en 1756, o\u00f9 il se distingue rapidement de ses camarades. Il suit une formation th\u00e9orique et pratique \u00e0 travers <a title=\"Lap\u00e9rouse \u00e9l\u00e8ve et ses premi\u00e8res exp\u00e9ditions\" href=\"http:\/\/blogs.univ-jfc.fr\/projetlaperouse\/un-gentilhomme-provincial\/leducation\/lapeyrouse-eleve-et-ses-premieres-expeditions\/\">des cours et des exp\u00e9ditions maritimes<\/a>.<\/p>\n<p>&nbsp;<\/p>\n<p>&nbsp;<\/p>\n<p><strong>R\u00e9dacteurs<\/strong> : Sarah PARRA, Claire ROQUES, Benjamin VIGREUX, Oph\u00e9lie VAYSSE<\/p>\n<p>&nbsp;<\/p>\n","protected":false},"excerpt":{"rendered":"<p>&nbsp; Apr\u00e8s l&rsquo;\u00e9cole des j\u00e9suites, Lap\u00e9rouse part suivre une \u00e9ducation navale \u00e0\u00a0L&rsquo;\u00e9cole navale de Brest \u00e0 partir de 1756. Elle fait partie des \u00e9coles navales fran\u00e7aises o\u00f9 d\u00e9bute l&rsquo;instruction des futurs officiers de marine, alors \u00e2g\u00e9s de 14 \u00e0 17 &hellip; <a href=\"https:\/\/blogs.univ-jfc.fr\/projetlaperouse\/un-gentilhomme-provincial\/leducation\/\">Lire la suite <span class=\"meta-nav\">&rarr;<\/span><\/a><\/p>\n","protected":false},"author":15,"featured_media":468,"parent":8,"menu_order":3,"comment_status":"closed","ping_status":"open","template":"","meta":[],"_links":{"self":[{"href":"https:\/\/blogs.univ-jfc.fr\/projetlaperouse\/wp-json\/wp\/v2\/pages\/162"}],"collection":[{"href":"https:\/\/blogs.univ-jfc.fr\/projetlaperouse\/wp-json\/wp\/v2\/pages"}],"about":[{"href":"https:\/\/blogs.univ-jfc.fr\/projetlaperouse\/wp-json\/wp\/v2\/types\/page"}],"author":[{"embeddable":true,"href":"https:\/\/blogs.univ-jfc.fr\/projetlaperouse\/wp-json\/wp\/v2\/users\/15"}],"replies":[{"embeddable":true,"href":"https:\/\/blogs.univ-jfc.fr\/projetlaperouse\/wp-json\/wp\/v2\/comments?post=162"}],"version-history":[{"count":18,"href":"https:\/\/blogs.univ-jfc.fr\/projetlaperouse\/wp-json\/wp\/v2\/pages\/162\/revisions"}],"predecessor-version":[{"id":4615,"href":"https:\/\/blogs.univ-jfc.fr\/projetlaperouse\/wp-json\/wp\/v2\/pages\/162\/revisions\/4615"}],"up":[{"embeddable":true,"href":"https:\/\/blogs.univ-jfc.fr\/projetlaperouse\/wp-json\/wp\/v2\/pages\/8"}],"wp:featuredmedia":[{"embeddable":true,"href":"https:\/\/blogs.univ-jfc.fr\/projetlaperouse\/wp-json\/wp\/v2\/media\/468"}],"wp:attachment":[{"href":"https:\/\/blogs.univ-jfc.fr\/projetlaperouse\/wp-json\/wp\/v2\/media?parent=162"}],"curies":[{"name":"wp","href":"https:\/\/api.w.org\/{rel}","templated":true}]}}