{"id":1621,"date":"2014-03-25T11:37:35","date_gmt":"2014-03-25T10:37:35","guid":{"rendered":"http:\/\/blogs.univ-jfc.fr\/projetlaperouse\/?page_id=1621"},"modified":"2014-03-25T11:37:35","modified_gmt":"2014-03-25T10:37:35","slug":"capitaine-de-vaisseau","status":"publish","type":"page","link":"https:\/\/blogs.univ-jfc.fr\/projetlaperouse\/un-gentilhomme-provincial\/leducation\/lapeyrouse-eleve-et-ses-premieres-expeditions\/capitaine-de-vaisseau\/","title":{"rendered":"capitaine de vaisseau"},"content":{"rendered":"<p>Grade d&rsquo;officier sup\u00e9rieur dans plusieurs marines militaires, conf\u00e9r\u00e9 en g\u00e9n\u00e9ral aux commandants des plus grands navires de guerre.<\/p>\n","protected":false},"excerpt":{"rendered":"<p>Grade d&rsquo;officier sup\u00e9rieur dans plusieurs marines militaires, conf\u00e9r\u00e9 en g\u00e9n\u00e9ral aux commandants des plus grands navires de guerre.<\/p>\n","protected":false},"author":19,"featured_media":0,"parent":1047,"menu_order":0,"comment_status":"closed","ping_status":"open","template":"","meta":[],"_links":{"self":[{"href":"https:\/\/blogs.univ-jfc.fr\/projetlaperouse\/wp-json\/wp\/v2\/pages\/1621"}],"collection":[{"href":"https:\/\/blogs.univ-jfc.fr\/projetlaperouse\/wp-json\/wp\/v2\/pages"}],"about":[{"href":"https:\/\/blogs.univ-jfc.fr\/projetlaperouse\/wp-json\/wp\/v2\/types\/page"}],"author":[{"embeddable":true,"href":"https:\/\/blogs.univ-jfc.fr\/projetlaperouse\/wp-json\/wp\/v2\/users\/19"}],"replies":[{"embeddable":true,"href":"https:\/\/blogs.univ-jfc.fr\/projetlaperouse\/wp-json\/wp\/v2\/comments?post=1621"}],"version-history":[{"count":1,"href":"https:\/\/blogs.univ-jfc.fr\/projetlaperouse\/wp-json\/wp\/v2\/pages\/1621\/revisions"}],"predecessor-version":[{"id":1622,"href":"https:\/\/blogs.univ-jfc.fr\/projetlaperouse\/wp-json\/wp\/v2\/pages\/1621\/revisions\/1622"}],"up":[{"embeddable":true,"href":"https:\/\/blogs.univ-jfc.fr\/projetlaperouse\/wp-json\/wp\/v2\/pages\/1047"}],"wp:attachment":[{"href":"https:\/\/blogs.univ-jfc.fr\/projetlaperouse\/wp-json\/wp\/v2\/media?parent=1621"}],"curies":[{"name":"wp","href":"https:\/\/api.w.org\/{rel}","templated":true}]}}