{"id":163,"date":"2013-06-12T06:51:03","date_gmt":"2013-06-12T05:51:03","guid":{"rendered":"http:\/\/blogs.univ-jfc.fr\/projetlaperouse\/?page_id=163"},"modified":"2014-04-03T07:17:16","modified_gmt":"2014-04-03T06:17:16","slug":"la-noblesse-toulousaine-au-siecle-des-lumieres","status":"publish","type":"page","link":"https:\/\/blogs.univ-jfc.fr\/projetlaperouse\/un-gentilhomme-provincial\/la-noblesse-toulousaine-au-siecle-des-lumieres\/","title":{"rendered":"La noblesse albigeoise au si\u00e8cle des Lumi\u00e8res"},"content":{"rendered":"<div id=\"attachment_1358\" style=\"width: 218px\" class=\"wp-caption alignright\"><a href=\"http:\/\/blogs.univ-jfc.fr\/projetlaperouse\/wp-content\/uploads\/sites\/9\/2014\/03\/Cassini-Albi-2.jpg\"><img aria-describedby=\"caption-attachment-1358\" loading=\"lazy\" class=\"wp-image-1358 \" alt=\"\" src=\"http:\/\/blogs.univ-jfc.fr\/projetlaperouse\/wp-content\/uploads\/sites\/9\/2014\/03\/Cassini-Albi-2.jpg\" width=\"208\" height=\"138\" \/><\/a><p id=\"caption-attachment-1358\" class=\"wp-caption-text\">Carte de l&rsquo;Albigeois par Cassini<br \/>Site Lap\u00e9rouse Albi France<\/p><\/div>\n<p align=\"justify\">Qu&rsquo;est-ce qu&rsquo; <a title=\"Etre noble \u00e0 Albi\" href=\"http:\/\/blogs.univ-jfc.fr\/projetlaperouse\/un-gentilhomme-provincial\/la-noblesse-toulousaine-au-siecle-des-lumieres\/etre-noble-a-albi\/\">Etre noble \u00e0 Albi<\/a> ?\u00a0 <span style=\"color: #000000\"><span style=\"font-family: Arial,sans-serif\"><span style=\"font-size: medium\">Au XVIII<\/span><\/span><\/span><span style=\"color: #000000\"><sup><span style=\"font-family: Arial,sans-serif\"><span style=\"font-size: medium\">e<\/span><\/span><\/sup><\/span><span style=\"color: #000000\"><span style=\"font-family: Arial,sans-serif\"><span style=\"font-size: medium\"> si\u00e8cle, une minorit\u00e9 de nobles vit \u00e0 Albi. Elle se distingue par son mode de vie et par la place importante qu&rsquo;elle occupe dans la soci\u00e9t\u00e9. L&rsquo;aristocratie forme un groupe h\u00e9t\u00e9rog\u00e8ne qui poss\u00e8de des lettres de noblesse et dans lequel les distinctions se per\u00e7oivent dans le style de vie et dans le niveau de fortune. Deux groupes \u00e9mergent dans l&rsquo;Albigeois\u00a0: la petite noblesse rurale plut\u00f4t ancienne et la noblesse de robe, plus r\u00e9cente.<\/span><\/span><\/span><\/p>\n<p><a title=\"La diffusion des id\u00e9es des Lumi\u00e8res dans la r\u00e9gion albigeoise\" href=\"http:\/\/blogs.univ-jfc.fr\/projetlaperouse\/un-gentilhomme-provincial\/la-noblesse-toulousaine-au-siecle-des-lumieres\/la-diffusion-des-idees-des-lumieres-dans-la-region-albigeoise\/\">\u00a0<\/a><\/p>\n<div id=\"attachment_2553\" style=\"width: 130px\" class=\"wp-caption alignleft\"><a href=\"http:\/\/blogs.univ-jfc.fr\/projetlaperouse\/wp-content\/uploads\/sites\/9\/2014\/03\/viguiere.jpg\"><img aria-describedby=\"caption-attachment-2553\" loading=\"lazy\" class=\"wp-image-2553  \" alt=\"\" src=\"http:\/\/blogs.univ-jfc.fr\/projetlaperouse\/wp-content\/uploads\/sites\/9\/2014\/03\/viguiere.jpg\" width=\"120\" height=\"164\" \/><\/a><p id=\"caption-attachment-2553\" class=\"wp-caption-text\">Antoinette de Salvan de Sali\u00e8s<\/p><\/div>\n<p align=\"justify\"><span style=\"font-family: Arial, sans-serif\"><span style=\"color: #000000\"><span style=\"font-size: medium\">Les Lumi\u00e8res sont un mouvement important en Albigeois au XVIII<\/span><\/span><span style=\"color: #000000\"><sup><span style=\"font-size: medium\">e<\/span><\/sup><\/span><span style=\"color: #000000\"><span style=\"font-size: medium\"> si\u00e8cle. A travers <a title=\"La diffusion des id\u00e9es des Lumi\u00e8res dans la r\u00e9gion albigeoise\" href=\"http:\/\/blogs.univ-jfc.fr\/projetlaperouse\/un-gentilhomme-provincial\/la-noblesse-toulousaine-au-siecle-des-lumieres\/la-diffusion-des-idees-des-lumieres-dans-la-region-albigeoise\/\">La diffusion des id\u00e9es des Lumi\u00e8res dans la r\u00e9gion albigeoise<\/a>, issues de la capitale, il va favoriser l&rsquo;apparition de cercles de r\u00e9flexion<\/span><\/span><span style=\"color: #000000\"><span style=\"font-size: medium\"> e<\/span><\/span><span style=\"color: #000000\"><span style=\"font-size: medium\">t des vell\u00e9it\u00e9s de libert\u00e9 du peuple vis-\u00e0-vis des deux premiers ordres (noblesse et clerg\u00e9) qui r\u00e9gissent la soci\u00e9t\u00e9, et ce dans la recherche d&rsquo;un nouvel ordre social \u00e9galitaire.<\/span><\/span><\/span><\/p>\n<p>&nbsp;<\/p>\n<p>&nbsp;<\/p>\n<div id=\"attachment_2649\" style=\"width: 208px\" class=\"wp-caption alignright\"><a href=\"http:\/\/blogs.univ-jfc.fr\/projetlaperouse\/wp-content\/uploads\/sites\/9\/2014\/03\/rochegude2.jpg\"><img aria-describedby=\"caption-attachment-2649\" loading=\"lazy\" class=\" wp-image-2649   \" alt=\"Henri-Pascal de Rochegude\" src=\"http:\/\/blogs.univ-jfc.fr\/projetlaperouse\/wp-content\/uploads\/sites\/9\/2014\/03\/rochegude2.jpg\" width=\"198\" height=\"250\" \/><\/a><p id=\"caption-attachment-2649\" class=\"wp-caption-text\">Henri-Pascal de Rochegude<\/p><\/div>\n<p align=\"justify\"><span style=\"font-family: Arial, sans-serif\"><span style=\"font-size: medium\"><a title=\"La noblesse en crise\" href=\"http:\/\/blogs.univ-jfc.fr\/projetlaperouse\/un-gentilhomme-provincial\/la-noblesse-toulousaine-au-siecle-des-lumieres\/la-noblesse-en-crise\/\">La noblesse\u00a0est-elle\u00a0en crise<\/a>\u00a0? La r\u00e9gion albigeoise (la moiti\u00e9 nord de l&rsquo;actuel d\u00e9partement du Tarn), a connu son \u00e2ge d&rsquo;or durant les si\u00e8cles pr\u00e9c\u00e9dents gr\u00e2ce au commerce du pastel, du textile, et de la laine. Cette p\u00e9riode a permis \u00e0 de nombreuses familles de s&rsquo;enrichir mais l&rsquo;activit\u00e9 commerciale va conna\u00eetre un d\u00e9clin et provoquer des difficult\u00e9s \u00e9conomiques dans la r\u00e9gion. Au m\u00eame moment, une partie de la population, la bourgeoisie, s\u2019enrichit. Mais tr\u00e8s vite la R\u00e9volution s&rsquo;annonce et le statut des nobles change. <\/span><\/span><\/p>\n<p>&nbsp;<\/p>\n<p>&nbsp;<\/p>\n<p>&nbsp;<\/p>\n<p>&nbsp;<\/p>\n<p>&nbsp;<\/p>\n<p><strong>R\u00e9dacteurs<\/strong> : Tamara RAUCOULES, Anthony RODRIGUEZ, Damien WEISSE<\/p>\n","protected":false},"excerpt":{"rendered":"<p>Qu&rsquo;est-ce qu&rsquo; Etre noble \u00e0 Albi ?\u00a0 Au XVIIIe si\u00e8cle, une minorit\u00e9 de nobles vit \u00e0 Albi. Elle se distingue par son mode de vie et par la place importante qu&rsquo;elle occupe dans la soci\u00e9t\u00e9. L&rsquo;aristocratie forme un groupe h\u00e9t\u00e9rog\u00e8ne &hellip; <a href=\"https:\/\/blogs.univ-jfc.fr\/projetlaperouse\/un-gentilhomme-provincial\/la-noblesse-toulousaine-au-siecle-des-lumieres\/\">Lire la suite <span class=\"meta-nav\">&rarr;<\/span><\/a><\/p>\n","protected":false},"author":15,"featured_media":379,"parent":8,"menu_order":2,"comment_status":"closed","ping_status":"open","template":"","meta":[],"_links":{"self":[{"href":"https:\/\/blogs.univ-jfc.fr\/projetlaperouse\/wp-json\/wp\/v2\/pages\/163"}],"collection":[{"href":"https:\/\/blogs.univ-jfc.fr\/projetlaperouse\/wp-json\/wp\/v2\/pages"}],"about":[{"href":"https:\/\/blogs.univ-jfc.fr\/projetlaperouse\/wp-json\/wp\/v2\/types\/page"}],"author":[{"embeddable":true,"href":"https:\/\/blogs.univ-jfc.fr\/projetlaperouse\/wp-json\/wp\/v2\/users\/15"}],"replies":[{"embeddable":true,"href":"https:\/\/blogs.univ-jfc.fr\/projetlaperouse\/wp-json\/wp\/v2\/comments?post=163"}],"version-history":[{"count":34,"href":"https:\/\/blogs.univ-jfc.fr\/projetlaperouse\/wp-json\/wp\/v2\/pages\/163\/revisions"}],"predecessor-version":[{"id":1062,"href":"https:\/\/blogs.univ-jfc.fr\/projetlaperouse\/wp-json\/wp\/v2\/pages\/163\/revisions\/1062"}],"up":[{"embeddable":true,"href":"https:\/\/blogs.univ-jfc.fr\/projetlaperouse\/wp-json\/wp\/v2\/pages\/8"}],"wp:featuredmedia":[{"embeddable":true,"href":"https:\/\/blogs.univ-jfc.fr\/projetlaperouse\/wp-json\/wp\/v2\/media\/379"}],"wp:attachment":[{"href":"https:\/\/blogs.univ-jfc.fr\/projetlaperouse\/wp-json\/wp\/v2\/media?parent=163"}],"curies":[{"name":"wp","href":"https:\/\/api.w.org\/{rel}","templated":true}]}}