{"id":1649,"date":"2014-03-25T18:39:18","date_gmt":"2014-03-25T17:39:18","guid":{"rendered":"http:\/\/blogs.univ-jfc.fr\/projetlaperouse\/?page_id=1649"},"modified":"2014-04-03T09:11:47","modified_gmt":"2014-04-03T08:11:47","slug":"botanique","status":"publish","type":"page","link":"https:\/\/blogs.univ-jfc.fr\/projetlaperouse\/de-la-nature-et-des-hommes\/sciences-naturelles\/la-sphere-scientifique\/botanique\/","title":{"rendered":"botanique"},"content":{"rendered":"<p align=\"JUSTIFY\"><span style=\"color: #000000\">C&rsquo;est la science consacr\u00e9e \u00e0 l&rsquo;\u00e9tude des v\u00e9g\u00e9taux. Elle a de nombreux domaines d&rsquo;application, comme la pharmacologie, l\u2019agriculture, l&rsquo;horticulture ou la sylviculture. Dans les exp\u00e9ditions du XVIIIe, les botanistes avaient une place de choix. En effet, ils avaient pour mission d&rsquo;implanter de nouvelles cultures sur les territoires rencontr\u00e9s ainsi que dans leur pays d&rsquo;origine. En raison de leurs d\u00e9couvertes, ils r\u00e9volutionnent l&rsquo;agriculture europ\u00e9enne, favorisant l&rsquo;auto suffisance alimentaire des habitants avec des v\u00e9g\u00e9taux comme la pomme de terre.\u00a0<\/span><\/p>\n<p align=\"JUSTIFY\">\n<p><strong>\u00a0<\/strong><\/p>\n","protected":false},"excerpt":{"rendered":"<p>C&rsquo;est la science consacr\u00e9e \u00e0 l&rsquo;\u00e9tude des v\u00e9g\u00e9taux. Elle a de nombreux domaines d&rsquo;application, comme la pharmacologie, l\u2019agriculture, l&rsquo;horticulture ou la sylviculture. Dans les exp\u00e9ditions du XVIIIe, les botanistes avaient une place de choix. En effet, ils avaient pour mission &hellip; <a href=\"https:\/\/blogs.univ-jfc.fr\/projetlaperouse\/de-la-nature-et-des-hommes\/sciences-naturelles\/la-sphere-scientifique\/botanique\/\">Lire la suite <span class=\"meta-nav\">&rarr;<\/span><\/a><\/p>\n","protected":false},"author":19,"featured_media":0,"parent":1073,"menu_order":0,"comment_status":"closed","ping_status":"open","template":"","meta":[],"_links":{"self":[{"href":"https:\/\/blogs.univ-jfc.fr\/projetlaperouse\/wp-json\/wp\/v2\/pages\/1649"}],"collection":[{"href":"https:\/\/blogs.univ-jfc.fr\/projetlaperouse\/wp-json\/wp\/v2\/pages"}],"about":[{"href":"https:\/\/blogs.univ-jfc.fr\/projetlaperouse\/wp-json\/wp\/v2\/types\/page"}],"author":[{"embeddable":true,"href":"https:\/\/blogs.univ-jfc.fr\/projetlaperouse\/wp-json\/wp\/v2\/users\/19"}],"replies":[{"embeddable":true,"href":"https:\/\/blogs.univ-jfc.fr\/projetlaperouse\/wp-json\/wp\/v2\/comments?post=1649"}],"version-history":[{"count":5,"href":"https:\/\/blogs.univ-jfc.fr\/projetlaperouse\/wp-json\/wp\/v2\/pages\/1649\/revisions"}],"predecessor-version":[{"id":3857,"href":"https:\/\/blogs.univ-jfc.fr\/projetlaperouse\/wp-json\/wp\/v2\/pages\/1649\/revisions\/3857"}],"up":[{"embeddable":true,"href":"https:\/\/blogs.univ-jfc.fr\/projetlaperouse\/wp-json\/wp\/v2\/pages\/1073"}],"wp:attachment":[{"href":"https:\/\/blogs.univ-jfc.fr\/projetlaperouse\/wp-json\/wp\/v2\/media?parent=1649"}],"curies":[{"name":"wp","href":"https:\/\/api.w.org\/{rel}","templated":true}]}}