{"id":1655,"date":"2014-03-25T18:47:53","date_gmt":"2014-03-25T17:47:53","guid":{"rendered":"http:\/\/blogs.univ-jfc.fr\/projetlaperouse\/?page_id=1655"},"modified":"2014-04-03T09:13:23","modified_gmt":"2014-04-03T08:13:23","slug":"geologie","status":"publish","type":"page","link":"https:\/\/blogs.univ-jfc.fr\/projetlaperouse\/de-la-nature-et-des-hommes\/sciences-naturelles\/la-sphere-scientifique\/geologie\/","title":{"rendered":"g\u00e9ologie"},"content":{"rendered":"<p align=\"JUSTIFY\"><span style=\"color: #000000\">C&rsquo;est la science qui \u00e9tudie la Terre de mani\u00e8re empirique dans un premier temps. Les g\u00e9ologues tentent de reconstituer l&rsquo;histoire d&rsquo;un territoire, d&rsquo;un paysage, de la plan\u00e8te. La g\u00e9ologie depuis le XVIIIe si\u00e8cle est un \u00e9l\u00e9ment strat\u00e9gique non n\u00e9gligeable car il permet la parfaite connaissance d&rsquo;un territoire. Cette connaissance est essentielle en temps de conflit notamment pour que les troupes se positionnent de mani\u00e8re optimale sur un th\u00e9\u00e2tre d&rsquo;op\u00e9ration.<\/span><\/p>\n<p align=\"JUSTIFY\">\n","protected":false},"excerpt":{"rendered":"<p>C&rsquo;est la science qui \u00e9tudie la Terre de mani\u00e8re empirique dans un premier temps. Les g\u00e9ologues tentent de reconstituer l&rsquo;histoire d&rsquo;un territoire, d&rsquo;un paysage, de la plan\u00e8te. La g\u00e9ologie depuis le XVIIIe si\u00e8cle est un \u00e9l\u00e9ment strat\u00e9gique non n\u00e9gligeable car &hellip; <a href=\"https:\/\/blogs.univ-jfc.fr\/projetlaperouse\/de-la-nature-et-des-hommes\/sciences-naturelles\/la-sphere-scientifique\/geologie\/\">Lire la suite <span class=\"meta-nav\">&rarr;<\/span><\/a><\/p>\n","protected":false},"author":19,"featured_media":0,"parent":1073,"menu_order":0,"comment_status":"closed","ping_status":"open","template":"","meta":[],"_links":{"self":[{"href":"https:\/\/blogs.univ-jfc.fr\/projetlaperouse\/wp-json\/wp\/v2\/pages\/1655"}],"collection":[{"href":"https:\/\/blogs.univ-jfc.fr\/projetlaperouse\/wp-json\/wp\/v2\/pages"}],"about":[{"href":"https:\/\/blogs.univ-jfc.fr\/projetlaperouse\/wp-json\/wp\/v2\/types\/page"}],"author":[{"embeddable":true,"href":"https:\/\/blogs.univ-jfc.fr\/projetlaperouse\/wp-json\/wp\/v2\/users\/19"}],"replies":[{"embeddable":true,"href":"https:\/\/blogs.univ-jfc.fr\/projetlaperouse\/wp-json\/wp\/v2\/comments?post=1655"}],"version-history":[{"count":5,"href":"https:\/\/blogs.univ-jfc.fr\/projetlaperouse\/wp-json\/wp\/v2\/pages\/1655\/revisions"}],"predecessor-version":[{"id":3863,"href":"https:\/\/blogs.univ-jfc.fr\/projetlaperouse\/wp-json\/wp\/v2\/pages\/1655\/revisions\/3863"}],"up":[{"embeddable":true,"href":"https:\/\/blogs.univ-jfc.fr\/projetlaperouse\/wp-json\/wp\/v2\/pages\/1073"}],"wp:attachment":[{"href":"https:\/\/blogs.univ-jfc.fr\/projetlaperouse\/wp-json\/wp\/v2\/media?parent=1655"}],"curies":[{"name":"wp","href":"https:\/\/api.w.org\/{rel}","templated":true}]}}