{"id":1658,"date":"2014-03-25T18:53:36","date_gmt":"2014-03-25T17:53:36","guid":{"rendered":"http:\/\/blogs.univ-jfc.fr\/projetlaperouse\/?page_id=1658"},"modified":"2014-04-03T09:12:40","modified_gmt":"2014-04-03T08:12:40","slug":"zoologie","status":"publish","type":"page","link":"https:\/\/blogs.univ-jfc.fr\/projetlaperouse\/de-la-nature-et-des-hommes\/sciences-naturelles\/la-sphere-scientifique\/zoologie\/","title":{"rendered":"zoologie"},"content":{"rendered":"<p align=\"JUSTIFY\"><span style=\"color: #000000\">C&rsquo;est la science qui \u00e9tudie la faune. Regroupant plusieurs disciplines et utilisant de nombreuses techniques, cette science s&rsquo;est lentement \u00e9labor\u00e9e au cours des si\u00e8cles depuis la pr\u00e9histoire. On peut prendre pour exemple la domestication. Historiquement, les premi\u00e8res r\u00e9flexions scientifiques concernant la zoologie qui nous ont \u00e9t\u00e9 transmises, sont celles d&rsquo;Aristote. Carl Von Linn\u00e9 tente en 1735 d&rsquo;\u00e9tablir une classification de la faune mais aussi de la flore.<\/span><\/p>\n<p align=\"JUSTIFY\"><a href=\"http:\/\/books.google.fr\/books?id=b4hJ_39vSbQC&amp;pg=PA437&amp;dq=les+sciences+naturelles&amp;hl=fr&amp;sa=X&amp;ei=n9oFU-bwIIv50gWa-YCoDA&amp;redir_esc=y#v=onepage&amp;q=les%20sciences%20naturelles&amp;f=false\">\u00a0<\/a><\/p>\n","protected":false},"excerpt":{"rendered":"<p>C&rsquo;est la science qui \u00e9tudie la faune. Regroupant plusieurs disciplines et utilisant de nombreuses techniques, cette science s&rsquo;est lentement \u00e9labor\u00e9e au cours des si\u00e8cles depuis la pr\u00e9histoire. On peut prendre pour exemple la domestication. Historiquement, les premi\u00e8res r\u00e9flexions scientifiques concernant &hellip; <a href=\"https:\/\/blogs.univ-jfc.fr\/projetlaperouse\/de-la-nature-et-des-hommes\/sciences-naturelles\/la-sphere-scientifique\/zoologie\/\">Lire la suite <span class=\"meta-nav\">&rarr;<\/span><\/a><\/p>\n","protected":false},"author":19,"featured_media":0,"parent":1073,"menu_order":0,"comment_status":"closed","ping_status":"open","template":"","meta":[],"_links":{"self":[{"href":"https:\/\/blogs.univ-jfc.fr\/projetlaperouse\/wp-json\/wp\/v2\/pages\/1658"}],"collection":[{"href":"https:\/\/blogs.univ-jfc.fr\/projetlaperouse\/wp-json\/wp\/v2\/pages"}],"about":[{"href":"https:\/\/blogs.univ-jfc.fr\/projetlaperouse\/wp-json\/wp\/v2\/types\/page"}],"author":[{"embeddable":true,"href":"https:\/\/blogs.univ-jfc.fr\/projetlaperouse\/wp-json\/wp\/v2\/users\/19"}],"replies":[{"embeddable":true,"href":"https:\/\/blogs.univ-jfc.fr\/projetlaperouse\/wp-json\/wp\/v2\/comments?post=1658"}],"version-history":[{"count":3,"href":"https:\/\/blogs.univ-jfc.fr\/projetlaperouse\/wp-json\/wp\/v2\/pages\/1658\/revisions"}],"predecessor-version":[{"id":3860,"href":"https:\/\/blogs.univ-jfc.fr\/projetlaperouse\/wp-json\/wp\/v2\/pages\/1658\/revisions\/3860"}],"up":[{"embeddable":true,"href":"https:\/\/blogs.univ-jfc.fr\/projetlaperouse\/wp-json\/wp\/v2\/pages\/1073"}],"wp:attachment":[{"href":"https:\/\/blogs.univ-jfc.fr\/projetlaperouse\/wp-json\/wp\/v2\/media?parent=1658"}],"curies":[{"name":"wp","href":"https:\/\/api.w.org\/{rel}","templated":true}]}}