{"id":1661,"date":"2014-03-25T18:56:40","date_gmt":"2014-03-25T17:56:40","guid":{"rendered":"http:\/\/blogs.univ-jfc.fr\/projetlaperouse\/?page_id=1661"},"modified":"2014-04-03T09:04:50","modified_gmt":"2014-04-03T08:04:50","slug":"mecenat","status":"publish","type":"page","link":"https:\/\/blogs.univ-jfc.fr\/projetlaperouse\/de-la-nature-et-des-hommes\/sciences-naturelles\/linstitutionnalisation-des-sciences\/mecenat\/","title":{"rendered":"m\u00e9c\u00e9nat"},"content":{"rendered":"<p align=\"JUSTIFY\"><span style=\"color: #000000\">Le m\u00e9c\u00e9nat est l&rsquo;acte par lequel un homme fortun\u00e9 apporte une aide financi\u00e8re aux arts et lettres et les promeut. L&rsquo;acte de m\u00e9c\u00e9nat est l\u2019outil qui permet \u00e0 certains hommes de pouvoir l\u00e9gitimer ou accro\u00eetre leurs pouvoirs. C&rsquo;est donc une aide financi\u00e8re \u00e0 des intellectuels, sans l&rsquo;exigence d&rsquo;une contre partie affich\u00e9e.<\/span><\/p>\n<p align=\"JUSTIFY\"><a href=\"http:\/\/www.cairn.info\/le-mecenat--9782130561378.htm\">En savoir plus.<\/a><\/p>\n","protected":false},"excerpt":{"rendered":"<p>Le m\u00e9c\u00e9nat est l&rsquo;acte par lequel un homme fortun\u00e9 apporte une aide financi\u00e8re aux arts et lettres et les promeut. L&rsquo;acte de m\u00e9c\u00e9nat est l\u2019outil qui permet \u00e0 certains hommes de pouvoir l\u00e9gitimer ou accro\u00eetre leurs pouvoirs. C&rsquo;est donc une &hellip; <a href=\"https:\/\/blogs.univ-jfc.fr\/projetlaperouse\/de-la-nature-et-des-hommes\/sciences-naturelles\/linstitutionnalisation-des-sciences\/mecenat\/\">Lire la suite <span class=\"meta-nav\">&rarr;<\/span><\/a><\/p>\n","protected":false},"author":19,"featured_media":0,"parent":1070,"menu_order":0,"comment_status":"closed","ping_status":"open","template":"","meta":[],"_links":{"self":[{"href":"https:\/\/blogs.univ-jfc.fr\/projetlaperouse\/wp-json\/wp\/v2\/pages\/1661"}],"collection":[{"href":"https:\/\/blogs.univ-jfc.fr\/projetlaperouse\/wp-json\/wp\/v2\/pages"}],"about":[{"href":"https:\/\/blogs.univ-jfc.fr\/projetlaperouse\/wp-json\/wp\/v2\/types\/page"}],"author":[{"embeddable":true,"href":"https:\/\/blogs.univ-jfc.fr\/projetlaperouse\/wp-json\/wp\/v2\/users\/19"}],"replies":[{"embeddable":true,"href":"https:\/\/blogs.univ-jfc.fr\/projetlaperouse\/wp-json\/wp\/v2\/comments?post=1661"}],"version-history":[{"count":7,"href":"https:\/\/blogs.univ-jfc.fr\/projetlaperouse\/wp-json\/wp\/v2\/pages\/1661\/revisions"}],"predecessor-version":[{"id":3826,"href":"https:\/\/blogs.univ-jfc.fr\/projetlaperouse\/wp-json\/wp\/v2\/pages\/1661\/revisions\/3826"}],"up":[{"embeddable":true,"href":"https:\/\/blogs.univ-jfc.fr\/projetlaperouse\/wp-json\/wp\/v2\/pages\/1070"}],"wp:attachment":[{"href":"https:\/\/blogs.univ-jfc.fr\/projetlaperouse\/wp-json\/wp\/v2\/media?parent=1661"}],"curies":[{"name":"wp","href":"https:\/\/api.w.org\/{rel}","templated":true}]}}