{"id":1665,"date":"2014-03-25T19:10:25","date_gmt":"2014-03-25T18:10:25","guid":{"rendered":"http:\/\/blogs.univ-jfc.fr\/projetlaperouse\/?page_id=1665"},"modified":"2014-03-30T11:17:10","modified_gmt":"2014-03-30T10:17:10","slug":"naturalistes","status":"publish","type":"page","link":"https:\/\/blogs.univ-jfc.fr\/projetlaperouse\/de-la-nature-et-des-hommes\/sciences-naturelles\/la-sphere-scientifique\/naturalistes\/","title":{"rendered":"naturalistes"},"content":{"rendered":"<p><span style=\"color: #000000\">Dans un premier temps, le terme de naturaliste d\u00e9signe un homme \u00e9clair\u00e9 sur des sujets comme la botanique, la zoologie, l&rsquo;astronomie etc&#8230; Il faut attendre 1666 et la fondation de l&rsquo;acad\u00e9mie des sciences pour que les sciences naturelles ainsi que les naturalistes soient reconnus. Les naturalistes repr\u00e9sentent le fer de lance de la politique de Louis XVI.<\/span><\/p>\n<p><a href=\"http:\/\/www.persee.fr\/web\/revues\/home\/prescript\/article\/rbph_0035-0818_1970_num_48_3_2833?luceneQuery=%28%2B%28content%3Anaturaliste+title%3Anaturaliste%5E2.0+fullContent%3Anaturaliste%5E100.0+fullTitle%3Anaturaliste%5E140.0+summary%3Anaturaliste+authors%3Anaturaliste%5E5.0+illustrations%3Anaturaliste%5E4.0+bibrefs%3Anaturaliste%5E4.0+toctitles%3Anaturaliste%5E4.0+toctitles1%3Anaturaliste%5E3.0+toctitles2%3Anaturaliste%5E2.0+toctitles3%3Anaturaliste%29+%2B%28content%3AXVII+title%3AXVII%5E2.0+fullContent%3AXVII%5E100.0+fullTitle%3AXVII%5E140.0+summary%3AXVII+authors%3AXVII%5E5.0+illustrations%3AXVII%5E4.0+bibrefs%3AXVII%5E4.0+toctitles%3AXVII%5E4.0+toctitles1%3AXVII%5E3.0+toctitles2%3AXVII%5E2.0+toctitles3%3AXVII%29%29+AND+%28+%2Bpole%3A%28revue%29+%2Baccess_right%3A%28free%29+%29&amp;words=naturaliste&amp;words=100&amp;words=140&amp;words=XVII&amp;words=revue&amp;words=free\">En savoir plus.<\/a><\/p>\n","protected":false},"excerpt":{"rendered":"<p>Dans un premier temps, le terme de naturaliste d\u00e9signe un homme \u00e9clair\u00e9 sur des sujets comme la botanique, la zoologie, l&rsquo;astronomie etc&#8230; Il faut attendre 1666 et la fondation de l&rsquo;acad\u00e9mie des sciences pour que les sciences naturelles ainsi que &hellip; <a href=\"https:\/\/blogs.univ-jfc.fr\/projetlaperouse\/de-la-nature-et-des-hommes\/sciences-naturelles\/la-sphere-scientifique\/naturalistes\/\">Lire la suite <span class=\"meta-nav\">&rarr;<\/span><\/a><\/p>\n","protected":false},"author":19,"featured_media":0,"parent":1073,"menu_order":0,"comment_status":"closed","ping_status":"open","template":"","meta":[],"_links":{"self":[{"href":"https:\/\/blogs.univ-jfc.fr\/projetlaperouse\/wp-json\/wp\/v2\/pages\/1665"}],"collection":[{"href":"https:\/\/blogs.univ-jfc.fr\/projetlaperouse\/wp-json\/wp\/v2\/pages"}],"about":[{"href":"https:\/\/blogs.univ-jfc.fr\/projetlaperouse\/wp-json\/wp\/v2\/types\/page"}],"author":[{"embeddable":true,"href":"https:\/\/blogs.univ-jfc.fr\/projetlaperouse\/wp-json\/wp\/v2\/users\/19"}],"replies":[{"embeddable":true,"href":"https:\/\/blogs.univ-jfc.fr\/projetlaperouse\/wp-json\/wp\/v2\/comments?post=1665"}],"version-history":[{"count":3,"href":"https:\/\/blogs.univ-jfc.fr\/projetlaperouse\/wp-json\/wp\/v2\/pages\/1665\/revisions"}],"predecessor-version":[{"id":2871,"href":"https:\/\/blogs.univ-jfc.fr\/projetlaperouse\/wp-json\/wp\/v2\/pages\/1665\/revisions\/2871"}],"up":[{"embeddable":true,"href":"https:\/\/blogs.univ-jfc.fr\/projetlaperouse\/wp-json\/wp\/v2\/pages\/1073"}],"wp:attachment":[{"href":"https:\/\/blogs.univ-jfc.fr\/projetlaperouse\/wp-json\/wp\/v2\/media?parent=1665"}],"curies":[{"name":"wp","href":"https:\/\/api.w.org\/{rel}","templated":true}]}}