{"id":1678,"date":"2014-03-26T09:32:54","date_gmt":"2014-03-26T08:32:54","guid":{"rendered":"http:\/\/blogs.univ-jfc.fr\/projetlaperouse\/?page_id=1678"},"modified":"2014-03-26T20:58:02","modified_gmt":"2014-03-26T19:58:02","slug":"academie-des-sciences","status":"publish","type":"page","link":"https:\/\/blogs.univ-jfc.fr\/projetlaperouse\/de-la-nature-et-des-hommes\/sciences-naturelles\/linstitutionnalisation-des-sciences\/academie-des-sciences\/","title":{"rendered":"Acad\u00e9mie des Sciences"},"content":{"rendered":"<p align=\"JUSTIFY\"><span style=\"color: #000000\">L\u2019Acad\u00e9mie des sciences, nomm\u00e9e l\u2019Acad\u00e9mie royale des sciences lors de sa cr\u00e9ation en 1666, est l\u2019une des cinq acad\u00e9mies regroup\u00e9es au sein de L&rsquo;Institut de France. L&rsquo;Acad\u00e9mie est l&rsquo;outil par lequel les puissants esp\u00e8rent acc\u00e9l\u00e9rer le processus de d\u00e9couverte, extr\u00eamement utile notamment au XVIIIe dans les exp\u00e9ditions maritimes et les conflits.<\/span><\/p>\n<p align=\"JUSTIFY\"><a href=\"http:\/\/www.academie-sciences.fr\/academie\/histoire.htm\">En savoir plus.<\/a><\/p>\n","protected":false},"excerpt":{"rendered":"<p>L\u2019Acad\u00e9mie des sciences, nomm\u00e9e l\u2019Acad\u00e9mie royale des sciences lors de sa cr\u00e9ation en 1666, est l\u2019une des cinq acad\u00e9mies regroup\u00e9es au sein de L&rsquo;Institut de France. L&rsquo;Acad\u00e9mie est l&rsquo;outil par lequel les puissants esp\u00e8rent acc\u00e9l\u00e9rer le processus de d\u00e9couverte, extr\u00eamement &hellip; <a href=\"https:\/\/blogs.univ-jfc.fr\/projetlaperouse\/de-la-nature-et-des-hommes\/sciences-naturelles\/linstitutionnalisation-des-sciences\/academie-des-sciences\/\">Lire la suite <span class=\"meta-nav\">&rarr;<\/span><\/a><\/p>\n","protected":false},"author":19,"featured_media":0,"parent":1070,"menu_order":0,"comment_status":"closed","ping_status":"open","template":"","meta":[],"_links":{"self":[{"href":"https:\/\/blogs.univ-jfc.fr\/projetlaperouse\/wp-json\/wp\/v2\/pages\/1678"}],"collection":[{"href":"https:\/\/blogs.univ-jfc.fr\/projetlaperouse\/wp-json\/wp\/v2\/pages"}],"about":[{"href":"https:\/\/blogs.univ-jfc.fr\/projetlaperouse\/wp-json\/wp\/v2\/types\/page"}],"author":[{"embeddable":true,"href":"https:\/\/blogs.univ-jfc.fr\/projetlaperouse\/wp-json\/wp\/v2\/users\/19"}],"replies":[{"embeddable":true,"href":"https:\/\/blogs.univ-jfc.fr\/projetlaperouse\/wp-json\/wp\/v2\/comments?post=1678"}],"version-history":[{"count":2,"href":"https:\/\/blogs.univ-jfc.fr\/projetlaperouse\/wp-json\/wp\/v2\/pages\/1678\/revisions"}],"predecessor-version":[{"id":2044,"href":"https:\/\/blogs.univ-jfc.fr\/projetlaperouse\/wp-json\/wp\/v2\/pages\/1678\/revisions\/2044"}],"up":[{"embeddable":true,"href":"https:\/\/blogs.univ-jfc.fr\/projetlaperouse\/wp-json\/wp\/v2\/pages\/1070"}],"wp:attachment":[{"href":"https:\/\/blogs.univ-jfc.fr\/projetlaperouse\/wp-json\/wp\/v2\/media?parent=1678"}],"curies":[{"name":"wp","href":"https:\/\/api.w.org\/{rel}","templated":true}]}}